{"id":2440,"date":"2014-12-27T11:49:27","date_gmt":"2014-12-27T09:49:27","guid":{"rendered":"http:\/\/woerrlein-naturfoto.de\/wordpress\/?page_id=2440"},"modified":"2022-05-04T17:31:24","modified_gmt":"2022-05-04T15:31:24","slug":"fasan","status":"publish","type":"page","link":"https:\/\/woerrlein-naturfoto.de\/wordpress\/huehnervoegel-a-z\/fasan\/","title":{"rendered":"Fasan"},"content":{"rendered":"<p><span style=\"color: #ffff00;\"><a style=\"color: #ffff00;\" href=\"http:\/\/woerrlein-naturfoto.de\/wordpress\/voegel\/\">V\u00f6gel <\/a><\/span>-&gt;<span style=\"color: #ffff00;\"><a style=\"color: #ffff00;\" href=\"http:\/\/woerrlein-naturfoto.de\/wordpress\/hauptseite-voegel\/voegel\/huehnervoegel\/\"> H\u00fchnerv\u00f6gel<\/a><\/span><br \/>\n<a title=\"V\u00f6gel von A-Z\" href=\"http:\/\/woerrlein-naturfoto.de\/wordpress\/voegel\/voegel_von_a-z\/\">V\u00f6gel von A-Z<\/a><br \/>\nzur Galerie <a title=\"H\u00fchnerv\u00f6gel\" href=\"http:\/\/woerrlein-naturfoto.de\/wordpress\/hauptseite-voegel\/voegel\/huehnervoegel\/\">H\u00fchnerv\u00f6gel<\/a><\/p>\n<p><img loading=\"lazy\" decoding=\"async\" class=\"alignleft wp-image-1513\" src=\"http:\/\/woerrlein-naturfoto.de\/wordpress\/wp-content\/uploads\/Fasan_34280L_v-600x400.jpg\" alt=\"Fasan_34280L_v.jpg\" width=\"600\" height=\"400\" srcset=\"https:\/\/woerrlein-naturfoto.de\/wordpress\/wp-content\/uploads\/Fasan_34280L_v-600x400.jpg 600w, https:\/\/woerrlein-naturfoto.de\/wordpress\/wp-content\/uploads\/Fasan_34280L_v-120x80.jpg 120w, https:\/\/woerrlein-naturfoto.de\/wordpress\/wp-content\/uploads\/Fasan_34280L_v.jpg 1000w\" sizes=\"auto, (max-width: 600px) 100vw, 600px\" \/><\/p>\n<p>Der <b>Fasan<\/b> (<i>Phasianus colchicus<\/i>) ist eine Vogelart aus der Ordnung der H\u00fchnerv\u00f6gel. Wie bei anderen Fasanenartigen f\u00e4llt der Hahn durch sein farbenpr\u00e4chtiges Gefieder und seine stark verl\u00e4ngerten Schwanzfedern auf. Hennen zeigen eine br\u00e4unliche Tarnf\u00e4rbung. Der Ruf des Hahns ist ein lautes, charakteristisches und oft gereihtes <i>g\u00f6-g\u00f6ck<\/i>. Das nat\u00fcrliche Verbreitungsgebiet des Fasans reicht vom Schwarzen Meer \u00fcber die Trockengebiete Mittelasiens bis in den Osten Asiens. Vor allem zu Jagdzwecken wurde der Fasan in Europa, den USA und anderen Teilen der Welt eingeb\u00fcrgert. In S\u00fcdeuropa wurde die Art vermutlich schon w\u00e4hrend der Antike als Ziervogel und wegen ihres wohlschmeckenden Fleisches eingef\u00fchrt und sowohl wild als auch in Gefangenschaft gehalten. Die Nahrung des Fasans ist weitgehend vom Angebot bestimmt, den allergr\u00f6\u00dften Anteil macht dabei aber pflanzliche Kost aus. Lediglich in den ersten vier Lebenswochen besteht sie \u00fcberwiegend aus Insekten, danach nimmt der Anteil der tierischen Nahrung stark ab. Die pflanzliche Nahrung besteht meist aus S\u00e4mereien, aber auch aus unterirdischen Pflanzenteilen wie Brutkn\u00f6llchen, Zwiebeln und Wurzeln. Das Spektrum reicht dabei von den winzigen Samen kleiner Nelkengew\u00e4chse bis hin zu N\u00fcssen oder Eicheln. Hartschalige Fr\u00fcchte werden genauso gefressen wie f\u00fcr den Menschen giftige Beeren. Im ausgehenden Winter und im Fr\u00fchling werden vermehrt Sprosse und frische Bl\u00e4ttchen aufgenommen. Kleininsekten und deren Larven werden oft in erstaunlicher Menge und Individuenzahl aufgesammelt. Zur Verdauung werden 1\u20135\u00a0mm gro\u00dfe Kiesel (<a title=\"Gastrolith\" href=\"http:\/\/de.wikipedia.org\/wiki\/Gastrolith\" target=\"_blank\" rel=\"noopener\">Gastrolithen<\/a>) oder in deren Ermangelung Teile von Schneckenh\u00e4usern oder kleine Knochen aufgenommen.<\/p>\n<p>L\u00e4nge: 53-89 cm\u00a0\u00a0 Spannweite: 70-90 cm\u00a0\u00a0 Gewicht: 750-1350 g\u00a0\u00a0 Gelege: 8-15 Eier<\/p>\n<p>zur Galerie <a title=\"H\u00fchnerv\u00f6gel\" href=\"http:\/\/woerrlein-naturfoto.de\/wordpress\/hauptseite-voegel\/voegel\/huehnervoegel\/\">H\u00fchnerv\u00f6gel<\/a><code><br \/>\n<\/code><\/p>\n<p>&nbsp;<\/p>\n<p><em>Quelle des Textauszuges und weitere Infos bei <\/em><a href=\"http:\/\/de.wikipedia.org\/wiki\/Fasan\" target=\"_blank\" rel=\"noopener\">Wikipedia<\/a> <em>(<\/em><a href=\"http:\/\/www.gnu.org\/licenses\/fdl-1.3.txt\" target=\"_blank\" rel=\"noopener\">GNU-Lizenz<\/a><em>)<\/em> \u2013 <em>mein Dank gilt den<\/em> <a href=\"http:\/\/de.wikipedia.org\/w\/index.php?title=Fasan&amp;action=history\" target=\"_blank\" rel=\"noopener\">Autoren<\/a>.<\/p>\n","protected":false},"excerpt":{"rendered":"<p>V\u00f6gel -&gt; H\u00fchnerv\u00f6gel V\u00f6gel von A-Z zur Galerie H\u00fchnerv\u00f6gel Der Fasan (Phasianus colchicus) ist eine Vogelart aus der Ordnung der H\u00fchnerv\u00f6gel. Wie bei anderen Fasanenartigen f\u00e4llt der Hahn durch sein farbenpr\u00e4chtiges Gefieder und seine stark verl\u00e4ngerten Schwanzfedern auf. Hennen zeigen eine br\u00e4unliche Tarnf\u00e4rbung. Der Ruf des Hahns ist ein lautes, charakteristisches und oft gereihtes g\u00f6-g\u00f6ck. &hellip; <a href=\"https:\/\/woerrlein-naturfoto.de\/wordpress\/huehnervoegel-a-z\/fasan\/\" class=\"more-link\"><span class=\"screen-reader-text\">Fasan<\/span> weiterlesen <span class=\"meta-nav\">&rarr;<\/span><\/a><\/p>\n","protected":false},"author":1,"featured_media":0,"parent":2423,"menu_order":0,"comment_status":"closed","ping_status":"closed","template":"page-templates\/full-width.php","meta":{"footnotes":""},"class_list":["post-2440","page","type-page","status-publish","hentry"],"_links":{"self":[{"href":"https:\/\/woerrlein-naturfoto.de\/wordpress\/wp-json\/wp\/v2\/pages\/2440","targetHints":{"allow":["GET"]}}],"collection":[{"href":"https:\/\/woerrlein-naturfoto.de\/wordpress\/wp-json\/wp\/v2\/pages"}],"about":[{"href":"https:\/\/woerrlein-naturfoto.de\/wordpress\/wp-json\/wp\/v2\/types\/page"}],"author":[{"embeddable":true,"href":"https:\/\/woerrlein-naturfoto.de\/wordpress\/wp-json\/wp\/v2\/users\/1"}],"replies":[{"embeddable":true,"href":"https:\/\/woerrlein-naturfoto.de\/wordpress\/wp-json\/wp\/v2\/comments?post=2440"}],"version-history":[{"count":9,"href":"https:\/\/woerrlein-naturfoto.de\/wordpress\/wp-json\/wp\/v2\/pages\/2440\/revisions"}],"predecessor-version":[{"id":14881,"href":"https:\/\/woerrlein-naturfoto.de\/wordpress\/wp-json\/wp\/v2\/pages\/2440\/revisions\/14881"}],"up":[{"embeddable":true,"href":"https:\/\/woerrlein-naturfoto.de\/wordpress\/wp-json\/wp\/v2\/pages\/2423"}],"wp:attachment":[{"href":"https:\/\/woerrlein-naturfoto.de\/wordpress\/wp-json\/wp\/v2\/media?parent=2440"}],"curies":[{"name":"wp","href":"https:\/\/api.w.org\/{rel}","templated":true}]}}