{"id":2434,"date":"2014-12-27T11:35:31","date_gmt":"2014-12-27T09:35:31","guid":{"rendered":"http:\/\/woerrlein-naturfoto.de\/wordpress\/?page_id=2434"},"modified":"2022-05-04T17:31:01","modified_gmt":"2022-05-04T15:31:01","slug":"birkhuhn","status":"publish","type":"page","link":"https:\/\/woerrlein-naturfoto.de\/wordpress\/huehnervoegel-a-z\/birkhuhn\/","title":{"rendered":"Birkhuhn"},"content":{"rendered":"<p><span style=\"color: #ffff00;\"><a style=\"color: #ffff00;\" href=\"http:\/\/woerrlein-naturfoto.de\/wordpress\/voegel\/\">V\u00f6gel <\/a><\/span>-&gt;<span style=\"color: #ffff00;\"><a style=\"color: #ffff00;\" href=\"http:\/\/woerrlein-naturfoto.de\/wordpress\/hauptseite-voegel\/voegel\/huehnervoegel\/\"> H\u00fchnerv\u00f6gel<\/a><\/span><br \/>\n<a title=\"V\u00f6gel von A-Z\" href=\"http:\/\/woerrlein-naturfoto.de\/wordpress\/voegel\/voegel_von_a-z\/\">V\u00f6gel von A-Z<\/a><br \/>\nzur Galerie <a title=\"H\u00fchnerv\u00f6gel\" href=\"http:\/\/woerrlein-naturfoto.de\/wordpress\/hauptseite-voegel\/voegel\/huehnervoegel\/\">H\u00fchnerv\u00f6gel<\/a><\/p>\n<p><img loading=\"lazy\" decoding=\"async\" class=\"alignleft wp-image-1508\" src=\"http:\/\/woerrlein-naturfoto.de\/wordpress\/wp-content\/uploads\/Birkhahn_15548L-600x400.jpg\" alt=\"Birkhahn_15548L.jpg\" width=\"600\" height=\"400\" \/><\/p>\n<p>Das <b>Birkhuhn<\/b> (<i>Lyrurus tetrix<\/i> oder auch <i>Tetrao tetrix<\/i>) ist eine Vogelart aus der Familie der Fasanenartigen. Innerhalb dieser Familie z\u00e4hlt es zu den Raufu\u00dfh\u00fchnern. Das Birkhuhn ist ein Brutvogel der <a title=\"Boreale Zone\" href=\"http:\/\/de.wikipedia.org\/wiki\/Boreale_Zone\" target=\"_blank\" rel=\"noopener\">borealen<\/a> und <a href=\"http:\/\/de.wikipedia.org\/wiki\/Subpolare_Zone#mediaviewer\/File:Klimag%C3%BCrtel-der-erde-tundra.png\" target=\"_blank\" rel=\"noopener\">subarktischen<\/a> Waldzone sowie entsprechender (sub-)alpiner und postglazialer Landschaften von Gro\u00dfbritannien bis nach Ostsibirien. Das Areal in Mitteleuropa ist mit Ausnahme des Alpenraums inselartig aufgesplittert. Restvorkommen gibt es u.\u00a0a. in Deutschland (s.\u00a0u.), den Niederlanden, Belgien, D\u00e4nemark und Gro\u00dfbritannien (hier v.\u00a0a. in Schottland, in Teilen Nordenglands und in einem schmalen Streifen bis nach Wales). In Deutschland und in Grenzn\u00e4he zu Deutschland findet man es noch in einigen Alpenregionen sowie stellenweise in folgenden Mittelgebirgsregionen: Rh\u00f6n, Hohes Venn, Bayerischer Wald\/B\u00f6hmerwald, Th\u00fcringer Wald, Th\u00fcringer Schiefergebirge, Erzgebirge, Isergebirge, Riesengebirge. Ein Vorkommen existiert im Dreil\u00e4ndereck Sachsen-Brandenburg-Polen im Sandheidegebiet des Zschornoer Waldes. Die K\u00fcken sowie adulte Birkh\u00fchner in der Mauser leben von tierischer Kost (Insekten und andere Wirbellose), auch Jungh\u00e4hne im Herbst nehmen Insektennahrung auf. Ansonsten ern\u00e4hren sich Birkh\u00fchner im Jahreslauf von wechselnden Pflanzenarten und -teilen. Im Fr\u00fchjahr werden vor allem junge Triebe und Knospen sowie Bl\u00fctenst\u00e4nde von Weiden und einigen Gr\u00e4sern (Wollgras) gefressen. Im Sommer bieten bl\u00fctenreiche Wiesen eine abwechslungsreiche Kost. Im Herbst stellen die Beeren von Zwergstr\u00e4uchern (Kr\u00e4henbeere, Heidelbeere, Preiselbeere) einen gro\u00dfen Teil der Nahrung, auch Fr\u00fcchte von Eberesche, Mehlbeere und Wei\u00dfdorn werden aufgenommen. Die Hauptnahrung im Winter stellen Knospen und Triebe von Laub- und Nadelb\u00e4umen dar.<sup id=\"cite_ref-BfN_8-1\" class=\"reference\"><\/sup><\/p>\n<p>L\u00e4nge: 40-55 cm\u00a0\u00a0 Spannweite: 65-80 cm\u00a0\u00a0 Gewicht: 800-1250 g\u00a0\u00a0 Gelege: 6-11 Eier<\/p>\n<p>zur Galerie <a title=\"H\u00fchnerv\u00f6gel\" href=\"http:\/\/woerrlein-naturfoto.de\/wordpress\/hauptseite-voegel\/voegel\/huehnervoegel\/\">H\u00fchnerv\u00f6gel<\/a><code><br \/>\n<\/code><\/p>\n<p>&nbsp;<\/p>\n<p><em>Quelle des Textauszuges und weitere Infos bei <\/em><a href=\"http:\/\/de.wikipedia.org\/wiki\/Birkhuhn\" target=\"_blank\" rel=\"noopener\">Wikipedia<\/a> <em>(<\/em><a href=\"http:\/\/www.gnu.org\/licenses\/fdl-1.3.txt\" target=\"_blank\" rel=\"noopener\">GNU-Lizenz<\/a><em>)<\/em> \u2013 <em>mein Dank gilt den<\/em> <a href=\"http:\/\/de.wikipedia.org\/w\/index.php?title=Birkhuhn&amp;action=history\" target=\"_blank\" rel=\"noopener\">Autoren<\/a>.<\/p>\n","protected":false},"excerpt":{"rendered":"<p>V\u00f6gel -&gt; H\u00fchnerv\u00f6gel V\u00f6gel von A-Z zur Galerie H\u00fchnerv\u00f6gel Das Birkhuhn (Lyrurus tetrix oder auch Tetrao tetrix) ist eine Vogelart aus der Familie der Fasanenartigen. Innerhalb dieser Familie z\u00e4hlt es zu den Raufu\u00dfh\u00fchnern. Das Birkhuhn ist ein Brutvogel der borealen und subarktischen Waldzone sowie entsprechender (sub-)alpiner und postglazialer Landschaften von Gro\u00dfbritannien bis nach Ostsibirien. Das &hellip; <a href=\"https:\/\/woerrlein-naturfoto.de\/wordpress\/huehnervoegel-a-z\/birkhuhn\/\" class=\"more-link\"><span class=\"screen-reader-text\">Birkhuhn<\/span> weiterlesen <span class=\"meta-nav\">&rarr;<\/span><\/a><\/p>\n","protected":false},"author":1,"featured_media":0,"parent":2423,"menu_order":0,"comment_status":"closed","ping_status":"closed","template":"page-templates\/full-width.php","meta":{"footnotes":""},"class_list":["post-2434","page","type-page","status-publish","hentry"],"_links":{"self":[{"href":"https:\/\/woerrlein-naturfoto.de\/wordpress\/wp-json\/wp\/v2\/pages\/2434","targetHints":{"allow":["GET"]}}],"collection":[{"href":"https:\/\/woerrlein-naturfoto.de\/wordpress\/wp-json\/wp\/v2\/pages"}],"about":[{"href":"https:\/\/woerrlein-naturfoto.de\/wordpress\/wp-json\/wp\/v2\/types\/page"}],"author":[{"embeddable":true,"href":"https:\/\/woerrlein-naturfoto.de\/wordpress\/wp-json\/wp\/v2\/users\/1"}],"replies":[{"embeddable":true,"href":"https:\/\/woerrlein-naturfoto.de\/wordpress\/wp-json\/wp\/v2\/comments?post=2434"}],"version-history":[{"count":7,"href":"https:\/\/woerrlein-naturfoto.de\/wordpress\/wp-json\/wp\/v2\/pages\/2434\/revisions"}],"predecessor-version":[{"id":14880,"href":"https:\/\/woerrlein-naturfoto.de\/wordpress\/wp-json\/wp\/v2\/pages\/2434\/revisions\/14880"}],"up":[{"embeddable":true,"href":"https:\/\/woerrlein-naturfoto.de\/wordpress\/wp-json\/wp\/v2\/pages\/2423"}],"wp:attachment":[{"href":"https:\/\/woerrlein-naturfoto.de\/wordpress\/wp-json\/wp\/v2\/media?parent=2434"}],"curies":[{"name":"wp","href":"https:\/\/api.w.org\/{rel}","templated":true}]}}