{"id":2410,"date":"2014-12-26T20:48:56","date_gmt":"2014-12-26T18:48:56","guid":{"rendered":"http:\/\/woerrlein-naturfoto.de\/wordpress\/?page_id=2410"},"modified":"2015-02-23T12:50:58","modified_gmt":"2015-02-23T11:50:58","slug":"wespenbussard","status":"publish","type":"page","link":"https:\/\/woerrlein-naturfoto.de\/wordpress\/greifvoegel-a-z\/wespenbussard\/","title":{"rendered":"Wespenbussard"},"content":{"rendered":"<p><a href=\"http:\/\/woerrlein-naturfoto.de\/wordpress\/voegel\/\"><span style=\"color: #ffff66;\">V\u00f6gel<\/span> <\/a>-&gt;<a href=\"http:\/\/woerrlein-naturfoto.de\/wordpress\/hauptseite-voegel\/voegel\/greifvoegel\/\"> <span style=\"color: #ffff66;\">Greifv\u00f6gel<\/span><\/a><a title=\"Greifv\u00f6gel\" href=\"http:\/\/woerrlein-naturfoto.de\/wordpress\/hauptseite-voegel\/voegel\/greifvoegel\/\"><br \/>\n<\/a><a href=\"http:\/\/woerrlein-naturfoto.de\/wordpress\/voegel_von_a-z\/\">V\u00f6gel von A-Z<\/a><br \/>\nzur Galerie <a title=\"Greifv\u00f6gel\" href=\"http:\/\/woerrlein-naturfoto.de\/wordpress\/hauptseite-voegel\/voegel\/greifvoegel\/\">Greifv\u00f6gel<\/a><\/p>\n<p><img loading=\"lazy\" decoding=\"async\" class=\"alignleft wp-image-1494\" src=\"http:\/\/woerrlein-naturfoto.de\/wordpress\/wp-content\/uploads\/Wespenbussard_16400L_v-400x600.jpg\" alt=\"Wespenbussard_16400L_v.jpg\" width=\"267\" height=\"400\" \/><\/p>\n<p>Der <b>Wespenbussard<\/b> (<i>Pernis apivorus<\/i>) ist eine Vogelart aus der Familie der Habichtartigen. Er ist etwa so gro\u00df wie ein M\u00e4usebussard. Die Art besiedelt den gr\u00f6\u00dften Teil Europas und das westliche Asien. Der deutsche Name bezieht sich auf die besondere Nahrung, die vor allem aus der Brut sozialer Faltenwespen der Gattung <i>Vespula<\/i> besteht. Der Wespenbussard zeigt in Anpassung an diese spezielle Nahrung zahlreiche morphologische und ph\u00e4nologische Besonderheiten, so sind die Nasenl\u00f6cher schlitzf\u00f6rmig, insbesondere das Kopfgefieder ist sehr steif und die F\u00fc\u00dfe sind f\u00fcr eine grabende T\u00e4tigkeit optimiert. Die Art kommt erst sehr sp\u00e4t aus den afrikanischen Winterquartieren zur\u00fcck, so dass die Jungenaufzucht in die Zeit der gr\u00f6\u00dften H\u00e4ufigkeit von Wespen im Hochsommer f\u00e4llt. Der Wespenbussard gilt weltweit als nicht gef\u00e4hrdet.<br \/>\nDer Wespenbussard ist hinsichtlich seiner Ern\u00e4hrung hochspezialisiert und nimmt in dieser Hinsicht eine Sonderstellung unter den europ\u00e4ischen Greifv\u00f6geln ein. Er ern\u00e4hrt sich zumindest im Brutgebiet ganz \u00fcberwiegend von der Brut sozialer Faltenwespen der Gattung <i>Vespula<\/i>, in Mitteleuropa vor allem von Brut der Deutschen Wespe und der Gemeinen Wespe. Die wesentliche Suchstrategie ist das ausdauernde Sitzen in B\u00e4umen unterhalb der Baumkrone in aufgelockerten W\u00e4ldern, an Waldr\u00e4ndern und an \u00e4hnlichen, offenen Strukturen. Dabei suchen Wespenbussarde vermutlich nach fliegenden Wespen, die in Bodenn\u00e4he verschwinden. Die gefundenen Nester werden ausgegraben und die Teile mit Larven und Puppen st\u00fcckweise zum eigenen Nest transportiert, bis alle Waben ausgebeutet sind. W\u00e4hrend des Grabens schlie\u00dft der Wespenbussard seine Augen; die vor allem am Kopf sehr dichten Federn sch\u00fctzen den Vogel vor Stichen.<\/p>\n<p>L\u00e4nge: 50-60 cm\u00a0\u00a0 Spannweite: 135-160 cm\u00a0\u00a0 Gewicht: 500-1000 g\u00a0\u00a0 Gelege: 2 Eier<\/p>\n<p>zur Galerie <a title=\"Greifv\u00f6gel\" href=\"http:\/\/woerrlein-naturfoto.de\/wordpress\/hauptseite-voegel\/voegel\/greifvoegel\/\">Greifv\u00f6gel<\/a><code><br \/>\n<\/code><\/p>\n<p>&nbsp;<\/p>\n<p><em>Quelle des Textauszuges und weitere Infos bei <\/em><a href=\"http:\/\/de.wikipedia.org\/wiki\/Wespenbussard\" target=\"_blank\">Wikipedia<\/a> <em>(<\/em><a href=\"http:\/\/www.gnu.org\/licenses\/fdl-1.3.txt\" target=\"_blank\">GNU-Lizenz<\/a><em>)<\/em> \u2013 <em>mein Dank gilt den<\/em> <a href=\"http:\/\/de.wikipedia.org\/w\/index.php?title=Wespenbussard&amp;action=history\" target=\"_blank\">Autoren<\/a>.<\/p>\n","protected":false},"excerpt":{"rendered":"<p>V\u00f6gel -&gt; Greifv\u00f6gel V\u00f6gel von A-Z zur Galerie Greifv\u00f6gel Der Wespenbussard (Pernis apivorus) ist eine Vogelart aus der Familie der Habichtartigen. Er ist etwa so gro\u00df wie ein M\u00e4usebussard. Die Art besiedelt den gr\u00f6\u00dften Teil Europas und das westliche Asien. Der deutsche Name bezieht sich auf die besondere Nahrung, die vor allem aus der Brut &hellip; <a href=\"https:\/\/woerrlein-naturfoto.de\/wordpress\/greifvoegel-a-z\/wespenbussard\/\" class=\"more-link\"><span class=\"screen-reader-text\">Wespenbussard<\/span> weiterlesen <span class=\"meta-nav\">&rarr;<\/span><\/a><\/p>\n","protected":false},"author":1,"featured_media":0,"parent":2362,"menu_order":0,"comment_status":"closed","ping_status":"closed","template":"page-templates\/full-width.php","meta":{"footnotes":""},"class_list":["post-2410","page","type-page","status-publish","hentry"],"_links":{"self":[{"href":"https:\/\/woerrlein-naturfoto.de\/wordpress\/wp-json\/wp\/v2\/pages\/2410","targetHints":{"allow":["GET"]}}],"collection":[{"href":"https:\/\/woerrlein-naturfoto.de\/wordpress\/wp-json\/wp\/v2\/pages"}],"about":[{"href":"https:\/\/woerrlein-naturfoto.de\/wordpress\/wp-json\/wp\/v2\/types\/page"}],"author":[{"embeddable":true,"href":"https:\/\/woerrlein-naturfoto.de\/wordpress\/wp-json\/wp\/v2\/users\/1"}],"replies":[{"embeddable":true,"href":"https:\/\/woerrlein-naturfoto.de\/wordpress\/wp-json\/wp\/v2\/comments?post=2410"}],"version-history":[{"count":7,"href":"https:\/\/woerrlein-naturfoto.de\/wordpress\/wp-json\/wp\/v2\/pages\/2410\/revisions"}],"predecessor-version":[{"id":6515,"href":"https:\/\/woerrlein-naturfoto.de\/wordpress\/wp-json\/wp\/v2\/pages\/2410\/revisions\/6515"}],"up":[{"embeddable":true,"href":"https:\/\/woerrlein-naturfoto.de\/wordpress\/wp-json\/wp\/v2\/pages\/2362"}],"wp:attachment":[{"href":"https:\/\/woerrlein-naturfoto.de\/wordpress\/wp-json\/wp\/v2\/media?parent=2410"}],"curies":[{"name":"wp","href":"https:\/\/api.w.org\/{rel}","templated":true}]}}