{"id":2405,"date":"2014-12-26T20:36:14","date_gmt":"2014-12-26T18:36:14","guid":{"rendered":"http:\/\/woerrlein-naturfoto.de\/wordpress\/?page_id=2405"},"modified":"2015-02-23T12:50:33","modified_gmt":"2015-02-23T11:50:33","slug":"turmfalke","status":"publish","type":"page","link":"https:\/\/woerrlein-naturfoto.de\/wordpress\/greifvoegel-a-z\/turmfalke\/","title":{"rendered":"Turmfalke"},"content":{"rendered":"<p><a href=\"http:\/\/woerrlein-naturfoto.de\/wordpress\/voegel\/\"><span style=\"color: #ffff66;\">V\u00f6gel<\/span> <\/a>-&gt;<a href=\"http:\/\/woerrlein-naturfoto.de\/wordpress\/hauptseite-voegel\/voegel\/greifvoegel\/\"> <span style=\"color: #ffff66;\">Greifv\u00f6gel<\/span><\/a><a title=\"Greifv\u00f6gel\" href=\"http:\/\/woerrlein-naturfoto.de\/wordpress\/hauptseite-voegel\/voegel\/greifvoegel\/\"><br \/>\n<\/a><a href=\"http:\/\/woerrlein-naturfoto.de\/wordpress\/voegel_von_a-z\/\">V\u00f6gel von A-Z<\/a><br \/>\nzur Galerie <a title=\"Greifv\u00f6gel\" href=\"http:\/\/woerrlein-naturfoto.de\/wordpress\/hauptseite-voegel\/voegel\/greifvoegel\/\">Greifv\u00f6gel<\/a><\/p>\n<p><img loading=\"lazy\" decoding=\"async\" class=\"alignleft wp-image-1498\" src=\"http:\/\/woerrlein-naturfoto.de\/wordpress\/wp-content\/uploads\/Turmfalke_11365L-600x399.jpg\" alt=\"Turmfalke_11365L.jpg\" width=\"600\" height=\"399\" \/>Der <b>Turmfalke<\/b> (<i>Falco tinnunculus<\/i>) ist der h\u00e4ufigste Falke in Mitteleuropa. Vielen ist der Turmfalke vertraut, da er sich auch St\u00e4dte als Lebensraum erobert hat und oft beim R\u00fcttelflug zu beobachten ist. Er war <a href=\"http:\/\/de.wikipedia.org\/wiki\/Vogel_des_Jahres_%28Deutschland%29\" target=\"_blank\">Vogel des Jahres<\/a> 2007 in Deutschland und Vogel des Jahres 2008 in der Schweiz. Als ein charakteristisches Beispiel f\u00fcr eine altweltliche Verbreitung ist der Turmfalke in Europa, Asien und Afrika zu finden, wo er fast alle Klimazonen der pal\u00e4arktischen, der \u00e4thiopischen und der orientalischen Region besiedelt. Er ist eher im Flachland anzutreffen. Innerhalb dieses gro\u00dfen Verbreitungsgebiets wird eine Reihe von Unterarten beschrieben. Der Turmfalke ist ein so genannter Griffhalter, der seine Beute mit den F\u00e4ngen packt und durch einen Biss in den Nacken t\u00f6tet. Die Jagd erfolgt teilweise als so genannte Ansitzjagd, bei der der Falke von Weidenpf\u00e4hlen, Telegraphenmasten oder \u00c4sten aus nach Beute sp\u00e4ht. Typisch f\u00fcr den Turmfalken ist aber der R\u00fcttelflug. Dies ist eine hochspezialisierte Form des Ruderfluges, bei der der Falke eine Zeit lang \u00fcber einem bestimmten Ort in der Luft \u201esteht\u201c. Diese Flugform, bei der der Vogel sehr heftig mit den Fl\u00fcgeln schl\u00e4gt, ist energetisch sehr aufwendig. Bei st\u00e4rkerem Gegenwind hat der Turmfalke dabei ein Verhalten entwickelt, mit dem er Energie spart. W\u00e4hrend der Kopf \u00fcber dem Fixpunkt bleibt, l\u00e4sst er seinen K\u00f6rper innerhalb von Bruchteilen von Sekunden lang nach hinten gleiten, bis der Hals maximal gestreckt ist. Mit Fl\u00fcgelschl\u00e4gen fliegt er dann wieder aktiv nach vorne, bis der Hals wieder maximal gekr\u00fcmmt ist. Der Energiegewinn gegen\u00fcber einem kontinuierlichen R\u00fctteln betr\u00e4gt 44\u00a0%. Der R\u00fcttelflug wird au\u00dferdem immer \u00fcber solchen Stellen ausgef\u00fchrt, auf denen aufgrund der f\u00fcr sie erkennbaren Urinspuren besonders viele Beutetiere zu vermuten sind.<\/p>\n<p>L\u00e4nge: 33-39 cm\u00a0\u00a0 Spannweite: 65-75 cm\u00a0\u00a0 Gewicht: 130-300 g\u00a0\u00a0 Gelege: 3-6 Eier<\/p>\n<p>zur Galerie <a title=\"Greifv\u00f6gel\" href=\"http:\/\/woerrlein-naturfoto.de\/wordpress\/hauptseite-voegel\/voegel\/greifvoegel\/\">Greifv\u00f6gel<\/a><code><br \/>\n<\/code><\/p>\n<p>&nbsp;<\/p>\n<p><em>Quelle des Textauszuges und weitere Infos bei <\/em><a href=\"http:\/\/de.wikipedia.org\/wiki\/Turmfalke\" target=\"_blank\">Wikipedia<\/a> <em>(<\/em><a href=\"http:\/\/www.gnu.org\/licenses\/fdl-1.3.txt\" target=\"_blank\">GNU-Lizenz<\/a><em>)<\/em> \u2013 <em>mein Dank gilt den<\/em> <a href=\"http:\/\/de.wikipedia.org\/w\/index.php?title=Turmfalke&amp;action=history\" target=\"_blank\">Autoren<\/a>.<\/p>\n","protected":false},"excerpt":{"rendered":"<p>V\u00f6gel -&gt; Greifv\u00f6gel V\u00f6gel von A-Z zur Galerie Greifv\u00f6gel Der Turmfalke (Falco tinnunculus) ist der h\u00e4ufigste Falke in Mitteleuropa. Vielen ist der Turmfalke vertraut, da er sich auch St\u00e4dte als Lebensraum erobert hat und oft beim R\u00fcttelflug zu beobachten ist. Er war Vogel des Jahres 2007 in Deutschland und Vogel des Jahres 2008 in der &hellip; <a href=\"https:\/\/woerrlein-naturfoto.de\/wordpress\/greifvoegel-a-z\/turmfalke\/\" class=\"more-link\"><span class=\"screen-reader-text\">Turmfalke<\/span> weiterlesen <span class=\"meta-nav\">&rarr;<\/span><\/a><\/p>\n","protected":false},"author":1,"featured_media":0,"parent":2362,"menu_order":0,"comment_status":"closed","ping_status":"closed","template":"page-templates\/full-width.php","meta":{"footnotes":""},"class_list":["post-2405","page","type-page","status-publish","hentry"],"_links":{"self":[{"href":"https:\/\/woerrlein-naturfoto.de\/wordpress\/wp-json\/wp\/v2\/pages\/2405","targetHints":{"allow":["GET"]}}],"collection":[{"href":"https:\/\/woerrlein-naturfoto.de\/wordpress\/wp-json\/wp\/v2\/pages"}],"about":[{"href":"https:\/\/woerrlein-naturfoto.de\/wordpress\/wp-json\/wp\/v2\/types\/page"}],"author":[{"embeddable":true,"href":"https:\/\/woerrlein-naturfoto.de\/wordpress\/wp-json\/wp\/v2\/users\/1"}],"replies":[{"embeddable":true,"href":"https:\/\/woerrlein-naturfoto.de\/wordpress\/wp-json\/wp\/v2\/comments?post=2405"}],"version-history":[{"count":7,"href":"https:\/\/woerrlein-naturfoto.de\/wordpress\/wp-json\/wp\/v2\/pages\/2405\/revisions"}],"predecessor-version":[{"id":6514,"href":"https:\/\/woerrlein-naturfoto.de\/wordpress\/wp-json\/wp\/v2\/pages\/2405\/revisions\/6514"}],"up":[{"embeddable":true,"href":"https:\/\/woerrlein-naturfoto.de\/wordpress\/wp-json\/wp\/v2\/pages\/2362"}],"wp:attachment":[{"href":"https:\/\/woerrlein-naturfoto.de\/wordpress\/wp-json\/wp\/v2\/media?parent=2405"}],"curies":[{"name":"wp","href":"https:\/\/api.w.org\/{rel}","templated":true}]}}