{"id":2401,"date":"2014-12-26T20:24:12","date_gmt":"2014-12-26T18:24:12","guid":{"rendered":"http:\/\/woerrlein-naturfoto.de\/wordpress\/?page_id=2401"},"modified":"2020-09-27T22:52:14","modified_gmt":"2020-09-27T20:52:14","slug":"seeadler","status":"publish","type":"page","link":"https:\/\/woerrlein-naturfoto.de\/wordpress\/greifvoegel-a-z\/seeadler\/","title":{"rendered":"Seeadler"},"content":{"rendered":"<p><a href=\"http:\/\/woerrlein-naturfoto.de\/wordpress\/voegel\/\"><span style=\"color: #ffff66;\">V\u00f6gel<\/span> <\/a>-&gt;<a href=\"http:\/\/woerrlein-naturfoto.de\/wordpress\/hauptseite-voegel\/voegel\/greifvoegel\/\"> <span style=\"color: #ffff66;\">Greifv\u00f6gel<\/span><\/a><a title=\"Greifv\u00f6gel\" href=\"http:\/\/woerrlein-naturfoto.de\/wordpress\/hauptseite-voegel\/voegel\/greifvoegel\/\"><br \/>\n<\/a><a href=\"http:\/\/woerrlein-naturfoto.de\/wordpress\/voegel_von_a-z\/\">V\u00f6gel von A-Z<\/a><br \/>\nzur Galerie <a title=\"Greifv\u00f6gel\" href=\"http:\/\/woerrlein-naturfoto.de\/wordpress\/hauptseite-voegel\/voegel\/greifvoegel\/\">Greifv\u00f6gel<\/a><\/p>\n<p><img loading=\"lazy\" decoding=\"async\" class=\"alignleft wp-image-12579\" src=\"https:\/\/woerrlein-naturfoto.de\/wordpress\/wp-content\/uploads\/2014\/12\/Seeadler_200908_3979-600x400.jpg\" alt=\"\" width=\"600\" height=\"400\" srcset=\"https:\/\/woerrlein-naturfoto.de\/wordpress\/wp-content\/uploads\/2014\/12\/Seeadler_200908_3979-600x400.jpg 600w, https:\/\/woerrlein-naturfoto.de\/wordpress\/wp-content\/uploads\/2014\/12\/Seeadler_200908_3979-768x512.jpg 768w, https:\/\/woerrlein-naturfoto.de\/wordpress\/wp-content\/uploads\/2014\/12\/Seeadler_200908_3979-120x80.jpg 120w, https:\/\/woerrlein-naturfoto.de\/wordpress\/wp-content\/uploads\/2014\/12\/Seeadler_200908_3979.jpg 1000w\" sizes=\"auto, (max-width: 600px) 100vw, 600px\" \/><\/p>\n<p>Der <b>Seeadler<\/b> (<i>Haliaeetus albicilla<\/i>) ist ein sehr gro\u00dfer Greifvogel aus der Familie der Habichtartigen. Seeadler bewohnen gew\u00e4sserreiche Landschaften Eurasiens von Gr\u00f6nland bis zum Pazifik. Sie ern\u00e4hren sich \u00fcberwiegend von Fischen, Wasserv\u00f6geln und Aas. Die Art wurde in Mittel- und Westeuropa durch menschliche Verfolgung und die Vergiftung durch das Insektizid DDT fast ausgerottet. Seit Mitte der 1980er Jahre nimmt der Bestand in weiten Teilen Europas jedoch wieder stark zu. Der Seeadler ist an gro\u00dfe Gew\u00e4sser, also K\u00fcsten, gro\u00dfe Seen und Fl\u00fcsse gebunden. Im Binnenland Mitteleuropas sind Seeadler vor allem Bewohner der \u201eWald-Seen-Landschaften\u201c. In Deutschland werden die h\u00f6chsten Siedlungsdichten im Bereich der M\u00fcritz in Mecklenburg-Vorpommern sowie in der Oberlausitz Sachsens erreicht. Der Seeadler ern\u00e4hrt sich w\u00e4hrend der Brutzeit vor allem von Fischen und Wasserv\u00f6geln, auch Aas wird gern genommen, lebende S\u00e4uger spielen meist nur eine untergeordnete Rolle. Fische werden h\u00e4ufig selbst erbeutet, Seeadler fressen jedoch auch tote und halb verweste Fische. Die im jeweiligen Lebensraum h\u00e4ufigsten Arten dominieren meist auch im Nahrungsspektrum des Seeadlers.<\/p>\n<p>L\u00e4nge: 70-90 cm\u00a0\u00a0 Spannweite: 200-240 cm\u00a0\u00a0 Gewicht: 4-6 kg\u00a0\u00a0 Gelege: 2 Eier<\/p>\n<p>zur Galerie <a title=\"Greifv\u00f6gel\" href=\"http:\/\/woerrlein-naturfoto.de\/wordpress\/hauptseite-voegel\/voegel\/greifvoegel\/\">Greifv\u00f6gel<\/a><code><br \/>\n<\/code><\/p>\n<p>&nbsp;<\/p>\n<p><em>Quelle des Textauszuges und weitere Infos bei <\/em><a href=\"http:\/\/de.wikipedia.org\/wiki\/Seeadler_%28Art%29\" target=\"_blank\" rel=\"noopener noreferrer\">Wikipedia<\/a> <em>(<\/em><a href=\"http:\/\/www.gnu.org\/licenses\/fdl-1.3.txt\" target=\"_blank\" rel=\"noopener noreferrer\">GNU-Lizenz<\/a><em>)<\/em> \u2013 <em>mein Dank gilt den<\/em> <a href=\"http:\/\/de.wikipedia.org\/w\/index.php?title=Seeadler_%28Art%29&amp;action=history\" target=\"_blank\" rel=\"noopener noreferrer\">Autoren<\/a>.<\/p>\n","protected":false},"excerpt":{"rendered":"<p>V\u00f6gel -&gt; Greifv\u00f6gel V\u00f6gel von A-Z zur Galerie Greifv\u00f6gel Der Seeadler (Haliaeetus albicilla) ist ein sehr gro\u00dfer Greifvogel aus der Familie der Habichtartigen. Seeadler bewohnen gew\u00e4sserreiche Landschaften Eurasiens von Gr\u00f6nland bis zum Pazifik. Sie ern\u00e4hren sich \u00fcberwiegend von Fischen, Wasserv\u00f6geln und Aas. Die Art wurde in Mittel- und Westeuropa durch menschliche Verfolgung und die Vergiftung &hellip; <a href=\"https:\/\/woerrlein-naturfoto.de\/wordpress\/greifvoegel-a-z\/seeadler\/\" class=\"more-link\"><span class=\"screen-reader-text\">Seeadler<\/span> weiterlesen <span class=\"meta-nav\">&rarr;<\/span><\/a><\/p>\n","protected":false},"author":1,"featured_media":0,"parent":2362,"menu_order":0,"comment_status":"closed","ping_status":"closed","template":"page-templates\/full-width.php","meta":{"footnotes":""},"class_list":["post-2401","page","type-page","status-publish","hentry"],"_links":{"self":[{"href":"https:\/\/woerrlein-naturfoto.de\/wordpress\/wp-json\/wp\/v2\/pages\/2401","targetHints":{"allow":["GET"]}}],"collection":[{"href":"https:\/\/woerrlein-naturfoto.de\/wordpress\/wp-json\/wp\/v2\/pages"}],"about":[{"href":"https:\/\/woerrlein-naturfoto.de\/wordpress\/wp-json\/wp\/v2\/types\/page"}],"author":[{"embeddable":true,"href":"https:\/\/woerrlein-naturfoto.de\/wordpress\/wp-json\/wp\/v2\/users\/1"}],"replies":[{"embeddable":true,"href":"https:\/\/woerrlein-naturfoto.de\/wordpress\/wp-json\/wp\/v2\/comments?post=2401"}],"version-history":[{"count":7,"href":"https:\/\/woerrlein-naturfoto.de\/wordpress\/wp-json\/wp\/v2\/pages\/2401\/revisions"}],"predecessor-version":[{"id":12593,"href":"https:\/\/woerrlein-naturfoto.de\/wordpress\/wp-json\/wp\/v2\/pages\/2401\/revisions\/12593"}],"up":[{"embeddable":true,"href":"https:\/\/woerrlein-naturfoto.de\/wordpress\/wp-json\/wp\/v2\/pages\/2362"}],"wp:attachment":[{"href":"https:\/\/woerrlein-naturfoto.de\/wordpress\/wp-json\/wp\/v2\/media?parent=2401"}],"curies":[{"name":"wp","href":"https:\/\/api.w.org\/{rel}","templated":true}]}}