{"id":2396,"date":"2014-12-26T19:34:27","date_gmt":"2014-12-26T17:34:27","guid":{"rendered":"http:\/\/woerrlein-naturfoto.de\/wordpress\/?page_id=2396"},"modified":"2020-09-27T22:59:07","modified_gmt":"2020-09-27T20:59:07","slug":"rohrweihe","status":"publish","type":"page","link":"https:\/\/woerrlein-naturfoto.de\/wordpress\/greifvoegel-a-z\/rohrweihe\/","title":{"rendered":"Rohrweihe"},"content":{"rendered":"<p><a href=\"http:\/\/woerrlein-naturfoto.de\/wordpress\/voegel\/\"><span style=\"color: #ffff66;\">V\u00f6gel<\/span> <\/a>-&gt;<a href=\"http:\/\/woerrlein-naturfoto.de\/wordpress\/hauptseite-voegel\/voegel\/greifvoegel\/\"> <span style=\"color: #ffff66;\">Greifv\u00f6gel<\/span><\/a><a title=\"Greifv\u00f6gel\" href=\"http:\/\/woerrlein-naturfoto.de\/wordpress\/hauptseite-voegel\/voegel\/greifvoegel\/\"><br \/>\n<\/a><a href=\"http:\/\/woerrlein-naturfoto.de\/wordpress\/voegel_von_a-z\/\">V\u00f6gel von A-Z<\/a><br \/>\nzur Galerie <a title=\"Greifv\u00f6gel\" href=\"http:\/\/woerrlein-naturfoto.de\/wordpress\/hauptseite-voegel\/voegel\/greifvoegel\/\">Greifv\u00f6gel<\/a><\/p>\n<p><img loading=\"lazy\" decoding=\"async\" class=\"alignleft wp-image-11027\" src=\"https:\/\/woerrlein-naturfoto.de\/wordpress\/wp-content\/uploads\/2014\/12\/Rohrweihe_D20190602_0478-600x400.jpg\" alt=\"\" width=\"600\" height=\"400\" \/><\/p>\n<p>Die <b>Rohrweihe<\/b> (<i>Circus aeruginosus<\/i>) ist eine <a href=\"de.wikipedia.org\/wiki\/Pal\u00e4arktis\" target=\"_blank\" rel=\"noopener noreferrer\">pal\u00e4arktische <\/a>Greifvogelart aus der Familie der Habichtartigen. Ihre Brutverbreitung reicht von der zentralen Mongolei bis nach Portugal sowie von Skandinavien bis Nordafrika. Die \u00dcberwinterungsgebiete liegen in West- und Zentralafrika, Arabien sowie auf dem indischen Subkontinent. Die Art bewohnt Schilfbest\u00e4nde, Moore, Seeufer und andere Feuchtgebiete in offener Landschaft, aber auch Getreide- und Rapsfelder. Die Brutzeit der Rohrweihe liegt, je nach Breitengrad, zwischen April und August, wobei zwei bis sieben Eier in einem Bodennest in hoher Vegetation ausgebr\u00fctet werden. Der R\u00fcckgang extensiv bewirtschafteter landwirtschaftlicher Fl\u00e4chen, die Trockenlegung von S\u00fcmpfen und die Bejagung der Best\u00e4nde haben im 19. und 20. Jahrhundert vor allem in dichter besiedelten Teilen des Verbreitungsgebietes zun\u00e4chst zu starken Bestandsr\u00fcckg\u00e4ngen gef\u00fchrt, die die Rohrweihe jedoch nach 1950 wieder aufholen konnte. Der weltweite Gesamtbestand wird auf etwa hunderttausend Individuen gesch\u00e4tzt. Die Strategie der Rohrweihe ist die \u00dcberrumpelung ihrer Beute im niedrigen &#8222;gaukelnden&#8220; Suchflug mit v-f\u00f6rmig gehaltenen Fl\u00fcgeln. Sie ergreift die Beutetiere meist dicht am Boden, seltener auf dem Wasser oder in der Luft. Die Beute setzt sich zu 70\u201380\u00a0% aus Singv\u00f6geln und (zumeist jungen) Wasserv\u00f6geln wie Enten, Teich- und Bl\u00e4ssrallen zusammen. Zur Brutzeit schl\u00e4gt sie vor allem K\u00fcken und Nestlinge und frisst auch Eier ab einer Gr\u00f6\u00dfe von Elstern-Eiern. Bei entsprechendem Angebot kann der Hauptteil der Nahrung aber auch aus Feldm\u00e4usen, Wanderratten, Zieseln, jungen Kaninchen und Hasen sowie Bisamratten bestehen. Daneben geh\u00f6ren in geringem Ma\u00dfe auch Fische, Fr\u00f6sche, Eidechsen und Gro\u00dfinsekten zum Nahrungsspektrum.<\/p>\n<p>L\u00e4nge: 50-55 cm\u00a0\u00a0 Spannweite: 115-130 cm\u00a0\u00a0 Gewicht: 500-900 g\u00a0\u00a0 Gelege: 4-5 Eier<\/p>\n<p>zur Galerie <a title=\"Greifv\u00f6gel\" href=\"http:\/\/woerrlein-naturfoto.de\/wordpress\/hauptseite-voegel\/voegel\/greifvoegel\/\">Greifv\u00f6gel<\/a><code><br \/>\n<\/code><\/p>\n<p>&nbsp;<\/p>\n<p><em>Quelle des Textauszuges und weitere Infos bei <\/em><a href=\"http:\/\/de.wikipedia.org\/wiki\/Rohrweihe\" target=\"_blank\" rel=\"noopener noreferrer\">Wikipedia<\/a> <em>(<\/em><a href=\"http:\/\/www.gnu.org\/licenses\/fdl-1.3.txt\" target=\"_blank\" rel=\"noopener noreferrer\">GNU-Lizenz<\/a><em>)<\/em> \u2013 <em>mein Dank gilt den<\/em> <a href=\"http:\/\/de.wikipedia.org\/w\/index.php?title=Rohrweihe&amp;action=history\" target=\"_blank\" rel=\"noopener noreferrer\">Autoren<\/a>.<\/p>\n","protected":false},"excerpt":{"rendered":"<p>V\u00f6gel -&gt; Greifv\u00f6gel V\u00f6gel von A-Z zur Galerie Greifv\u00f6gel Die Rohrweihe (Circus aeruginosus) ist eine pal\u00e4arktische Greifvogelart aus der Familie der Habichtartigen. Ihre Brutverbreitung reicht von der zentralen Mongolei bis nach Portugal sowie von Skandinavien bis Nordafrika. Die \u00dcberwinterungsgebiete liegen in West- und Zentralafrika, Arabien sowie auf dem indischen Subkontinent. Die Art bewohnt Schilfbest\u00e4nde, Moore, &hellip; <a href=\"https:\/\/woerrlein-naturfoto.de\/wordpress\/greifvoegel-a-z\/rohrweihe\/\" class=\"more-link\"><span class=\"screen-reader-text\">Rohrweihe<\/span> weiterlesen <span class=\"meta-nav\">&rarr;<\/span><\/a><\/p>\n","protected":false},"author":1,"featured_media":0,"parent":2362,"menu_order":0,"comment_status":"closed","ping_status":"closed","template":"page-templates\/full-width.php","meta":{"footnotes":""},"class_list":["post-2396","page","type-page","status-publish","hentry"],"_links":{"self":[{"href":"https:\/\/woerrlein-naturfoto.de\/wordpress\/wp-json\/wp\/v2\/pages\/2396","targetHints":{"allow":["GET"]}}],"collection":[{"href":"https:\/\/woerrlein-naturfoto.de\/wordpress\/wp-json\/wp\/v2\/pages"}],"about":[{"href":"https:\/\/woerrlein-naturfoto.de\/wordpress\/wp-json\/wp\/v2\/types\/page"}],"author":[{"embeddable":true,"href":"https:\/\/woerrlein-naturfoto.de\/wordpress\/wp-json\/wp\/v2\/users\/1"}],"replies":[{"embeddable":true,"href":"https:\/\/woerrlein-naturfoto.de\/wordpress\/wp-json\/wp\/v2\/comments?post=2396"}],"version-history":[{"count":9,"href":"https:\/\/woerrlein-naturfoto.de\/wordpress\/wp-json\/wp\/v2\/pages\/2396\/revisions"}],"predecessor-version":[{"id":12596,"href":"https:\/\/woerrlein-naturfoto.de\/wordpress\/wp-json\/wp\/v2\/pages\/2396\/revisions\/12596"}],"up":[{"embeddable":true,"href":"https:\/\/woerrlein-naturfoto.de\/wordpress\/wp-json\/wp\/v2\/pages\/2362"}],"wp:attachment":[{"href":"https:\/\/woerrlein-naturfoto.de\/wordpress\/wp-json\/wp\/v2\/media?parent=2396"}],"curies":[{"name":"wp","href":"https:\/\/api.w.org\/{rel}","templated":true}]}}