{"id":2389,"date":"2014-12-26T19:04:39","date_gmt":"2014-12-26T17:04:39","guid":{"rendered":"http:\/\/woerrlein-naturfoto.de\/wordpress\/?page_id=2389"},"modified":"2015-02-23T12:49:30","modified_gmt":"2015-02-23T11:49:30","slug":"schlangenadler","status":"publish","type":"page","link":"https:\/\/woerrlein-naturfoto.de\/wordpress\/greifvoegel-a-z\/schlangenadler\/","title":{"rendered":"Schlangenadler"},"content":{"rendered":"<p><a href=\"http:\/\/woerrlein-naturfoto.de\/wordpress\/voegel\/\"><span style=\"color: #ffff66;\">V\u00f6gel<\/span> <\/a>-&gt;<a href=\"http:\/\/woerrlein-naturfoto.de\/wordpress\/hauptseite-voegel\/voegel\/greifvoegel\/\"> <span style=\"color: #ffff66;\">Greifv\u00f6gel<\/span><\/a><a title=\"Greifv\u00f6gel\" href=\"http:\/\/woerrlein-naturfoto.de\/wordpress\/hauptseite-voegel\/voegel\/greifvoegel\/\"><br \/>\n<\/a><a href=\"http:\/\/woerrlein-naturfoto.de\/wordpress\/voegel_von_a-z\/\">V\u00f6gel von A-Z<\/a><br \/>\nzur Galerie <a title=\"Greifv\u00f6gel\" href=\"http:\/\/woerrlein-naturfoto.de\/wordpress\/hauptseite-voegel\/voegel\/greifvoegel\/\">Greifv\u00f6gel<\/a><\/p>\n<p><img loading=\"lazy\" decoding=\"async\" class=\"alignleft wp-image-1502\" src=\"http:\/\/woerrlein-naturfoto.de\/wordpress\/wp-content\/uploads\/Schlangenadler_12284L-600x399.jpg\" alt=\"Schlangenadler_12284L.jpg\" width=\"600\" height=\"399\" srcset=\"https:\/\/woerrlein-naturfoto.de\/wordpress\/wp-content\/uploads\/Schlangenadler_12284L-600x399.jpg 600w, https:\/\/woerrlein-naturfoto.de\/wordpress\/wp-content\/uploads\/Schlangenadler_12284L-120x80.jpg 120w, https:\/\/woerrlein-naturfoto.de\/wordpress\/wp-content\/uploads\/Schlangenadler_12284L.jpg 1000w\" sizes=\"auto, (max-width: 600px) 100vw, 600px\" \/><\/p>\n<p>Der <b>Schlangenadler<\/b> (<i>Circaetus gallicus<\/i>) ist ein eher gro\u00dfer, langfl\u00fcgeliger Greifvogel innerhalb der Familie der Habichtartigen. Als einzige Art der sonst nur in Afrika s\u00fcdlich der Sahara vorkommenden Gattung br\u00fctet der Schlangenadler auch in Europa und in Zentralasien. Unter den europ\u00e4ischen Greifv\u00f6geln ist er mit seiner fast ausschlie\u00dflichen Reptiliennahrung ein Ern\u00e4hrungsspezialist und in seinem Vorkommen entsprechend eng an ein ausreichendes Angebot an Schlangen und Eidechsen gebunden. Die in der <a href=\"de.wikipedia.org\/wiki\/Pal\u00e4arktis\" target=\"_blank\">Pal\u00e4arktis<\/a> br\u00fctenden Schlangenadler sind Langstreckenzieher mit \u00dcberwinterungsgebieten in der Sahelzone s\u00fcdlich der Sahara. Trotz eines sehr gro\u00dfen und zum Teil stark fragmentierten Verbreitungsgebietes werden zur Zeit keine Unterarten allgemein anerkannt. Nach starken Bestandsr\u00fcckg\u00e4ngen im 19. und zu Beginn des 20. Jahrhunderts scheinen die verbliebenen Best\u00e4nde zur Zeit auf relativ niedrigem Niveau stabil zu sein.<br \/>\nDie Nahrung des Schlangenadlers besteht fast ausschlie\u00dflich aus Schlangen. Daneben spielen andere Reptilien, S\u00e4ugetiere und V\u00f6gel nur eine untergeordnete Rolle. Gelegentlich werden auch Wirbellose wie Schnecken und W\u00fcrmer, fallweise auch K\u00e4fer und andere gro\u00dfe Insekten gefressen. Unter den Schlangen bevorzugt die Art gr\u00f6\u00dfere Exemplare mit etwa einem Meter L\u00e4nge, in Indien wurden sogar Exemplare mit einer L\u00e4nge von \u00fcber 1,8\u00a0Metern als Beutetiere festgestellt. Jungtiere werden mit entsprechend kleineren Tieren gef\u00fcttert. In Europa \u00fcberwiegen Zornnattern, Kletternattern, wie die \u00c4skulapnatter, Pfeilnatter und Leopardnatter sowie Eidechsennattern und Schwimmnattern, wie Ringelnatter und Vipernattern im Beutespektrum.<\/p>\n<p>L\u00e4nge: 62-67 cm\u00a0\u00a0 Spannweite: 170-185 cm\u00a0\u00a0 Gewicht: 1,2-2,2 kg\u00a0\u00a0 Gelege: 1 Ei<\/p>\n<p>zur Galerie <a title=\"Greifv\u00f6gel\" href=\"http:\/\/woerrlein-naturfoto.de\/wordpress\/hauptseite-voegel\/voegel\/greifvoegel\/\">Greifv\u00f6gel<\/a><code><br \/>\n<\/code><\/p>\n<p>&nbsp;<\/p>\n<p><em>Quelle des Textauszuges und weitere Infos bei <\/em><a href=\"http:\/\/de.wikipedia.org\/wiki\/Schlangenadler\" target=\"_blank\">Wikipedia<\/a> <em>(<\/em><a href=\"http:\/\/www.gnu.org\/licenses\/fdl-1.3.txt\" target=\"_blank\">GNU-Lizenz<\/a><em>)<\/em> \u2013 <em>mein Dank gilt den<\/em> <a href=\"http:\/\/de.wikipedia.org\/w\/index.php?title=Schlangenadler&amp;action=history\" target=\"_blank\">Autoren<\/a>.<\/p>\n","protected":false},"excerpt":{"rendered":"<p>V\u00f6gel -&gt; Greifv\u00f6gel V\u00f6gel von A-Z zur Galerie Greifv\u00f6gel Der Schlangenadler (Circaetus gallicus) ist ein eher gro\u00dfer, langfl\u00fcgeliger Greifvogel innerhalb der Familie der Habichtartigen. Als einzige Art der sonst nur in Afrika s\u00fcdlich der Sahara vorkommenden Gattung br\u00fctet der Schlangenadler auch in Europa und in Zentralasien. Unter den europ\u00e4ischen Greifv\u00f6geln ist er mit seiner fast &hellip; <a href=\"https:\/\/woerrlein-naturfoto.de\/wordpress\/greifvoegel-a-z\/schlangenadler\/\" class=\"more-link\"><span class=\"screen-reader-text\">Schlangenadler<\/span> weiterlesen <span class=\"meta-nav\">&rarr;<\/span><\/a><\/p>\n","protected":false},"author":1,"featured_media":0,"parent":2362,"menu_order":0,"comment_status":"closed","ping_status":"closed","template":"page-templates\/full-width.php","meta":{"footnotes":""},"class_list":["post-2389","page","type-page","status-publish","hentry"],"_links":{"self":[{"href":"https:\/\/woerrlein-naturfoto.de\/wordpress\/wp-json\/wp\/v2\/pages\/2389","targetHints":{"allow":["GET"]}}],"collection":[{"href":"https:\/\/woerrlein-naturfoto.de\/wordpress\/wp-json\/wp\/v2\/pages"}],"about":[{"href":"https:\/\/woerrlein-naturfoto.de\/wordpress\/wp-json\/wp\/v2\/types\/page"}],"author":[{"embeddable":true,"href":"https:\/\/woerrlein-naturfoto.de\/wordpress\/wp-json\/wp\/v2\/users\/1"}],"replies":[{"embeddable":true,"href":"https:\/\/woerrlein-naturfoto.de\/wordpress\/wp-json\/wp\/v2\/comments?post=2389"}],"version-history":[{"count":8,"href":"https:\/\/woerrlein-naturfoto.de\/wordpress\/wp-json\/wp\/v2\/pages\/2389\/revisions"}],"predecessor-version":[{"id":6511,"href":"https:\/\/woerrlein-naturfoto.de\/wordpress\/wp-json\/wp\/v2\/pages\/2389\/revisions\/6511"}],"up":[{"embeddable":true,"href":"https:\/\/woerrlein-naturfoto.de\/wordpress\/wp-json\/wp\/v2\/pages\/2362"}],"wp:attachment":[{"href":"https:\/\/woerrlein-naturfoto.de\/wordpress\/wp-json\/wp\/v2\/media?parent=2389"}],"curies":[{"name":"wp","href":"https:\/\/api.w.org\/{rel}","templated":true}]}}