{"id":2376,"date":"2014-12-26T18:35:39","date_gmt":"2014-12-26T16:35:39","guid":{"rendered":"http:\/\/woerrlein-naturfoto.de\/wordpress\/?page_id=2376"},"modified":"2015-02-23T12:48:49","modified_gmt":"2015-02-23T11:48:49","slug":"kornweweihe","status":"publish","type":"page","link":"https:\/\/woerrlein-naturfoto.de\/wordpress\/greifvoegel-a-z\/kornweweihe\/","title":{"rendered":"Kornweihe"},"content":{"rendered":"<p><a href=\"http:\/\/woerrlein-naturfoto.de\/wordpress\/voegel\/\"><span style=\"color: #ffff66;\">V\u00f6gel<\/span> <\/a>-&gt;<a href=\"http:\/\/woerrlein-naturfoto.de\/wordpress\/hauptseite-voegel\/voegel\/greifvoegel\/\"> <span style=\"color: #ffff66;\">Greifv\u00f6gel<\/span><\/a><a title=\"Greifv\u00f6gel\" href=\"http:\/\/woerrlein-naturfoto.de\/wordpress\/hauptseite-voegel\/voegel\/greifvoegel\/\"><br \/>\n<\/a><a href=\"http:\/\/woerrlein-naturfoto.de\/wordpress\/voegel_von_a-z\/\">V\u00f6gel von A-Z<\/a><br \/>\nzur Galerie <a title=\"Greifv\u00f6gel\" href=\"http:\/\/woerrlein-naturfoto.de\/wordpress\/hauptseite-voegel\/voegel\/greifvoegel\/\">Greifv\u00f6gel<\/a><\/p>\n<p><img loading=\"lazy\" decoding=\"async\" class=\"alignleft wp-image-1505\" src=\"http:\/\/woerrlein-naturfoto.de\/wordpress\/wp-content\/uploads\/Kornweihe_20418La-400x600.jpg\" alt=\"Kornweihe_20418La.jpg\" width=\"267\" height=\"400\" \/><\/p>\n<p>Die <b>Kornweihe<\/b> (<i>Circus cyaneus<\/i>) ist ein Greifvogel aus der Familie der Habichtartigen. Das Verbreitungsgebiet erstreckt sich \u00fcber weite Teile der n\u00f6rdlichen <a href=\"de.wikipedia.org\/wiki\/Pal\u00e4arktis\" target=\"_blank\">Pal\u00e4arktis<\/a>. Die Art bewohnt gro\u00dffl\u00e4chig offene, m\u00e4\u00dfig feuchte bis trockene Habitate wie die offene Taiga, Moore, Heiden, Verlandungszonen und Steppen, regional auch junge Nadelholzaufforstungen und landwirtschaftlich genutzte Fl\u00e4chen. Kornweihen sind je nach geografischer Verbreitung Standv\u00f6gel bis Langstreckenzieher, sie \u00fcberwintern in Mittel- und S\u00fcdeuropa, im Nahen und Mittleren Osten sowie im s\u00fcdlichen Ostasien. Im mitteleurop\u00e4ischen Binnenland ist die Art durch Lebensraumzerst\u00f6rung weitgehend ausgestorben, weltweit ist die Art jedoch ungef\u00e4hrdet. Wie andere Weihen jagen Kornweihen \u00fcber offenem Gel\u00e4nde \u00fcberwiegend im niedrigen, hin und her schwenkenden, gaukelnden Suchflug mit leicht nach oben gehaltenen Fl\u00fcgeln. Die Beute wird dabei am Boden aus kurzer Distanz \u00fcberrascht und gegriffen. Seltener jagt die Art auch vom Ansitz aus und vor allem bei der Jagd auf V\u00f6gel auch mit direkten Anfl\u00fcgen. Die Nahrung besteht fast ausschlie\u00dflich aus S\u00e4ugetieren bis zur Gr\u00f6\u00dfe junger Hasen und Kaninchen und V\u00f6geln etwa bis zur Gr\u00f6\u00dfe eines Alpenschneehuhns. Andere kleine Wirbeltiere wie Eidechsen, Schlangen oder Fische wurden in Europa ebenso wie Insekten nur selten als Beute nachgewiesen. Hauptnahrung sind im Sommer wie im Winterquartier meist W\u00fchlm\u00e4use und, vor allem wenn diese selten sind, kleine Singv\u00f6gel.<\/p>\n<p>L\u00e4nge: 45-50 cm\u00a0\u00a0 Spannweite: 100-120 cm\u00a0\u00a0 Gewicht: 300-500 g\u00a0\u00a0 Gelege: 4-5 Eier<\/p>\n<p>zur Galerie <a title=\"Greifv\u00f6gel\" href=\"http:\/\/woerrlein-naturfoto.de\/wordpress\/hauptseite-voegel\/voegel\/greifvoegel\/\">Greifv\u00f6gel<\/a><code><\/code><\/p>\n<p>&nbsp;<\/p>\n<p><em>Quelle des Textauszuges und weitere Infos bei <\/em><a href=\"http:\/\/de.wikipedia.org\/wiki\/Kornweihe\" target=\"_blank\">Wikipedia<\/a> <em>(<\/em><a href=\"http:\/\/www.gnu.org\/licenses\/fdl-1.3.txt\" target=\"_blank\">GNU-Lizenz<\/a><em>)<\/em> \u2013 <em>mein Dank gilt den<\/em> <a href=\"http:\/\/de.wikipedia.org\/w\/index.php?title=Kornweihe&amp;action=history\" target=\"_blank\">Autoren<\/a>.<\/p>\n","protected":false},"excerpt":{"rendered":"<p>V\u00f6gel -&gt; Greifv\u00f6gel V\u00f6gel von A-Z zur Galerie Greifv\u00f6gel Die Kornweihe (Circus cyaneus) ist ein Greifvogel aus der Familie der Habichtartigen. Das Verbreitungsgebiet erstreckt sich \u00fcber weite Teile der n\u00f6rdlichen Pal\u00e4arktis. Die Art bewohnt gro\u00dffl\u00e4chig offene, m\u00e4\u00dfig feuchte bis trockene Habitate wie die offene Taiga, Moore, Heiden, Verlandungszonen und Steppen, regional auch junge Nadelholzaufforstungen und &hellip; <a href=\"https:\/\/woerrlein-naturfoto.de\/wordpress\/greifvoegel-a-z\/kornweweihe\/\" class=\"more-link\"><span class=\"screen-reader-text\">Kornweihe<\/span> weiterlesen <span class=\"meta-nav\">&rarr;<\/span><\/a><\/p>\n","protected":false},"author":1,"featured_media":0,"parent":2362,"menu_order":0,"comment_status":"closed","ping_status":"closed","template":"page-templates\/full-width.php","meta":{"footnotes":""},"class_list":["post-2376","page","type-page","status-publish","hentry"],"_links":{"self":[{"href":"https:\/\/woerrlein-naturfoto.de\/wordpress\/wp-json\/wp\/v2\/pages\/2376","targetHints":{"allow":["GET"]}}],"collection":[{"href":"https:\/\/woerrlein-naturfoto.de\/wordpress\/wp-json\/wp\/v2\/pages"}],"about":[{"href":"https:\/\/woerrlein-naturfoto.de\/wordpress\/wp-json\/wp\/v2\/types\/page"}],"author":[{"embeddable":true,"href":"https:\/\/woerrlein-naturfoto.de\/wordpress\/wp-json\/wp\/v2\/users\/1"}],"replies":[{"embeddable":true,"href":"https:\/\/woerrlein-naturfoto.de\/wordpress\/wp-json\/wp\/v2\/comments?post=2376"}],"version-history":[{"count":10,"href":"https:\/\/woerrlein-naturfoto.de\/wordpress\/wp-json\/wp\/v2\/pages\/2376\/revisions"}],"predecessor-version":[{"id":6509,"href":"https:\/\/woerrlein-naturfoto.de\/wordpress\/wp-json\/wp\/v2\/pages\/2376\/revisions\/6509"}],"up":[{"embeddable":true,"href":"https:\/\/woerrlein-naturfoto.de\/wordpress\/wp-json\/wp\/v2\/pages\/2362"}],"wp:attachment":[{"href":"https:\/\/woerrlein-naturfoto.de\/wordpress\/wp-json\/wp\/v2\/media?parent=2376"}],"curies":[{"name":"wp","href":"https:\/\/api.w.org\/{rel}","templated":true}]}}