{"id":2364,"date":"2014-12-26T18:10:35","date_gmt":"2014-12-26T16:10:35","guid":{"rendered":"http:\/\/woerrlein-naturfoto.de\/wordpress\/?page_id=2364"},"modified":"2020-09-27T22:53:29","modified_gmt":"2020-09-27T20:53:29","slug":"fischadler","status":"publish","type":"page","link":"https:\/\/woerrlein-naturfoto.de\/wordpress\/greifvoegel-a-z\/fischadler\/","title":{"rendered":"Fischadler"},"content":{"rendered":"<p><a href=\"http:\/\/woerrlein-naturfoto.de\/wordpress\/voegel\/\"><span style=\"color: #ffff66;\">V\u00f6gel<\/span> <\/a>-&gt;<a href=\"http:\/\/woerrlein-naturfoto.de\/wordpress\/hauptseite-voegel\/voegel\/greifvoegel\/\"> <span style=\"color: #ffff66;\">Greifv\u00f6gel<\/span><\/a><br \/>\n<a href=\"http:\/\/woerrlein-naturfoto.de\/wordpress\/voegel_von_a-z\/\">V\u00f6gel von A-Z<\/a><br \/>\nzur Galerie <a title=\"Greifv\u00f6gel\" href=\"http:\/\/woerrlein-naturfoto.de\/wordpress\/hauptseite-voegel\/voegel\/greifvoegel\/\">Greifv\u00f6gel<\/a><\/p>\n<p><img loading=\"lazy\" decoding=\"async\" class=\"alignleft wp-image-10612\" src=\"https:\/\/woerrlein-naturfoto.de\/wordpress\/wp-content\/uploads\/2019\/06\/Fischadler_AW15132L_5374x3583-600x400.jpg\" alt=\"\" width=\"600\" height=\"400\" srcset=\"https:\/\/woerrlein-naturfoto.de\/wordpress\/wp-content\/uploads\/2019\/06\/Fischadler_AW15132L_5374x3583-600x400.jpg 600w, https:\/\/woerrlein-naturfoto.de\/wordpress\/wp-content\/uploads\/2019\/06\/Fischadler_AW15132L_5374x3583-768x512.jpg 768w, https:\/\/woerrlein-naturfoto.de\/wordpress\/wp-content\/uploads\/2019\/06\/Fischadler_AW15132L_5374x3583-120x80.jpg 120w, https:\/\/woerrlein-naturfoto.de\/wordpress\/wp-content\/uploads\/2019\/06\/Fischadler_AW15132L_5374x3583.jpg 1000w\" sizes=\"auto, (max-width: 600px) 100vw, 600px\" \/>Der <b>Fischadler<\/b> (<i>Pandion haliaetus<\/i>) ist eine Vogelart aus der Ordnung der Greifv\u00f6gel. Die Art ist fast weltweit verbreitet und kommt auch in Mitteleuropa vor. In Europa ist die Verbreitung der Art vor allem durch intensive menschliche Verfolgung bis Mitte der 1950er Jahre stark zersplittert und \u00fcberwiegend auf den Norden und Osten beschr\u00e4nkt. Im Westen Europas br\u00fctet der Fischadler nur in Schottland und neuerdings in Zentral-Frankreich und Wales. In Mitteleuropa kommt die Art nur in Deutschland &#8211; ausschlie\u00dflich in den neuen Bundesl\u00e4ndern &#8211; und Polen vor. Gro\u00dfe Best\u00e4nde haben sich in Skandinavien halten k\u00f6nnen. Die Jagd findet ausnahmslos an und \u00fcber Gew\u00e4ssern statt. Fische werden nicht selten von einer Warte am Ufer aus gesucht, h\u00e4ufiger aber aus einem niedrigen Kreisen in 10 bis 30 Metern H\u00f6he \u00fcber der Wasseroberfl\u00e4che. Wenn ein geeigneter Fisch entdeckt ist, r\u00fcttelt der Adler \u00fcber der Stelle und st\u00f6\u00dft dann mit vorgestreckten F\u00fc\u00dfen ins Wasser. Im Falle eines erfolgreichen Jagdversuchs greift der Adler bei einem gr\u00f6\u00dferen Fisch um und transportiert diesen mit dem Kopf voran zum Nest oder zu einer Fra\u00dfstelle. Meist wird von Fischen nur der Kopf und der vordere Teil des K\u00f6rpers gefressen, der Rest wird h\u00e4ufig fallengelassen. Die Nahrung besteht fast ausschlie\u00dflich aus kleinen bis mittelgro\u00dfen, meist 100 bis 300 g schweren See- und S\u00fc\u00dfwasserfischen.<\/p>\n<p>L\u00e4nge: 55-69 cm\u00a0\u00a0 Spannweite: 145-160 cm\u00a0\u00a0 Gewicht: 1,1-1,5 kg\u00a0\u00a0 Gelege: 2-3 Eier<\/p>\n<p>zur Galerie <a title=\"Greifv\u00f6gel\" href=\"http:\/\/woerrlein-naturfoto.de\/wordpress\/hauptseite-voegel\/voegel\/greifvoegel\/\">Greifv\u00f6gel<\/a><code><br \/>\n<\/code><\/p>\n<p>&nbsp;<\/p>\n<p><em>Quelle des Textauszuges und weitere Infos bei <\/em><a href=\"http:\/\/de.wikipedia.org\/wiki\/Fischadler\" target=\"_blank\" rel=\"noopener noreferrer\">Wikipedia<\/a> <em>(<\/em><a href=\"http:\/\/www.gnu.org\/licenses\/fdl-1.3.txt\" target=\"_blank\" rel=\"noopener noreferrer\">GNU-Lizenz<\/a><em>)<\/em> \u2013 <em>mein Dank gilt den<\/em> <a href=\"http:\/\/de.wikipedia.org\/w\/index.php?title=Fischadler&amp;action=history\" target=\"_blank\" rel=\"noopener noreferrer\">Autoren<\/a>.<\/p>\n<p>&nbsp;<\/p>\n","protected":false},"excerpt":{"rendered":"<p>V\u00f6gel -&gt; Greifv\u00f6gel V\u00f6gel von A-Z zur Galerie Greifv\u00f6gel Der Fischadler (Pandion haliaetus) ist eine Vogelart aus der Ordnung der Greifv\u00f6gel. Die Art ist fast weltweit verbreitet und kommt auch in Mitteleuropa vor. In Europa ist die Verbreitung der Art vor allem durch intensive menschliche Verfolgung bis Mitte der 1950er Jahre stark zersplittert und \u00fcberwiegend &hellip; <a href=\"https:\/\/woerrlein-naturfoto.de\/wordpress\/greifvoegel-a-z\/fischadler\/\" class=\"more-link\"><span class=\"screen-reader-text\">Fischadler<\/span> weiterlesen <span class=\"meta-nav\">&rarr;<\/span><\/a><\/p>\n","protected":false},"author":1,"featured_media":0,"parent":2362,"menu_order":0,"comment_status":"closed","ping_status":"closed","template":"page-templates\/full-width.php","meta":{"footnotes":""},"class_list":["post-2364","page","type-page","status-publish","hentry"],"_links":{"self":[{"href":"https:\/\/woerrlein-naturfoto.de\/wordpress\/wp-json\/wp\/v2\/pages\/2364","targetHints":{"allow":["GET"]}}],"collection":[{"href":"https:\/\/woerrlein-naturfoto.de\/wordpress\/wp-json\/wp\/v2\/pages"}],"about":[{"href":"https:\/\/woerrlein-naturfoto.de\/wordpress\/wp-json\/wp\/v2\/types\/page"}],"author":[{"embeddable":true,"href":"https:\/\/woerrlein-naturfoto.de\/wordpress\/wp-json\/wp\/v2\/users\/1"}],"replies":[{"embeddable":true,"href":"https:\/\/woerrlein-naturfoto.de\/wordpress\/wp-json\/wp\/v2\/comments?post=2364"}],"version-history":[{"count":10,"href":"https:\/\/woerrlein-naturfoto.de\/wordpress\/wp-json\/wp\/v2\/pages\/2364\/revisions"}],"predecessor-version":[{"id":12594,"href":"https:\/\/woerrlein-naturfoto.de\/wordpress\/wp-json\/wp\/v2\/pages\/2364\/revisions\/12594"}],"up":[{"embeddable":true,"href":"https:\/\/woerrlein-naturfoto.de\/wordpress\/wp-json\/wp\/v2\/pages\/2362"}],"wp:attachment":[{"href":"https:\/\/woerrlein-naturfoto.de\/wordpress\/wp-json\/wp\/v2\/media?parent=2364"}],"curies":[{"name":"wp","href":"https:\/\/api.w.org\/{rel}","templated":true}]}}