{"id":2353,"date":"2014-12-26T16:45:25","date_gmt":"2014-12-26T14:45:25","guid":{"rendered":"http:\/\/woerrlein-naturfoto.de\/wordpress\/?page_id=2353"},"modified":"2021-03-09T13:44:07","modified_gmt":"2021-03-09T12:44:07","slug":"reiherente","status":"publish","type":"page","link":"https:\/\/woerrlein-naturfoto.de\/wordpress\/tauchenten-a-z\/reiherente\/","title":{"rendered":"Reiherente"},"content":{"rendered":"<p><a href=\"http:\/\/woerrlein-naturfoto.de\/wordpress\/voegel\/\"><span style=\"color: #ffff66;\">V\u00f6gel<\/span> <\/a>-&gt;<a href=\"http:\/\/woerrlein-naturfoto.de\/wordpress\/hauptseite-voegel\/voegel\/gaensevoegel-2\/\"> <span style=\"color: #ffff66;\">G\u00e4nsev\u00f6gel<\/span> <\/a>-&gt;<a href=\"http:\/\/woerrlein-naturfoto.de\/wordpress\/hauptseite-voegel\/voegel\/gaensevoegel-2\/tauchenten\/\"> <span style=\"color: #ffff66;\">Tauchenten<\/span><\/a><a title=\"G\u00e4nsev\u00f6gel\" href=\"http:\/\/woerrlein-naturfoto.de\/wordpress\/voegel\/gaensevoegel\/\"><br \/>\n<\/a><a href=\"http:\/\/woerrlein-naturfoto.de\/wordpress\/voegel_von_a-z\/\">V\u00f6gel von A-Z<\/a><br \/>\nzur Galerie <a title=\"Tauchenten\" href=\"http:\/\/woerrlein-naturfoto.de\/wordpress\/hauptseite-voegel\/voegel\/gaensevoegel-2\/tauchenten\/\">Tauchenten<\/a><\/p>\n<p><img loading=\"lazy\" decoding=\"async\" class=\"alignleft wp-image-1474\" src=\"http:\/\/woerrlein-naturfoto.de\/wordpress\/wp-content\/uploads\/Reiherente_50610_v-600x400.jpg\" alt=\"Reiherente_50610_v.jpg\" width=\"600\" height=\"400\" srcset=\"https:\/\/woerrlein-naturfoto.de\/wordpress\/wp-content\/uploads\/Reiherente_50610_v-600x400.jpg 600w, https:\/\/woerrlein-naturfoto.de\/wordpress\/wp-content\/uploads\/Reiherente_50610_v-120x80.jpg 120w, https:\/\/woerrlein-naturfoto.de\/wordpress\/wp-content\/uploads\/Reiherente_50610_v.jpg 1000w\" sizes=\"auto, (max-width: 600px) 100vw, 600px\" \/><\/p>\n<p>Die <b>Reiherente<\/b> (<i>Aythya fuligula<\/i>) ist eine Vogelart aus der Familie der Entenv\u00f6gel. Sie z\u00e4hlt zu den so genannten Tauchenten und gilt als die h\u00e4ufigste S\u00fc\u00dfwassertauchente. Es handelt sich um eine verh\u00e4ltnism\u00e4\u00dfig kleine, kompakt gebaute Ente. Auff\u00e4llig sind der verh\u00e4ltnism\u00e4\u00dfig kurze Schnabel und der auff\u00e4llig runde Kopf. Die M\u00e4nnchen haben am Hinterkopf einen langen, herabh\u00e4ngenden Schopf. Das Weibchen weist eine kurze Holle auf.<br \/>\nDie Reiherente\u00a0geh\u00f6rt zu den Arten, deren Population ansteigt und sich zunehmend nach Westen ausbreitet. Sie ern\u00e4hrt sich zu ca. 6\/10 von Muscheln und Schnecken, zu ca. 3\/10 von anderen Kleintieren und Insekten und zu ca. 1\/10 von Pflanzen. Mollusken spielen besonders in der Winternahrung eine gro\u00dfe Rolle. Mit Dreikantmuscheln besiedelte Seen sind das bevorzugte Winterquartier dieser Entenart. Auf Grund ihres flachen und breiten Schnabels kann sie gr\u00f6\u00dfere und mittlere St\u00fccke fassen, w\u00e4hrend Schellenten mit ihrem deutlichen kleinerem Schnabel bestenfalls kleine Exemplare der Dreikantmuscheln aufnehmen. Bei der Nahrungssuche taucht sie bis zu zwei Meter tief. Reiherenten tauchen nicht nur, sondern finden ihr Futter auch schnatternd und gr\u00fcndelnd. Die Brut des Vogels ern\u00e4hrt sich ausschlie\u00dflich von Insekten.<\/p>\n<p>L\u00e4nge: 40-47 cm\u00a0\u00a0 Spannweite: 68-73 cm\u00a0\u00a0 Gewicht: 600-1000 g\u00a0\u00a0 Gelege: 8-11 Eier<\/p>\n<p>zur Galerie <a title=\"Tauchenten\" href=\"http:\/\/woerrlein-naturfoto.de\/wordpress\/hauptseite-voegel\/voegel\/gaensevoegel-2\/tauchenten\/\">Tauchenten<\/a><code><br \/>\n<\/code><\/p>\n<p>&nbsp;<\/p>\n<p><em>Quelle des Textauszuges und weitere Infos bei <\/em><a href=\"http:\/\/de.wikipedia.org\/wiki\/Reiherente\" target=\"_blank\" rel=\"noopener noreferrer\">Wikipedia<\/a> <em>(<\/em><a href=\"http:\/\/www.gnu.org\/licenses\/fdl-1.3.txt\" target=\"_blank\" rel=\"noopener noreferrer\">GNU-Lizenz<\/a><em>)<\/em> \u2013 <em>mein Dank gilt den<\/em> <a href=\"http:\/\/de.wikipedia.org\/w\/index.php?title=Reiherente&amp;action=history\" target=\"_blank\" rel=\"noopener noreferrer\">Autoren<\/a>.<\/p>\n","protected":false},"excerpt":{"rendered":"<p>V\u00f6gel -&gt; G\u00e4nsev\u00f6gel -&gt; Tauchenten V\u00f6gel von A-Z zur Galerie Tauchenten Die Reiherente (Aythya fuligula) ist eine Vogelart aus der Familie der Entenv\u00f6gel. Sie z\u00e4hlt zu den so genannten Tauchenten und gilt als die h\u00e4ufigste S\u00fc\u00dfwassertauchente. Es handelt sich um eine verh\u00e4ltnism\u00e4\u00dfig kleine, kompakt gebaute Ente. Auff\u00e4llig sind der verh\u00e4ltnism\u00e4\u00dfig kurze Schnabel und der auff\u00e4llig &hellip; <a href=\"https:\/\/woerrlein-naturfoto.de\/wordpress\/tauchenten-a-z\/reiherente\/\" class=\"more-link\"><span class=\"screen-reader-text\">Reiherente<\/span> weiterlesen <span class=\"meta-nav\">&rarr;<\/span><\/a><\/p>\n","protected":false},"author":1,"featured_media":0,"parent":2339,"menu_order":0,"comment_status":"closed","ping_status":"closed","template":"page-templates\/full-width.php","meta":{"footnotes":""},"class_list":["post-2353","page","type-page","status-publish","hentry"],"_links":{"self":[{"href":"https:\/\/woerrlein-naturfoto.de\/wordpress\/wp-json\/wp\/v2\/pages\/2353","targetHints":{"allow":["GET"]}}],"collection":[{"href":"https:\/\/woerrlein-naturfoto.de\/wordpress\/wp-json\/wp\/v2\/pages"}],"about":[{"href":"https:\/\/woerrlein-naturfoto.de\/wordpress\/wp-json\/wp\/v2\/types\/page"}],"author":[{"embeddable":true,"href":"https:\/\/woerrlein-naturfoto.de\/wordpress\/wp-json\/wp\/v2\/users\/1"}],"replies":[{"embeddable":true,"href":"https:\/\/woerrlein-naturfoto.de\/wordpress\/wp-json\/wp\/v2\/comments?post=2353"}],"version-history":[{"count":9,"href":"https:\/\/woerrlein-naturfoto.de\/wordpress\/wp-json\/wp\/v2\/pages\/2353\/revisions"}],"predecessor-version":[{"id":12971,"href":"https:\/\/woerrlein-naturfoto.de\/wordpress\/wp-json\/wp\/v2\/pages\/2353\/revisions\/12971"}],"up":[{"embeddable":true,"href":"https:\/\/woerrlein-naturfoto.de\/wordpress\/wp-json\/wp\/v2\/pages\/2339"}],"wp:attachment":[{"href":"https:\/\/woerrlein-naturfoto.de\/wordpress\/wp-json\/wp\/v2\/media?parent=2353"}],"curies":[{"name":"wp","href":"https:\/\/api.w.org\/{rel}","templated":true}]}}