{"id":2347,"date":"2014-12-26T16:32:22","date_gmt":"2014-12-26T14:32:22","guid":{"rendered":"http:\/\/woerrlein-naturfoto.de\/wordpress\/?page_id=2347"},"modified":"2015-02-23T12:59:00","modified_gmt":"2015-02-23T11:59:00","slug":"tafelente","status":"publish","type":"page","link":"https:\/\/woerrlein-naturfoto.de\/wordpress\/tauchenten-a-z\/tafelente\/","title":{"rendered":"Tafelente"},"content":{"rendered":"<p><a href=\"http:\/\/woerrlein-naturfoto.de\/wordpress\/voegel\/\"><span style=\"color: #ffff66;\">V\u00f6gel<\/span> <\/a>-&gt;<a href=\"http:\/\/woerrlein-naturfoto.de\/wordpress\/hauptseite-voegel\/voegel\/gaensevoegel-2\/\"> <span style=\"color: #ffff66;\">G\u00e4nsev\u00f6gel<\/span> <\/a>-&gt;<a href=\"http:\/\/woerrlein-naturfoto.de\/wordpress\/hauptseite-voegel\/voegel\/gaensevoegel-2\/tauchenten\/\"> <span style=\"color: #ffff66;\">Tauchenten<\/span><\/a><a title=\"G\u00e4nsev\u00f6gel\" href=\"http:\/\/woerrlein-naturfoto.de\/wordpress\/voegel\/gaensevoegel\/\"><br \/>\n<\/a><a href=\"http:\/\/woerrlein-naturfoto.de\/wordpress\/voegel_von_a-z\/\">V\u00f6gel von A-Z<\/a><br \/>\nzur Galerie <a title=\"Tauchenten\" href=\"http:\/\/woerrlein-naturfoto.de\/wordpress\/hauptseite-voegel\/voegel\/gaensevoegel-2\/tauchenten\/\">Tauchenten<\/a><\/p>\n<p><img loading=\"lazy\" decoding=\"async\" class=\"alignleft wp-image-1480\" src=\"http:\/\/woerrlein-naturfoto.de\/wordpress\/wp-content\/uploads\/Tafelente_65481_v-600x400.jpg\" alt=\"Tafelente_65481_v.jpg\" width=\"600\" height=\"400\" \/><\/p>\n<p>Die <b>Tafelente<\/b> (<i>Aythya ferina<\/i>) ist eine Vogelart aus der Familie der Entenv\u00f6gel und geh\u00f6rt hier zur Unterfamilie der Enten. Es handelt sich um eine kr\u00e4ftig gebaute Tauchente, die etwas kleiner als eine <a title=\"Stockente\" href=\"http:\/\/woerrlein-naturfoto.de\/wordpress\/gruendelenten-a-z\/stockente\/\" target=\"_blank\">Stockente<\/a> ist. Die Tafelente ist haupts\u00e4chlich ein Brutvogel der gem\u00e4\u00dfigten Klimazone der <a href=\"de.wikipedia.org\/wiki\/Pal\u00e4arktis\" target=\"_blank\">Pal\u00e4arktis<\/a>. So ist sie in weiten Teilen Mitteleuropas ein Brut- und Jahresvogel. Sie br\u00fctet jedoch auch im mediterranen Bereich sowie an den salzigen und brackigen Gew\u00e4ssern in Steppen- und W\u00fcstenzonen. Die in der deutschen Sprache \u00fcbliche Bezeichnung Tafelente ist ein Hinweis auf das als schmackhaft angesehene Fleisch dieses Entenvogels. Ihre Nahrung sucht sich die Tafelente tauchend oder wie Schwimmenten gr\u00fcndelnd. Die Nahrung besteht sowohl aus Teilen von R\u00f6hricht und Wasserpflanzen als auch aus Kleintieren wie Krebstieren, Insekten, aber auch Amphibien und kleinen Fischen. Eine gro\u00dfe Rolle spielen am Boden der Gew\u00e4sser lebende Muscheln und Ringelw\u00fcrmer, Tubificiden sowie Zuckm\u00fcckenlarven. Weit seltener erbeuten die Tafelenten auch kleine Fische. Die Anzahl der Tauchg\u00e4nge, mit der die Nahrung aufgenommen wird, ist sehr unterschiedlich. Weibchen zeigen w\u00e4hrend der 60- bis 90-min\u00fctigen Brutpause eine sehr intensive Nahrungssuche und tauchen in dieser Zeit zwischen 200 und 300 Mal.<\/p>\n<p>L\u00e4nge: 42-49 cm\u00a0\u00a0 Spannweite: 72-82 cm\u00a0\u00a0 Gewicht: 800-1200 g\u00a0\u00a0 Gelege: 8-10 Eier<\/p>\n<p>zur Galerie <a title=\"Tauchenten\" href=\"http:\/\/woerrlein-naturfoto.de\/wordpress\/hauptseite-voegel\/voegel\/gaensevoegel-2\/tauchenten\/\">Tauchenten<\/a><code><br \/>\n<\/code><\/p>\n<p>&nbsp;<\/p>\n<p><em>Quelle des Textauszuges und weitere Infos bei <\/em><a href=\"http:\/\/de.wikipedia.org\/wiki\/Tafelente\" target=\"_blank\">Wikipedia<\/a> <em>(<\/em><a href=\"http:\/\/www.gnu.org\/licenses\/fdl-1.3.txt\" target=\"_blank\">GNU-Lizenz<\/a><em>)<\/em> \u2013 <em>mein Dank gilt den<\/em> <a href=\"http:\/\/de.wikipedia.org\/w\/index.php?title=Tafelente&amp;action=history\" target=\"_blank\">Autoren<\/a>.<\/p>\n","protected":false},"excerpt":{"rendered":"<p>V\u00f6gel -&gt; G\u00e4nsev\u00f6gel -&gt; Tauchenten V\u00f6gel von A-Z zur Galerie Tauchenten Die Tafelente (Aythya ferina) ist eine Vogelart aus der Familie der Entenv\u00f6gel und geh\u00f6rt hier zur Unterfamilie der Enten. Es handelt sich um eine kr\u00e4ftig gebaute Tauchente, die etwas kleiner als eine Stockente ist. Die Tafelente ist haupts\u00e4chlich ein Brutvogel der gem\u00e4\u00dfigten Klimazone der &hellip; <a href=\"https:\/\/woerrlein-naturfoto.de\/wordpress\/tauchenten-a-z\/tafelente\/\" class=\"more-link\"><span class=\"screen-reader-text\">Tafelente<\/span> weiterlesen <span class=\"meta-nav\">&rarr;<\/span><\/a><\/p>\n","protected":false},"author":1,"featured_media":0,"parent":2339,"menu_order":0,"comment_status":"closed","ping_status":"closed","template":"page-templates\/full-width.php","meta":{"footnotes":""},"class_list":["post-2347","page","type-page","status-publish","hentry"],"_links":{"self":[{"href":"https:\/\/woerrlein-naturfoto.de\/wordpress\/wp-json\/wp\/v2\/pages\/2347","targetHints":{"allow":["GET"]}}],"collection":[{"href":"https:\/\/woerrlein-naturfoto.de\/wordpress\/wp-json\/wp\/v2\/pages"}],"about":[{"href":"https:\/\/woerrlein-naturfoto.de\/wordpress\/wp-json\/wp\/v2\/types\/page"}],"author":[{"embeddable":true,"href":"https:\/\/woerrlein-naturfoto.de\/wordpress\/wp-json\/wp\/v2\/users\/1"}],"replies":[{"embeddable":true,"href":"https:\/\/woerrlein-naturfoto.de\/wordpress\/wp-json\/wp\/v2\/comments?post=2347"}],"version-history":[{"count":8,"href":"https:\/\/woerrlein-naturfoto.de\/wordpress\/wp-json\/wp\/v2\/pages\/2347\/revisions"}],"predecessor-version":[{"id":6535,"href":"https:\/\/woerrlein-naturfoto.de\/wordpress\/wp-json\/wp\/v2\/pages\/2347\/revisions\/6535"}],"up":[{"embeddable":true,"href":"https:\/\/woerrlein-naturfoto.de\/wordpress\/wp-json\/wp\/v2\/pages\/2339"}],"wp:attachment":[{"href":"https:\/\/woerrlein-naturfoto.de\/wordpress\/wp-json\/wp\/v2\/media?parent=2347"}],"curies":[{"name":"wp","href":"https:\/\/api.w.org\/{rel}","templated":true}]}}