{"id":2341,"date":"2014-12-26T16:14:26","date_gmt":"2014-12-26T14:14:26","guid":{"rendered":"http:\/\/woerrlein-naturfoto.de\/wordpress\/?page_id=2341"},"modified":"2015-02-23T12:58:24","modified_gmt":"2015-02-23T11:58:24","slug":"kolbenente","status":"publish","type":"page","link":"https:\/\/woerrlein-naturfoto.de\/wordpress\/tauchenten-a-z\/kolbenente\/","title":{"rendered":"Kolbenente"},"content":{"rendered":"<p><a href=\"http:\/\/woerrlein-naturfoto.de\/wordpress\/voegel\/\"><span style=\"color: #ffff66;\">V\u00f6gel<\/span> <\/a>-&gt;<a href=\"http:\/\/woerrlein-naturfoto.de\/wordpress\/hauptseite-voegel\/voegel\/gaensevoegel-2\/\"> <span style=\"color: #ffff66;\">G\u00e4nsev\u00f6gel<\/span> <\/a>-&gt;<a href=\"http:\/\/woerrlein-naturfoto.de\/wordpress\/hauptseite-voegel\/voegel\/gaensevoegel-2\/tauchenten\/\"> <span style=\"color: #ffff66;\">Tauchenten<\/span><\/a><a title=\"G\u00e4nsev\u00f6gel\" href=\"http:\/\/woerrlein-naturfoto.de\/wordpress\/voegel\/gaensevoegel\/\"><br \/>\n<\/a><a title=\"G\u00e4nsev\u00f6gel\" href=\"http:\/\/woerrlein-naturfoto.de\/wordpress\/voegel\/gaensevoegel\/\"><br \/>\n<\/a><a href=\"http:\/\/woerrlein-naturfoto.de\/wordpress\/voegel_von_a-z\/\">V\u00f6gel von A-Z<\/a><br \/>\nzur Galerie <a title=\"Tauchenten\" href=\"http:\/\/woerrlein-naturfoto.de\/wordpress\/hauptseite-voegel\/voegel\/gaensevoegel-2\/tauchenten\/\">Tauchenten<\/a><\/p>\n<p><img loading=\"lazy\" decoding=\"async\" class=\"alignleft wp-image-1462\" src=\"http:\/\/woerrlein-naturfoto.de\/wordpress\/wp-content\/uploads\/Kolbenente_41271_v-600x400.jpg\" alt=\"Kolbenente_41271_v.jpg\" width=\"600\" height=\"400\" srcset=\"https:\/\/woerrlein-naturfoto.de\/wordpress\/wp-content\/uploads\/Kolbenente_41271_v-600x400.jpg 600w, https:\/\/woerrlein-naturfoto.de\/wordpress\/wp-content\/uploads\/Kolbenente_41271_v-120x80.jpg 120w, https:\/\/woerrlein-naturfoto.de\/wordpress\/wp-content\/uploads\/Kolbenente_41271_v.jpg 1000w\" sizes=\"auto, (max-width: 600px) 100vw, 600px\" \/><\/p>\n<p>Die <b>Kolbenente<\/b> (<i>Netta rufina<\/i>) ist eine etwa stockentengro\u00dfe Vogelart aus der Familie der Entenv\u00f6gel. Sie z\u00e4hlt zu den Tauchenten und kann bis zu 30 Sekunden unter Wasser bleiben. Das M\u00e4nnchen ist im Prachtkleid mit seiner fuchsroten Kopff\u00e4rbung und dem karminroten Schnabel unverkennbar. Das Brutgebiet der Kolbenente ist nur in Mittelasien geschlossen. Das europ\u00e4ische Brutgebiet ist dagegen disjunkt und hat seine Schwerpunkte im westlichen Mittelmeergebiet. Die inselartigen Vorkommen in Mitteleuropa sind auch darauf zur\u00fcckzuf\u00fchren, dass die Kolbenente erst im Verlauf des 20. Jahrhunderts Mitteleuropa besiedelte. Die Kolbenente ern\u00e4hrt sich \u00fcberwiegend von Wasserpflanzen und Algen. Die wichtigsten Nahrungspflanzen sind Armleuchteralgen und Laichkr\u00e4uter. Sie werden tauchend oder gr\u00fcndelnd aufgenommen. Mit den Pflanzenteilen nimmt die Kolbenente auch an diesen haftende Schnecken, Wasserinsektenlarven und andere Wirbellose auf. Ihr Anteil an der Gesamtnahrung ist jedoch nur gering. Die Nahrungssuche erfolgt \u00fcberwiegend im Flachwasserbereich. Sie kann aber auch Nahrung in einer Gew\u00e4sserzone bis zu vier Meter aufnehmen. Zur Nahrungssuche taucht die Kolbenente mit einer kopfsprung\u00e4hnlichen Bewegung ein. In Flachwasserzonen sucht sie ihre Nahrung aber auch gr\u00fcndelnd.<\/p>\n<p>L\u00e4nge: 53-57 cm\u00a0\u00a0 Spannweite: 72-82 cm\u00a0\u00a0 Gewicht: 900-1200 g\u00a0\u00a0 Gelege: 8-10 Eier<\/p>\n<p>zur Galerie <a title=\"Tauchenten\" href=\"http:\/\/woerrlein-naturfoto.de\/wordpress\/hauptseite-voegel\/voegel\/gaensevoegel-2\/tauchenten\/\">Tauchenten<\/a><code><br \/>\n<\/code><\/p>\n<p>&nbsp;<\/p>\n<p><em>Quelle des Textauszuges und weitere Infos bei <\/em><a href=\"http:\/\/de.wikipedia.org\/wiki\/Kolbenente\" target=\"_blank\">Wikipedia<\/a> <em>(<\/em><a href=\"http:\/\/www.gnu.org\/licenses\/fdl-1.3.txt\" target=\"_blank\">GNU-Lizenz<\/a><em>)<\/em> \u2013 <em>mein Dank gilt den<\/em> <a href=\"http:\/\/de.wikipedia.org\/w\/index.php?title=Kolbenente&amp;action=history\" target=\"_blank\">Autoren<\/a>.<\/p>\n","protected":false},"excerpt":{"rendered":"<p>V\u00f6gel -&gt; G\u00e4nsev\u00f6gel -&gt; Tauchenten V\u00f6gel von A-Z zur Galerie Tauchenten Die Kolbenente (Netta rufina) ist eine etwa stockentengro\u00dfe Vogelart aus der Familie der Entenv\u00f6gel. Sie z\u00e4hlt zu den Tauchenten und kann bis zu 30 Sekunden unter Wasser bleiben. Das M\u00e4nnchen ist im Prachtkleid mit seiner fuchsroten Kopff\u00e4rbung und dem karminroten Schnabel unverkennbar. Das Brutgebiet &hellip; <a href=\"https:\/\/woerrlein-naturfoto.de\/wordpress\/tauchenten-a-z\/kolbenente\/\" class=\"more-link\"><span class=\"screen-reader-text\">Kolbenente<\/span> weiterlesen <span class=\"meta-nav\">&rarr;<\/span><\/a><\/p>\n","protected":false},"author":1,"featured_media":0,"parent":2339,"menu_order":0,"comment_status":"closed","ping_status":"closed","template":"page-templates\/full-width.php","meta":{"footnotes":""},"class_list":["post-2341","page","type-page","status-publish","hentry"],"_links":{"self":[{"href":"https:\/\/woerrlein-naturfoto.de\/wordpress\/wp-json\/wp\/v2\/pages\/2341","targetHints":{"allow":["GET"]}}],"collection":[{"href":"https:\/\/woerrlein-naturfoto.de\/wordpress\/wp-json\/wp\/v2\/pages"}],"about":[{"href":"https:\/\/woerrlein-naturfoto.de\/wordpress\/wp-json\/wp\/v2\/types\/page"}],"author":[{"embeddable":true,"href":"https:\/\/woerrlein-naturfoto.de\/wordpress\/wp-json\/wp\/v2\/users\/1"}],"replies":[{"embeddable":true,"href":"https:\/\/woerrlein-naturfoto.de\/wordpress\/wp-json\/wp\/v2\/comments?post=2341"}],"version-history":[{"count":5,"href":"https:\/\/woerrlein-naturfoto.de\/wordpress\/wp-json\/wp\/v2\/pages\/2341\/revisions"}],"predecessor-version":[{"id":6533,"href":"https:\/\/woerrlein-naturfoto.de\/wordpress\/wp-json\/wp\/v2\/pages\/2341\/revisions\/6533"}],"up":[{"embeddable":true,"href":"https:\/\/woerrlein-naturfoto.de\/wordpress\/wp-json\/wp\/v2\/pages\/2339"}],"wp:attachment":[{"href":"https:\/\/woerrlein-naturfoto.de\/wordpress\/wp-json\/wp\/v2\/media?parent=2341"}],"curies":[{"name":"wp","href":"https:\/\/api.w.org\/{rel}","templated":true}]}}