{"id":2284,"date":"2014-12-26T11:20:27","date_gmt":"2014-12-26T09:20:27","guid":{"rendered":"http:\/\/woerrlein-naturfoto.de\/wordpress\/?page_id=2284"},"modified":"2015-02-23T12:56:28","modified_gmt":"2015-02-23T11:56:28","slug":"rostgans","status":"publish","type":"page","link":"https:\/\/woerrlein-naturfoto.de\/wordpress\/halbgaense-a-z\/rostgans\/","title":{"rendered":"Rostgans"},"content":{"rendered":"<p><a href=\"http:\/\/woerrlein-naturfoto.de\/wordpress\/voegel\/\"><span style=\"color: #ffff66;\">V\u00f6gel<\/span> <\/a>-&gt;<a href=\"http:\/\/woerrlein-naturfoto.de\/wordpress\/voegel\/gaensevoegel\/\"> <span style=\"color: #ffff66;\">G\u00e4nsev\u00f6gel<\/span> <\/a>-&gt;<a href=\"http:\/\/woerrlein-naturfoto.de\/wordpress\/hauptseite-voegel\/voegel\/gaensevoegel-2\/halbgaense\/\"> <span style=\"color: #ffff66;\">Halbg\u00e4nse<\/span><\/a><a title=\"G\u00e4nsev\u00f6gel\" href=\"http:\/\/woerrlein-naturfoto.de\/wordpress\/voegel\/gaensevoegel\/\"><br \/>\n<\/a><a href=\"http:\/\/woerrlein-naturfoto.de\/wordpress\/voegel_von_a-z\/\">V\u00f6gel von A-Z<\/a><br \/>\nzur Galerie <a title=\"Halbg\u00e4nse\" href=\"http:\/\/woerrlein-naturfoto.de\/wordpress\/hauptseite-voegel\/voegel\/gaensevoegel-2\/halbgaense\/\">Halbg\u00e4nse<\/a><code><br \/>\n<\/code><\/p>\n<p><img loading=\"lazy\" decoding=\"async\" class=\"alignleft wp-image-1440\" src=\"http:\/\/woerrlein-naturfoto.de\/wordpress\/wp-content\/uploads\/Rostgans_13641_v548dd498603e0-600x400.jpg\" alt=\"Rostgans_13641_v548dd498603e0.jpg\" width=\"600\" height=\"400\" srcset=\"https:\/\/woerrlein-naturfoto.de\/wordpress\/wp-content\/uploads\/Rostgans_13641_v548dd498603e0-600x400.jpg 600w, https:\/\/woerrlein-naturfoto.de\/wordpress\/wp-content\/uploads\/Rostgans_13641_v548dd498603e0-120x80.jpg 120w, https:\/\/woerrlein-naturfoto.de\/wordpress\/wp-content\/uploads\/Rostgans_13641_v548dd498603e0.jpg 1000w\" sizes=\"auto, (max-width: 600px) 100vw, 600px\" \/><\/p>\n<p>Die <b>Rostgans<\/b> (<i>Tadorna ferruginea<\/i>) ist eine der sieben Arten der im deutschen Sprachraum auch als <a title=\"Kasarkas\" href=\"http:\/\/de.wikipedia.org\/wiki\/Kasarkas\" target=\"_blank\">Kasarkas<\/a> bezeichneten Gattung <a class=\"mw-redirect\" title=\"Tadorna\" href=\"http:\/\/de.wikipedia.org\/wiki\/Tadorna\" target=\"_blank\">Tadorna<\/a>, die der oft als Halbg\u00e4nse bezeichneten Unterfamilie <a class=\"mw-redirect\" title=\"Tadorninae\" href=\"http:\/\/de.wikipedia.org\/wiki\/Tadorninae\" target=\"_blank\">Tadorninae<\/a> zugerechnet werden. Wie f\u00fcr diese Gattung charakteristisch weist die Rostgans sowohl Merkmale gr\u00fcndelnder Enten der Seichtwasserzone als auch Merkmale \u00e4sender G\u00e4nse angrenzender Weidefl\u00e4chen auf. Rostg\u00e4nse sind in den innerasiatischen Steppen und Halbw\u00fcsten beheimatet. In Europa gibt es wildlebende Populationen, die jedoch alle den Gefangenschaftsfl\u00fcchtlingen zugerechnet werden. Rostg\u00e4nse sind monogame G\u00e4nsev\u00f6gel. Die Paarbildung findet im zweiten Lebensjahr statt. Brutterritorien werden von ihnen intensiv verteidigt. \u00c4hnlich wie die <a title=\"Brandgans\" href=\"http:\/\/woerrlein-naturfoto.de\/wordpress\/halbgaense-a-z\/brandgans\/\" target=\"_blank\">Brandgans<\/a>, die zur selben Gattung z\u00e4hlt, nistet die Rostgans bevorzugt in Gesteinsh\u00f6hlen oder h\u00f6hlenartigen Bauen und Vertiefungen. Sie nutzt aber auch verlassene Greifvogelnester f\u00fcr ihre Gelege. Das Nest ist eine flache Mulde, die nur mit wenig pflanzlichem Material ausgelegt wird. Sie wird aber mit einer gro\u00dfen Zahl an Nestdunen ausgepolstert.<\/p>\n<p>L\u00e4nge: 61-67 cm\u00a0\u00a0 Spannweite: 120-145 cm\u00a0\u00a0 Gewicht: 1,1-1,5 kg\u00a0\u00a0 Gelege: 8-9 Eier<\/p>\n<p>zur Galerie <a title=\"Halbg\u00e4nse\" href=\"http:\/\/woerrlein-naturfoto.de\/wordpress\/hauptseite-voegel\/voegel\/gaensevoegel-2\/halbgaense\/\">Halbg\u00e4nse<\/a><code><br \/>\n<\/code><\/p>\n<p>&nbsp;<\/p>\n<p><em>Quelle des Textauszuges und weitere Infos bei <\/em><a href=\"http:\/\/de.wikipedia.org\/wiki\/Rostgans\" target=\"_blank\">Wikipedia<\/a> <em>(<\/em><a href=\"http:\/\/www.gnu.org\/licenses\/fdl-1.3.txt\" target=\"_blank\">GNU-Lizenz<\/a><em>)<\/em> \u2013 <em>mein Dank gilt den<\/em> <a href=\"http:\/\/de.wikipedia.org\/w\/index.php?title=Rostgans&amp;action=history\" target=\"_blank\">Autoren<\/a>.<\/p>\n","protected":false},"excerpt":{"rendered":"<p>V\u00f6gel -&gt; G\u00e4nsev\u00f6gel -&gt; Halbg\u00e4nse V\u00f6gel von A-Z zur Galerie Halbg\u00e4nse Die Rostgans (Tadorna ferruginea) ist eine der sieben Arten der im deutschen Sprachraum auch als Kasarkas bezeichneten Gattung Tadorna, die der oft als Halbg\u00e4nse bezeichneten Unterfamilie Tadorninae zugerechnet werden. Wie f\u00fcr diese Gattung charakteristisch weist die Rostgans sowohl Merkmale gr\u00fcndelnder Enten der Seichtwasserzone als &hellip; <a href=\"https:\/\/woerrlein-naturfoto.de\/wordpress\/halbgaense-a-z\/rostgans\/\" class=\"more-link\"><span class=\"screen-reader-text\">Rostgans<\/span> weiterlesen <span class=\"meta-nav\">&rarr;<\/span><\/a><\/p>\n","protected":false},"author":1,"featured_media":0,"parent":2251,"menu_order":0,"comment_status":"closed","ping_status":"closed","template":"page-templates\/full-width.php","meta":{"footnotes":""},"class_list":["post-2284","page","type-page","status-publish","hentry"],"_links":{"self":[{"href":"https:\/\/woerrlein-naturfoto.de\/wordpress\/wp-json\/wp\/v2\/pages\/2284","targetHints":{"allow":["GET"]}}],"collection":[{"href":"https:\/\/woerrlein-naturfoto.de\/wordpress\/wp-json\/wp\/v2\/pages"}],"about":[{"href":"https:\/\/woerrlein-naturfoto.de\/wordpress\/wp-json\/wp\/v2\/types\/page"}],"author":[{"embeddable":true,"href":"https:\/\/woerrlein-naturfoto.de\/wordpress\/wp-json\/wp\/v2\/users\/1"}],"replies":[{"embeddable":true,"href":"https:\/\/woerrlein-naturfoto.de\/wordpress\/wp-json\/wp\/v2\/comments?post=2284"}],"version-history":[{"count":5,"href":"https:\/\/woerrlein-naturfoto.de\/wordpress\/wp-json\/wp\/v2\/pages\/2284\/revisions"}],"predecessor-version":[{"id":6528,"href":"https:\/\/woerrlein-naturfoto.de\/wordpress\/wp-json\/wp\/v2\/pages\/2284\/revisions\/6528"}],"up":[{"embeddable":true,"href":"https:\/\/woerrlein-naturfoto.de\/wordpress\/wp-json\/wp\/v2\/pages\/2251"}],"wp:attachment":[{"href":"https:\/\/woerrlein-naturfoto.de\/wordpress\/wp-json\/wp\/v2\/media?parent=2284"}],"curies":[{"name":"wp","href":"https:\/\/api.w.org\/{rel}","templated":true}]}}