{"id":2279,"date":"2014-12-26T11:08:55","date_gmt":"2014-12-26T09:08:55","guid":{"rendered":"http:\/\/woerrlein-naturfoto.de\/wordpress\/?page_id=2279"},"modified":"2015-02-23T12:55:39","modified_gmt":"2015-02-23T11:55:39","slug":"nilgans","status":"publish","type":"page","link":"https:\/\/woerrlein-naturfoto.de\/wordpress\/halbgaense-a-z\/nilgans\/","title":{"rendered":"Nilgans"},"content":{"rendered":"<p><a href=\"http:\/\/woerrlein-naturfoto.de\/wordpress\/voegel\/\"><span style=\"color: #ffff66;\">V\u00f6gel<\/span> <\/a>-&gt;<a href=\"http:\/\/woerrlein-naturfoto.de\/wordpress\/voegel\/gaensevoegel\/\"> <span style=\"color: #ffff66;\">G\u00e4nsev\u00f6gel<\/span> <\/a>-&gt;<a href=\"http:\/\/woerrlein-naturfoto.de\/wordpress\/hauptseite-voegel\/voegel\/gaensevoegel-2\/halbgaense\/\"> <span style=\"color: #ffff66;\">Halbg\u00e4nse<\/span><\/a><a title=\"G\u00e4nsev\u00f6gel\" href=\"http:\/\/woerrlein-naturfoto.de\/wordpress\/voegel\/gaensevoegel\/\"><br \/>\n<\/a><a href=\"http:\/\/woerrlein-naturfoto.de\/wordpress\/voegel_von_a-z\/\">V\u00f6gel von A-Z<\/a><br \/>\nzur Galerie <a title=\"Halbg\u00e4nse\" href=\"http:\/\/woerrlein-naturfoto.de\/wordpress\/hauptseite-voegel\/voegel\/gaensevoegel-2\/halbgaense\/\">Halbg\u00e4nse<\/a><code><br \/>\n<\/code><\/p>\n<p><img loading=\"lazy\" decoding=\"async\" class=\"alignleft wp-image-1433\" src=\"http:\/\/woerrlein-naturfoto.de\/wordpress\/wp-content\/uploads\/Nilgaense_33943L_v-600x400.jpg\" alt=\"Nilgaense_33943L_v.jpg\" width=\"600\" height=\"400\" \/><\/p>\n<p>Die <b>Nilgans<\/b> (<i>Alopochen aegyptiacus<\/i>) ist der einzige <a title=\"Rezent\" href=\"http:\/\/de.wikipedia.org\/wiki\/Rezent\" target=\"_blank\">rezente<\/a> Vertreter ihrer Gattung und wird heute meist den Halbg\u00e4nsen zugerechnet. Sie ist afrikanischen Ursprungs und lebt an nahrungsreichen subtropischen Binnenseen und Fl\u00fcssen. Sie gilt als der h\u00e4ufigste <a title=\"Afrotropis\" href=\"http:\/\/de.wikipedia.org\/wiki\/Afrotropis\" target=\"_blank\">afrotropische<\/a> Entenvogel. Ausgehend von Gefangenschaftsfl\u00fcchtlingen breitet sich die Nilgans in den letzten Jahren zunehmend in Mitteleuropa aus. In zahlreichen mitteleurop\u00e4ischen St\u00e4dten existieren mittlerweile verwilderte Parkpopulationen. Urspr\u00fcnglich war die Nilgans in fast ganz Afrika au\u00dfer den extremen Trockengebieten beheimatet. In historischer Zeit kam sie auch auf dem Balkan vor, wo sie jedoch heute ausgerottet ist. Noch im 19. Jahrhundert gab es zahlreiche Beobachtungen in Ungarn und Bulgarien. Sie hat in dieser Zeit vermutlich auch dort gebr\u00fctet. In Afrika ist ihr Verbreitungsschwerpunkt in den Savannens\u00fcmpfen und an den Flussl\u00e4ufen Ostafrikas.<\/p>\n<p>L\u00e4nge: 65-73 cm\u00a0\u00a0 Spannweite: 135-155 cm\u00a0\u00a0 Gewicht: 1,5-2 kg\u00a0\u00a0 Gelege: 8-9 Eier<\/p>\n<p>zur Galerie <a title=\"Halbg\u00e4nse\" href=\"http:\/\/woerrlein-naturfoto.de\/wordpress\/hauptseite-voegel\/voegel\/gaensevoegel-2\/halbgaense\/\">Halbg\u00e4nse<\/a><code><br \/>\n<\/code><\/p>\n<p>&nbsp;<\/p>\n<p><em>Quelle des Textauszuges und weitere Infos bei <\/em><a href=\"http:\/\/de.wikipedia.org\/wiki\/Nilgans\" target=\"_blank\">Wikipedia<\/a> <em>(<\/em><a href=\"http:\/\/www.gnu.org\/licenses\/fdl-1.3.txt\" target=\"_blank\">GNU-Lizenz<\/a><em>)<\/em> \u2013 <em>mein Dank gilt den<\/em> <a href=\"http:\/\/de.wikipedia.org\/w\/index.php?title=Nilgans&amp;action=history\" target=\"_blank\">Autoren<\/a>.<\/p>\n","protected":false},"excerpt":{"rendered":"<p>V\u00f6gel -&gt; G\u00e4nsev\u00f6gel -&gt; Halbg\u00e4nse V\u00f6gel von A-Z zur Galerie Halbg\u00e4nse Die Nilgans (Alopochen aegyptiacus) ist der einzige rezente Vertreter ihrer Gattung und wird heute meist den Halbg\u00e4nsen zugerechnet. Sie ist afrikanischen Ursprungs und lebt an nahrungsreichen subtropischen Binnenseen und Fl\u00fcssen. Sie gilt als der h\u00e4ufigste afrotropische Entenvogel. Ausgehend von Gefangenschaftsfl\u00fcchtlingen breitet sich die Nilgans &hellip; <a href=\"https:\/\/woerrlein-naturfoto.de\/wordpress\/halbgaense-a-z\/nilgans\/\" class=\"more-link\"><span class=\"screen-reader-text\">Nilgans<\/span> weiterlesen <span class=\"meta-nav\">&rarr;<\/span><\/a><\/p>\n","protected":false},"author":1,"featured_media":0,"parent":2251,"menu_order":0,"comment_status":"closed","ping_status":"closed","template":"page-templates\/full-width.php","meta":{"footnotes":""},"class_list":["post-2279","page","type-page","status-publish","hentry"],"_links":{"self":[{"href":"https:\/\/woerrlein-naturfoto.de\/wordpress\/wp-json\/wp\/v2\/pages\/2279","targetHints":{"allow":["GET"]}}],"collection":[{"href":"https:\/\/woerrlein-naturfoto.de\/wordpress\/wp-json\/wp\/v2\/pages"}],"about":[{"href":"https:\/\/woerrlein-naturfoto.de\/wordpress\/wp-json\/wp\/v2\/types\/page"}],"author":[{"embeddable":true,"href":"https:\/\/woerrlein-naturfoto.de\/wordpress\/wp-json\/wp\/v2\/users\/1"}],"replies":[{"embeddable":true,"href":"https:\/\/woerrlein-naturfoto.de\/wordpress\/wp-json\/wp\/v2\/comments?post=2279"}],"version-history":[{"count":6,"href":"https:\/\/woerrlein-naturfoto.de\/wordpress\/wp-json\/wp\/v2\/pages\/2279\/revisions"}],"predecessor-version":[{"id":6527,"href":"https:\/\/woerrlein-naturfoto.de\/wordpress\/wp-json\/wp\/v2\/pages\/2279\/revisions\/6527"}],"up":[{"embeddable":true,"href":"https:\/\/woerrlein-naturfoto.de\/wordpress\/wp-json\/wp\/v2\/pages\/2251"}],"wp:attachment":[{"href":"https:\/\/woerrlein-naturfoto.de\/wordpress\/wp-json\/wp\/v2\/media?parent=2279"}],"curies":[{"name":"wp","href":"https:\/\/api.w.org\/{rel}","templated":true}]}}