{"id":2272,"date":"2014-12-25T20:41:35","date_gmt":"2014-12-25T18:41:35","guid":{"rendered":"http:\/\/woerrlein-naturfoto.de\/wordpress\/?page_id=2272"},"modified":"2015-02-23T12:54:33","modified_gmt":"2015-02-23T11:54:33","slug":"mandarinente","status":"publish","type":"page","link":"https:\/\/woerrlein-naturfoto.de\/wordpress\/gruendelenten-a-z\/mandarinente\/","title":{"rendered":"Mandarinente"},"content":{"rendered":"<p><a href=\"http:\/\/woerrlein-naturfoto.de\/wordpress\/voegel\/\"><span style=\"color: #ffff66;\">V\u00f6gel<\/span> <\/a>-&gt;<a href=\"http:\/\/woerrlein-naturfoto.de\/wordpress\/voegel\/gaensevoegel\/\"> <span style=\"color: #ffff66;\">G\u00e4nsev\u00f6gel<\/span> <\/a>-&gt;<a href=\"http:\/\/woerrlein-naturfoto.de\/wordpress\/hauptseite-voegel\/voegel\/gaensevoegel-2\/gruendelenten\/\"> <span style=\"color: #ffff66;\">Gr\u00fcndelenten<\/span><\/a><a title=\"G\u00e4nsev\u00f6gel\" href=\"http:\/\/woerrlein-naturfoto.de\/wordpress\/voegel\/gaensevoegel\/\"><br \/>\n<\/a><a href=\"http:\/\/woerrlein-naturfoto.de\/wordpress\/voegel_von_a-z\/\">V\u00f6gel von A-Z<\/a><br \/>\nzur Galerie <a title=\"Gr\u00fcndelenten\" href=\"http:\/\/woerrlein-naturfoto.de\/wordpress\/hauptseite-voegel\/voegel\/gaensevoegel-2\/gruendelenten\/\">Gr\u00fcndelenten<\/a><code><\/code><code><br \/>\n<\/code><\/p>\n<p><img loading=\"lazy\" decoding=\"async\" class=\"alignleft wp-image-2294\" src=\"http:\/\/woerrlein-naturfoto.de\/wordpress\/wp-content\/uploads\/Mandarinente_12728_v549d2f8d8e21f-600x400.jpg\" alt=\"Mandarinente_12728_v549d2f8d8e21f.jpg\" width=\"600\" height=\"400\" srcset=\"https:\/\/woerrlein-naturfoto.de\/wordpress\/wp-content\/uploads\/Mandarinente_12728_v549d2f8d8e21f-600x400.jpg 600w, https:\/\/woerrlein-naturfoto.de\/wordpress\/wp-content\/uploads\/Mandarinente_12728_v549d2f8d8e21f-120x80.jpg 120w, https:\/\/woerrlein-naturfoto.de\/wordpress\/wp-content\/uploads\/Mandarinente_12728_v549d2f8d8e21f.jpg 1000w\" sizes=\"auto, (max-width: 600px) 100vw, 600px\" \/>Die <b>Mandarinente<\/b> (<i>Aix galericulata<\/i>) ist eine urspr\u00fcnglich in Ostasien beheimatete Vogelart aus der Familie der Entenv\u00f6gel. Sie geh\u00f6rt wie die <a title=\"Brautente\" href=\"http:\/\/woerrlein-naturfoto.de\/wordpress\/halbgaense-a-z\/brautente\/\" target=\"_blank\">Brautente<\/a> zur Gattung Aix. Die urspr\u00fcngliche Heimat der Mandarinenten sind Nordostchina und das Amurgebiet, wo es noch etwa 1.000 Paare gibt, sowie Japan mit etwa 5.000 Paaren. Dort ist sie jedoch stark bedroht. Der Bestandsr\u00fcckgang ist vorwiegend auf eine Zerst\u00f6rung ihrer Lebensr\u00e4ume zur\u00fcckzuf\u00fchren. Inzwischen findet man sie fast \u00fcberall auf der Welt in Parks und Zierteichen, zum Teil auch als Gefangenschaftsfl\u00fcchtling oder <a class=\"mw-redirect\" title=\"Neozoon\" href=\"http:\/\/de.wikipedia.org\/wiki\/Neozoon\" target=\"_blank\">Neozoon<\/a>, beispielsweise in Deutschland, \u00d6sterreich, in der Schweiz, in den Niederlanden und in S\u00fcdengland.<\/p>\n<p>L\u00e4nge: 41-49 cm\u00a0\u00a0 Spannweite: 68-75 cm\u00a0\u00a0 Gewicht: 450-600 g\u00a0\u00a0 Gelege: 9-12 Eier<\/p>\n<p>zur Galerie <a title=\"Gr\u00fcndelenten\" href=\"http:\/\/woerrlein-naturfoto.de\/wordpress\/hauptseite-voegel\/voegel\/gaensevoegel-2\/gruendelenten\/\">Gr\u00fcndelenten<\/a><code><\/code><code><br \/>\n<\/code><\/p>\n<p>&nbsp;<\/p>\n<p><em>Quelle des Textauszuges und weitere Infos bei <\/em><a href=\"http:\/\/de.wikipedia.org\/wiki\/Mandarinente\" target=\"_blank\">Wikipedia<\/a> <em>(<\/em><a href=\"http:\/\/www.gnu.org\/licenses\/fdl-1.3.txt\" target=\"_blank\">GNU-Lizenz<\/a><em>)<\/em> \u2013 <em>mein Dank gilt den<\/em> <a href=\"http:\/\/de.wikipedia.org\/w\/index.php?title=Mandarinente&amp;action=history\" target=\"_blank\">Autoren<\/a>.<\/p>\n","protected":false},"excerpt":{"rendered":"<p>V\u00f6gel -&gt; G\u00e4nsev\u00f6gel -&gt; Gr\u00fcndelenten V\u00f6gel von A-Z zur Galerie Gr\u00fcndelenten Die Mandarinente (Aix galericulata) ist eine urspr\u00fcnglich in Ostasien beheimatete Vogelart aus der Familie der Entenv\u00f6gel. Sie geh\u00f6rt wie die Brautente zur Gattung Aix. Die urspr\u00fcngliche Heimat der Mandarinenten sind Nordostchina und das Amurgebiet, wo es noch etwa 1.000 Paare gibt, sowie Japan mit &hellip; <a href=\"https:\/\/woerrlein-naturfoto.de\/wordpress\/gruendelenten-a-z\/mandarinente\/\" class=\"more-link\"><span class=\"screen-reader-text\">Mandarinente<\/span> weiterlesen <span class=\"meta-nav\">&rarr;<\/span><\/a><\/p>\n","protected":false},"author":1,"featured_media":0,"parent":2234,"menu_order":0,"comment_status":"closed","ping_status":"closed","template":"page-templates\/full-width.php","meta":{"footnotes":""},"class_list":["post-2272","page","type-page","status-publish","hentry"],"_links":{"self":[{"href":"https:\/\/woerrlein-naturfoto.de\/wordpress\/wp-json\/wp\/v2\/pages\/2272","targetHints":{"allow":["GET"]}}],"collection":[{"href":"https:\/\/woerrlein-naturfoto.de\/wordpress\/wp-json\/wp\/v2\/pages"}],"about":[{"href":"https:\/\/woerrlein-naturfoto.de\/wordpress\/wp-json\/wp\/v2\/types\/page"}],"author":[{"embeddable":true,"href":"https:\/\/woerrlein-naturfoto.de\/wordpress\/wp-json\/wp\/v2\/users\/1"}],"replies":[{"embeddable":true,"href":"https:\/\/woerrlein-naturfoto.de\/wordpress\/wp-json\/wp\/v2\/comments?post=2272"}],"version-history":[{"count":10,"href":"https:\/\/woerrlein-naturfoto.de\/wordpress\/wp-json\/wp\/v2\/pages\/2272\/revisions"}],"predecessor-version":[{"id":6524,"href":"https:\/\/woerrlein-naturfoto.de\/wordpress\/wp-json\/wp\/v2\/pages\/2272\/revisions\/6524"}],"up":[{"embeddable":true,"href":"https:\/\/woerrlein-naturfoto.de\/wordpress\/wp-json\/wp\/v2\/pages\/2234"}],"wp:attachment":[{"href":"https:\/\/woerrlein-naturfoto.de\/wordpress\/wp-json\/wp\/v2\/media?parent=2272"}],"curies":[{"name":"wp","href":"https:\/\/api.w.org\/{rel}","templated":true}]}}