{"id":2268,"date":"2014-12-25T20:26:18","date_gmt":"2014-12-25T18:26:18","guid":{"rendered":"http:\/\/woerrlein-naturfoto.de\/wordpress\/?page_id=2268"},"modified":"2015-02-23T12:53:52","modified_gmt":"2015-02-23T11:53:52","slug":"brautente","status":"publish","type":"page","link":"https:\/\/woerrlein-naturfoto.de\/wordpress\/gruendelenten-a-z\/brautente\/","title":{"rendered":"Brautente"},"content":{"rendered":"<p><a href=\"http:\/\/woerrlein-naturfoto.de\/wordpress\/voegel\/\"><span style=\"color: #ffff66;\">V\u00f6gel<\/span> <\/a>-&gt;<a href=\"http:\/\/woerrlein-naturfoto.de\/wordpress\/voegel\/gaensevoegel\/\"> <span style=\"color: #ffff66;\">G\u00e4nsev\u00f6gel<\/span> <\/a>-&gt;<a href=\"http:\/\/woerrlein-naturfoto.de\/wordpress\/hauptseite-voegel\/voegel\/gaensevoegel-2\/gruendelenten\/\"> <span style=\"color: #ffff66;\">Gr\u00fcndelenten<\/span><\/a><a title=\"G\u00e4nsev\u00f6gel\" href=\"http:\/\/woerrlein-naturfoto.de\/wordpress\/voegel\/gaensevoegel\/\"><br \/>\n<\/a><a href=\"http:\/\/woerrlein-naturfoto.de\/wordpress\/voegel_von_a-z\/\">V\u00f6gel von A-Z<\/a><br \/>\nzur Galerie <a title=\"Gr\u00fcndelenten\" href=\"http:\/\/woerrlein-naturfoto.de\/wordpress\/hauptseite-voegel\/voegel\/gaensevoegel-2\/gruendelenten\/\">Gr\u00fcndelenten<\/a><code><\/code><\/p>\n<p><img loading=\"lazy\" decoding=\"async\" class=\"alignleft wp-image-2293\" src=\"http:\/\/woerrlein-naturfoto.de\/wordpress\/wp-content\/uploads\/Brautente_40239_v549d2f8cf1dac-600x400.jpg\" alt=\"Brautente_40239_v549d2f8cf1dac.jpg\" width=\"600\" height=\"400\" srcset=\"https:\/\/woerrlein-naturfoto.de\/wordpress\/wp-content\/uploads\/Brautente_40239_v549d2f8cf1dac-600x400.jpg 600w, https:\/\/woerrlein-naturfoto.de\/wordpress\/wp-content\/uploads\/Brautente_40239_v549d2f8cf1dac-120x80.jpg 120w, https:\/\/woerrlein-naturfoto.de\/wordpress\/wp-content\/uploads\/Brautente_40239_v549d2f8cf1dac.jpg 1000w\" sizes=\"auto, (max-width: 600px) 100vw, 600px\" \/>Die <b>Brautente<\/b> (<i>Aix sponsa<\/i>) ist eine Vogelart aus der Familie der Entenv\u00f6gel. Ihr nat\u00fcrliches Verbreitungsgebiet ist Nordamerika. Sie lebt an Waldseen und ist an ein Leben in Waldgebieten angepasst. B\u00e4ume dienen ihr als Brut- und Rastplatz. Sie br\u00fctet bevorzugt in verlassenen Nisth\u00f6hlen von Spechten. Die K\u00fcken springen wenige Stunden nach dem Schlupf mehrere Meter auf den Erdboden hinab, um dem weiblichen Elternvogel zum n\u00e4chsten Gew\u00e4sser zu folgen. Brautenten sind sehr man\u00f6vrierf\u00e4hige Flieger, die auch dichte Baumbest\u00e4nde geschickt durchfliegen. Sie z\u00e4hlen heute zu den h\u00e4ufigsten Enten Nordamerikas. Zu Beginn des 20. Jahrhunderts waren ihre Best\u00e4nde stark zur\u00fcckgegangen, so dass man bef\u00fcrchtete, diese Art w\u00fcrde aussterben. Zahlreiche Schutzma\u00dfnahmen haben dazu beigetragen, dass sich der Bestand dieser Art wieder stark erholt hat. Die M\u00e4nnchen tragen ein kontrastreiches Prachtkleid, die Art wird daher h\u00e4ufig als Ziergefl\u00fcgel gehalten. Verwilderte Brautenten leben als sogenannte Gefangenschaftsfl\u00fcchtlinge in kleinen Populationen auch freilebend in Europa.<\/p>\n<p>L\u00e4nge: 40-50 cm\u00a0\u00a0 Spannweite: 68-74 cm\u00a0\u00a0 Gewicht: 550-650 g\u00a0\u00a0 Gelege: 9-11 Eier<\/p>\n<p>zur Galerie <a title=\"Gr\u00fcndelenten\" href=\"http:\/\/woerrlein-naturfoto.de\/wordpress\/hauptseite-voegel\/voegel\/gaensevoegel-2\/gruendelenten\/\">Gr\u00fcndelenten<\/a><code><br \/>\n<\/code><\/p>\n<p>&nbsp;<\/p>\n<p><em>Quelle des Textauszuges und weitere Infos bei <\/em><a href=\"http:\/\/de.wikipedia.org\/wiki\/Brautente\" target=\"_blank\">Wikipedia<\/a> <em>(<\/em><a href=\"http:\/\/www.gnu.org\/licenses\/fdl-1.3.txt\" target=\"_blank\">GNU-Lizenz<\/a><em>)<\/em> \u2013 <em>mein Dank gilt den<\/em> <a href=\"http:\/\/de.wikipedia.org\/w\/index.php?title=Brautente&amp;action=history\" target=\"_blank\">Autoren<\/a>.<\/p>\n","protected":false},"excerpt":{"rendered":"<p>V\u00f6gel -&gt; G\u00e4nsev\u00f6gel -&gt; Gr\u00fcndelenten V\u00f6gel von A-Z zur Galerie Gr\u00fcndelenten Die Brautente (Aix sponsa) ist eine Vogelart aus der Familie der Entenv\u00f6gel. Ihr nat\u00fcrliches Verbreitungsgebiet ist Nordamerika. Sie lebt an Waldseen und ist an ein Leben in Waldgebieten angepasst. B\u00e4ume dienen ihr als Brut- und Rastplatz. Sie br\u00fctet bevorzugt in verlassenen Nisth\u00f6hlen von Spechten. &hellip; <a href=\"https:\/\/woerrlein-naturfoto.de\/wordpress\/gruendelenten-a-z\/brautente\/\" class=\"more-link\"><span class=\"screen-reader-text\">Brautente<\/span> weiterlesen <span class=\"meta-nav\">&rarr;<\/span><\/a><\/p>\n","protected":false},"author":1,"featured_media":0,"parent":2234,"menu_order":0,"comment_status":"closed","ping_status":"closed","template":"page-templates\/full-width.php","meta":{"footnotes":""},"class_list":["post-2268","page","type-page","status-publish","hentry"],"_links":{"self":[{"href":"https:\/\/woerrlein-naturfoto.de\/wordpress\/wp-json\/wp\/v2\/pages\/2268","targetHints":{"allow":["GET"]}}],"collection":[{"href":"https:\/\/woerrlein-naturfoto.de\/wordpress\/wp-json\/wp\/v2\/pages"}],"about":[{"href":"https:\/\/woerrlein-naturfoto.de\/wordpress\/wp-json\/wp\/v2\/types\/page"}],"author":[{"embeddable":true,"href":"https:\/\/woerrlein-naturfoto.de\/wordpress\/wp-json\/wp\/v2\/users\/1"}],"replies":[{"embeddable":true,"href":"https:\/\/woerrlein-naturfoto.de\/wordpress\/wp-json\/wp\/v2\/comments?post=2268"}],"version-history":[{"count":9,"href":"https:\/\/woerrlein-naturfoto.de\/wordpress\/wp-json\/wp\/v2\/pages\/2268\/revisions"}],"predecessor-version":[{"id":2270,"href":"https:\/\/woerrlein-naturfoto.de\/wordpress\/wp-json\/wp\/v2\/pages\/2268\/revisions\/2270"}],"up":[{"embeddable":true,"href":"https:\/\/woerrlein-naturfoto.de\/wordpress\/wp-json\/wp\/v2\/pages\/2234"}],"wp:attachment":[{"href":"https:\/\/woerrlein-naturfoto.de\/wordpress\/wp-json\/wp\/v2\/media?parent=2268"}],"curies":[{"name":"wp","href":"https:\/\/api.w.org\/{rel}","templated":true}]}}