{"id":2253,"date":"2014-12-25T19:49:20","date_gmt":"2014-12-25T17:49:20","guid":{"rendered":"http:\/\/woerrlein-naturfoto.de\/wordpress\/?page_id=2253"},"modified":"2015-02-23T12:55:17","modified_gmt":"2015-02-23T11:55:17","slug":"brandgans","status":"publish","type":"page","link":"https:\/\/woerrlein-naturfoto.de\/wordpress\/halbgaense-a-z\/brandgans\/","title":{"rendered":"Brandgans"},"content":{"rendered":"<p><a href=\"http:\/\/woerrlein-naturfoto.de\/wordpress\/voegel\/\"><span style=\"color: #ffff66;\">V\u00f6gel<\/span> <\/a>-&gt;<a href=\"http:\/\/woerrlein-naturfoto.de\/wordpress\/voegel\/gaensevoegel\/\"> <span style=\"color: #ffff66;\">G\u00e4nsev\u00f6gel<\/span> <\/a>-&gt;<a href=\"http:\/\/woerrlein-naturfoto.de\/wordpress\/hauptseite-voegel\/voegel\/gaensevoegel-2\/halbgaense\/\"> <span style=\"color: #ffff66;\">Halbg\u00e4nse<\/span><\/a><br \/>\n<a href=\"http:\/\/woerrlein-naturfoto.de\/wordpress\/voegel_von_a-z\/\">V\u00f6gel von A-Z<\/a><br \/>\nzur Galerie <a title=\"Halbg\u00e4nse\" href=\"http:\/\/woerrlein-naturfoto.de\/wordpress\/hauptseite-voegel\/voegel\/gaensevoegel-2\/halbgaense\/\">Halbg\u00e4nse<\/a><code><br \/>\n<\/code><\/p>\n<p><img loading=\"lazy\" decoding=\"async\" class=\"alignleft wp-image-1430\" src=\"http:\/\/woerrlein-naturfoto.de\/wordpress\/wp-content\/uploads\/Brandgans_34339L_v-600x400.jpg\" alt=\"Brandgans_34339L_v.jpg\" width=\"600\" height=\"400\" \/><\/p>\n<p>Die <b>Brandgans<\/b> (<i>Tadorna tadorna<\/i>) ist eine Art aus der Familie der Entenv\u00f6gel, die zur Unterfamilie der Halbg\u00e4nse (Tadorninae) geh\u00f6rt.\u00a0 Als Nahrung nimmt die Brandgans vor allem kleine Schnecken, Muscheln und W\u00fcrmer, seltener Insekten und Wasserpflanzen auf. Die \u00fcberwiegende Nahrung im deutschen Wattenmeer bilden Herzmuscheln, w\u00e4hrend an der britischen Nordseek\u00fcste Wattschnecken und an den Salzseen S\u00fcdosteuropas und Sibiriens Salinenkrebse eine wichtige Rolle spielen. Dar\u00fcber hinaus werden aber auch Algen und im Winter S\u00e4mereien auf Feldern gefressen. Die Nahrungssuche der Brandg\u00e4nse ist weitgehend von den Gezeiten abh\u00e4ngig. Die V\u00f6gel suchen bei Niedrigwasser Nahrung und ruhen bei Hochwasser auf Sandb\u00e4nken, D\u00fcnen oder Strandwiesen. In Abh\u00e4ngigkeit von Ebbe und Flut suchen Brandg\u00e4nse auch w\u00e4hrend der Nacht nach Nahrung. Im Winter kann die Zeit, die Brandg\u00e4nse mit der Nahrungssuche verbringen, bis zu 14 Stunden betragen.<br \/>\nBrandg\u00e4nse sind in der Regel monogam. Ihre partnerschaftliche Bindung ist von h\u00e4ufig mehrj\u00e4hriger Dauer, obwohl Weibchen und M\u00e4nnchen oft zu unterschiedlichen Zeitpunkten das Brutgebiet zur Mauser und \u00dcberwinterung verlassen. Bei einer Untersuchung der Partnertreue unter V\u00f6geln wiesen Brandg\u00e4nse eine der niedrigsten Trennungsraten auf. Nur 2,4 Prozent der bestehenden Paare trennten sich j\u00e4hrlich.<\/p>\n<p>L\u00e4nge: 60-70 cm\u00a0\u00a0 Spannweite: 110-130 cm\u00a0\u00a0 Gewicht: 1-1,3 kg\u00a0\u00a0 Gelege: 8-10 Eier<\/p>\n<p>zur Galerie <a title=\"Halbg\u00e4nse\" href=\"http:\/\/woerrlein-naturfoto.de\/wordpress\/hauptseite-voegel\/voegel\/gaensevoegel-2\/halbgaense\/\">Halbg\u00e4nse<\/a><code><br \/>\n<\/code><\/p>\n<p>&nbsp;<\/p>\n<p><em>Quelle des Textauszuges und weitere Infos bei <\/em><a href=\"http:\/\/de.wikipedia.org\/wiki\/Brandgans\" target=\"_blank\">Wikipedia<\/a> <em>(<\/em><a href=\"http:\/\/www.gnu.org\/licenses\/fdl-1.3.txt\" target=\"_blank\">GNU-Lizenz<\/a><em>)<\/em> \u2013 <em>mein Dank gilt den<\/em> <a href=\"http:\/\/de.wikipedia.org\/w\/index.php?title=Brandgans&amp;action=history\" target=\"_blank\">Autoren<\/a>.<\/p>\n","protected":false},"excerpt":{"rendered":"<p>V\u00f6gel -&gt; G\u00e4nsev\u00f6gel -&gt; Halbg\u00e4nse V\u00f6gel von A-Z zur Galerie Halbg\u00e4nse Die Brandgans (Tadorna tadorna) ist eine Art aus der Familie der Entenv\u00f6gel, die zur Unterfamilie der Halbg\u00e4nse (Tadorninae) geh\u00f6rt.\u00a0 Als Nahrung nimmt die Brandgans vor allem kleine Schnecken, Muscheln und W\u00fcrmer, seltener Insekten und Wasserpflanzen auf. Die \u00fcberwiegende Nahrung im deutschen Wattenmeer bilden Herzmuscheln, &hellip; <a href=\"https:\/\/woerrlein-naturfoto.de\/wordpress\/halbgaense-a-z\/brandgans\/\" class=\"more-link\"><span class=\"screen-reader-text\">Brandgans<\/span> weiterlesen <span class=\"meta-nav\">&rarr;<\/span><\/a><\/p>\n","protected":false},"author":1,"featured_media":0,"parent":2251,"menu_order":0,"comment_status":"closed","ping_status":"closed","template":"page-templates\/full-width.php","meta":{"footnotes":""},"class_list":["post-2253","page","type-page","status-publish","hentry"],"_links":{"self":[{"href":"https:\/\/woerrlein-naturfoto.de\/wordpress\/wp-json\/wp\/v2\/pages\/2253","targetHints":{"allow":["GET"]}}],"collection":[{"href":"https:\/\/woerrlein-naturfoto.de\/wordpress\/wp-json\/wp\/v2\/pages"}],"about":[{"href":"https:\/\/woerrlein-naturfoto.de\/wordpress\/wp-json\/wp\/v2\/types\/page"}],"author":[{"embeddable":true,"href":"https:\/\/woerrlein-naturfoto.de\/wordpress\/wp-json\/wp\/v2\/users\/1"}],"replies":[{"embeddable":true,"href":"https:\/\/woerrlein-naturfoto.de\/wordpress\/wp-json\/wp\/v2\/comments?post=2253"}],"version-history":[{"count":14,"href":"https:\/\/woerrlein-naturfoto.de\/wordpress\/wp-json\/wp\/v2\/pages\/2253\/revisions"}],"predecessor-version":[{"id":6526,"href":"https:\/\/woerrlein-naturfoto.de\/wordpress\/wp-json\/wp\/v2\/pages\/2253\/revisions\/6526"}],"up":[{"embeddable":true,"href":"https:\/\/woerrlein-naturfoto.de\/wordpress\/wp-json\/wp\/v2\/pages\/2251"}],"wp:attachment":[{"href":"https:\/\/woerrlein-naturfoto.de\/wordpress\/wp-json\/wp\/v2\/media?parent=2253"}],"curies":[{"name":"wp","href":"https:\/\/api.w.org\/{rel}","templated":true}]}}