{"id":2236,"date":"2014-12-25T19:06:53","date_gmt":"2014-12-25T17:06:53","guid":{"rendered":"http:\/\/woerrlein-naturfoto.de\/wordpress\/?page_id=2236"},"modified":"2015-02-23T12:54:11","modified_gmt":"2015-02-23T11:54:11","slug":"loeffelente","status":"publish","type":"page","link":"https:\/\/woerrlein-naturfoto.de\/wordpress\/gruendelenten-a-z\/loeffelente\/","title":{"rendered":"L\u00f6ffelente"},"content":{"rendered":"<p><a href=\"http:\/\/woerrlein-naturfoto.de\/wordpress\/voegel\/\"><span style=\"color: #ffff66;\">V\u00f6gel<\/span> <\/a>-&gt;<a href=\"http:\/\/woerrlein-naturfoto.de\/wordpress\/voegel\/gaensevoegel\/\"> <span style=\"color: #ffff66;\">G\u00e4nsev\u00f6gel<\/span> <\/a>-&gt;<a href=\"http:\/\/woerrlein-naturfoto.de\/wordpress\/hauptseite-voegel\/voegel\/gaensevoegel-2\/gruendelenten\/\"> <span style=\"color: #ffff66;\">Gr\u00fcndelenten<\/span><\/a><a title=\"G\u00e4nsev\u00f6gel\" href=\"http:\/\/woerrlein-naturfoto.de\/wordpress\/voegel\/gaensevoegel\/\"><br \/>\n<\/a><a href=\"http:\/\/woerrlein-naturfoto.de\/wordpress\/voegel_von_a-z\/\">V\u00f6gel von A-Z<\/a><br \/>\nzur Galerie <a title=\"Gr\u00fcndelenten\" href=\"http:\/\/woerrlein-naturfoto.de\/wordpress\/hauptseite-voegel\/voegel\/gaensevoegel-2\/gruendelenten\/\">Gr\u00fcndelenten<\/a><code><br \/>\n<\/code><\/p>\n<p><img loading=\"lazy\" decoding=\"async\" class=\"alignleft wp-image-1418\" src=\"http:\/\/woerrlein-naturfoto.de\/wordpress\/wp-content\/uploads\/Loeffelente_19255L_v-600x399.jpg\" alt=\"Loeffelente_19255L_v.jpg\" width=\"600\" height=\"399\" srcset=\"https:\/\/woerrlein-naturfoto.de\/wordpress\/wp-content\/uploads\/Loeffelente_19255L_v-600x399.jpg 600w, https:\/\/woerrlein-naturfoto.de\/wordpress\/wp-content\/uploads\/Loeffelente_19255L_v-120x80.jpg 120w, https:\/\/woerrlein-naturfoto.de\/wordpress\/wp-content\/uploads\/Loeffelente_19255L_v.jpg 1000w\" sizes=\"auto, (max-width: 600px) 100vw, 600px\" \/><\/p>\n<p>Die <b>L\u00f6ffelente<\/b> (<i>Anas clypeata<\/i>) ist eine <a title=\"Holarktis\" href=\"http:\/\/de.wikipedia.org\/wiki\/Holarktis\" target=\"_blank\">holarktisch<\/a> verbreitete Vogelart aus der Familie der Entenv\u00f6gel. Sie ist nur wenig kleiner als die bekannte Stockente. Der Erpel hat im Prachtkleid ein auffallend kontrastreiches Gefieder. In seiner F\u00e4rbung erinnert es entfernt an das der Brandgans. Von dieser ist die L\u00f6ffelente auf Grund ihrer geringeren Gr\u00f6\u00dfe sowie ihres ententypischen Habitus sicher zu unterscheiden. Die L\u00f6ffelente ist im gesamten Mitteleuropa ein verstreuter, im n\u00f6rdlichen Mitteleuropas h\u00e4ufiger Brutvogel. Die Art ist ein Mittelstreckenzieher und kommt w\u00e4hrend des Zuges in weiten Bereichen Mitteleuropas vor. Gebietsweise \u00fcberwintert sie auch im Binnenland. Die L\u00f6ffelente ist nicht sehr scheu und erreicht eine Fluggeschwindigkeit von bis zu 85\u00a0km\/h. Wird sie aufgeschreckt fliegt sie \u00e4hnlich wie die Krickente steil auf. Eine L\u00f6ffelente kann bis zu 20 Jahre alt werden.<\/p>\n<p>L\u00e4nge: 44-52 cm\u00a0\u00a0 Spannweite: 70-85 cm\u00a0\u00a0 Gewicht: 400-850 g\u00a0\u00a0 Gelege: 9-11 Eier<\/p>\n<p>zur Galerie <a title=\"Gr\u00fcndelenten\" href=\"http:\/\/woerrlein-naturfoto.de\/wordpress\/hauptseite-voegel\/voegel\/gaensevoegel-2\/gruendelenten\/\">Gr\u00fcndelenten<\/a><code><br \/>\n<\/code><\/p>\n<p>&nbsp;<\/p>\n<p><em>Quelle des Textauszuges und weitere Infos bei <\/em><a href=\"http:\/\/de.wikipedia.org\/wiki\/L%C3%B6ffelente\" target=\"_blank\">Wikipedia<\/a> <em>(<\/em><a href=\"http:\/\/www.gnu.org\/licenses\/fdl-1.3.txt\" target=\"_blank\">GNU-Lizenz<\/a><em>)<\/em> \u2013 <em>mein Dank gilt den<\/em> <a href=\"http:\/\/de.wikipedia.org\/w\/index.php?title=L%C3%B6ffelente&amp;action=history\" target=\"_blank\">Autoren<\/a>.<\/p>\n","protected":false},"excerpt":{"rendered":"<p>V\u00f6gel -&gt; G\u00e4nsev\u00f6gel -&gt; Gr\u00fcndelenten V\u00f6gel von A-Z zur Galerie Gr\u00fcndelenten Die L\u00f6ffelente (Anas clypeata) ist eine holarktisch verbreitete Vogelart aus der Familie der Entenv\u00f6gel. Sie ist nur wenig kleiner als die bekannte Stockente. Der Erpel hat im Prachtkleid ein auffallend kontrastreiches Gefieder. In seiner F\u00e4rbung erinnert es entfernt an das der Brandgans. Von dieser &hellip; <a href=\"https:\/\/woerrlein-naturfoto.de\/wordpress\/gruendelenten-a-z\/loeffelente\/\" class=\"more-link\"><span class=\"screen-reader-text\">L\u00f6ffelente<\/span> weiterlesen <span class=\"meta-nav\">&rarr;<\/span><\/a><\/p>\n","protected":false},"author":1,"featured_media":0,"parent":2234,"menu_order":0,"comment_status":"closed","ping_status":"closed","template":"page-templates\/full-width.php","meta":{"footnotes":""},"class_list":["post-2236","page","type-page","status-publish","hentry"],"_links":{"self":[{"href":"https:\/\/woerrlein-naturfoto.de\/wordpress\/wp-json\/wp\/v2\/pages\/2236","targetHints":{"allow":["GET"]}}],"collection":[{"href":"https:\/\/woerrlein-naturfoto.de\/wordpress\/wp-json\/wp\/v2\/pages"}],"about":[{"href":"https:\/\/woerrlein-naturfoto.de\/wordpress\/wp-json\/wp\/v2\/types\/page"}],"author":[{"embeddable":true,"href":"https:\/\/woerrlein-naturfoto.de\/wordpress\/wp-json\/wp\/v2\/users\/1"}],"replies":[{"embeddable":true,"href":"https:\/\/woerrlein-naturfoto.de\/wordpress\/wp-json\/wp\/v2\/comments?post=2236"}],"version-history":[{"count":8,"href":"https:\/\/woerrlein-naturfoto.de\/wordpress\/wp-json\/wp\/v2\/pages\/2236\/revisions"}],"predecessor-version":[{"id":6523,"href":"https:\/\/woerrlein-naturfoto.de\/wordpress\/wp-json\/wp\/v2\/pages\/2236\/revisions\/6523"}],"up":[{"embeddable":true,"href":"https:\/\/woerrlein-naturfoto.de\/wordpress\/wp-json\/wp\/v2\/pages\/2234"}],"wp:attachment":[{"href":"https:\/\/woerrlein-naturfoto.de\/wordpress\/wp-json\/wp\/v2\/media?parent=2236"}],"curies":[{"name":"wp","href":"https:\/\/api.w.org\/{rel}","templated":true}]}}