{"id":2224,"date":"2014-12-25T18:35:58","date_gmt":"2014-12-25T16:35:58","guid":{"rendered":"http:\/\/woerrlein-naturfoto.de\/wordpress\/?page_id=2224"},"modified":"2015-02-23T12:53:09","modified_gmt":"2015-02-23T11:53:09","slug":"saatgans","status":"publish","type":"page","link":"https:\/\/woerrlein-naturfoto.de\/wordpress\/gaense-a-z\/saatgans\/","title":{"rendered":"Saatgans"},"content":{"rendered":"<p><a href=\"http:\/\/woerrlein-naturfoto.de\/wordpress\/voegel\/\"><span style=\"color: #ffff66;\">V\u00f6gel<\/span> <\/a>-&gt; <a href=\"http:\/\/woerrlein-naturfoto.de\/wordpress\/voegel\/gaensevoegel\/\"><span style=\"color: #ffff66;\">G\u00e4nsev\u00f6gel<\/span><\/a> -&gt;<a href=\"http:\/\/woerrlein-naturfoto.de\/wordpress\/hauptseite-voegel\/voegel\/gaensevoegel-2\/gaense\/\"> <span style=\"color: #ffff66;\">G\u00e4nse<\/span><\/a><a title=\"G\u00e4nsev\u00f6gel\" href=\"http:\/\/woerrlein-naturfoto.de\/wordpress\/voegel\/gaensevoegel\/\"><br \/>\n<\/a><a href=\"http:\/\/woerrlein-naturfoto.de\/wordpress\/voegel_von_a-z\/\">V\u00f6gel von A-Z<\/a><br \/>\nzur Galerie <a title=\"G\u00e4nse\" href=\"http:\/\/woerrlein-naturfoto.de\/wordpress\/hauptseite-voegel\/voegel\/gaensevoegel-2\/gaense\/\">G\u00e4nse<\/a><code><br \/>\n<\/code><\/p>\n<p><img loading=\"lazy\" decoding=\"async\" class=\"alignleft wp-image-1415\" src=\"http:\/\/woerrlein-naturfoto.de\/wordpress\/wp-content\/uploads\/Saatgaense_30329L_v-600x400.jpg\" alt=\"Saatgaense_30329L_v.jpg\" width=\"600\" height=\"400\" \/><\/p>\n<p>Die <b>Saatgans<\/b> (<i>Anser fabalis<\/i>) oder <b>Rietgans<\/b> ist eine zu den Feldg\u00e4nsen (<i>Anser<\/i>) geh\u00f6rige Echte Gans. Sie sieht der Kurzschnabelgans (<i>Anser brachyrhynchus<\/i>) sehr \u00e4hnlich, diese wird heute aber als eigenst\u00e4ndige Art betrachtet. In freier Wildbahn lassen sie sich an ihrem zweisilbigen Flugruf erkennen, einem laut trompeteten &#8222;kajak, kajak&#8220;. In Deutschland findet sie sich ab Ende September in gro\u00dfer Zahl als Wintergast ein. Die Saatgans ist vor allem im Norden Mitteleuropas ein Durchz\u00fcgler und Wintergast. Vereinzelte Brutansiedelungen, die m\u00f6glicherweise von Gefangenschaftsfl\u00fcchtlingen oder verletzten Wildv\u00f6geln ausgehen, gibt es seit 1993 in den Niederlanden.<br \/>\nDie Nahrung der Saatg\u00e4nse besteht in ihrem Brutgebiet aus Flechten, Gr\u00e4sern, Kr\u00e4utern und Wasserpflanzen, im Herbst auch aus Beeren wie Moos- und Rauschbeeren und Bohnen. In ihren \u00dcberwinterungsgebieten fressen sie Wurzeln, insbesondere der Quecke, Kartoffeln und Getreidek\u00f6rner, Gr\u00e4ser, besonders gerne auch Erntereste von abgeernteten Feldern (insbesondere hochkalorische Zuckerr\u00fcbenschnitzel oder Mais). Saatg\u00e4nse finden sich auch auf Getreidesaaten ein, wo sie bei \u00dcberschreitung des Schwellenwertes von 1500 G\u00e4nsetagen pro Hektar Fra\u00dfsch\u00e4den verursachen k\u00f6nnen. Die Jungv\u00f6gel ern\u00e4hren sich dagegen nicht nur von Bl\u00fcten und Knospen, sondern auch nicht-vegetarisch von Insekten, Weichtieren, kleinen Krebsen und sogar Fischeiern.<\/p>\n<p>L\u00e4nge: 65-80 cm\u00a0\u00a0 Spannweite: 150-175 cm\u00a0\u00a0 Gewicht: 2-4 kg\u00a0\u00a0 Gelege: 4-6 Eier<\/p>\n<p>zur Galerie <a title=\"G\u00e4nse\" href=\"http:\/\/woerrlein-naturfoto.de\/wordpress\/hauptseite-voegel\/voegel\/gaensevoegel-2\/gaense\/\">G\u00e4nse<\/a><code><br \/>\n<\/code><\/p>\n<p>&nbsp;<\/p>\n<p><em>Quelle des Textauszuges und weitere Infos bei <\/em><a href=\"http:\/\/de.wikipedia.org\/wiki\/Saatgans\" target=\"_blank\">Wikipedia<\/a> <em>(<\/em><a href=\"http:\/\/www.gnu.org\/licenses\/fdl-1.3.txt\" target=\"_blank\">GNU-Lizenz<\/a><em>)<\/em> \u2013 <em>mein Dank gilt den<\/em> <a href=\"http:\/\/de.wikipedia.org\/w\/index.php?title=Saatgans&amp;action=history\" target=\"_blank\">Autoren<\/a>.<\/p>\n","protected":false},"excerpt":{"rendered":"<p>V\u00f6gel -&gt; G\u00e4nsev\u00f6gel -&gt; G\u00e4nse V\u00f6gel von A-Z zur Galerie G\u00e4nse Die Saatgans (Anser fabalis) oder Rietgans ist eine zu den Feldg\u00e4nsen (Anser) geh\u00f6rige Echte Gans. Sie sieht der Kurzschnabelgans (Anser brachyrhynchus) sehr \u00e4hnlich, diese wird heute aber als eigenst\u00e4ndige Art betrachtet. In freier Wildbahn lassen sie sich an ihrem zweisilbigen Flugruf erkennen, einem laut &hellip; <a href=\"https:\/\/woerrlein-naturfoto.de\/wordpress\/gaense-a-z\/saatgans\/\" class=\"more-link\"><span class=\"screen-reader-text\">Saatgans<\/span> weiterlesen <span class=\"meta-nav\">&rarr;<\/span><\/a><\/p>\n","protected":false},"author":1,"featured_media":0,"parent":2182,"menu_order":0,"comment_status":"closed","ping_status":"closed","template":"page-templates\/full-width.php","meta":{"footnotes":""},"class_list":["post-2224","page","type-page","status-publish","hentry"],"_links":{"self":[{"href":"https:\/\/woerrlein-naturfoto.de\/wordpress\/wp-json\/wp\/v2\/pages\/2224","targetHints":{"allow":["GET"]}}],"collection":[{"href":"https:\/\/woerrlein-naturfoto.de\/wordpress\/wp-json\/wp\/v2\/pages"}],"about":[{"href":"https:\/\/woerrlein-naturfoto.de\/wordpress\/wp-json\/wp\/v2\/types\/page"}],"author":[{"embeddable":true,"href":"https:\/\/woerrlein-naturfoto.de\/wordpress\/wp-json\/wp\/v2\/users\/1"}],"replies":[{"embeddable":true,"href":"https:\/\/woerrlein-naturfoto.de\/wordpress\/wp-json\/wp\/v2\/comments?post=2224"}],"version-history":[{"count":8,"href":"https:\/\/woerrlein-naturfoto.de\/wordpress\/wp-json\/wp\/v2\/pages\/2224\/revisions"}],"predecessor-version":[{"id":6520,"href":"https:\/\/woerrlein-naturfoto.de\/wordpress\/wp-json\/wp\/v2\/pages\/2224\/revisions\/6520"}],"up":[{"embeddable":true,"href":"https:\/\/woerrlein-naturfoto.de\/wordpress\/wp-json\/wp\/v2\/pages\/2182"}],"wp:attachment":[{"href":"https:\/\/woerrlein-naturfoto.de\/wordpress\/wp-json\/wp\/v2\/media?parent=2224"}],"curies":[{"name":"wp","href":"https:\/\/api.w.org\/{rel}","templated":true}]}}