{"id":2211,"date":"2014-12-25T18:00:52","date_gmt":"2014-12-25T16:00:52","guid":{"rendered":"http:\/\/woerrlein-naturfoto.de\/wordpress\/?page_id=2211"},"modified":"2015-02-23T12:52:46","modified_gmt":"2015-02-23T11:52:46","slug":"ringelgans","status":"publish","type":"page","link":"https:\/\/woerrlein-naturfoto.de\/wordpress\/gaense-a-z\/ringelgans\/","title":{"rendered":"Ringelgans"},"content":{"rendered":"<p><a href=\"http:\/\/woerrlein-naturfoto.de\/wordpress\/voegel\/\"><span style=\"color: #ffff66;\">V\u00f6gel<\/span> <\/a>-&gt; <a href=\"http:\/\/woerrlein-naturfoto.de\/wordpress\/voegel\/gaensevoegel\/\"><span style=\"color: #ffff66;\">G\u00e4nsev\u00f6gel<\/span><\/a> -&gt;<a href=\"http:\/\/woerrlein-naturfoto.de\/wordpress\/hauptseite-voegel\/voegel\/gaensevoegel-2\/gaense\/\"> <span style=\"color: #ffff66;\">G\u00e4nse<\/span><\/a><a title=\"G\u00e4nsev\u00f6gel\" href=\"http:\/\/woerrlein-naturfoto.de\/wordpress\/voegel\/gaensevoegel\/\"><br \/>\n<\/a><a href=\"http:\/\/woerrlein-naturfoto.de\/wordpress\/voegel_von_a-z\/\">V\u00f6gel von A-Z<\/a><br \/>\nzur Galerie <a title=\"G\u00e4nse\" href=\"http:\/\/woerrlein-naturfoto.de\/wordpress\/hauptseite-voegel\/voegel\/gaensevoegel-2\/gaense\/\">G\u00e4nse<\/a><code><br \/>\n<\/code><\/p>\n<p><img loading=\"lazy\" decoding=\"async\" class=\"alignleft wp-image-1413\" src=\"http:\/\/woerrlein-naturfoto.de\/wordpress\/wp-content\/uploads\/Ringelgans_34054L_v-600x400.jpg\" alt=\"Ringelgans_34054L_v.jpg\" width=\"600\" height=\"400\" srcset=\"https:\/\/woerrlein-naturfoto.de\/wordpress\/wp-content\/uploads\/Ringelgans_34054L_v-600x400.jpg 600w, https:\/\/woerrlein-naturfoto.de\/wordpress\/wp-content\/uploads\/Ringelgans_34054L_v-120x80.jpg 120w, https:\/\/woerrlein-naturfoto.de\/wordpress\/wp-content\/uploads\/Ringelgans_34054L_v.jpg 1000w\" sizes=\"auto, (max-width: 600px) 100vw, 600px\" \/><\/p>\n<p>Die <b>Ringelgans<\/b> (<i>Branta bernicla<\/i>) ist eine kleine, gesellig lebende Art der Gattung Meerg\u00e4nse (<i>Branta<\/i>) der Familie der Entenv\u00f6gel. Sie ist die kleinste und dunkelste der Meerg\u00e4nsearten, zu denen neben der Ringelgans die <a title=\"Wei\u00dfwangengans\" href=\"http:\/\/woerrlein-naturfoto.de\/wordpress\/gaense-a-z\/weisswangengans\/\" target=\"_blank\">Nonnengans<\/a>, die Rothalsgans und die <a title=\"Kanadagans\" href=\"http:\/\/woerrlein-naturfoto.de\/wordpress\/gaense-a-z\/kanadagans\/\" target=\"_blank\">Kanadagans<\/a> z\u00e4hlen. Ihr Brutareal ist die arktische K\u00e4ltew\u00fcste und arktische Tundra Eurasiens und Nordamerikas. In Deutschland ist sie Wintergast an der Nordseek\u00fcste. Zu den Besonderheiten der Ringelgans z\u00e4hlt ihre enge Bindung an das Meer und die Meeresk\u00fcste w\u00e4hrend des Zuges und der \u00dcberwinterung. Der deutsche Name der Gans bezieht sich ebenso wie bei der Ringeltaube auf den wei\u00dfen Halsring. Ringelg\u00e4nse leben von kurzer Gras-, Kr\u00e4uter-, Moos- und Flechtenvegetation sowie von Meerespflanzen. Die G\u00e4nse sind bei der Nahrungssuche \u00fcberwiegend an Flachk\u00fcsten des Wattenmeeres gebunden. Ihre Nahrungssuche findet auf Seegras-, Gr\u00fcnalgen und Andelgrasfl\u00e4chen statt. Im Winter nutzen sie regional auch die Gras- und Wintersaatfl\u00e4chen des Binnenlands. Im schleswig-holsteinischen Wattenmeer f\u00fcrchteten die Landwirte im Vorland der K\u00fcste und auf den Halligen den Durchzug der Ringelgans, obwohl sie heute f\u00fcr die verursachten Sch\u00e4den entsch\u00e4digt werden.<\/p>\n<p>L\u00e4nge: 55-60 cm\u00a0\u00a0 Spannweite: 110-120 cm\u00a0\u00a0 Gewicht: 1,5-2 kg\u00a0\u00a0 Gelege: 3-5 Eier<\/p>\n<p>zur Galerie <a title=\"G\u00e4nse\" href=\"http:\/\/woerrlein-naturfoto.de\/wordpress\/hauptseite-voegel\/voegel\/gaensevoegel-2\/gaense\/\">G\u00e4nse<\/a><code><br \/>\n<\/code><\/p>\n<p>&nbsp;<\/p>\n<p><em>Quelle des Textauszuges und weitere Infos bei <\/em><a href=\"http:\/\/de.wikipedia.org\/wiki\/Ringelgans\" target=\"_blank\">Wikipedia<\/a> <em>(<\/em><a href=\"http:\/\/www.gnu.org\/licenses\/fdl-1.3.txt\" target=\"_blank\">GNU-Lizenz<\/a><em>)<\/em> \u2013 <em>mein Dank gilt den<\/em> <a href=\"http:\/\/de.wikipedia.org\/w\/index.php?title=Ringelgans&amp;action=history\" target=\"_blank\">Autoren<\/a>.<\/p>\n","protected":false},"excerpt":{"rendered":"<p>V\u00f6gel -&gt; G\u00e4nsev\u00f6gel -&gt; G\u00e4nse V\u00f6gel von A-Z zur Galerie G\u00e4nse Die Ringelgans (Branta bernicla) ist eine kleine, gesellig lebende Art der Gattung Meerg\u00e4nse (Branta) der Familie der Entenv\u00f6gel. Sie ist die kleinste und dunkelste der Meerg\u00e4nsearten, zu denen neben der Ringelgans die Nonnengans, die Rothalsgans und die Kanadagans z\u00e4hlen. Ihr Brutareal ist die arktische &hellip; <a href=\"https:\/\/woerrlein-naturfoto.de\/wordpress\/gaense-a-z\/ringelgans\/\" class=\"more-link\"><span class=\"screen-reader-text\">Ringelgans<\/span> weiterlesen <span class=\"meta-nav\">&rarr;<\/span><\/a><\/p>\n","protected":false},"author":1,"featured_media":0,"parent":2182,"menu_order":0,"comment_status":"closed","ping_status":"closed","template":"page-templates\/full-width.php","meta":{"footnotes":""},"class_list":["post-2211","page","type-page","status-publish","hentry"],"_links":{"self":[{"href":"https:\/\/woerrlein-naturfoto.de\/wordpress\/wp-json\/wp\/v2\/pages\/2211","targetHints":{"allow":["GET"]}}],"collection":[{"href":"https:\/\/woerrlein-naturfoto.de\/wordpress\/wp-json\/wp\/v2\/pages"}],"about":[{"href":"https:\/\/woerrlein-naturfoto.de\/wordpress\/wp-json\/wp\/v2\/types\/page"}],"author":[{"embeddable":true,"href":"https:\/\/woerrlein-naturfoto.de\/wordpress\/wp-json\/wp\/v2\/users\/1"}],"replies":[{"embeddable":true,"href":"https:\/\/woerrlein-naturfoto.de\/wordpress\/wp-json\/wp\/v2\/comments?post=2211"}],"version-history":[{"count":8,"href":"https:\/\/woerrlein-naturfoto.de\/wordpress\/wp-json\/wp\/v2\/pages\/2211\/revisions"}],"predecessor-version":[{"id":6519,"href":"https:\/\/woerrlein-naturfoto.de\/wordpress\/wp-json\/wp\/v2\/pages\/2211\/revisions\/6519"}],"up":[{"embeddable":true,"href":"https:\/\/woerrlein-naturfoto.de\/wordpress\/wp-json\/wp\/v2\/pages\/2182"}],"wp:attachment":[{"href":"https:\/\/woerrlein-naturfoto.de\/wordpress\/wp-json\/wp\/v2\/media?parent=2211"}],"curies":[{"name":"wp","href":"https:\/\/api.w.org\/{rel}","templated":true}]}}