{"id":2206,"date":"2014-12-25T17:43:08","date_gmt":"2014-12-25T15:43:08","guid":{"rendered":"http:\/\/woerrlein-naturfoto.de\/wordpress\/?page_id=2206"},"modified":"2015-02-23T12:52:19","modified_gmt":"2015-02-23T11:52:19","slug":"kanadagans","status":"publish","type":"page","link":"https:\/\/woerrlein-naturfoto.de\/wordpress\/gaense-a-z\/kanadagans\/","title":{"rendered":"Kanadagans"},"content":{"rendered":"<p><a href=\"http:\/\/woerrlein-naturfoto.de\/wordpress\/voegel\/\"><span style=\"color: #ffff66;\">V\u00f6gel<\/span> <\/a>-&gt; <a href=\"http:\/\/woerrlein-naturfoto.de\/wordpress\/voegel\/gaensevoegel\/\"><span style=\"color: #ffff66;\">G\u00e4nsev\u00f6gel<\/span><\/a> -&gt;<a href=\"http:\/\/woerrlein-naturfoto.de\/wordpress\/hauptseite-voegel\/voegel\/gaensevoegel-2\/gaense\/\"> <span style=\"color: #ffff66;\">G\u00e4nse<\/span><\/a><a title=\"G\u00e4nsev\u00f6gel\" href=\"http:\/\/woerrlein-naturfoto.de\/wordpress\/voegel\/gaensevoegel\/\"><br \/>\n<\/a><a href=\"http:\/\/woerrlein-naturfoto.de\/wordpress\/voegel_von_a-z\/\">V\u00f6gel von A-Z<\/a><br \/>\nzur Galerie <a title=\"G\u00e4nse\" href=\"http:\/\/woerrlein-naturfoto.de\/wordpress\/hauptseite-voegel\/voegel\/gaensevoegel-2\/gaense\/\">G\u00e4nse<\/a><code> <\/code><\/p>\n<p><img loading=\"lazy\" decoding=\"async\" class=\"alignleft wp-image-1457\" src=\"http:\/\/woerrlein-naturfoto.de\/wordpress\/wp-content\/uploads\/Kanadagans_17338_v-600x399.jpg\" alt=\"Kanadagans_17338_v.jpg\" width=\"600\" height=\"399\" \/><\/p>\n<p>Die <b>Kanadagans<\/b> (<i>Branta canadensis<\/i>) ist eine Vogelart aus der Familie der Entenv\u00f6gel und gilt als die weltweit am h\u00e4ufigsten vorkommende Gans. Ihr urspr\u00fcngliches Verbreitungsgebiet ist Nordamerika. Sie ist dort ein Charaktervogel des Tieflandes und br\u00fctet an Binnenseen der Pr\u00e4rie- und Ackerbaugebiete. Ihr in charakteristischer V-Formation erfolgender Zug in die \u00dcberwinterungsquartiere und die R\u00fcckkehr in die Brutreviere im Fr\u00fchjahr sind in Nordamerika Symbole f\u00fcr den Wechsel der Jahreszeiten. In Europa wurde die Kanadagans zum Teil gezielt angesiedelt. Ein gro\u00dfer Teil der heute vor allem in Gro\u00dfbritannien, Irland, Skandinavien und den Niederlanden existierenden Populationen sind auch auf Gefangenschaftsfl\u00fcchtlinge zur\u00fcckzuf\u00fchren. Seit den 1970er Jahren ist sie auch in Deutschland als Brutvogel vertreten. Die Kanadagans wird etwas gr\u00f6\u00dfer als die <a title=\"Graugans\" href=\"http:\/\/woerrlein-naturfoto.de\/wordpress\/gaense-a-z\/graugans\/\" target=\"_blank\">Graugans<\/a> und ist damit die gr\u00f6\u00dfte G\u00e4nseart, die in Europa in freier Wildbahn zu beobachten ist. Kanadag\u00e4nse ben\u00f6tigen Reviere, zu denen Gew\u00e4sser von mittlerer bis gro\u00dfer Gr\u00f6\u00dfe geh\u00f6ren. Diese haben eine Gew\u00e4ssertiefe von mindestens einem Meter und weisen idealerweise auch Inseln auf. Voraussetzung f\u00fcr die Etablierung eines Brutreviers ist ein unmittelbar an das Gew\u00e4sser angrenzendes Gebiet, auf dem die G\u00e4nse weiden k\u00f6nnen, sowie ein weitgehend ungest\u00f6rtes Areal, auf dem die Nester gebaut werden k\u00f6nnen. Kanadag\u00e4nse legen ihre Nester auf festem Grund an und bevorzugen Stellen, von denen aus der br\u00fctende Vogel das angrenzende Gebiet gut beobachten kann.<\/p>\n<p>L\u00e4nge: 90-100 cm\u00a0\u00a0 Spannweite: 150-180 cm\u00a0\u00a0 Gewicht: 4-5 kg\u00a0\u00a0 Gelege: 5-6 Eier<\/p>\n<p>zur Galerie <a title=\"G\u00e4nse\" href=\"http:\/\/woerrlein-naturfoto.de\/wordpress\/hauptseite-voegel\/voegel\/gaensevoegel-2\/gaense\/\">G\u00e4nse<\/a><code><br \/>\n<\/code><\/p>\n<p>&nbsp;<\/p>\n<p><em>Quelle des Textauszuges und weitere Infos bei <\/em><a href=\"http:\/\/de.wikipedia.org\/wiki\/Kanadagans\" target=\"_blank\">Wikipedia<\/a> <em>(<\/em><a href=\"http:\/\/www.gnu.org\/licenses\/fdl-1.3.txt\" target=\"_blank\">GNU-Lizenz<\/a><em>)<\/em> \u2013 <em>mein Dank gilt den<\/em> <a href=\"http:\/\/de.wikipedia.org\/w\/index.php?title=Kanadagans&amp;action=history\" target=\"_blank\">Autoren<\/a>.<\/p>\n","protected":false},"excerpt":{"rendered":"<p>V\u00f6gel -&gt; G\u00e4nsev\u00f6gel -&gt; G\u00e4nse V\u00f6gel von A-Z zur Galerie G\u00e4nse Die Kanadagans (Branta canadensis) ist eine Vogelart aus der Familie der Entenv\u00f6gel und gilt als die weltweit am h\u00e4ufigsten vorkommende Gans. Ihr urspr\u00fcngliches Verbreitungsgebiet ist Nordamerika. Sie ist dort ein Charaktervogel des Tieflandes und br\u00fctet an Binnenseen der Pr\u00e4rie- und Ackerbaugebiete. Ihr in charakteristischer &hellip; <a href=\"https:\/\/woerrlein-naturfoto.de\/wordpress\/gaense-a-z\/kanadagans\/\" class=\"more-link\"><span class=\"screen-reader-text\">Kanadagans<\/span> weiterlesen <span class=\"meta-nav\">&rarr;<\/span><\/a><\/p>\n","protected":false},"author":1,"featured_media":0,"parent":2182,"menu_order":0,"comment_status":"closed","ping_status":"closed","template":"page-templates\/full-width.php","meta":{"footnotes":""},"class_list":["post-2206","page","type-page","status-publish","hentry"],"_links":{"self":[{"href":"https:\/\/woerrlein-naturfoto.de\/wordpress\/wp-json\/wp\/v2\/pages\/2206","targetHints":{"allow":["GET"]}}],"collection":[{"href":"https:\/\/woerrlein-naturfoto.de\/wordpress\/wp-json\/wp\/v2\/pages"}],"about":[{"href":"https:\/\/woerrlein-naturfoto.de\/wordpress\/wp-json\/wp\/v2\/types\/page"}],"author":[{"embeddable":true,"href":"https:\/\/woerrlein-naturfoto.de\/wordpress\/wp-json\/wp\/v2\/users\/1"}],"replies":[{"embeddable":true,"href":"https:\/\/woerrlein-naturfoto.de\/wordpress\/wp-json\/wp\/v2\/comments?post=2206"}],"version-history":[{"count":6,"href":"https:\/\/woerrlein-naturfoto.de\/wordpress\/wp-json\/wp\/v2\/pages\/2206\/revisions"}],"predecessor-version":[{"id":6518,"href":"https:\/\/woerrlein-naturfoto.de\/wordpress\/wp-json\/wp\/v2\/pages\/2206\/revisions\/6518"}],"up":[{"embeddable":true,"href":"https:\/\/woerrlein-naturfoto.de\/wordpress\/wp-json\/wp\/v2\/pages\/2182"}],"wp:attachment":[{"href":"https:\/\/woerrlein-naturfoto.de\/wordpress\/wp-json\/wp\/v2\/media?parent=2206"}],"curies":[{"name":"wp","href":"https:\/\/api.w.org\/{rel}","templated":true}]}}