{"id":2184,"date":"2014-12-25T16:22:20","date_gmt":"2014-12-25T14:22:20","guid":{"rendered":"http:\/\/woerrlein-naturfoto.de\/wordpress\/?page_id=2184"},"modified":"2015-02-23T12:51:40","modified_gmt":"2015-02-23T11:51:40","slug":"graugans","status":"publish","type":"page","link":"https:\/\/woerrlein-naturfoto.de\/wordpress\/gaense-a-z\/graugans\/","title":{"rendered":"Graugans"},"content":{"rendered":"<p><a href=\"http:\/\/woerrlein-naturfoto.de\/wordpress\/voegel\/\"><span style=\"color: #ffff66;\">V\u00f6gel<\/span> <\/a>-&gt; <a href=\"http:\/\/woerrlein-naturfoto.de\/wordpress\/voegel\/gaensevoegel\/\"><span style=\"color: #ffff66;\">G\u00e4nsev\u00f6gel<\/span><\/a> -&gt;<a href=\"http:\/\/woerrlein-naturfoto.de\/wordpress\/hauptseite-voegel\/voegel\/gaensevoegel-2\/gaense\/\"> <span style=\"color: #ffff66;\">G\u00e4nse<br \/>\n<\/span><\/a><a href=\"http:\/\/woerrlein-naturfoto.de\/wordpress\/voegel_von_a-z\/\">V\u00f6gel von A-Z<\/a><br \/>\nzur Galerie <a title=\"G\u00e4nse\" href=\"http:\/\/woerrlein-naturfoto.de\/wordpress\/hauptseite-voegel\/voegel\/gaensevoegel-2\/gaense\/\">G\u00e4nse<\/a><code><br \/>\n<\/code><\/p>\n<p><img loading=\"lazy\" decoding=\"async\" class=\" wp-image-1403 alignleft\" src=\"http:\/\/woerrlein-naturfoto.de\/wordpress\/wp-content\/uploads\/Graugans_53820_v-600x400.jpg\" alt=\"Graugans_53820_v.jpg\" width=\"600\" height=\"400\" \/>Die <strong>Graugans<\/strong> (<em>Anser anser<\/em>) ist eine Art der Gattung Feldg\u00e4nse in der Familie der Entenv\u00f6gel. Graug\u00e4nse z\u00e4hlen zu den h\u00e4ufigsten Wasserv\u00f6geln und sind die zweitgr\u00f6\u00dfte G\u00e4nseart in Europa. Sie sind die wilden Vorfahren der domestizierten Hausg\u00e4nse. Die Graugans ist ein Brutvogel Nord- und Osteuropas sowie Asiens. Graug\u00e4nse k\u00f6nnen bis zu 17 Jahre alt werden. Bekanntester Laut ist das auch von Hausg\u00e4nsen bekannte \u201ega-ga-ga\u201c, jedoch verf\u00fcgt die sehr rufaktive Graugans \u00fcber mehr als ein Dutzend verschiedener Laut\u00e4u\u00dferungen. Dabei gibt es individuelle Unterschiede. Einige Graug\u00e4nse rufen immer in einer sehr hohen Kopfstimme, w\u00e4hrend andere eher ger\u00e4uschhaft knarrende Laute von sich geben.<br \/>\nIhre Nahrung suchen Graug\u00e4nse haupts\u00e4chlich weidend an Land. Mitunter finden sie ihre Nahrung auch schwimmend, gr\u00fcndeln aber nur sehr selten. Graug\u00e4nse leben von Pflanzen, sowohl Land- wie auch Wasserpflanzen, dabei haupts\u00e4chlich von kurzen Gr\u00e4sern und Kr\u00e4utern sowie in geringerem Umfang von Stauden und Wurzeln. Sie sind in der Lage, mit ihrem Schnabel unterirdische Pflanzenteile auszugraben. Im Herbst suchen Graug\u00e4nse bevorzugt Maisstoppelfelder auf, auf denen sie energiereiche K\u00f6rnernahrung finden.<\/p>\n<p>L\u00e4nge: 75-90 cm\u00a0\u00a0 Spannweite: 150-180 cm\u00a0\u00a0 Gewicht: 3-4 kg\u00a0\u00a0 Gelege: 4-6 Eier<\/p>\n<p>zur Galerie <a title=\"G\u00e4nse\" href=\"http:\/\/woerrlein-naturfoto.de\/wordpress\/hauptseite-voegel\/voegel\/gaensevoegel-2\/gaense\/\">G\u00e4nse<\/a><code><br \/>\n<\/code><\/p>\n<p>&nbsp;<\/p>\n<p><em>Quelle des Textauszuges und weitere Infos bei <\/em><a href=\"http:\/\/de.wikipedia.org\/wiki\/Graugans\" target=\"_blank\">Wikipedia<\/a> <em>(<\/em><a href=\"http:\/\/www.gnu.org\/licenses\/fdl-1.3.txt\" target=\"_blank\">GNU-Lizenz<\/a><em>)<\/em> \u2013 <em>mein Dank gilt den<\/em> <a href=\"http:\/\/de.wikipedia.org\/w\/index.php?title=Graugans&amp;action=history\" target=\"_blank\">Autoren<\/a>.<\/p>\n","protected":false},"excerpt":{"rendered":"<p>V\u00f6gel -&gt; G\u00e4nsev\u00f6gel -&gt; G\u00e4nse V\u00f6gel von A-Z zur Galerie G\u00e4nse Die Graugans (Anser anser) ist eine Art der Gattung Feldg\u00e4nse in der Familie der Entenv\u00f6gel. Graug\u00e4nse z\u00e4hlen zu den h\u00e4ufigsten Wasserv\u00f6geln und sind die zweitgr\u00f6\u00dfte G\u00e4nseart in Europa. Sie sind die wilden Vorfahren der domestizierten Hausg\u00e4nse. Die Graugans ist ein Brutvogel Nord- und Osteuropas &hellip; <a href=\"https:\/\/woerrlein-naturfoto.de\/wordpress\/gaense-a-z\/graugans\/\" class=\"more-link\"><span class=\"screen-reader-text\">Graugans<\/span> weiterlesen <span class=\"meta-nav\">&rarr;<\/span><\/a><\/p>\n","protected":false},"author":1,"featured_media":0,"parent":2182,"menu_order":0,"comment_status":"closed","ping_status":"closed","template":"page-templates\/full-width.php","meta":{"footnotes":""},"class_list":["post-2184","page","type-page","status-publish","hentry"],"_links":{"self":[{"href":"https:\/\/woerrlein-naturfoto.de\/wordpress\/wp-json\/wp\/v2\/pages\/2184","targetHints":{"allow":["GET"]}}],"collection":[{"href":"https:\/\/woerrlein-naturfoto.de\/wordpress\/wp-json\/wp\/v2\/pages"}],"about":[{"href":"https:\/\/woerrlein-naturfoto.de\/wordpress\/wp-json\/wp\/v2\/types\/page"}],"author":[{"embeddable":true,"href":"https:\/\/woerrlein-naturfoto.de\/wordpress\/wp-json\/wp\/v2\/users\/1"}],"replies":[{"embeddable":true,"href":"https:\/\/woerrlein-naturfoto.de\/wordpress\/wp-json\/wp\/v2\/comments?post=2184"}],"version-history":[{"count":16,"href":"https:\/\/woerrlein-naturfoto.de\/wordpress\/wp-json\/wp\/v2\/pages\/2184\/revisions"}],"predecessor-version":[{"id":6516,"href":"https:\/\/woerrlein-naturfoto.de\/wordpress\/wp-json\/wp\/v2\/pages\/2184\/revisions\/6516"}],"up":[{"embeddable":true,"href":"https:\/\/woerrlein-naturfoto.de\/wordpress\/wp-json\/wp\/v2\/pages\/2182"}],"wp:attachment":[{"href":"https:\/\/woerrlein-naturfoto.de\/wordpress\/wp-json\/wp\/v2\/media?parent=2184"}],"curies":[{"name":"wp","href":"https:\/\/api.w.org\/{rel}","templated":true}]}}