{"id":213,"date":"2014-04-02T23:07:18","date_gmt":"2014-04-02T21:07:18","guid":{"rendered":"http:\/\/woerrlein-naturfoto.de\/wordpress\/?page_id=213"},"modified":"2015-02-18T12:46:00","modified_gmt":"2015-02-18T11:46:00","slug":"blaukehlchen","status":"publish","type":"page","link":"https:\/\/woerrlein-naturfoto.de\/wordpress\/drosseln_a-z\/blaukehlchen\/","title":{"rendered":"Blaukehlchen"},"content":{"rendered":"<p><a href=\"http:\/\/woerrlein-naturfoto.de\/wordpress\/voegel\/\"><span style=\"color: #ffff66;\">V\u00f6gel<\/span> <\/a>-&gt;<a href=\"http:\/\/woerrlein-naturfoto.de\/wordpress\/voegel\/sperlingsvoegel\/\"> <span style=\"color: #ffff66;\">Sperlingsv\u00f6gel<\/span><\/a> -&gt;<a href=\"http:\/\/woerrlein-naturfoto.de\/wordpress\/hauptseite-voegel\/voegel\/sperlingsvoegel\/drosseln\"> <span style=\"color: #ffff66;\">Drosseln<\/span><\/a><a href=\"http:\/\/woerrlein-naturfoto.de\/wordpress\/voegel\/sperlingsvoegel\/drosseln\"><br \/>\n<\/a><a title=\"V\u00f6gel von A-Z\" href=\"http:\/\/woerrlein-naturfoto.de\/wordpress\/voegel\/voegel_von_a-z\/\">V\u00f6gel von A-Z<\/a><br \/>\nZur Galerie <a href=\"http:\/\/woerrlein-naturfoto.de\/wordpress\/hauptseite-voegel\/voegel\/sperlingsvoegel\/drosseln\">Drosseln<\/a><\/p>\n<p><img loading=\"lazy\" decoding=\"async\" class=\" wp-image-173 alignleft\" src=\"http:\/\/woerrlein-naturfoto.de\/wordpress\/wp-content\/uploads\/Blaukehlchen_34150L_V1-600x400.jpg\" alt=\"Blaukehlchen_34150L_V\" width=\"600\" height=\"400\" \/><\/p>\n<p>Das<b> Blaukehlchen<\/b> <em>(Luscinia svecica) <\/em>wird in vielen B\u00fcchern den\u00a0 Drosseln zugerechnet. Namensgebend ist die auffallende Blauf\u00e4rbung von Kehle und Vorderbrust, die das M\u00e4nnchen im Brutkleid zeigt. Je nach Unterart befindet sich auf diesem Grund ein zentraler wei\u00dfer oder roter \u201eStern\u201c. Das Blaukehlchen besiedelt busch- oder r\u00f6hrichtbestandene Biotope meist an sehr feuchten Standorten und ern\u00e4hrt sich \u00fcberwiegend von Insekten. Es kommt in weiten Teilen der Pal\u00e4arktis vor und hat jenseits der Beringstra\u00dfe auch einen Teil Nordalaskas besiedelt. In Europa ist das Verbreitungsgebiet stark zergliedert und die Art vielerorts durch Mangel an geeignetem Lebensraum bedroht. Das Blaukehlchen ist ein Zugvogel &#8211; die europ\u00e4ischen Blaukehlchen \u00fcberwintern in S\u00fcdspanien, Nordafrika, s\u00fcdlich der Sahara und in S\u00fcdasien, wobei das Wei\u00dfsternige Blaukehlchen eher ein Kurz- oder Mittelstreckenzieher und das Rotsternige Blaukehlchen Langstreckenzieher ist.<\/p>\n<p>L\u00e4nge: 14 cm\u00a0\u00a0 Spannweite: 20-23 cm\u00a0\u00a0 Gewicht: 15-25 g\u00a0\u00a0 Gelege: 5-6 Eier<\/p>\n<p>Zur Galerie <a href=\"http:\/\/woerrlein-naturfoto.de\/wordpress\/hauptseite-voegel\/voegel\/sperlingsvoegel\/drosseln\">Drosseln<\/a><\/p>\n<p>&nbsp;<\/p>\n<p><em>Quelle des Textauszuges und weitere Infos bei <\/em><a href=\"http:\/\/de.wikipedia.org\/wiki\/Blaukehlchen\" target=\"_blank\">Wikipedia<\/a> <em>(<\/em><a href=\"http:\/\/www.gnu.org\/licenses\/fdl-1.3.txt\" target=\"_blank\">GNU-Lizenz<\/a><em>)<\/em> \u2013 <em>mein Dank gilt den<\/em> <a href=\"http:\/\/de.wikipedia.org\/w\/index.php?title=Blaukehlchen&amp;action=history\" target=\"_blank\">Autoren<\/a>.<\/p>\n","protected":false},"excerpt":{"rendered":"<p>V\u00f6gel -&gt; Sperlingsv\u00f6gel -&gt; Drosseln V\u00f6gel von A-Z Zur Galerie Drosseln Das Blaukehlchen (Luscinia svecica) wird in vielen B\u00fcchern den\u00a0 Drosseln zugerechnet. Namensgebend ist die auffallende Blauf\u00e4rbung von Kehle und Vorderbrust, die das M\u00e4nnchen im Brutkleid zeigt. Je nach Unterart befindet sich auf diesem Grund ein zentraler wei\u00dfer oder roter \u201eStern\u201c. Das Blaukehlchen besiedelt busch- &hellip; <a href=\"https:\/\/woerrlein-naturfoto.de\/wordpress\/drosseln_a-z\/blaukehlchen\/\" class=\"more-link\"><span class=\"screen-reader-text\">Blaukehlchen<\/span> weiterlesen <span class=\"meta-nav\">&rarr;<\/span><\/a><\/p>\n","protected":false},"author":1,"featured_media":0,"parent":211,"menu_order":0,"comment_status":"closed","ping_status":"closed","template":"page-templates\/full-width.php","meta":{"footnotes":""},"class_list":["post-213","page","type-page","status-publish","hentry"],"_links":{"self":[{"href":"https:\/\/woerrlein-naturfoto.de\/wordpress\/wp-json\/wp\/v2\/pages\/213","targetHints":{"allow":["GET"]}}],"collection":[{"href":"https:\/\/woerrlein-naturfoto.de\/wordpress\/wp-json\/wp\/v2\/pages"}],"about":[{"href":"https:\/\/woerrlein-naturfoto.de\/wordpress\/wp-json\/wp\/v2\/types\/page"}],"author":[{"embeddable":true,"href":"https:\/\/woerrlein-naturfoto.de\/wordpress\/wp-json\/wp\/v2\/users\/1"}],"replies":[{"embeddable":true,"href":"https:\/\/woerrlein-naturfoto.de\/wordpress\/wp-json\/wp\/v2\/comments?post=213"}],"version-history":[{"count":30,"href":"https:\/\/woerrlein-naturfoto.de\/wordpress\/wp-json\/wp\/v2\/pages\/213\/revisions"}],"predecessor-version":[{"id":6319,"href":"https:\/\/woerrlein-naturfoto.de\/wordpress\/wp-json\/wp\/v2\/pages\/213\/revisions\/6319"}],"up":[{"embeddable":true,"href":"https:\/\/woerrlein-naturfoto.de\/wordpress\/wp-json\/wp\/v2\/pages\/211"}],"wp:attachment":[{"href":"https:\/\/woerrlein-naturfoto.de\/wordpress\/wp-json\/wp\/v2\/media?parent=213"}],"curies":[{"name":"wp","href":"https:\/\/api.w.org\/{rel}","templated":true}]}}