{"id":20990,"date":"2026-01-18T17:30:13","date_gmt":"2026-01-18T16:30:13","guid":{"rendered":"https:\/\/woerrlein-naturfoto.de\/wordpress\/?page_id=20990"},"modified":"2026-01-18T18:16:47","modified_gmt":"2026-01-18T17:16:47","slug":"20990-2","status":"publish","type":"page","link":"https:\/\/woerrlein-naturfoto.de\/wordpress\/edelfalter-a-z\/20990-2\/","title":{"rendered":"Kleiner Mohrenfalter"},"content":{"rendered":"<p><span style=\"color: #ffff00;\"><a href=\"http:\/\/woerrlein-naturfoto.de\/wordpress\/insekten\/\"><span style=\"color: #ffff66;\"><span style=\"color: #ffff00;\">Insekten<\/span><\/span><\/a><\/span> -&gt; <span style=\"color: #ffff00;\"><a href=\"http:\/\/woerrlein-naturfoto.de\/wordpress\/hauptseite-insekten\/insekten\/schmetterlinge-2\/\"><span style=\"color: #ffff66;\"><span style=\"color: #ffff00;\">Schmetterlinge<\/span><\/span><\/a><\/span>-&gt;<a href=\"https:\/\/woerrlein-naturfoto.de\/wordpress\/hauptseite-insekten\/insekten\/schmetterlinge-2\/edelfalter\/\"><span style=\"color: #ffff66;\"><span style=\"color: #ffff00;\">Edelfalter<\/span><\/span><\/a><br \/>\n<a title=\"Insekten A-Z\" href=\"http:\/\/woerrlein-naturfoto.de\/wordpress\/insekten-a-z\/\">Insekten von A-Z<\/a><br \/>\nzur Galerie <a href=\"https:\/\/woerrlein-naturfoto.de\/wordpress\/hauptseite-insekten\/insekten\/schmetterlinge-2\/edelfalter\/\">Edelfalter<\/a><\/p>\n<p><img loading=\"lazy\" decoding=\"async\" class=\"alignleft wp-image-20916\" src=\"https:\/\/woerrlein-naturfoto.de\/wordpress\/wp-content\/uploads\/2019\/10\/KleinerMohrenfalter_AW48470L.jpg\" alt=\"\" width=\"600\" height=\"400\" srcset=\"https:\/\/woerrlein-naturfoto.de\/wordpress\/wp-content\/uploads\/2019\/10\/KleinerMohrenfalter_AW48470L.jpg 1000w, https:\/\/woerrlein-naturfoto.de\/wordpress\/wp-content\/uploads\/2019\/10\/KleinerMohrenfalter_AW48470L-600x400.jpg 600w, https:\/\/woerrlein-naturfoto.de\/wordpress\/wp-content\/uploads\/2019\/10\/KleinerMohrenfalter_AW48470L-768x512.jpg 768w, https:\/\/woerrlein-naturfoto.de\/wordpress\/wp-content\/uploads\/2019\/10\/KleinerMohrenfalter_AW48470L-120x80.jpg 120w\" sizes=\"auto, (max-width: 600px) 100vw, 600px\" \/>Der Kleine Mohrenfalter (<i>Erebia melampus<\/i>) geh\u00f6rt zu der gro\u00dfen Gruppe der Mohrenfalter, welche auf dunklen Fl\u00fcgeln orangefarbene Binden und Punkte haben und nur schwer voneinander zu unterscheiden sind. Bei dieser Art sind &#8211; neben der geringen Gr\u00f6\u00dfe &#8211; in den Binden der Vorderfl\u00fcgel einige schwarze Punkte zu sehen, welches als Erkennungsmerkmal dient. Die Flecken auf den Hinterfl\u00fcgeln sind in einer gebogenen Reihe und mehr oder weniger punktiert. Die Fl\u00fcgelunterseiten sind charakteristisch mit r\u00f6tlichen Flecken versehen, die jeweils einen scharzen Punkt aufweisene und erleichter die Zuordnung der Art.<br \/>\nDer Falter fliegt in den Alpen, auf Grasland\/Matten und scheint relativ anspruchslos zu sein. Die Raupen ern\u00e4hren sich u.a. von Schaft-Schwingel (<i>Festuca ovina<\/i>), das Hain-Rispengras (<i>Poa nemoralis<\/i>) und Gew\u00f6hnliche Ruchgras (<i>Anthoxanthum odoratum<\/i>), aber sicher auch noch von weiteren Grasarten.<\/p>\n<p><strong>Flugzeit:<\/strong>\u00a0 \u00a0 \u00a0 Juli bis September<\/p>\n<p>Zur Galerie <a href=\"https:\/\/woerrlein-naturfoto.de\/wordpress\/hauptseite-insekten\/insekten\/schmetterlinge-2\/edelfalter\/\">Edelfalter<\/a><\/p>\n<p><em>Quelle des Textauszuges und weitere Infos bei <\/em><a href=\"https:\/\/www.deutschlands-natur.de\/tierarten\/tagfalter\/kleiner-mohrenfalter\/\" target=\"_blank\" rel=\"noopener\">Deutschlands Natur<\/a>.<\/p>\n","protected":false},"excerpt":{"rendered":"<p>Insekten -&gt; Schmetterlinge-&gt;Edelfalter Insekten von A-Z zur Galerie Edelfalter Der Kleine Mohrenfalter (Erebia melampus) geh\u00f6rt zu der gro\u00dfen Gruppe der Mohrenfalter, welche auf dunklen Fl\u00fcgeln orangefarbene Binden und Punkte haben und nur schwer voneinander zu unterscheiden sind. Bei dieser Art sind &#8211; neben der geringen Gr\u00f6\u00dfe &#8211; in den Binden der Vorderfl\u00fcgel einige schwarze Punkte &hellip; <a href=\"https:\/\/woerrlein-naturfoto.de\/wordpress\/edelfalter-a-z\/20990-2\/\" class=\"more-link\"><span class=\"screen-reader-text\">Kleiner Mohrenfalter<\/span> weiterlesen <span class=\"meta-nav\">&rarr;<\/span><\/a><\/p>\n","protected":false},"author":1,"featured_media":0,"parent":11134,"menu_order":0,"comment_status":"closed","ping_status":"closed","template":"page-templates\/full-width.php","meta":{"footnotes":""},"class_list":["post-20990","page","type-page","status-publish","hentry"],"_links":{"self":[{"href":"https:\/\/woerrlein-naturfoto.de\/wordpress\/wp-json\/wp\/v2\/pages\/20990","targetHints":{"allow":["GET"]}}],"collection":[{"href":"https:\/\/woerrlein-naturfoto.de\/wordpress\/wp-json\/wp\/v2\/pages"}],"about":[{"href":"https:\/\/woerrlein-naturfoto.de\/wordpress\/wp-json\/wp\/v2\/types\/page"}],"author":[{"embeddable":true,"href":"https:\/\/woerrlein-naturfoto.de\/wordpress\/wp-json\/wp\/v2\/users\/1"}],"replies":[{"embeddable":true,"href":"https:\/\/woerrlein-naturfoto.de\/wordpress\/wp-json\/wp\/v2\/comments?post=20990"}],"version-history":[{"count":4,"href":"https:\/\/woerrlein-naturfoto.de\/wordpress\/wp-json\/wp\/v2\/pages\/20990\/revisions"}],"predecessor-version":[{"id":20995,"href":"https:\/\/woerrlein-naturfoto.de\/wordpress\/wp-json\/wp\/v2\/pages\/20990\/revisions\/20995"}],"up":[{"embeddable":true,"href":"https:\/\/woerrlein-naturfoto.de\/wordpress\/wp-json\/wp\/v2\/pages\/11134"}],"wp:attachment":[{"href":"https:\/\/woerrlein-naturfoto.de\/wordpress\/wp-json\/wp\/v2\/media?parent=20990"}],"curies":[{"name":"wp","href":"https:\/\/api.w.org\/{rel}","templated":true}]}}