{"id":20884,"date":"2025-12-19T17:45:09","date_gmt":"2025-12-19T16:45:09","guid":{"rendered":"https:\/\/woerrlein-naturfoto.de\/wordpress\/?page_id=20884"},"modified":"2025-12-19T17:45:09","modified_gmt":"2025-12-19T16:45:09","slug":"mittelmeermoewe","status":"publish","type":"page","link":"https:\/\/woerrlein-naturfoto.de\/wordpress\/moewen-a-z\/mittelmeermoewe\/","title":{"rendered":"Mittelmeerm\u00f6we"},"content":{"rendered":"<p><a href=\"http:\/\/woerrlein-naturfoto.de\/wordpress\/voegel\/\"><span style=\"color: #ffff66;\">V\u00f6gel<\/span> <\/a>-&gt;<a href=\"http:\/\/woerrlein-naturfoto.de\/wordpress\/hauptseite-voegel\/voegel\/watvoegel-2\"> <span style=\"color: #ffff66;\">Watv\u00f6gel<\/span> <\/a>-&gt;<a href=\"http:\/\/woerrlein-naturfoto.de\/wordpress\/hauptseite-voegel\/voegel\/watvoegel\/moewen-2\/\"> <span style=\"color: #ffff66;\">M\u00f6wen<\/span><\/a><br \/>\n<a title=\"V\u00f6gel von A-Z\" href=\"http:\/\/woerrlein-naturfoto.de\/wordpress\/voegel\/voegel_von_a-z\/\">V\u00f6gel von A-Z<\/a><br \/>\nZur Galerie <a title=\"M\u00f6wen\" href=\"http:\/\/woerrlein-naturfoto.de\/wordpress\/hauptseite-voegel\/voegel\/watvoegel\/moewen-2\/\">M\u00f6wen<\/a><\/p>\n<p><img loading=\"lazy\" decoding=\"async\" class=\"alignleft wp-image-20766\" src=\"https:\/\/woerrlein-naturfoto.de\/wordpress\/wp-content\/uploads\/2014\/08\/Mittelmeermoewe_AW51560L.jpg\" alt=\"\" width=\"600\" height=\"400\" srcset=\"https:\/\/woerrlein-naturfoto.de\/wordpress\/wp-content\/uploads\/2014\/08\/Mittelmeermoewe_AW51560L.jpg 1000w, https:\/\/woerrlein-naturfoto.de\/wordpress\/wp-content\/uploads\/2014\/08\/Mittelmeermoewe_AW51560L-600x400.jpg 600w, https:\/\/woerrlein-naturfoto.de\/wordpress\/wp-content\/uploads\/2014\/08\/Mittelmeermoewe_AW51560L-768x512.jpg 768w, https:\/\/woerrlein-naturfoto.de\/wordpress\/wp-content\/uploads\/2014\/08\/Mittelmeermoewe_AW51560L-120x80.jpg 120w\" sizes=\"auto, (max-width: 600px) 100vw, 600px\" \/>Die <b>Mittelmeerm\u00f6we<\/b> (<i>Larus michahellis<\/i>) ist eine Vogelart innerhalb der M\u00f6wen. Sie br\u00fctet in Makaronesien, an der Biskaya, auf der Iberischen Halbinsel, im Mittelmeer- und im Schwarzmeerraum. Zerstreute Vorkommen gibt es auch im n\u00f6rdlichen West- und Mitteleuropa.<br \/>\nDie Mittelmeerm\u00f6we ist kleiner als die sehr \u00e4hnliche Silberm\u00f6we. Die Art ist insgesamt kompakter gebaut und zeigt einen kr\u00e4ftigeren, vorne etwas stumpferen, st\u00e4rker gerundeten Schnabel. Der Kopf wirkt gr\u00f6\u00dfer, vorne gew\u00f6lbter und auf dem Scheitel flacher. Der Hinterleib ist insgesamt schlanker, die Fl\u00fcgelspitzen reichen beim sitzenden Vogel 5\u20137\u00a0cm \u00fcber den Schwanz hinaus. Die Beine sind verh\u00e4ltnism\u00e4\u00dfig lang, der Vogel wirkt also hochbeiniger. Junge Mittelmeerm\u00f6wen wechseln im vierten Lebensjahr in das Adultkleid. Ein Sexualdimorphismus besteht nicht.<\/p>\n<p>L\u00e4nge: 52-58 cm\u00a0\u00a0 Spannweite: 120\u2013140 cm<\/p>\n<p>Zur Galerie <a title=\"M\u00f6wen\" href=\"http:\/\/woerrlein-naturfoto.de\/wordpress\/hauptseite-voegel\/voegel\/watvoegel\/moewen-2\/\">M\u00f6wen<\/a><\/p>\n<p><em>Quelle des Textauszuges und weitere Infos bei <\/em><a href=\"https:\/\/de.wikipedia.org\/wiki\/Mittelmeerm%C3%B6we\" target=\"_blank\" rel=\"noopener\">Wikipedia<\/a> <em>(<\/em><a href=\"http:\/\/www.gnu.org\/licenses\/fdl-1.3.txt\" target=\"_blank\" rel=\"noopener\">GNU-Lizenz<\/a><em>)<\/em> \u2013 <em>mein Dank gilt den<\/em> <a href=\"https:\/\/de.wikipedia.org\/w\/index.php?title=Mittelmeerm%C3%B6we&amp;action=history\" target=\"_blank\" rel=\"noopener\">Autoren<\/a>.<\/p>\n","protected":false},"excerpt":{"rendered":"<p>V\u00f6gel -&gt; Watv\u00f6gel -&gt; M\u00f6wen V\u00f6gel von A-Z Zur Galerie M\u00f6wen Die Mittelmeerm\u00f6we (Larus michahellis) ist eine Vogelart innerhalb der M\u00f6wen. Sie br\u00fctet in Makaronesien, an der Biskaya, auf der Iberischen Halbinsel, im Mittelmeer- und im Schwarzmeerraum. Zerstreute Vorkommen gibt es auch im n\u00f6rdlichen West- und Mitteleuropa. Die Mittelmeerm\u00f6we ist kleiner als die sehr \u00e4hnliche &hellip; <a href=\"https:\/\/woerrlein-naturfoto.de\/wordpress\/moewen-a-z\/mittelmeermoewe\/\" class=\"more-link\"><span class=\"screen-reader-text\">Mittelmeerm\u00f6we<\/span> weiterlesen <span class=\"meta-nav\">&rarr;<\/span><\/a><\/p>\n","protected":false},"author":1,"featured_media":0,"parent":961,"menu_order":0,"comment_status":"closed","ping_status":"closed","template":"page-templates\/full-width.php","meta":{"footnotes":""},"class_list":["post-20884","page","type-page","status-publish","hentry"],"_links":{"self":[{"href":"https:\/\/woerrlein-naturfoto.de\/wordpress\/wp-json\/wp\/v2\/pages\/20884","targetHints":{"allow":["GET"]}}],"collection":[{"href":"https:\/\/woerrlein-naturfoto.de\/wordpress\/wp-json\/wp\/v2\/pages"}],"about":[{"href":"https:\/\/woerrlein-naturfoto.de\/wordpress\/wp-json\/wp\/v2\/types\/page"}],"author":[{"embeddable":true,"href":"https:\/\/woerrlein-naturfoto.de\/wordpress\/wp-json\/wp\/v2\/users\/1"}],"replies":[{"embeddable":true,"href":"https:\/\/woerrlein-naturfoto.de\/wordpress\/wp-json\/wp\/v2\/comments?post=20884"}],"version-history":[{"count":1,"href":"https:\/\/woerrlein-naturfoto.de\/wordpress\/wp-json\/wp\/v2\/pages\/20884\/revisions"}],"predecessor-version":[{"id":20885,"href":"https:\/\/woerrlein-naturfoto.de\/wordpress\/wp-json\/wp\/v2\/pages\/20884\/revisions\/20885"}],"up":[{"embeddable":true,"href":"https:\/\/woerrlein-naturfoto.de\/wordpress\/wp-json\/wp\/v2\/pages\/961"}],"wp:attachment":[{"href":"https:\/\/woerrlein-naturfoto.de\/wordpress\/wp-json\/wp\/v2\/media?parent=20884"}],"curies":[{"name":"wp","href":"https:\/\/api.w.org\/{rel}","templated":true}]}}