{"id":20874,"date":"2025-12-19T13:12:47","date_gmt":"2025-12-19T12:12:47","guid":{"rendered":"https:\/\/woerrlein-naturfoto.de\/wordpress\/?page_id=20874"},"modified":"2025-12-19T16:53:38","modified_gmt":"2025-12-19T15:53:38","slug":"habicht","status":"publish","type":"page","link":"https:\/\/woerrlein-naturfoto.de\/wordpress\/greifvoegel-a-z\/habicht\/","title":{"rendered":"Habicht"},"content":{"rendered":"<p><a href=\"http:\/\/woerrlein-naturfoto.de\/wordpress\/voegel\/\"><span style=\"color: #ffff66;\">V\u00f6gel<\/span> <\/a>-&gt;<a href=\"http:\/\/woerrlein-naturfoto.de\/wordpress\/hauptseite-voegel\/voegel\/greifvoegel\/\"> <span style=\"color: #ffff66;\">Greifv\u00f6gel<\/span><\/a><br \/>\n<a href=\"http:\/\/woerrlein-naturfoto.de\/wordpress\/voegel_von_a-z\/\">V\u00f6gel von A-Z<\/a><br \/>\nzur Galerie <a title=\"Greifv\u00f6gel\" href=\"http:\/\/woerrlein-naturfoto.de\/wordpress\/hauptseite-voegel\/voegel\/greifvoegel\/\">Greifv\u00f6gel<\/a><\/p>\n<p><img loading=\"lazy\" decoding=\"async\" class=\"alignleft wp-image-20796\" src=\"https:\/\/woerrlein-naturfoto.de\/wordpress\/wp-content\/uploads\/2014\/12\/Habicht_250908_7132.jpg\" alt=\"\" width=\"600\" height=\"400\" srcset=\"https:\/\/woerrlein-naturfoto.de\/wordpress\/wp-content\/uploads\/2014\/12\/Habicht_250908_7132.jpg 1000w, https:\/\/woerrlein-naturfoto.de\/wordpress\/wp-content\/uploads\/2014\/12\/Habicht_250908_7132-600x400.jpg 600w, https:\/\/woerrlein-naturfoto.de\/wordpress\/wp-content\/uploads\/2014\/12\/Habicht_250908_7132-768x512.jpg 768w, https:\/\/woerrlein-naturfoto.de\/wordpress\/wp-content\/uploads\/2014\/12\/Habicht_250908_7132-120x80.jpg 120w\" sizes=\"auto, (max-width: 600px) 100vw, 600px\" \/><\/p>\n<p>Der <b>Habicht<\/b> (<i>Astur gentilis<\/i>) ist ein Greifvogel, der zur Familie der Habichtartigen geh\u00f6rt. Das Verbreitungsgebiet der Art umfasst die arktischen bis subtropischen Zonen der <a title=\"Pal\u00e4arktis\" href=\"https:\/\/de.wikipedia.org\/wiki\/Pal%C3%A4arktis\" target=\"_blank\" rel=\"noopener\">Pal\u00e4arktis<\/a>. Habichte ern\u00e4hren sich \u00fcberwiegend von kleinen bis mittelgro\u00dfen V\u00f6geln und S\u00e4ugetieren bis zu einem Gewicht von etwa 1,0\u00a0kg. Die Art ist nicht gef\u00e4hrdet.<br \/>\nDer <a title=\"Naturschutzbund Deutschland\" href=\"https:\/\/de.wikipedia.org\/wiki\/Naturschutzbund_Deutschland\" target=\"_blank\" rel=\"noopener\">Naturschutzbund Deutschland<\/a> und der <a class=\"mw-redirect\" title=\"Landesbund f\u00fcr Vogelschutz in Bayern\" href=\"https:\/\/de.wikipedia.org\/wiki\/Landesbund_f%C3%BCr_Vogelschutz_in_Bayern\" target=\"_blank\" rel=\"noopener\">Landesbund f\u00fcr Vogelschutz in Bayern<\/a> haben den Habicht zum \u201e<a title=\"Vogel des Jahres (Deutschland)\" href=\"https:\/\/de.wikipedia.org\/wiki\/Vogel_des_Jahres_(Deutschland)\" target=\"_blank\" rel=\"noopener\">Vogel des Jahres<\/a> 2015\u201c in Deutschland gew\u00e4hlt.<br \/>\nHabichte sind mittelgro\u00dfe Greifv\u00f6gel deren Gewicht zwischen 0,6 kg bei den kleinsten M\u00e4nnchen und 2,2 kg bei den gr\u00f6\u00dften Weibchen liegt. Die gro\u00dfe Spanne ist auf die deutliche Gr\u00f6\u00dfen- und Gewichtszunahme von S\u00fcdwesten nach Nordosten und den starken reversen <a class=\"mw-redirect\" title=\"Geschlechtsdimorphismus\" href=\"https:\/\/de.wikipedia.org\/wiki\/Geschlechtsdimorphismus\" target=\"_blank\" rel=\"noopener\">Geschlechtsdimorphismus<\/a> bez\u00fcglich der K\u00f6rpergr\u00f6\u00dfe zur\u00fcckzuf\u00fchren. Das Weibchen ist etwa so gro\u00df wie ein M\u00e4usebussard, das M\u00e4nnchen (\u201eTerzel\u201c) ist deutlich kleiner. So wogen beispielsweise im Osten Deutschlands <a title=\"Adult\" href=\"https:\/\/de.wikipedia.org\/wiki\/Adult\">adulte<\/a> M\u00e4nnchen im Mittel 724\u00a0g, adulte Weibchen 1133\u00a0g, die <a title=\"Fl\u00fcgell\u00e4nge\" href=\"https:\/\/de.wikipedia.org\/wiki\/Fl%C3%BCgell%C3%A4nge\">Fl\u00fcgell\u00e4nge<\/a> betrug bei adulten M\u00e4nnchen aus demselben Gebiet im Mittel 314\u00a0mm, bei Weibchen 353\u00a0mm.<br \/>\nDie Fl\u00fcgel sind relativ kurz, breit und an ihren Spitzen gerundet, der Schwanz ist relativ lang. Diese Merkmale sind typisch f\u00fcr die \u00fcberwiegend waldbewohnenden Vertreter der Gattung <i>Accipiter<\/i>, sie erm\u00f6glichen keine extremen Fluggeschwindigkeiten, jedoch eine hohe Wendigkeit auf engem Raum. Ausgewachsene Habichte sind auf der Oberseite schiefergraubraun, auf der Unterseite wei\u00df mit einer dunkelbraunen Querb\u00e4nderung. Jungv\u00f6gel sind bis zur ersten Mauser oberseits br\u00e4unlich, auf der Unterseite hellgelb, gelb, beige, orange oder lachsfarben mit einer senkrechten Tropfen- oder Strichzeichnung.<br \/>\nDas Gro\u00dfgefieder zeigt in allen Kleidern eine deutliche B\u00e4nderung auf wei\u00dfem bis beigebraunem, bei Jungv\u00f6geln auf gelblichem Grund. Die Beine sind gelb, ebenso die Wachshaut des Schnabels. Die Iris der Augen ist bei Jungv\u00f6geln hellgelb und f\u00e4rbt sich mit zunehmendem Alter in dunkelgelb, orange oder kirschrot. Dies ist aber vom Individuum abh\u00e4ngig, ein sechsj\u00e4hriger Habicht kann also dunklere Augen haben als ein zw\u00f6lfj\u00e4hriger. Die Gefiederzeichnung ist bei den Geschlechtern sehr \u00e4hnlich, adulte M\u00e4nnchen sind auf der Oberseite etwas dunkler und mehr blaugrau als adulte Weibchen und zeigen eine etwas kontrastreichere Kopfzeichnung.<\/p>\n<p>L\u00e4nge: 50-60 cm\u00a0\u00a0 Spannweite: 125-150 cm<br \/>\nGelege: 3-4 Eier<\/p>\n<p>zur Galerie <a title=\"Greifv\u00f6gel\" href=\"http:\/\/woerrlein-naturfoto.de\/wordpress\/hauptseite-voegel\/voegel\/greifvoegel\/\">Greifv\u00f6gel<\/a><code><br \/>\n<\/code><\/p>\n<p>&nbsp;<\/p>\n<p><em>Quelle des Textauszuges und weitere Infos bei <\/em><a href=\"https:\/\/de.wikipedia.org\/wiki\/Habicht\" target=\"_blank\" rel=\"noopener noreferrer\">Wikipedia<\/a> <em>(<\/em><a href=\"http:\/\/www.gnu.org\/licenses\/fdl-1.3.txt\" target=\"_blank\" rel=\"noopener noreferrer\">GNU-Lizenz<\/a><em>)<\/em> \u2013 <em>mein Dank gilt den<\/em> <a href=\"https:\/\/de.wikipedia.org\/w\/index.php?title=Habicht&amp;action=history\" target=\"_blank\" rel=\"noopener noreferrer\">Autoren<\/a>.<\/p>\n<p>&nbsp;<\/p>\n","protected":false},"excerpt":{"rendered":"<p>V\u00f6gel -&gt; Greifv\u00f6gel V\u00f6gel von A-Z zur Galerie Greifv\u00f6gel Der Habicht (Astur gentilis) ist ein Greifvogel, der zur Familie der Habichtartigen geh\u00f6rt. Das Verbreitungsgebiet der Art umfasst die arktischen bis subtropischen Zonen der Pal\u00e4arktis. Habichte ern\u00e4hren sich \u00fcberwiegend von kleinen bis mittelgro\u00dfen V\u00f6geln und S\u00e4ugetieren bis zu einem Gewicht von etwa 1,0\u00a0kg. Die Art ist &hellip; <a href=\"https:\/\/woerrlein-naturfoto.de\/wordpress\/greifvoegel-a-z\/habicht\/\" class=\"more-link\"><span class=\"screen-reader-text\">Habicht<\/span> weiterlesen <span class=\"meta-nav\">&rarr;<\/span><\/a><\/p>\n","protected":false},"author":1,"featured_media":0,"parent":2362,"menu_order":0,"comment_status":"closed","ping_status":"closed","template":"page-templates\/full-width.php","meta":{"footnotes":""},"class_list":["post-20874","page","type-page","status-publish","hentry"],"_links":{"self":[{"href":"https:\/\/woerrlein-naturfoto.de\/wordpress\/wp-json\/wp\/v2\/pages\/20874","targetHints":{"allow":["GET"]}}],"collection":[{"href":"https:\/\/woerrlein-naturfoto.de\/wordpress\/wp-json\/wp\/v2\/pages"}],"about":[{"href":"https:\/\/woerrlein-naturfoto.de\/wordpress\/wp-json\/wp\/v2\/types\/page"}],"author":[{"embeddable":true,"href":"https:\/\/woerrlein-naturfoto.de\/wordpress\/wp-json\/wp\/v2\/users\/1"}],"replies":[{"embeddable":true,"href":"https:\/\/woerrlein-naturfoto.de\/wordpress\/wp-json\/wp\/v2\/comments?post=20874"}],"version-history":[{"count":4,"href":"https:\/\/woerrlein-naturfoto.de\/wordpress\/wp-json\/wp\/v2\/pages\/20874\/revisions"}],"predecessor-version":[{"id":20878,"href":"https:\/\/woerrlein-naturfoto.de\/wordpress\/wp-json\/wp\/v2\/pages\/20874\/revisions\/20878"}],"up":[{"embeddable":true,"href":"https:\/\/woerrlein-naturfoto.de\/wordpress\/wp-json\/wp\/v2\/pages\/2362"}],"wp:attachment":[{"href":"https:\/\/woerrlein-naturfoto.de\/wordpress\/wp-json\/wp\/v2\/media?parent=20874"}],"curies":[{"name":"wp","href":"https:\/\/api.w.org\/{rel}","templated":true}]}}