{"id":20722,"date":"2025-11-03T22:44:24","date_gmt":"2025-11-03T21:44:24","guid":{"rendered":"https:\/\/woerrlein-naturfoto.de\/wordpress\/?page_id=20722"},"modified":"2025-11-23T14:12:21","modified_gmt":"2025-11-23T13:12:21","slug":"greuters-staendelwurz","status":"publish","type":"page","link":"https:\/\/woerrlein-naturfoto.de\/wordpress\/stendelwurzen-a-z\/greuters-staendelwurz\/","title":{"rendered":"Greuters Stendelwurz"},"content":{"rendered":"<p><span style=\"color: #ffff66;\"><a style=\"color: #ffff66;\" href=\"http:\/\/woerrlein-naturfoto.de\/wordpress\/hauptseite-pflanzen\/pflanzen\/\"><span style=\"color: #ffff00;\">Pflanzen<\/span><\/a> <\/span>-&gt;<span style=\"color: #ffff66;\"><a style=\"color: #ffff66;\" href=\"http:\/\/woerrlein-naturfoto.de\/wordpress\/hauptseite-pflanzen\/pflanzen\/blueten-i-orchideen-2\/\"><span style=\"color: #ffff00;\">Orchideen <\/span><\/a><\/span>-&gt; <span style=\"color: #ffff00;\"><a style=\"color: #ffff00;\" href=\"https:\/\/woerrlein-naturfoto.de\/wordpress\/hauptseite-pflanzen\/pflanzen\/blueten-i-orchideen-2\/stendelwurzen-epipactis\/\">Stendelwurzen (Epipactis)<\/a><\/span><br \/>\n<a href=\"http:\/\/woerrlein-naturfoto.de\/wordpress\/pflanzen-von-a-z\/\">Pflanzen von A-Z<\/a><br \/>\nZur Galerie <a href=\"https:\/\/woerrlein-naturfoto.de\/wordpress\/hauptseite-pflanzen\/pflanzen\/blueten-i-orchideen-2\/stendelwurzen-epipactis\/\">Stendelwurzen<\/a><\/p>\n<p><img loading=\"lazy\" decoding=\"async\" class=\"alignleft wp-image-20534\" src=\"https:\/\/woerrlein-naturfoto.de\/wordpress\/wp-content\/uploads\/2021\/12\/Greuters-Stendelwurz_250813_0321.jpg\" alt=\"\" width=\"600\" height=\"400\" srcset=\"https:\/\/woerrlein-naturfoto.de\/wordpress\/wp-content\/uploads\/2021\/12\/Greuters-Stendelwurz_250813_0321.jpg 1000w, https:\/\/woerrlein-naturfoto.de\/wordpress\/wp-content\/uploads\/2021\/12\/Greuters-Stendelwurz_250813_0321-600x400.jpg 600w, https:\/\/woerrlein-naturfoto.de\/wordpress\/wp-content\/uploads\/2021\/12\/Greuters-Stendelwurz_250813_0321-768x512.jpg 768w, https:\/\/woerrlein-naturfoto.de\/wordpress\/wp-content\/uploads\/2021\/12\/Greuters-Stendelwurz_250813_0321-120x80.jpg 120w\" sizes=\"auto, (max-width: 600px) 100vw, 600px\" \/><strong>Greuters Stendelwurz<\/strong> <em>(Epipactis greuteri)<\/em> ist eine Pflanzenart aus der Gattung der Stendelwurzen innerhalb der Familie der Orchideen. Sie erreicht eine Wuchsh\u00f6he von 20 &#8211; 80 cm, ihr Bl\u00fctenstand ist locker und nimmt ca ein Drittel bis die H\u00e4lfte der H\u00f6he ein. Die Greuteri ist autogam und deshalb innerhalb einer Population wenig variabel.<\/p>\n<p><strong>Bl\u00fctezeit:<\/strong>\u00a0 \u00a0 Mitte Juli bis Mitte August<\/p>\n<p>Zur Galerie <a href=\"https:\/\/woerrlein-naturfoto.de\/wordpress\/hauptseite-pflanzen\/pflanzen\/blueten-i-orchideen-2\/stendelwurzen-epipactis\/\">Stendelwurzen<\/a><\/p>\n","protected":false},"excerpt":{"rendered":"<p>Pflanzen -&gt;Orchideen -&gt; Stendelwurzen (Epipactis) Pflanzen von A-Z Zur Galerie Stendelwurzen Greuters Stendelwurz (Epipactis greuteri) ist eine Pflanzenart aus der Gattung der Stendelwurzen innerhalb der Familie der Orchideen. Sie erreicht eine Wuchsh\u00f6he von 20 &#8211; 80 cm, ihr Bl\u00fctenstand ist locker und nimmt ca ein Drittel bis die H\u00e4lfte der H\u00f6he ein. Die Greuteri ist &hellip; <a href=\"https:\/\/woerrlein-naturfoto.de\/wordpress\/stendelwurzen-a-z\/greuters-staendelwurz\/\" class=\"more-link\"><span class=\"screen-reader-text\">Greuters Stendelwurz<\/span> weiterlesen <span class=\"meta-nav\">&rarr;<\/span><\/a><\/p>\n","protected":false},"author":1,"featured_media":0,"parent":14239,"menu_order":0,"comment_status":"closed","ping_status":"closed","template":"page-templates\/full-width.php","meta":{"footnotes":""},"class_list":["post-20722","page","type-page","status-publish","hentry"],"_links":{"self":[{"href":"https:\/\/woerrlein-naturfoto.de\/wordpress\/wp-json\/wp\/v2\/pages\/20722","targetHints":{"allow":["GET"]}}],"collection":[{"href":"https:\/\/woerrlein-naturfoto.de\/wordpress\/wp-json\/wp\/v2\/pages"}],"about":[{"href":"https:\/\/woerrlein-naturfoto.de\/wordpress\/wp-json\/wp\/v2\/types\/page"}],"author":[{"embeddable":true,"href":"https:\/\/woerrlein-naturfoto.de\/wordpress\/wp-json\/wp\/v2\/users\/1"}],"replies":[{"embeddable":true,"href":"https:\/\/woerrlein-naturfoto.de\/wordpress\/wp-json\/wp\/v2\/comments?post=20722"}],"version-history":[{"count":4,"href":"https:\/\/woerrlein-naturfoto.de\/wordpress\/wp-json\/wp\/v2\/pages\/20722\/revisions"}],"predecessor-version":[{"id":20729,"href":"https:\/\/woerrlein-naturfoto.de\/wordpress\/wp-json\/wp\/v2\/pages\/20722\/revisions\/20729"}],"up":[{"embeddable":true,"href":"https:\/\/woerrlein-naturfoto.de\/wordpress\/wp-json\/wp\/v2\/pages\/14239"}],"wp:attachment":[{"href":"https:\/\/woerrlein-naturfoto.de\/wordpress\/wp-json\/wp\/v2\/media?parent=20722"}],"curies":[{"name":"wp","href":"https:\/\/api.w.org\/{rel}","templated":true}]}}