{"id":20291,"date":"2025-06-06T17:30:19","date_gmt":"2025-06-06T15:30:19","guid":{"rendered":"https:\/\/woerrlein-naturfoto.de\/wordpress\/?page_id=20291"},"modified":"2025-06-06T17:37:58","modified_gmt":"2025-06-06T15:37:58","slug":"noerdliche-fruchtwanze","status":"publish","type":"page","link":"https:\/\/woerrlein-naturfoto.de\/wordpress\/wanzen-wasserlaeufer-a-z\/noerdliche-fruchtwanze\/","title":{"rendered":"N\u00f6rdliche Fruchtwanze"},"content":{"rendered":"<p><a href=\"http:\/\/woerrlein-naturfoto.de\/wordpress\/insekten\/\"><span style=\"color: #ffff66;\">Insekten<\/span> <\/a>-&gt;<a href=\"http:\/\/woerrlein-naturfoto.de\/wordpress\/hauptseite-insekten\/insekten\/wanzen-wasserlaeufer-2\/\"> <span style=\"color: #ffff66;\">Wanzen, Wasserl\u00e4ufer<\/span><\/a><br \/>\n<a title=\"Insekten A-Z\" href=\"http:\/\/woerrlein-naturfoto.de\/wordpress\/insekten-a-z\/\">Insekten von A-Z<\/a><br \/>\nzur Galerie <a title=\"Wanzen, Wasserl\u00e4ufer\" href=\"http:\/\/woerrlein-naturfoto.de\/wordpress\/hauptseite-insekten\/insekten\/wanzen-wasserlaeufer-2\/\">Wanzen, Wasserl\u00e4ufer<\/a><\/p>\n<p><img loading=\"lazy\" decoding=\"async\" class=\"alignleft wp-image-20296\" src=\"https:\/\/woerrlein-naturfoto.de\/wordpress\/wp-content\/uploads\/2025\/06\/Noerdliche-Fruchtwanze_AW_87991_Ausschnitt.jpg\" alt=\"\" width=\"600\" height=\"400\" srcset=\"https:\/\/woerrlein-naturfoto.de\/wordpress\/wp-content\/uploads\/2025\/06\/Noerdliche-Fruchtwanze_AW_87991_Ausschnitt.jpg 600w, https:\/\/woerrlein-naturfoto.de\/wordpress\/wp-content\/uploads\/2025\/06\/Noerdliche-Fruchtwanze_AW_87991_Ausschnitt-120x80.jpg 120w\" sizes=\"auto, (max-width: 600px) 100vw, 600px\" \/>Die <b>N\u00f6rdliche Fruchtwanze<\/b> (<i>Carpocoris fuscispinus<\/i>), auch <b>Braunspitzige Baumwanze<\/b> genannt, ist eine Wanze aus der Familie der Baumwanzen.<br \/>\nDie Wanzen werden 11\u201314\u00a0mm lang, sie sind breit-oval, die Oberseite flach und kaum gew\u00f6lbt. Ihre Grundf\u00e4rbung ist sehr variabel, von gelbgrau \u00fcber gelbbraun, r\u00f6tlich bis dunkler braun. Kopf, Halsschild und Schildchen sind dunkel gezeichnet, dabei sitzen an der Basis des Halsschilds fast immer vier kontrastreich abgesetzte schwarze Flecken. Die ganze Oberseite ist relativ dicht punktiert und schwach gl\u00e4nzend. Der Vorderrand des Halsschilds bis zu den Seitenecken ist scharfkantig und etwas aufgebogen. Die deutlich vorstehenden Ecken des Halsschildes sind leicht nach hinten gekr\u00fcmmt und schwarz gef\u00e4rbt, die Form des Vorsprungs ist etwas variabel und abgesetzt schwarz gef\u00e4rbt. Das Schildchen ist gro\u00df, von l\u00e4nglich-dreieckiger Form und k\u00fcrzer als das Corium der Halbdecken. Das innerste F\u00fchlerglied ist braun, w\u00e4hrend die restlichen vier schwarz gef\u00e4rbt sind. Das zweite, vierte und f\u00fcnfte Glied sind untereinander etwa gleich lang, sie sind etwa doppelt so lang wie das dritte.<sup id=\"cite_ref-Lupoli_2-0\" class=\"reference\"><\/sup><\/p>\n<p>Zur Galerie <a title=\"Wanzen, Wasserl\u00e4ufer\" href=\"http:\/\/woerrlein-naturfoto.de\/wordpress\/hauptseite-insekten\/insekten\/wanzen-wasserlaeufer-2\/\">Wanzen, Wasserl\u00e4ufer<\/a><\/p>\n<p>&nbsp;<\/p>\n<p><em>Quelle des Textauszuges und weitere Infos bei <\/em><a href=\"https:\/\/de.wikipedia.org\/wiki\/N%C3%B6rdliche_Fruchtwanze\" target=\"_blank\" rel=\"noopener\">Wikipedia<\/a><em> (<\/em><a href=\"http:\/\/www.gnu.org\/licenses\/fdl-1.3.txt\" target=\"_blank\" rel=\"noopener\">GNU-Lizenz<\/a><em>)\u2013 mein Dank gilt den <\/em><a href=\"https:\/\/de.wikipedia.org\/w\/index.php?title=N%C3%B6rdliche_Fruchtwanze&amp;action=history\" target=\"_blank\" rel=\"noopener\">Autoren<\/a><em>.<\/em><\/p>\n","protected":false},"excerpt":{"rendered":"<p>Insekten -&gt; Wanzen, Wasserl\u00e4ufer Insekten von A-Z zur Galerie Wanzen, Wasserl\u00e4ufer Die N\u00f6rdliche Fruchtwanze (Carpocoris fuscispinus), auch Braunspitzige Baumwanze genannt, ist eine Wanze aus der Familie der Baumwanzen. Die Wanzen werden 11\u201314\u00a0mm lang, sie sind breit-oval, die Oberseite flach und kaum gew\u00f6lbt. Ihre Grundf\u00e4rbung ist sehr variabel, von gelbgrau \u00fcber gelbbraun, r\u00f6tlich bis dunkler braun. &hellip; <a href=\"https:\/\/woerrlein-naturfoto.de\/wordpress\/wanzen-wasserlaeufer-a-z\/noerdliche-fruchtwanze\/\" class=\"more-link\"><span class=\"screen-reader-text\">N\u00f6rdliche Fruchtwanze<\/span> weiterlesen <span class=\"meta-nav\">&rarr;<\/span><\/a><\/p>\n","protected":false},"author":1,"featured_media":0,"parent":3992,"menu_order":0,"comment_status":"closed","ping_status":"closed","template":"page-templates\/full-width.php","meta":{"footnotes":""},"class_list":["post-20291","page","type-page","status-publish","hentry"],"_links":{"self":[{"href":"https:\/\/woerrlein-naturfoto.de\/wordpress\/wp-json\/wp\/v2\/pages\/20291","targetHints":{"allow":["GET"]}}],"collection":[{"href":"https:\/\/woerrlein-naturfoto.de\/wordpress\/wp-json\/wp\/v2\/pages"}],"about":[{"href":"https:\/\/woerrlein-naturfoto.de\/wordpress\/wp-json\/wp\/v2\/types\/page"}],"author":[{"embeddable":true,"href":"https:\/\/woerrlein-naturfoto.de\/wordpress\/wp-json\/wp\/v2\/users\/1"}],"replies":[{"embeddable":true,"href":"https:\/\/woerrlein-naturfoto.de\/wordpress\/wp-json\/wp\/v2\/comments?post=20291"}],"version-history":[{"count":3,"href":"https:\/\/woerrlein-naturfoto.de\/wordpress\/wp-json\/wp\/v2\/pages\/20291\/revisions"}],"predecessor-version":[{"id":20297,"href":"https:\/\/woerrlein-naturfoto.de\/wordpress\/wp-json\/wp\/v2\/pages\/20291\/revisions\/20297"}],"up":[{"embeddable":true,"href":"https:\/\/woerrlein-naturfoto.de\/wordpress\/wp-json\/wp\/v2\/pages\/3992"}],"wp:attachment":[{"href":"https:\/\/woerrlein-naturfoto.de\/wordpress\/wp-json\/wp\/v2\/media?parent=20291"}],"curies":[{"name":"wp","href":"https:\/\/api.w.org\/{rel}","templated":true}]}}