{"id":20278,"date":"2025-06-06T17:06:24","date_gmt":"2025-06-06T15:06:24","guid":{"rendered":"https:\/\/woerrlein-naturfoto.de\/wordpress\/?page_id=20278"},"modified":"2025-06-06T17:07:05","modified_gmt":"2025-06-06T15:07:05","slug":"skabiosenschwaermer","status":"publish","type":"page","link":"https:\/\/woerrlein-naturfoto.de\/wordpress\/nachtfalter-a-z\/skabiosenschwaermer\/","title":{"rendered":"Skabiosenschw\u00e4rmer"},"content":{"rendered":"<p><a href=\"http:\/\/woerrlein-naturfoto.de\/wordpress\/insekten\/\"><span style=\"color: #ffff66;\">Insekten<\/span> <\/a>-&gt;<a href=\"http:\/\/woerrlein-naturfoto.de\/wordpress\/hauptseite-insekten\/insekten\/schmetterlinge-2\/\"> <span style=\"color: #ffff66;\">Schmetterlinge<\/span><\/a>-&gt;<a href=\"https:\/\/woerrlein-naturfoto.de\/wordpress\/hauptseite-insekten\/insekten\/schmetterlinge-2\/nachtfalter\/\"><span style=\"color: #ffff66;\">Nachtfalter<\/span><\/a><br \/>\n<a title=\"Insekten A-Z\" href=\"http:\/\/woerrlein-naturfoto.de\/wordpress\/insekten-a-z\/\">Insekten von A-Z<\/a><br \/>\nzur Galerie <a href=\"https:\/\/woerrlein-naturfoto.de\/wordpress\/hauptseite-insekten\/insekten\/schmetterlinge-2\/nachtfalter\/\">Nachtfalter<\/a><\/p>\n<p><img loading=\"lazy\" decoding=\"async\" class=\"alignleft wp-image-20145\" src=\"https:\/\/woerrlein-naturfoto.de\/wordpress\/wp-content\/uploads\/2019\/10\/Skabiosenschwaermer_AW33127L.jpg\" alt=\"\" width=\"600\" height=\"400\" srcset=\"https:\/\/woerrlein-naturfoto.de\/wordpress\/wp-content\/uploads\/2019\/10\/Skabiosenschwaermer_AW33127L.jpg 1000w, https:\/\/woerrlein-naturfoto.de\/wordpress\/wp-content\/uploads\/2019\/10\/Skabiosenschwaermer_AW33127L-600x400.jpg 600w, https:\/\/woerrlein-naturfoto.de\/wordpress\/wp-content\/uploads\/2019\/10\/Skabiosenschwaermer_AW33127L-768x512.jpg 768w, https:\/\/woerrlein-naturfoto.de\/wordpress\/wp-content\/uploads\/2019\/10\/Skabiosenschwaermer_AW33127L-120x80.jpg 120w\" sizes=\"auto, (max-width: 600px) 100vw, 600px\" \/>Der <b>Skabiosenschw\u00e4rmer<\/b> (<i>Hemaris tityus<\/i>) ist ein Schmetterling (Nachtfalter) aus der Familie der Schw\u00e4rmer. Die Art ist eine der vier ausschlie\u00dflich tagaktiven Schw\u00e4rmerarten in Europa. Der Bestand der fr\u00fcher in Mitteleuropa h\u00e4ufigen Art hat sich durch Flurbereinigungen und intensive Gr\u00fcnlandnutzung ihrer Habitate drastisch verringert. Ihren deutschen Namen tr\u00e4gt die Art aufgrund der Nahrungspflanzen ihrer Raupen, die zum Teil fr\u00fcher in die Gattung der Skabiosen eingeordnet wurden.<br \/>\nDie Falter erreichen eine Fl\u00fcgelspannweite von 40 bis 50 Millimetern, bei einer durchschnittlichen Vorderfl\u00fcgell\u00e4nge von etwa 22 Millimetern. Wie auch andere Arten der Gattung <i>Hemaris<\/i> zeigt der Skabiosenschw\u00e4rmer eine starke \u00c4hnlichkeit mit Hummeln. Die beiden Fl\u00fcgelpaare sind weitgehend durchsichtig, lediglich der Au\u00dfenrand der Vorderfl\u00fcgel ist, besonders zur Fl\u00fcgelspitze hin, braun gef\u00e4rbt. Die Fl\u00fcgeladern sind ebenfalls braun gef\u00e4rbt. Der Thorax ist stark gelblichbraun bis olivgr\u00fcn behaart, an den Seiten befindet sich jeweils ein hellgelblicher Haarb\u00fcschel. Der Hinterleib ist ebenso stark behaart. Zum Thorax hin ist die Behaarung hellgelblich, in der Mitte ist sie braun, im hinteren Drittel des Hinterleibs ist sie in der Mitte gelb und an den Seiten wei\u00dflich. Am Hinterleibsende befindet sich ein schwarzer Haarb\u00fcschel. Insbesondere der mittlere Bereich des Abdomens mit den braunen Haaren n\u00fctzt sich stark ab, sodass bei \u00e4lteren Faltern in diesem Bereich die dunkle, metallisch gl\u00e4nzende Farbe des K\u00f6rpers erkennbar ist.<\/p>\n<p><strong>Flugzeit:<\/strong> \u00a0\u00a0\u00a0 Mitte Mai bis Mitte Juni.<\/p>\n<p>Zur Galerie <a href=\"https:\/\/woerrlein-naturfoto.de\/wordpress\/hauptseite-insekten\/insekten\/schmetterlinge-2\/nachtfalter\/\">Nachtfalter<\/a><\/p>\n<p>&nbsp;<\/p>\n<p><em>Quelle des Textauszuges und weitere Infos bei <\/em><a href=\"https:\/\/de.wikipedia.org\/wiki\/Breitfl%C3%BCgeliger_Fleckleibb%C3%A4r\" target=\"_blank\" rel=\"noopener noreferrer\">Wikipedia<\/a><em> (<\/em><a href=\"http:\/\/www.gnu.org\/licenses\/fdl-1.3.txt\" target=\"_blank\" rel=\"noopener noreferrer\">GNU-Lizenz<\/a><em>)\u2013 mein Dank gilt den <\/em><a href=\"https:\/\/de.wikipedia.org\/w\/index.php?title=Skabiosenschw%C3%A4rmer&amp;action=history\" target=\"_blank\" rel=\"noopener noreferrer\">Autoren<\/a><em>.<\/em><\/p>\n","protected":false},"excerpt":{"rendered":"<p>Insekten -&gt; Schmetterlinge-&gt;Nachtfalter Insekten von A-Z zur Galerie Nachtfalter Der Skabiosenschw\u00e4rmer (Hemaris tityus) ist ein Schmetterling (Nachtfalter) aus der Familie der Schw\u00e4rmer. Die Art ist eine der vier ausschlie\u00dflich tagaktiven Schw\u00e4rmerarten in Europa. Der Bestand der fr\u00fcher in Mitteleuropa h\u00e4ufigen Art hat sich durch Flurbereinigungen und intensive Gr\u00fcnlandnutzung ihrer Habitate drastisch verringert. Ihren deutschen Namen &hellip; <a href=\"https:\/\/woerrlein-naturfoto.de\/wordpress\/nachtfalter-a-z\/skabiosenschwaermer\/\" class=\"more-link\"><span class=\"screen-reader-text\">Skabiosenschw\u00e4rmer<\/span> weiterlesen <span class=\"meta-nav\">&rarr;<\/span><\/a><\/p>\n","protected":false},"author":1,"featured_media":0,"parent":11172,"menu_order":0,"comment_status":"closed","ping_status":"closed","template":"page-templates\/full-width.php","meta":{"footnotes":""},"class_list":["post-20278","page","type-page","status-publish","hentry"],"_links":{"self":[{"href":"https:\/\/woerrlein-naturfoto.de\/wordpress\/wp-json\/wp\/v2\/pages\/20278","targetHints":{"allow":["GET"]}}],"collection":[{"href":"https:\/\/woerrlein-naturfoto.de\/wordpress\/wp-json\/wp\/v2\/pages"}],"about":[{"href":"https:\/\/woerrlein-naturfoto.de\/wordpress\/wp-json\/wp\/v2\/types\/page"}],"author":[{"embeddable":true,"href":"https:\/\/woerrlein-naturfoto.de\/wordpress\/wp-json\/wp\/v2\/users\/1"}],"replies":[{"embeddable":true,"href":"https:\/\/woerrlein-naturfoto.de\/wordpress\/wp-json\/wp\/v2\/comments?post=20278"}],"version-history":[{"count":3,"href":"https:\/\/woerrlein-naturfoto.de\/wordpress\/wp-json\/wp\/v2\/pages\/20278\/revisions"}],"predecessor-version":[{"id":20281,"href":"https:\/\/woerrlein-naturfoto.de\/wordpress\/wp-json\/wp\/v2\/pages\/20278\/revisions\/20281"}],"up":[{"embeddable":true,"href":"https:\/\/woerrlein-naturfoto.de\/wordpress\/wp-json\/wp\/v2\/pages\/11172"}],"wp:attachment":[{"href":"https:\/\/woerrlein-naturfoto.de\/wordpress\/wp-json\/wp\/v2\/media?parent=20278"}],"curies":[{"name":"wp","href":"https:\/\/api.w.org\/{rel}","templated":true}]}}