{"id":20261,"date":"2025-06-06T16:36:59","date_gmt":"2025-06-06T14:36:59","guid":{"rendered":"https:\/\/woerrlein-naturfoto.de\/wordpress\/?page_id=20261"},"modified":"2025-06-06T16:42:10","modified_gmt":"2025-06-06T14:42:10","slug":"hornissenschwebfliege","status":"publish","type":"page","link":"https:\/\/woerrlein-naturfoto.de\/wordpress\/hautfluegler-zweifluegler-a-z\/hornissenschwebfliege\/","title":{"rendered":"Hornissenschwebfliege"},"content":{"rendered":"<p><a href=\"http:\/\/woerrlein-naturfoto.de\/wordpress\/insekten\/\"><span style=\"color: #ffff66;\">Insekten<\/span> <\/a>-&gt;<a href=\"http:\/\/woerrlein-naturfoto.de\/wordpress\/hauptseite-insekten\/insekten\/hautfluegler-zweifluegler-2\/\"> <span style=\"color: #ffff66;\">Hautfl\u00fcgler, Zweifl\u00fcgler<\/span><\/a><br \/>\n<a title=\"Insekten A-Z\" href=\"http:\/\/woerrlein-naturfoto.de\/wordpress\/insekten-a-z\/\">Insekten von A-Z<\/a><br \/>\nzur Galerie <a href=\"http:\/\/woerrlein-naturfoto.de\/wordpress\/hauptseite-insekten\/insekten\/hautfluegler-zweifluegler-2\/\">Hautfl\u00fcgler, Zweifl\u00fcgler<\/a><\/p>\n<p><img loading=\"lazy\" decoding=\"async\" class=\"alignleft wp-image-20131\" src=\"https:\/\/woerrlein-naturfoto.de\/wordpress\/wp-content\/uploads\/2015\/01\/Hornissenschwebfliege_230804_5865.jpg\" alt=\"\" width=\"267\" height=\"400\" srcset=\"https:\/\/woerrlein-naturfoto.de\/wordpress\/wp-content\/uploads\/2015\/01\/Hornissenschwebfliege_230804_5865.jpg 567w, https:\/\/woerrlein-naturfoto.de\/wordpress\/wp-content\/uploads\/2015\/01\/Hornissenschwebfliege_230804_5865-267x400.jpg 267w\" sizes=\"auto, (max-width: 267px) 100vw, 267px\" \/>Die <b>Hornissenschwebfliege<\/b> (<i>Volucella zonaria<\/i>), auch <b>Gro\u00dfe Waldschwebfliege<\/b>, <b>Riesen-Hummelschwebfliege<\/b> oder <b>G\u00fcrtelschwebfliege<\/b> genannt, ist eine Fliege aus der Familie der Schwebfliegen. Dabei handelt es sich um die gr\u00f6\u00dfte und schnellste Schwebfliege Mitteleuropas. Ihr Aussehen \u00e4hnelt der heimischen Hornisse (<i>Vespa crabro<\/i>).<br \/>\nDie Fliegen erreichen eine K\u00f6rperl\u00e4nge von 16 bis 22 Millimetern und sind damit f\u00fcr mitteleurop\u00e4ische Schwebfliegen relativ gro\u00df. Das Gesicht, die Stirn und auch die F\u00fchler sind gelb gef\u00e4rbt, die rostroten Facettenaugen sind dicht und kurz behaart. Die Facettenaugen der M\u00e4nnchen sind sehr nahe beieinander, so dass die Stirn sehr schmal ist. Der R\u00fccken ist rotbraun gl\u00e4nzend, das <a title=\"Scutellum (Insekten)\" href=\"https:\/\/de.wikipedia.org\/wiki\/Scutellum_(Insekten)\" target=\"_blank\" rel=\"noopener\">Schildchen<\/a> ist gelbbraun gef\u00e4rbt. Der rotgelbe Hinterleib tr\u00e4gt zwei breite schwarze Binden. Dies unterscheidet die Art von der \u00e4hnlichen Geb\u00e4nderten Waldschwebfliege (<i>Volucella inanis<\/i>), die \u00e4hnlich gef\u00e4rbt ist, aber drei schwarze Binden am Hinterleib besitzt. Das erste Abdominalsegment ist schwarz. Auf der Stirn erscheint im f\u00fcr uns sichtbaren Lichtspektrum keine Abweichung der K\u00f6rperzeichnung, aber im UV-Bild erscheint ein schwarzer Stirnfleck, charakteristisch f\u00fcr viele Hautfl\u00fcgler.<br \/>\nSowohl K\u00f6rperf\u00e4rbung wie UV-Reflexionsverhalten und UV-Absorption imitieren in hohem Ma\u00dfe das optische Erscheinungsbild von Hautfl\u00fcglern und erinnern an Hornissen, allerdings ist die K\u00f6rperf\u00e4rbung variabel und keine Kopie einer bestimmten Art. Diese Mimikry gestattet, sich leichter zur Eiablage deren Nestern zu n\u00e4hern, au\u00dferdem k\u00f6nnte die optische, verhaltensm\u00e4\u00dfige und akustische Nachahmung vor Pr\u00e4datoren (V\u00f6gel) und vor Konkurrenz durch Hautfl\u00fcgler beim Bl\u00fctenbesuch sch\u00fctzen.<\/p>\n<p>Zur Galerie <a href=\"http:\/\/woerrlein-naturfoto.de\/wordpress\/hauptseite-insekten\/insekten\/hautfluegler-zweifluegler-2\/\">Hautfl\u00fcgler, Zweifl\u00fcgler<\/a><\/p>\n<p><em>Quelle des Textauszuges und weitere Infos bei <\/em><a href=\"https:\/\/de.wikipedia.org\/wiki\/Hornissenschwebfliege\" target=\"_blank\" rel=\"noopener noreferrer\">Wikipedia<\/a><em> (<\/em><a href=\"http:\/\/www.gnu.org\/licenses\/fdl-1.3.txt\" target=\"_blank\" rel=\"noopener noreferrer\">GNU-Lizenz<\/a><em>)\u2013 mein Dank gilt den <\/em><a href=\"https:\/\/de.wikipedia.org\/w\/index.php?title=Hornissenschwebfliege&amp;action=history\" target=\"_blank\" rel=\"noopener noreferrer\">Autoren<\/a><em>.<\/em><\/p>\n","protected":false},"excerpt":{"rendered":"<p>Insekten -&gt; Hautfl\u00fcgler, Zweifl\u00fcgler Insekten von A-Z zur Galerie Hautfl\u00fcgler, Zweifl\u00fcgler Die Hornissenschwebfliege (Volucella zonaria), auch Gro\u00dfe Waldschwebfliege, Riesen-Hummelschwebfliege oder G\u00fcrtelschwebfliege genannt, ist eine Fliege aus der Familie der Schwebfliegen. Dabei handelt es sich um die gr\u00f6\u00dfte und schnellste Schwebfliege Mitteleuropas. Ihr Aussehen \u00e4hnelt der heimischen Hornisse (Vespa crabro). Die Fliegen erreichen eine K\u00f6rperl\u00e4nge von &hellip; <a href=\"https:\/\/woerrlein-naturfoto.de\/wordpress\/hautfluegler-zweifluegler-a-z\/hornissenschwebfliege\/\" class=\"more-link\"><span class=\"screen-reader-text\">Hornissenschwebfliege<\/span> weiterlesen <span class=\"meta-nav\">&rarr;<\/span><\/a><\/p>\n","protected":false},"author":1,"featured_media":0,"parent":3739,"menu_order":0,"comment_status":"closed","ping_status":"closed","template":"page-templates\/full-width.php","meta":{"footnotes":""},"class_list":["post-20261","page","type-page","status-publish","hentry"],"_links":{"self":[{"href":"https:\/\/woerrlein-naturfoto.de\/wordpress\/wp-json\/wp\/v2\/pages\/20261","targetHints":{"allow":["GET"]}}],"collection":[{"href":"https:\/\/woerrlein-naturfoto.de\/wordpress\/wp-json\/wp\/v2\/pages"}],"about":[{"href":"https:\/\/woerrlein-naturfoto.de\/wordpress\/wp-json\/wp\/v2\/types\/page"}],"author":[{"embeddable":true,"href":"https:\/\/woerrlein-naturfoto.de\/wordpress\/wp-json\/wp\/v2\/users\/1"}],"replies":[{"embeddable":true,"href":"https:\/\/woerrlein-naturfoto.de\/wordpress\/wp-json\/wp\/v2\/comments?post=20261"}],"version-history":[{"count":5,"href":"https:\/\/woerrlein-naturfoto.de\/wordpress\/wp-json\/wp\/v2\/pages\/20261\/revisions"}],"predecessor-version":[{"id":20266,"href":"https:\/\/woerrlein-naturfoto.de\/wordpress\/wp-json\/wp\/v2\/pages\/20261\/revisions\/20266"}],"up":[{"embeddable":true,"href":"https:\/\/woerrlein-naturfoto.de\/wordpress\/wp-json\/wp\/v2\/pages\/3739"}],"wp:attachment":[{"href":"https:\/\/woerrlein-naturfoto.de\/wordpress\/wp-json\/wp\/v2\/media?parent=20261"}],"curies":[{"name":"wp","href":"https:\/\/api.w.org\/{rel}","templated":true}]}}