{"id":20244,"date":"2025-06-06T16:08:13","date_gmt":"2025-06-06T14:08:13","guid":{"rendered":"https:\/\/woerrlein-naturfoto.de\/wordpress\/?page_id=20244"},"modified":"2025-06-06T16:14:32","modified_gmt":"2025-06-06T14:14:32","slug":"gemeine-sandwespe","status":"publish","type":"page","link":"https:\/\/woerrlein-naturfoto.de\/wordpress\/hautfluegler-zweifluegler-a-z\/gemeine-sandwespe\/","title":{"rendered":"Gemeine Sandwespe"},"content":{"rendered":"<p><a href=\"http:\/\/woerrlein-naturfoto.de\/wordpress\/insekten\/\"><span style=\"color: #ffff66;\">Insekten<\/span> <\/a>-&gt;<a href=\"http:\/\/woerrlein-naturfoto.de\/wordpress\/hauptseite-insekten\/insekten\/hautfluegler-zweifluegler-2\/\"> <span style=\"color: #ffff66;\">Hautfl\u00fcgler, Zweifl\u00fcgler<\/span><\/a><br \/>\n<a title=\"Insekten A-Z\" href=\"http:\/\/woerrlein-naturfoto.de\/wordpress\/insekten-a-z\/\">Insekten von A-Z<\/a><br \/>\nzur Galerie <a href=\"http:\/\/woerrlein-naturfoto.de\/wordpress\/hauptseite-insekten\/insekten\/hautfluegler-zweifluegler-2\/\">Hautfl\u00fcgler, Zweifl\u00fcgler<\/a><\/p>\n<p><img loading=\"lazy\" decoding=\"async\" class=\"alignleft wp-image-20134\" src=\"https:\/\/woerrlein-naturfoto.de\/wordpress\/wp-content\/uploads\/2015\/01\/Sandwespe_240816_5568-600x400.jpg\" alt=\"\" width=\"600\" height=\"400\" srcset=\"https:\/\/woerrlein-naturfoto.de\/wordpress\/wp-content\/uploads\/2015\/01\/Sandwespe_240816_5568-600x400.jpg 600w, https:\/\/woerrlein-naturfoto.de\/wordpress\/wp-content\/uploads\/2015\/01\/Sandwespe_240816_5568-768x512.jpg 768w, https:\/\/woerrlein-naturfoto.de\/wordpress\/wp-content\/uploads\/2015\/01\/Sandwespe_240816_5568-120x80.jpg 120w, https:\/\/woerrlein-naturfoto.de\/wordpress\/wp-content\/uploads\/2015\/01\/Sandwespe_240816_5568.jpg 1000w\" sizes=\"auto, (max-width: 600px) 100vw, 600px\" \/>Die <b>Gemeine Sandwespe<\/b> (<i>Ammophila sabulosa<\/i>) ist ein Hautfl\u00fcgler aus der Familie der <a title=\"Sphecidae\" href=\"https:\/\/de.wikipedia.org\/wiki\/Sphecidae\" target=\"_blank\" rel=\"noopener\">Sphecidae<\/a>. Die Art ist in Mitteleuropa h\u00e4ufig und nicht gef\u00e4hrdet. Die Tiere erreichen eine K\u00f6rperl\u00e4nge von 16 bis 24 Millimetern (Weibchen) bzw. 14 bis 19 Millimetern (M\u00e4nnchen) und sind damit die gr\u00f6\u00dften Sandwespen in Mitteleuropa.<br \/>\nDie Gemeine Sandwespe tansportiert ein bis zwei \u2013 mitunter sehr gro\u00dfe \u2013 Raupen in ihr Nest. Bevorzugt werden Raupen von Eulenfaltern (Noctuidae) gefangen, die unbehaart sind. Die Raupe wird mit den Mandibeln ergriffen und \u00fcber mehrere Meter hinweg zu Fu\u00df zum Nest gebracht. Maximal werden kurze Flugspr\u00fcnge gemacht, auch wenn die Beute klein ist, was die Art ebenso von der Dreiphasen-Sandwespe unterscheidet. Immer wieder wird die Beute zur Orientierung abgelegt. Das Nest, in dem nur eine Zelle angelegt wird, erreicht eine Tiefe von 5 bis 20 Zentimetern. Der Sandaushub des Nestes wird zu Fu\u00df weggebracht und nahe am Nest abgeworfen. Es wird keine Brutpflege betrieben, der Nesteingang wird nach dem Eintragen der Beute und der Eiablage durch ein Steinchen oder \u00e4hnliches verschlossen und danach mit Sand bedeckt. Anschlie\u00dfend wird der Boden um den Nesteingang senkrechtstehend mit dem Kopf oder mit einem Steinchen, das mit den Mandibeln getragen wird, festgestampft. Gelegentlich wird das Nest durch Artgenossen aufgebrochen und die Beute wird gestohlen. Insgesamt kann ein Weibchen bis zu 10 Nester anlegen, was in der Regel in einem Umkreis von etwa 150 Metern geschieht.<\/p>\n<p>Zur Galerie <a href=\"http:\/\/woerrlein-naturfoto.de\/wordpress\/hauptseite-insekten\/insekten\/hautfluegler-zweifluegler-2\/\">Hautfl\u00fcgler, Zweifl\u00fcgler<\/a><\/p>\n<p>&nbsp;<\/p>\n<p><em>Quelle des Textauszuges und weitere Infos bei <\/em><a href=\"https:\/\/de.wikipedia.org\/wiki\/Gemeine_Sandwespe\" target=\"_blank\" rel=\"noopener noreferrer\">Wikipedia<\/a><em> (<\/em><a href=\"http:\/\/www.gnu.org\/licenses\/fdl-1.3.txt\" target=\"_blank\" rel=\"noopener noreferrer\">GNU-Lizenz<\/a><em>)\u2013 mein Dank gilt den <\/em><a href=\"https:\/\/de.wikipedia.org\/w\/index.php?title=Dungfliegen&amp;action=history\" target=\"_blank\" rel=\"noopener noreferrer\">Autoren<\/a><em>.<\/em><\/p>\n","protected":false},"excerpt":{"rendered":"<p>Insekten -&gt; Hautfl\u00fcgler, Zweifl\u00fcgler Insekten von A-Z zur Galerie Hautfl\u00fcgler, Zweifl\u00fcgler Die Gemeine Sandwespe (Ammophila sabulosa) ist ein Hautfl\u00fcgler aus der Familie der Sphecidae. Die Art ist in Mitteleuropa h\u00e4ufig und nicht gef\u00e4hrdet. Die Tiere erreichen eine K\u00f6rperl\u00e4nge von 16 bis 24 Millimetern (Weibchen) bzw. 14 bis 19 Millimetern (M\u00e4nnchen) und sind damit die gr\u00f6\u00dften &hellip; <a href=\"https:\/\/woerrlein-naturfoto.de\/wordpress\/hautfluegler-zweifluegler-a-z\/gemeine-sandwespe\/\" class=\"more-link\"><span class=\"screen-reader-text\">Gemeine Sandwespe<\/span> weiterlesen <span class=\"meta-nav\">&rarr;<\/span><\/a><\/p>\n","protected":false},"author":1,"featured_media":0,"parent":3739,"menu_order":0,"comment_status":"closed","ping_status":"closed","template":"page-templates\/full-width.php","meta":{"footnotes":""},"class_list":["post-20244","page","type-page","status-publish","hentry"],"_links":{"self":[{"href":"https:\/\/woerrlein-naturfoto.de\/wordpress\/wp-json\/wp\/v2\/pages\/20244","targetHints":{"allow":["GET"]}}],"collection":[{"href":"https:\/\/woerrlein-naturfoto.de\/wordpress\/wp-json\/wp\/v2\/pages"}],"about":[{"href":"https:\/\/woerrlein-naturfoto.de\/wordpress\/wp-json\/wp\/v2\/types\/page"}],"author":[{"embeddable":true,"href":"https:\/\/woerrlein-naturfoto.de\/wordpress\/wp-json\/wp\/v2\/users\/1"}],"replies":[{"embeddable":true,"href":"https:\/\/woerrlein-naturfoto.de\/wordpress\/wp-json\/wp\/v2\/comments?post=20244"}],"version-history":[{"count":9,"href":"https:\/\/woerrlein-naturfoto.de\/wordpress\/wp-json\/wp\/v2\/pages\/20244\/revisions"}],"predecessor-version":[{"id":20253,"href":"https:\/\/woerrlein-naturfoto.de\/wordpress\/wp-json\/wp\/v2\/pages\/20244\/revisions\/20253"}],"up":[{"embeddable":true,"href":"https:\/\/woerrlein-naturfoto.de\/wordpress\/wp-json\/wp\/v2\/pages\/3739"}],"wp:attachment":[{"href":"https:\/\/woerrlein-naturfoto.de\/wordpress\/wp-json\/wp\/v2\/media?parent=20244"}],"curies":[{"name":"wp","href":"https:\/\/api.w.org\/{rel}","templated":true}]}}