{"id":20236,"date":"2025-06-06T15:48:47","date_gmt":"2025-06-06T13:48:47","guid":{"rendered":"https:\/\/woerrlein-naturfoto.de\/wordpress\/?page_id=20236"},"modified":"2025-06-06T15:58:42","modified_gmt":"2025-06-06T13:58:42","slug":"gelbbindige-furchenbiene","status":"publish","type":"page","link":"https:\/\/woerrlein-naturfoto.de\/wordpress\/hautfluegler-zweifluegler-a-z\/gelbbindige-furchenbiene\/","title":{"rendered":"Gelbbindige Furchenbiene"},"content":{"rendered":"<p><a href=\"http:\/\/woerrlein-naturfoto.de\/wordpress\/insekten\/\"><span style=\"color: #ffff66;\">Insekten<\/span> <\/a>-&gt;<a href=\"http:\/\/woerrlein-naturfoto.de\/wordpress\/hauptseite-insekten\/insekten\/hautfluegler-zweifluegler-2\/\"> <span style=\"color: #ffff66;\">Hautfl\u00fcgler, Zweifl\u00fcgler<\/span><\/a><br \/>\n<a title=\"Insekten A-Z\" href=\"http:\/\/woerrlein-naturfoto.de\/wordpress\/insekten-a-z\/\">Insekten von A-Z<\/a><br \/>\nzur Galerie <a href=\"http:\/\/woerrlein-naturfoto.de\/wordpress\/hauptseite-insekten\/insekten\/hautfluegler-zweifluegler-2\/\">Hautfl\u00fcgler, Zweifl\u00fcgler<\/a><\/p>\n<p><img loading=\"lazy\" decoding=\"async\" class=\"alignleft wp-image-20139\" src=\"https:\/\/woerrlein-naturfoto.de\/wordpress\/wp-content\/uploads\/2015\/01\/GelbbindigeFurchenbiene_AW_82148-e1749137284464.jpg\" alt=\"\" width=\"400\" height=\"400\" srcset=\"https:\/\/woerrlein-naturfoto.de\/wordpress\/wp-content\/uploads\/2015\/01\/GelbbindigeFurchenbiene_AW_82148-e1749137284464.jpg 450w, https:\/\/woerrlein-naturfoto.de\/wordpress\/wp-content\/uploads\/2015\/01\/GelbbindigeFurchenbiene_AW_82148-e1749137284464-400x400.jpg 400w, https:\/\/woerrlein-naturfoto.de\/wordpress\/wp-content\/uploads\/2015\/01\/GelbbindigeFurchenbiene_AW_82148-e1749137284464-150x150.jpg 150w, https:\/\/woerrlein-naturfoto.de\/wordpress\/wp-content\/uploads\/2015\/01\/GelbbindigeFurchenbiene_AW_82148-e1749137284464-158x158.jpg 158w\" sizes=\"auto, (max-width: 400px) 100vw, 400px\" \/>Die <b>Gelbbindige Furchenbiene<\/b> (<i>Halictus scabiosae<\/i>) ist eine Bienenart aus der Gattung <i><a title=\"Halictus\" href=\"https:\/\/de.wikipedia.org\/wiki\/Halictus\" target=\"_blank\" rel=\"noopener\">Halictus<\/a><\/i> innerhalb der Familie der <a title=\"Halictidae\" href=\"https:\/\/de.wikipedia.org\/wiki\/Halictidae\" target=\"_blank\" rel=\"noopener\">Halictidae<\/a> (Schmal- und Furchenbienen). Die Art wurde im Jahr 2018 als <a title=\"Wildbiene des Jahres\" href=\"https:\/\/de.wikipedia.org\/wiki\/Wildbiene_des_Jahres\" target=\"_blank\" rel=\"noopener\">Wildbiene des Jahres<\/a> gek\u00fcrt.<br \/>\nDie Bienen haben ungef\u00e4hr die Gr\u00f6\u00dfe von Honigbienen. Sie sind anhand der Bandmusterung ihres Hinterleibs relativ leicht bestimmbar. Die M\u00e4nnchen sind schlanker als die Weibchen. Die schwarzen B\u00e4nder an den Tergiten 2 bis 4 der Weibchen sind jeweils an der Vorderseite von einem hellbraunen Band und an der Hinterseite von einem gelben Band ges\u00e4umt. Die M\u00e4nnchen besitzen auf den Tergiten 2 bis 6 jeweils ein wei\u00dfliches Band auf der Hinterseite der schwarzen B\u00e4nder. Die hinteren Tibien der M\u00e4nnchen sind fast vollst\u00e4ndig gelb.<br \/>\nDie Art ist in den s\u00fcdlichen und mittleren Teilen Europas verbreitet. Ihr Vorkommen erstreckt sich vom Mittelmeerraum einschlie\u00dflich Nordafrika \u00fcber Mitteleuropa bis nach Ungarn und ins Baltikum. Die Art fehlt in Gro\u00dfbritannien, kommt jedoch auf den Kanalinseln vor.<sup id=\"cite_ref-bwars_2-1\" class=\"reference\"><\/sup> Im Osten reicht das Verbreitungsgebiet \u00fcber Kleinasien bis in den Mittleren Osten. In Deutschland erfolgte seit 1990 eine Ausbreitung von den s\u00fcdlichen Bundesl\u00e4ndern her \u00fcber Niedersachsen bis nach Schleswig-Holstein.<\/p>\n<p>Zur Galerie <a href=\"http:\/\/woerrlein-naturfoto.de\/wordpress\/hauptseite-insekten\/insekten\/hautfluegler-zweifluegler-2\/\">Hautfl\u00fcgler, Zweifl\u00fcgler<\/a><\/p>\n<p><em>Quelle des Textauszuges und weitere Infos bei <\/em><a href=\"https:\/\/de.wikipedia.org\/wiki\/Gelbbindige_Furchenbiene\" target=\"_blank\" rel=\"noopener noreferrer\">Wikipedia<\/a><em> (<\/em><a href=\"http:\/\/www.gnu.org\/licenses\/fdl-1.3.txt\" target=\"_blank\" rel=\"noopener noreferrer\">GNU-Lizenz<\/a><em>)\u2013 mein Dank gilt den <\/em><a href=\"https:\/\/de.wikipedia.org\/w\/index.php?title=Gelbbindige_Furchenbiene&amp;action=history\" target=\"_blank\" rel=\"noopener noreferrer\">Autoren<\/a><em>.<\/em><\/p>\n","protected":false},"excerpt":{"rendered":"<p>Insekten -&gt; Hautfl\u00fcgler, Zweifl\u00fcgler Insekten von A-Z zur Galerie Hautfl\u00fcgler, Zweifl\u00fcgler Die Gelbbindige Furchenbiene (Halictus scabiosae) ist eine Bienenart aus der Gattung Halictus innerhalb der Familie der Halictidae (Schmal- und Furchenbienen). Die Art wurde im Jahr 2018 als Wildbiene des Jahres gek\u00fcrt. Die Bienen haben ungef\u00e4hr die Gr\u00f6\u00dfe von Honigbienen. Sie sind anhand der Bandmusterung &hellip; <a href=\"https:\/\/woerrlein-naturfoto.de\/wordpress\/hautfluegler-zweifluegler-a-z\/gelbbindige-furchenbiene\/\" class=\"more-link\"><span class=\"screen-reader-text\">Gelbbindige Furchenbiene<\/span> weiterlesen <span class=\"meta-nav\">&rarr;<\/span><\/a><\/p>\n","protected":false},"author":1,"featured_media":0,"parent":3739,"menu_order":0,"comment_status":"closed","ping_status":"closed","template":"page-templates\/full-width.php","meta":{"footnotes":""},"class_list":["post-20236","page","type-page","status-publish","hentry"],"_links":{"self":[{"href":"https:\/\/woerrlein-naturfoto.de\/wordpress\/wp-json\/wp\/v2\/pages\/20236","targetHints":{"allow":["GET"]}}],"collection":[{"href":"https:\/\/woerrlein-naturfoto.de\/wordpress\/wp-json\/wp\/v2\/pages"}],"about":[{"href":"https:\/\/woerrlein-naturfoto.de\/wordpress\/wp-json\/wp\/v2\/types\/page"}],"author":[{"embeddable":true,"href":"https:\/\/woerrlein-naturfoto.de\/wordpress\/wp-json\/wp\/v2\/users\/1"}],"replies":[{"embeddable":true,"href":"https:\/\/woerrlein-naturfoto.de\/wordpress\/wp-json\/wp\/v2\/comments?post=20236"}],"version-history":[{"count":6,"href":"https:\/\/woerrlein-naturfoto.de\/wordpress\/wp-json\/wp\/v2\/pages\/20236\/revisions"}],"predecessor-version":[{"id":20242,"href":"https:\/\/woerrlein-naturfoto.de\/wordpress\/wp-json\/wp\/v2\/pages\/20236\/revisions\/20242"}],"up":[{"embeddable":true,"href":"https:\/\/woerrlein-naturfoto.de\/wordpress\/wp-json\/wp\/v2\/pages\/3739"}],"wp:attachment":[{"href":"https:\/\/woerrlein-naturfoto.de\/wordpress\/wp-json\/wp\/v2\/media?parent=20236"}],"curies":[{"name":"wp","href":"https:\/\/api.w.org\/{rel}","templated":true}]}}