{"id":20230,"date":"2025-06-06T15:29:44","date_gmt":"2025-06-06T13:29:44","guid":{"rendered":"https:\/\/woerrlein-naturfoto.de\/wordpress\/?page_id=20230"},"modified":"2025-06-06T15:35:17","modified_gmt":"2025-06-06T13:35:17","slug":"grabwespen","status":"publish","type":"page","link":"https:\/\/woerrlein-naturfoto.de\/wordpress\/hautfluegler-zweifluegler-a-z\/grabwespen\/","title":{"rendered":"Grabwespen"},"content":{"rendered":"<p><a href=\"http:\/\/woerrlein-naturfoto.de\/wordpress\/insekten\/\"><span style=\"color: #ffff66;\">Insekten<\/span> <\/a>-&gt;<a href=\"http:\/\/woerrlein-naturfoto.de\/wordpress\/hauptseite-insekten\/insekten\/hautfluegler-zweifluegler-2\/\"> <span style=\"color: #ffff66;\">Hautfl\u00fcgler, Zweifl\u00fcgler<\/span><\/a><br \/>\n<a title=\"Insekten A-Z\" href=\"http:\/\/woerrlein-naturfoto.de\/wordpress\/insekten-a-z\/\">Insekten von A-Z<\/a><br \/>\nzur Galerie <a href=\"http:\/\/woerrlein-naturfoto.de\/wordpress\/hauptseite-insekten\/insekten\/hautfluegler-zweifluegler-2\/\">Hautfl\u00fcgler, Zweifl\u00fcgler<\/a><\/p>\n<p><img loading=\"lazy\" decoding=\"async\" class=\"alignleft wp-image-20127\" src=\"https:\/\/woerrlein-naturfoto.de\/wordpress\/wp-content\/uploads\/2015\/01\/Grabwespen_230718_5738.jpg\" alt=\"\" width=\"600\" height=\"400\" srcset=\"https:\/\/woerrlein-naturfoto.de\/wordpress\/wp-content\/uploads\/2015\/01\/Grabwespen_230718_5738.jpg 1000w, https:\/\/woerrlein-naturfoto.de\/wordpress\/wp-content\/uploads\/2015\/01\/Grabwespen_230718_5738-600x400.jpg 600w, https:\/\/woerrlein-naturfoto.de\/wordpress\/wp-content\/uploads\/2015\/01\/Grabwespen_230718_5738-768x512.jpg 768w, https:\/\/woerrlein-naturfoto.de\/wordpress\/wp-content\/uploads\/2015\/01\/Grabwespen_230718_5738-120x80.jpg 120w\" sizes=\"auto, (max-width: 600px) 100vw, 600px\" \/>Die <b>Grabwespen<\/b> (Spheciformes) sind Hautfl\u00fcgler aus der Teilordnung der <a title=\"Stechimmen\" href=\"https:\/\/de.wikipedia.org\/wiki\/Stechimmen\" target=\"_blank\" rel=\"noopener\">Stechimmen<\/a>. Sie sind sehr nahe mit den Bienen verwandt, allerdings ist diese Verwandtschaft nicht auf den ersten Blick zu erkennen. Gemeinsamkeiten, die Grabwespen und Bienen vor den \u00fcbrigen Stechimmen auszeichnen, liegen im Bau des Thorax: Das Pronotum, der R\u00fcckenteil des (schmalen) ersten Brustsegments, bildet in seinen Hinterecken typische Verdickungen und erreicht nicht die Fl\u00fcgelschuppen, die das Fl\u00fcgelgelenk bedecken.<\/p>\n<p>Zur Galerie <a href=\"http:\/\/woerrlein-naturfoto.de\/wordpress\/hauptseite-insekten\/insekten\/hautfluegler-zweifluegler-2\/\">Hautfl\u00fcgler, Zweifl\u00fcgler<\/a><\/p>\n<p><em>Quelle des Textauszuges und weitere Infos bei <\/em><a href=\"https:\/\/de.wikipedia.org\/wiki\/Grabwespen\" target=\"_blank\" rel=\"noopener noreferrer\">Wikipedia<\/a><em> (<\/em><a href=\"http:\/\/www.gnu.org\/licenses\/fdl-1.3.txt\" target=\"_blank\" rel=\"noopener noreferrer\">GNU-Lizenz<\/a><em>)\u2013 mein Dank gilt den <\/em><a href=\"https:\/\/de.wikipedia.org\/w\/index.php?title=Dungfliegen&amp;action=history\" target=\"_blank\" rel=\"noopener noreferrer\">Autoren<\/a><em>.<\/em><\/p>\n","protected":false},"excerpt":{"rendered":"<p>Insekten -&gt; Hautfl\u00fcgler, Zweifl\u00fcgler Insekten von A-Z zur Galerie Hautfl\u00fcgler, Zweifl\u00fcgler Die Grabwespen (Spheciformes) sind Hautfl\u00fcgler aus der Teilordnung der Stechimmen. Sie sind sehr nahe mit den Bienen verwandt, allerdings ist diese Verwandtschaft nicht auf den ersten Blick zu erkennen. Gemeinsamkeiten, die Grabwespen und Bienen vor den \u00fcbrigen Stechimmen auszeichnen, liegen im Bau des Thorax: &hellip; <a href=\"https:\/\/woerrlein-naturfoto.de\/wordpress\/hautfluegler-zweifluegler-a-z\/grabwespen\/\" class=\"more-link\"><span class=\"screen-reader-text\">Grabwespen<\/span> weiterlesen <span class=\"meta-nav\">&rarr;<\/span><\/a><\/p>\n","protected":false},"author":1,"featured_media":0,"parent":3739,"menu_order":0,"comment_status":"closed","ping_status":"closed","template":"page-templates\/full-width.php","meta":{"footnotes":""},"class_list":["post-20230","page","type-page","status-publish","hentry"],"_links":{"self":[{"href":"https:\/\/woerrlein-naturfoto.de\/wordpress\/wp-json\/wp\/v2\/pages\/20230","targetHints":{"allow":["GET"]}}],"collection":[{"href":"https:\/\/woerrlein-naturfoto.de\/wordpress\/wp-json\/wp\/v2\/pages"}],"about":[{"href":"https:\/\/woerrlein-naturfoto.de\/wordpress\/wp-json\/wp\/v2\/types\/page"}],"author":[{"embeddable":true,"href":"https:\/\/woerrlein-naturfoto.de\/wordpress\/wp-json\/wp\/v2\/users\/1"}],"replies":[{"embeddable":true,"href":"https:\/\/woerrlein-naturfoto.de\/wordpress\/wp-json\/wp\/v2\/comments?post=20230"}],"version-history":[{"count":3,"href":"https:\/\/woerrlein-naturfoto.de\/wordpress\/wp-json\/wp\/v2\/pages\/20230\/revisions"}],"predecessor-version":[{"id":20233,"href":"https:\/\/woerrlein-naturfoto.de\/wordpress\/wp-json\/wp\/v2\/pages\/20230\/revisions\/20233"}],"up":[{"embeddable":true,"href":"https:\/\/woerrlein-naturfoto.de\/wordpress\/wp-json\/wp\/v2\/pages\/3739"}],"wp:attachment":[{"href":"https:\/\/woerrlein-naturfoto.de\/wordpress\/wp-json\/wp\/v2\/media?parent=20230"}],"curies":[{"name":"wp","href":"https:\/\/api.w.org\/{rel}","templated":true}]}}