{"id":20219,"date":"2025-06-06T14:59:29","date_gmt":"2025-06-06T12:59:29","guid":{"rendered":"https:\/\/woerrlein-naturfoto.de\/wordpress\/?page_id=20219"},"modified":"2025-06-06T15:12:28","modified_gmt":"2025-06-06T13:12:28","slug":"gemeine-ameisenjungfer","status":"publish","type":"page","link":"https:\/\/woerrlein-naturfoto.de\/wordpress\/netzfluegler-a-z\/gemeine-ameisenjungfer\/","title":{"rendered":"Gemeine Ameisenjungfer"},"content":{"rendered":"<p><a href=\"http:\/\/woerrlein-naturfoto.de\/wordpress\/insekten\/\"><span style=\"color: #ffff66;\">Insekten<\/span> <\/a>-&gt;<a href=\"http:\/\/woerrlein-naturfoto.de\/wordpress\/hauptseite-insekten\/insekten\/netzfluegler-2\/\"> <span style=\"color: #ffff66;\">Netzfl\u00fcgler<\/span><\/a><br \/>\n<a title=\"Insekten A-Z\" href=\"http:\/\/woerrlein-naturfoto.de\/wordpress\/insekten-a-z\/\">Insekten von A-Z<\/a><br \/>\nzur Galerie <a title=\"Fang- und Heuschrecken\" href=\"http:\/\/woerrlein-naturfoto.de\/wordpress\/hauptseite-insekten\/insekten\/netzfluegler-2\/\">Netzfl\u00fcgler<\/a><\/p>\n<p><img loading=\"lazy\" decoding=\"async\" class=\"alignleft wp-image-20126\" src=\"https:\/\/woerrlein-naturfoto.de\/wordpress\/wp-content\/uploads\/2015\/07\/AmeisenjungferAW33385L.jpg\" alt=\"\" width=\"600\" height=\"400\" srcset=\"https:\/\/woerrlein-naturfoto.de\/wordpress\/wp-content\/uploads\/2015\/07\/AmeisenjungferAW33385L.jpg 1000w, https:\/\/woerrlein-naturfoto.de\/wordpress\/wp-content\/uploads\/2015\/07\/AmeisenjungferAW33385L-600x400.jpg 600w, https:\/\/woerrlein-naturfoto.de\/wordpress\/wp-content\/uploads\/2015\/07\/AmeisenjungferAW33385L-768x512.jpg 768w, https:\/\/woerrlein-naturfoto.de\/wordpress\/wp-content\/uploads\/2015\/07\/AmeisenjungferAW33385L-120x80.jpg 120w\" sizes=\"auto, (max-width: 600px) 100vw, 600px\" \/>Die <b>Gemeine<\/b> oder <b>Gew\u00f6hnliche Ameisenjungfer<\/b> (<i>Myrmeleon formicarius<\/i>) ist ein Netzfl\u00fcgler aus der Familie der Ameisenjungfern (Myrmeleontidae). Sie ist wie wenige andere Arten aus der Familie f\u00fcr die spezielle Jagdweise ihrer Larvenform, des sogenannten Ameisenl\u00f6wen, auf Ameisen bekannt.<br \/>\nAls <a title=\"Imago (Zoologie)\" href=\"https:\/\/de.wikipedia.org\/wiki\/Imago_(Zoologie)\" target=\"_blank\" rel=\"noopener\">Imago<\/a> besitzt die Gemeine Ameisenjungfer eine Fl\u00fcgelspannweite von 70 bis 80 Millimetern.<sup id=\"cite_ref-bellmann_1-0\" class=\"reference\"><\/sup> Dieses Ma\u00df wird durch das erste und gr\u00f6\u00dfere Fl\u00fcgelpaar geschaffen, dessen einzelner Fl\u00fcgel dementsprechend 35 bis 40 Millimeter lang sein kann. Die K\u00f6rperl\u00e4nge der Imago betr\u00e4gt 30 bis 40 Millimeter. Wie die anderen Arten der Gattung<sup id=\"cite_ref-anderle_2-1\" class=\"reference\"><\/sup> besitzt sie transparente und glasartige Fl\u00fcgel ohne Zeichnungen,<sup id=\"cite_ref-anderle_2-2\" class=\"reference\"><\/sup> wobei bei den anderen Arten das erste Fl\u00fcgelpaar nicht l\u00e4nger als das zweite ausf\u00e4llt. Der Kopf und der vortere Teil des Torax besitzen eine Zeichnung, die es erm\u00f6glicht, die Gemeine Ameisenjungfer von den anderen Arten zu unterscheiden.<br \/>\nDie Gemeine Ameisenjungfer z\u00e4hlt zusammen mit der <a title=\"Geflecktfl\u00fcglige Ameisenjungfer\" href=\"https:\/\/de.wikipedia.org\/wiki\/Geflecktfl%C3%BCglige_Ameisenjungfer\" target=\"_blank\" rel=\"noopener\">Geflecktfl\u00fcgligen Ameisenjungfer<\/a> (<i>Euroleon nostras<\/i>) zu den h\u00e4ufigsten Ameisenjungfern Mitteleuropas<sup id=\"cite_ref-anderle_2-7\" class=\"reference\"><\/sup>, obgleich die Geflecktfl\u00fcglige Ameisenjungfer meist zahlreicher vertreten ist. Zwar ist die Gemeine Ameisenjungfer gebietsweise h\u00e4ufig, doch sind bedingt durch den R\u00fcckgang ihrer Lebensr\u00e4ume schwindende Zahlen ihrer Populationen zu beobachten.<sup id=\"cite_ref-anderle_2-8\" class=\"reference\"><\/sup>\u00a0Die Gemeine und die Geflecktfl\u00fcgelige Ameisenjungfer genie\u00dfen deshalb beide gesetzlichen Schutz.<\/p>\n<p><strong>Flugzeit:<\/strong> \u00a0\u00a0\u00a0 Mai bis August<\/p>\n<p>Zur Galerie <a title=\"Fang- und Heuschrecken\" href=\"http:\/\/woerrlein-naturfoto.de\/wordpress\/hauptseite-insekten\/insekten\/netzfluegler-2\/\">Netzfl\u00fcgler<\/a><\/p>\n<p>&nbsp;<\/p>\n<p><em>Quelle des Textauszuges und weitere Infos bei <\/em><a href=\"https:\/\/de.wikipedia.org\/wiki\/Gemeine_Ameisenjungfer\" target=\"_blank\" rel=\"noopener\">Wikipedia<\/a><em> (<\/em><a href=\"http:\/\/www.gnu.org\/licenses\/fdl-1.3.txt\" target=\"_blank\" rel=\"noopener\">GNU-Lizenz<\/a><em>)\u2013 mein Dank gilt den <\/em><a href=\"https:\/\/de.wikipedia.org\/w\/index.php?title=Gemeine_Ameisenjungfer&amp;action=history\" target=\"_blank\" rel=\"noopener\">Autoren<\/a><em>.<\/em><\/p>\n","protected":false},"excerpt":{"rendered":"<p>Insekten -&gt; Netzfl\u00fcgler Insekten von A-Z zur Galerie Netzfl\u00fcgler Die Gemeine oder Gew\u00f6hnliche Ameisenjungfer (Myrmeleon formicarius) ist ein Netzfl\u00fcgler aus der Familie der Ameisenjungfern (Myrmeleontidae). Sie ist wie wenige andere Arten aus der Familie f\u00fcr die spezielle Jagdweise ihrer Larvenform, des sogenannten Ameisenl\u00f6wen, auf Ameisen bekannt. Als Imago besitzt die Gemeine Ameisenjungfer eine Fl\u00fcgelspannweite von &hellip; <a href=\"https:\/\/woerrlein-naturfoto.de\/wordpress\/netzfluegler-a-z\/gemeine-ameisenjungfer\/\" class=\"more-link\"><span class=\"screen-reader-text\">Gemeine Ameisenjungfer<\/span> weiterlesen <span class=\"meta-nav\">&rarr;<\/span><\/a><\/p>\n","protected":false},"author":1,"featured_media":0,"parent":7218,"menu_order":0,"comment_status":"closed","ping_status":"closed","template":"page-templates\/full-width.php","meta":{"footnotes":""},"class_list":["post-20219","page","type-page","status-publish","hentry"],"_links":{"self":[{"href":"https:\/\/woerrlein-naturfoto.de\/wordpress\/wp-json\/wp\/v2\/pages\/20219","targetHints":{"allow":["GET"]}}],"collection":[{"href":"https:\/\/woerrlein-naturfoto.de\/wordpress\/wp-json\/wp\/v2\/pages"}],"about":[{"href":"https:\/\/woerrlein-naturfoto.de\/wordpress\/wp-json\/wp\/v2\/types\/page"}],"author":[{"embeddable":true,"href":"https:\/\/woerrlein-naturfoto.de\/wordpress\/wp-json\/wp\/v2\/users\/1"}],"replies":[{"embeddable":true,"href":"https:\/\/woerrlein-naturfoto.de\/wordpress\/wp-json\/wp\/v2\/comments?post=20219"}],"version-history":[{"count":4,"href":"https:\/\/woerrlein-naturfoto.de\/wordpress\/wp-json\/wp\/v2\/pages\/20219\/revisions"}],"predecessor-version":[{"id":20224,"href":"https:\/\/woerrlein-naturfoto.de\/wordpress\/wp-json\/wp\/v2\/pages\/20219\/revisions\/20224"}],"up":[{"embeddable":true,"href":"https:\/\/woerrlein-naturfoto.de\/wordpress\/wp-json\/wp\/v2\/pages\/7218"}],"wp:attachment":[{"href":"https:\/\/woerrlein-naturfoto.de\/wordpress\/wp-json\/wp\/v2\/media?parent=20219"}],"curies":[{"name":"wp","href":"https:\/\/api.w.org\/{rel}","templated":true}]}}