{"id":20041,"date":"2025-03-30T14:34:57","date_gmt":"2025-03-30T12:34:57","guid":{"rendered":"https:\/\/woerrlein-naturfoto.de\/wordpress\/?page_id=20041"},"modified":"2025-03-30T14:38:28","modified_gmt":"2025-03-30T12:38:28","slug":"tuerkenbund-lilie","status":"publish","type":"page","link":"https:\/\/woerrlein-naturfoto.de\/wordpress\/blueten-ii-a-z\/tuerkenbund-lilie\/","title":{"rendered":"T\u00fcrkenbund-Lilie"},"content":{"rendered":"<p><a href=\"http:\/\/woerrlein-naturfoto.de\/wordpress\/hauptseite-pflanzen\/pflanzen\/\"><span style=\"color: #ffff66;\">Pflanzen<\/span> <\/a>-&gt;<a href=\"http:\/\/woerrlein-naturfoto.de\/wordpress\/hauptseite-pflanzen\/pflanzen\/blueten-ii-sonstige-blueten\/\"> <span style=\"color: #ffff66;\">Bl\u00fcten II (sonstige Bl\u00fcten)<\/span><\/a><br \/>\n<a href=\"http:\/\/woerrlein-naturfoto.de\/wordpress\/pflanzen-von-a-z\/\">Pflanzen von A-Z<\/a><br \/>\nZur Galerie <a href=\"http:\/\/woerrlein-naturfoto.de\/wordpress\/hauptseite-pflanzen\/pflanzen\/blueten-ii-sonstige-blueten\/\">sonstige Bl\u00fcten<code><\/code><\/a><\/p>\n<p><img loading=\"lazy\" decoding=\"async\" class=\"alignleft wp-image-19927\" src=\"https:\/\/woerrlein-naturfoto.de\/wordpress\/wp-content\/uploads\/2015\/01\/Tuerkenbund_240703_0553.jpg\" alt=\"\" width=\"267\" height=\"400\" srcset=\"https:\/\/woerrlein-naturfoto.de\/wordpress\/wp-content\/uploads\/2015\/01\/Tuerkenbund_240703_0553.jpg 567w, https:\/\/woerrlein-naturfoto.de\/wordpress\/wp-content\/uploads\/2015\/01\/Tuerkenbund_240703_0553-267x400.jpg 267w\" sizes=\"auto, (max-width: 267px) 100vw, 267px\" \/>Der <b>T\u00fcrkenbund<\/b> (<i>Lilium martagon<\/i>), oder auch <b>T\u00fcrkenbund-Lilie<\/b>, ist eine Pflanzen<a title=\"Art (Biologie)\" href=\"https:\/\/de.wikipedia.org\/wiki\/Art_(Biologie)\">art<\/a> aus der Gattung der Lilien (<i>Lilium<\/i>) in der nach ihr benannten Martagon-Sektion. Durch ihre auff\u00e4llig geformten Bl\u00fcten und gro\u00dfe Wuchsh\u00f6he gilt sie als eine der stattlichsten in Europa heimischen Lilien.<br \/>\nDer T\u00fcrkenbund ist eine ausdauernde, krautige Pflanze, die Wuchsh\u00f6hen zwischen 30 und 150 Zentimetern, selten bis 200 Zentimeter, erreicht. Die ovale Zwiebel kann bis acht Zentimeter Durchmesser erreichen u<sup id=\"cite_ref-SJS_1-0\" class=\"reference\"><\/sup>nd besteht aus vielen gelben taillierten Schuppen. Sie zeichnet sich wie viele Geophyten durch Zugwurzeln aus, die daf\u00fcr sorgen, dass die Zwiebel in ausreichender Bodentiefe bleibt.<br \/>\nDer einfache, kr\u00e4ftige St\u00e4ngel ist rund und meist rotfleckig. Der St\u00e4ngel ist besonders unten dichter bebl\u00e4ttert. In der St\u00e4ngelmitte stehen die Bl\u00e4tter in vier bis acht Scheinquirlen aus acht bis vierzehn Bl\u00e4ttern, die von unten nach oben kleiner werden, sonst sind diese wechselst\u00e4ndig angeordnet. Die lanzettlichen Laubbl\u00e4tter werden etwa 15 Zentimeter lang und 5 Zentimeter breit. Sie sind glattrandig und kahl.<br \/>\nZwischen Juni und August erscheinen in einem rispigen Bl\u00fctenstand bis zu sechzehn duftende, nickende Bl\u00fcten. In freien Lagen, etwa auf sonnigen Bergwiesen, kann eine Pflanze jedoch auch bis zu zwanzig Bl\u00fcten entwickeln. Die zwittrigen, dreiz\u00e4hligen Bl\u00fcten haben sechs nach unten und au\u00dfen gebogene, gleichgeformte Bl\u00fctenh\u00fcllbl\u00e4tter (Tepalen). Die Tepalen sind dabei so stark nach au\u00dfen und r\u00fcckw\u00e4rts gebogen, dass ihre Spitzen am Stiel aufeinander treffen, wodurch sich die typische Turbanform ergibt. Die Bl\u00fcten sind meist fleischrosa, manchmal auch tr\u00fcbviolett bis hell braunrot. Nur sehr selten sind sie wei\u00df. Die linearen bis l\u00e4nglich-runden Bl\u00fctenh\u00fcllbl\u00e4tter sind 30 bis 45 Millimeter lang und 6 bis 10 Millimeter breit und haben eine in der Regel dunkle Punktierung in unterschiedlichen Gr\u00f6\u00dfen von kleinsten Sprenkeln bis hin zu gro\u00dfen Flecken. Das Perigon als Ganzes hat einen Durchmesser von etwa drei bis sechs Zentimeter. Der stets von der Bl\u00fctenstandsachse weggebogene, 18 bis 20 Millimeter lange Griffel und die sechs 18 bis 22 Millimeter langen Staubbl\u00e4tter mit roten, 6 bis 11 Millimeter langen Staubbeuteln ragen weit aus der Bl\u00fcte hervor. Die Pollen sind rotorange.<\/p>\n<p><strong>Bl\u00fctezeit:<\/strong> \u00a0\u00a0\u00a0 Juni bis August<\/p>\n<p>Zur Galerie <a title=\"Eulen\" href=\"http:\/\/woerrlein-naturfoto.de\/wordpress\/hauptseite-pflanzen\/pflanzen\/blueten-ii-sonstige-blueten\/\">sonstige Bl\u00fcten<\/a><\/p>\n<p>&nbsp;<\/p>\n<p><em>Quelle des Textauszuges und weitere Infos bei <\/em><a href=\"https:\/\/de.wikipedia.org\/wiki\/T%C3%BCrkenbund\" target=\"_blank\" rel=\"noopener\">Wikipedia<\/a><em> (<\/em><a href=\"http:\/\/www.gnu.org\/licenses\/fdl-1.3.txt\" target=\"_blank\" rel=\"noopener\">GNU-Lizenz<\/a><em>)\u2013 mein Dank gilt den <\/em><a href=\"https:\/\/de.wikipedia.org\/w\/index.php?title=T%C3%BCrkenbund&amp;action=history\" target=\"_blank\" rel=\"noopener\">Autoren<\/a><em>.<\/em><\/p>\n","protected":false},"excerpt":{"rendered":"<p>Pflanzen -&gt; Bl\u00fcten II (sonstige Bl\u00fcten) Pflanzen von A-Z Zur Galerie sonstige Bl\u00fcten Der T\u00fcrkenbund (Lilium martagon), oder auch T\u00fcrkenbund-Lilie, ist eine Pflanzenart aus der Gattung der Lilien (Lilium) in der nach ihr benannten Martagon-Sektion. Durch ihre auff\u00e4llig geformten Bl\u00fcten und gro\u00dfe Wuchsh\u00f6he gilt sie als eine der stattlichsten in Europa heimischen Lilien. Der T\u00fcrkenbund &hellip; <a href=\"https:\/\/woerrlein-naturfoto.de\/wordpress\/blueten-ii-a-z\/tuerkenbund-lilie\/\" class=\"more-link\"><span class=\"screen-reader-text\">T\u00fcrkenbund-Lilie<\/span> weiterlesen <span class=\"meta-nav\">&rarr;<\/span><\/a><\/p>\n","protected":false},"author":1,"featured_media":0,"parent":4851,"menu_order":0,"comment_status":"closed","ping_status":"closed","template":"page-templates\/full-width.php","meta":{"footnotes":""},"class_list":["post-20041","page","type-page","status-publish","hentry"],"_links":{"self":[{"href":"https:\/\/woerrlein-naturfoto.de\/wordpress\/wp-json\/wp\/v2\/pages\/20041","targetHints":{"allow":["GET"]}}],"collection":[{"href":"https:\/\/woerrlein-naturfoto.de\/wordpress\/wp-json\/wp\/v2\/pages"}],"about":[{"href":"https:\/\/woerrlein-naturfoto.de\/wordpress\/wp-json\/wp\/v2\/types\/page"}],"author":[{"embeddable":true,"href":"https:\/\/woerrlein-naturfoto.de\/wordpress\/wp-json\/wp\/v2\/users\/1"}],"replies":[{"embeddable":true,"href":"https:\/\/woerrlein-naturfoto.de\/wordpress\/wp-json\/wp\/v2\/comments?post=20041"}],"version-history":[{"count":3,"href":"https:\/\/woerrlein-naturfoto.de\/wordpress\/wp-json\/wp\/v2\/pages\/20041\/revisions"}],"predecessor-version":[{"id":20044,"href":"https:\/\/woerrlein-naturfoto.de\/wordpress\/wp-json\/wp\/v2\/pages\/20041\/revisions\/20044"}],"up":[{"embeddable":true,"href":"https:\/\/woerrlein-naturfoto.de\/wordpress\/wp-json\/wp\/v2\/pages\/4851"}],"wp:attachment":[{"href":"https:\/\/woerrlein-naturfoto.de\/wordpress\/wp-json\/wp\/v2\/media?parent=20041"}],"curies":[{"name":"wp","href":"https:\/\/api.w.org\/{rel}","templated":true}]}}