{"id":20035,"date":"2025-03-30T14:20:47","date_gmt":"2025-03-30T12:20:47","guid":{"rendered":"https:\/\/woerrlein-naturfoto.de\/wordpress\/?page_id=20035"},"modified":"2025-03-30T14:26:31","modified_gmt":"2025-03-30T12:26:31","slug":"gruene-hohlzunge","status":"publish","type":"page","link":"https:\/\/woerrlein-naturfoto.de\/wordpress\/verschiedene-orchideen-a-z\/gruene-hohlzunge\/","title":{"rendered":"Gr\u00fcne Hohlzunge"},"content":{"rendered":"<p><span style=\"color: #ffff66;\"><a style=\"color: #ffff66;\" href=\"http:\/\/woerrlein-naturfoto.de\/wordpress\/hauptseite-pflanzen\/pflanzen\/\"><span style=\"color: #ffff00;\">Pflanzen<\/span><\/a> <\/span>-&gt;<span style=\"color: #ffff66;\"><a style=\"color: #ffff66;\" href=\"http:\/\/woerrlein-naturfoto.de\/wordpress\/hauptseite-pflanzen\/pflanzen\/blueten-i-orchideen-2\/\"><span style=\"color: #ffff00;\">Orchideen <\/span><\/a><\/span>-&gt;<span style=\"color: #ffff00;\"> <a style=\"color: #ffff00;\" href=\"http:\/\/woerrlein-naturfoto.de\/wordpress\/hauptseite-pflanzen\/pflanzen\/blueten-i-orchideen\/\">verschiedene Orchideen<\/a><\/span><br \/>\n<a href=\"http:\/\/woerrlein-naturfoto.de\/wordpress\/pflanzen-von-a-z\/\">Pflanzen von A-Z<\/a><br \/>\nZur Galerie <a href=\"http:\/\/woerrlein-naturfoto.de\/wordpress\/hauptseite-pflanzen\/pflanzen\/blueten-i-orchideen\/\">verschiedene Orchideen<\/a><\/p>\n<p><img loading=\"lazy\" decoding=\"async\" class=\"alignleft wp-image-19900\" src=\"https:\/\/woerrlein-naturfoto.de\/wordpress\/wp-content\/uploads\/2015\/01\/GrueneHohlzunge_240428_0025.jpg\" alt=\"\" width=\"267\" height=\"400\" srcset=\"https:\/\/woerrlein-naturfoto.de\/wordpress\/wp-content\/uploads\/2015\/01\/GrueneHohlzunge_240428_0025.jpg 567w, https:\/\/woerrlein-naturfoto.de\/wordpress\/wp-content\/uploads\/2015\/01\/GrueneHohlzunge_240428_0025-267x400.jpg 267w\" sizes=\"auto, (max-width: 267px) 100vw, 267px\" \/>Die <b>Gr\u00fcne Hohlzunge<\/b> (<i>Coeloglossum viride<\/i>) ist eine Pflanzenart aus der Familie der Orchideen (Orchidaceae). Sie z\u00e4hlt neben der Wei\u00dfen H\u00f6swurz (<i>Pseudorchis albida<\/i>) und dem Holunder-Knabenkraut (<i>Dactylorhiza sambucina<\/i>) zu den typischen Orchideen der Bergwiesen. Sie ist nahe verwandt mit den Knabenkr\u00e4utern (<i>Dactylorhiza<\/i>), denen sie heute taxonomisch auch von einigen Autoren aufgrund molekulargenetischer Forschungen zugeordnet wird (<i>Dactylorhiza viridis<\/i> <span class=\"Person h-card\">(L.) R.M.Bateman, Pridgeon &amp; M.W.Chase<\/span>). Da diese Ergebnisse noch nicht allgemein akzeptiert sind, wird hier zun\u00e4chst der bisherige Artname verwendet. Der Name leitet sich von griechisch \u03ba\u03bf\u03af\u03bb\u03bf\u03c2 <i>koilos<\/i> = hohl, ausgeh\u00f6hlt, \u03b3\u03bb\u03ce\u03c3\u03c3\u03b1 <i>glossa<\/i> = die Zunge und <i>viride<\/i>, von lateinisch <i>viridis<\/i> = gr\u00fcn ab, ist in den deutschen Sprachgebrauch w\u00f6rtlich \u00fcbersetzt und verweist auf den ausgeh\u00f6hlten Sporn.<br \/>\nAuf Grund ihrer Gr\u00f6\u00dfe und meist gr\u00fcnlichen Farbe ist die Gr\u00fcne Hohlzunge eine sehr unauff\u00e4llige, ausdauernde, krautige Pflanze. Die Gr\u00fcne Hohlzunge bleibt meist klein, kann jedoch auch Wuchsh\u00f6hen bis 30 Zentimeter erreichen. Dieser Geophyt besitzt handf\u00f6rmig geteilte Knollen als \u00dcberdauerungsorgane. Der stumpfkantige, kahle St\u00e4ngel ist hellgelbgr\u00fcn. Die drei bis sieben unteren st\u00e4ngelumfassenden Laubbl\u00e4tter sind eif\u00f6rmig; die oberen mehr lanzettlich.<\/p>\n<p><strong>Bl\u00fctezeit:<\/strong> \u00a0\u00a0\u00a0 Anfang Mitte Mai bis Mitte August<\/p>\n<p>Zur Galerie <a href=\"http:\/\/woerrlein-naturfoto.de\/wordpress\/hauptseite-pflanzen\/pflanzen\/blueten-i-orchideen\/\">verschiedene Orchideen<\/a><\/p>\n<p><em>Quelle des Textauszuges und weitere Infos bei <\/em><a href=\"https:\/\/de.wikipedia.org\/wiki\/Gr%C3%BCne_Hohlzunge\" target=\"_blank\" rel=\"noopener noreferrer\">Wikipedia<\/a><em> (<\/em><a href=\"http:\/\/www.gnu.org\/licenses\/fdl-1.3.txt\" target=\"_blank\" rel=\"noopener noreferrer\">GNU-Lizenz<\/a><em>)\u2013 mein Dank gilt den <\/em><a href=\"https:\/\/de.wikipedia.org\/w\/index.php?title=Gr%C3%BCne_Hohlzunge&amp;action=history\" target=\"_blank\" rel=\"noopener noreferrer\">Autoren<\/a><em>.<\/em><\/p>\n","protected":false},"excerpt":{"rendered":"<p>Pflanzen -&gt;Orchideen -&gt; verschiedene Orchideen Pflanzen von A-Z Zur Galerie verschiedene Orchideen Die Gr\u00fcne Hohlzunge (Coeloglossum viride) ist eine Pflanzenart aus der Familie der Orchideen (Orchidaceae). Sie z\u00e4hlt neben der Wei\u00dfen H\u00f6swurz (Pseudorchis albida) und dem Holunder-Knabenkraut (Dactylorhiza sambucina) zu den typischen Orchideen der Bergwiesen. Sie ist nahe verwandt mit den Knabenkr\u00e4utern (Dactylorhiza), denen sie &hellip; <a href=\"https:\/\/woerrlein-naturfoto.de\/wordpress\/verschiedene-orchideen-a-z\/gruene-hohlzunge\/\" class=\"more-link\"><span class=\"screen-reader-text\">Gr\u00fcne Hohlzunge<\/span> weiterlesen <span class=\"meta-nav\">&rarr;<\/span><\/a><\/p>\n","protected":false},"author":1,"featured_media":0,"parent":14214,"menu_order":0,"comment_status":"closed","ping_status":"closed","template":"page-templates\/full-width.php","meta":{"footnotes":""},"class_list":["post-20035","page","type-page","status-publish","hentry"],"_links":{"self":[{"href":"https:\/\/woerrlein-naturfoto.de\/wordpress\/wp-json\/wp\/v2\/pages\/20035","targetHints":{"allow":["GET"]}}],"collection":[{"href":"https:\/\/woerrlein-naturfoto.de\/wordpress\/wp-json\/wp\/v2\/pages"}],"about":[{"href":"https:\/\/woerrlein-naturfoto.de\/wordpress\/wp-json\/wp\/v2\/types\/page"}],"author":[{"embeddable":true,"href":"https:\/\/woerrlein-naturfoto.de\/wordpress\/wp-json\/wp\/v2\/users\/1"}],"replies":[{"embeddable":true,"href":"https:\/\/woerrlein-naturfoto.de\/wordpress\/wp-json\/wp\/v2\/comments?post=20035"}],"version-history":[{"count":4,"href":"https:\/\/woerrlein-naturfoto.de\/wordpress\/wp-json\/wp\/v2\/pages\/20035\/revisions"}],"predecessor-version":[{"id":20039,"href":"https:\/\/woerrlein-naturfoto.de\/wordpress\/wp-json\/wp\/v2\/pages\/20035\/revisions\/20039"}],"up":[{"embeddable":true,"href":"https:\/\/woerrlein-naturfoto.de\/wordpress\/wp-json\/wp\/v2\/pages\/14214"}],"wp:attachment":[{"href":"https:\/\/woerrlein-naturfoto.de\/wordpress\/wp-json\/wp\/v2\/media?parent=20035"}],"curies":[{"name":"wp","href":"https:\/\/api.w.org\/{rel}","templated":true}]}}