{"id":20026,"date":"2025-03-30T14:03:20","date_gmt":"2025-03-30T12:03:20","guid":{"rendered":"https:\/\/woerrlein-naturfoto.de\/wordpress\/?page_id=20026"},"modified":"2025-03-30T14:12:47","modified_gmt":"2025-03-30T12:12:47","slug":"nordische-haendelwurz","status":"publish","type":"page","link":"https:\/\/woerrlein-naturfoto.de\/wordpress\/haendelwurzen-kohlroeschen-a-z\/nordische-haendelwurz\/","title":{"rendered":"Nordische H\u00e4ndelwurz"},"content":{"rendered":"<p><span style=\"color: #ffff66;\"><a style=\"color: #ffff66;\" href=\"http:\/\/woerrlein-naturfoto.de\/wordpress\/hauptseite-pflanzen\/pflanzen\/\"><span style=\"color: #ffff00;\">Pflanzen<\/span><\/a> <\/span>-&gt;<span style=\"color: #ffff00;\"><a style=\"color: #ffff00;\" href=\"http:\/\/woerrlein-naturfoto.de\/wordpress\/hauptseite-pflanzen\/pflanzen\/blueten-i-orchideen-2\/\">Orchideen<\/a><\/span> -&gt;\u00a0<span style=\"color: #ffff00;\"><a style=\"color: #ffff00;\" href=\"https:\/\/woerrlein-naturfoto.de\/wordpress\/hauptseite-pflanzen\/pflanzen\/blueten-i-orchideen-2\/haendelwurzen-kohlroesschen\/\">H\u00e4ndelwurzen \/ Kohlr\u00f6schen<\/a><\/span><br \/>\n<a href=\"http:\/\/woerrlein-naturfoto.de\/wordpress\/pflanzen-von-a-z\/\">Pflanzen von A-Z<\/a><br \/>\nZur Galerie <a href=\"https:\/\/woerrlein-naturfoto.de\/wordpress\/hauptseite-pflanzen\/pflanzen\/blueten-i-orchideen-2\/haendelwurzen-kohlroesschen\/\">H\u00e4ndelwurzen \/ Kohlr\u00f6schen<\/a><\/p>\n<p><img loading=\"lazy\" decoding=\"async\" class=\"alignleft wp-image-17549\" src=\"https:\/\/woerrlein-naturfoto.de\/wordpress\/wp-content\/uploads\/2019\/12\/NordischeHaendelwurz_AW34907L.jpg\" alt=\"\" width=\"267\" height=\"400\" srcset=\"https:\/\/woerrlein-naturfoto.de\/wordpress\/wp-content\/uploads\/2019\/12\/NordischeHaendelwurz_AW34907L.jpg 567w, https:\/\/woerrlein-naturfoto.de\/wordpress\/wp-content\/uploads\/2019\/12\/NordischeHaendelwurz_AW34907L-267x400.jpg 267w\" sizes=\"auto, (max-width: 267px) 100vw, 267px\" \/>Die <strong>Nordisch H\u00e4ndelwurz<\/strong> <em>(Gymnadenia borealis)<\/em> findet man in Scandinavien, auf den Britischen Inseln und im Nordwesten der Iberischen Halbinsel. Dort kommt sie auf feuchten oder frischen Wiesen und Mooren mit saurem bis neutralen Substrat vor.<br \/>\nSie \u00e4hnelt der M\u00fccken-H\u00e4ndelwurz (Gymnadenia conopsea) w\u00e4chst aber nicht so hoch und hat einen k\u00fcrzeren Bl\u00fctenstand.<\/p>\n<p><strong>Bl\u00fctezeit:<\/strong> \u00a0\u00a0\u00a0 Juni \/ August<\/p>\n<p>Zur Galerie <a href=\"https:\/\/woerrlein-naturfoto.de\/wordpress\/hauptseite-pflanzen\/pflanzen\/blueten-i-orchideen-2\/haendelwurzen-kohlroesschen\/\">H\u00e4ndelwurzen \/ Kohlr\u00f6schen<\/a><\/p>\n<p>Quelle des Textauszuges:<br \/>\nOrchideen Europas (Norbert Griebl, Helmut Presser) erschienen im KOSMOS-Verlag.<\/p>\n","protected":false},"excerpt":{"rendered":"<p>Pflanzen -&gt;Orchideen -&gt;\u00a0H\u00e4ndelwurzen \/ Kohlr\u00f6schen Pflanzen von A-Z Zur Galerie H\u00e4ndelwurzen \/ Kohlr\u00f6schen Die Nordisch H\u00e4ndelwurz (Gymnadenia borealis) findet man in Scandinavien, auf den Britischen Inseln und im Nordwesten der Iberischen Halbinsel. Dort kommt sie auf feuchten oder frischen Wiesen und Mooren mit saurem bis neutralen Substrat vor. Sie \u00e4hnelt der M\u00fccken-H\u00e4ndelwurz (Gymnadenia conopsea) w\u00e4chst &hellip; <a href=\"https:\/\/woerrlein-naturfoto.de\/wordpress\/haendelwurzen-kohlroeschen-a-z\/nordische-haendelwurz\/\" class=\"more-link\"><span class=\"screen-reader-text\">Nordische H\u00e4ndelwurz<\/span> weiterlesen <span class=\"meta-nav\">&rarr;<\/span><\/a><\/p>\n","protected":false},"author":1,"featured_media":0,"parent":14206,"menu_order":0,"comment_status":"closed","ping_status":"closed","template":"page-templates\/full-width.php","meta":{"footnotes":""},"class_list":["post-20026","page","type-page","status-publish","hentry"],"_links":{"self":[{"href":"https:\/\/woerrlein-naturfoto.de\/wordpress\/wp-json\/wp\/v2\/pages\/20026","targetHints":{"allow":["GET"]}}],"collection":[{"href":"https:\/\/woerrlein-naturfoto.de\/wordpress\/wp-json\/wp\/v2\/pages"}],"about":[{"href":"https:\/\/woerrlein-naturfoto.de\/wordpress\/wp-json\/wp\/v2\/types\/page"}],"author":[{"embeddable":true,"href":"https:\/\/woerrlein-naturfoto.de\/wordpress\/wp-json\/wp\/v2\/users\/1"}],"replies":[{"embeddable":true,"href":"https:\/\/woerrlein-naturfoto.de\/wordpress\/wp-json\/wp\/v2\/comments?post=20026"}],"version-history":[{"count":7,"href":"https:\/\/woerrlein-naturfoto.de\/wordpress\/wp-json\/wp\/v2\/pages\/20026\/revisions"}],"predecessor-version":[{"id":20033,"href":"https:\/\/woerrlein-naturfoto.de\/wordpress\/wp-json\/wp\/v2\/pages\/20026\/revisions\/20033"}],"up":[{"embeddable":true,"href":"https:\/\/woerrlein-naturfoto.de\/wordpress\/wp-json\/wp\/v2\/pages\/14206"}],"wp:attachment":[{"href":"https:\/\/woerrlein-naturfoto.de\/wordpress\/wp-json\/wp\/v2\/media?parent=20026"}],"curies":[{"name":"wp","href":"https:\/\/api.w.org\/{rel}","templated":true}]}}