{"id":196,"date":"2014-04-01T12:59:39","date_gmt":"2014-04-01T10:59:39","guid":{"rendered":"http:\/\/woerrlein-naturfoto.de\/wordpress\/?page_id=196"},"modified":"2015-02-18T12:48:13","modified_gmt":"2015-02-18T11:48:13","slug":"wuestensteinschmaetzer","status":"publish","type":"page","link":"https:\/\/woerrlein-naturfoto.de\/wordpress\/drosseln_a-z\/wuestensteinschmaetzer\/","title":{"rendered":"W\u00fcstensteinschm\u00e4tzer"},"content":{"rendered":"<p><a href=\"http:\/\/woerrlein-naturfoto.de\/wordpress\/voegel\/\"><span style=\"color: #ffff66;\">V\u00f6gel<\/span> <\/a>-&gt;<a href=\"http:\/\/woerrlein-naturfoto.de\/wordpress\/voegel\/sperlingsvoegel\/\"> <span style=\"color: #ffff66;\">Sperlingsv\u00f6gel<\/span><\/a> -&gt;<a href=\"http:\/\/woerrlein-naturfoto.de\/wordpress\/hauptseite-voegel\/voegel\/sperlingsvoegel\/drosseln\"> <span style=\"color: #ffff66;\">Drosseln<\/span><\/a><br \/>\n<a title=\"V\u00f6gel von A-Z\" href=\"http:\/\/woerrlein-naturfoto.de\/wordpress\/voegel\/voegel_von_a-z\/\">V\u00f6gel von A-Z<br \/>\n<\/a>Zur Galerie <a href=\"http:\/\/woerrlein-naturfoto.de\/wordpress\/hauptseite-voegel\/voegel\/sperlingsvoegel\/drosseln\">Drosseln<\/a><\/p>\n<p><img loading=\"lazy\" decoding=\"async\" class=\" wp-image-170 alignleft\" src=\"http:\/\/woerrlein-naturfoto.de\/wordpress\/wp-content\/uploads\/Wuestensteinschmaetzer_24999L_v1-600x400.jpg\" alt=\"Wuestensteinschmaetzer_24999L_v\" width=\"600\" height=\"400\" \/><\/p>\n<p>Der <b>W\u00fcstensteinschm\u00e4tzer<\/b><em> (Oenanthe deserti)<\/em>\u00a0wird in vielen B\u00fcchern den\u00a0 Drosseln zugerechnet. W\u00fcstensteinschm\u00e4tzer sind w\u00e4hrend der Brutzeit in Nordafrika, dem Nahen Osten bis nach Zentralasien anzutreffen. Als Ausnahmeg\u00e4ste erscheinen sie meist in S\u00fcdeuropa. Zum Jahreswechsel 2011\/2012 war ein Individuum auf Helgoland gemeldet. Auf Grund der zu dieser Zeit vorherrschenden Winde wird vermutet, dass er aus der Mongolei stammt.<\/p>\n<p>L\u00e4nge: 14-16 cm\u00a0\u00a0 Spannweite: 26-30 cm\u00a0\u00a0 Gewicht: 17-22 g\u00a0\u00a0 Gelege: 5-6 Eier<\/p>\n<p>Zur Galerie <a href=\"http:\/\/woerrlein-naturfoto.de\/wordpress\/hauptseite-voegel\/voegel\/sperlingsvoegel\/drosseln\">Drosseln<\/a><\/p>\n","protected":false},"excerpt":{"rendered":"<p>V\u00f6gel -&gt; Sperlingsv\u00f6gel -&gt; Drosseln V\u00f6gel von A-Z Zur Galerie Drosseln Der W\u00fcstensteinschm\u00e4tzer (Oenanthe deserti)\u00a0wird in vielen B\u00fcchern den\u00a0 Drosseln zugerechnet. W\u00fcstensteinschm\u00e4tzer sind w\u00e4hrend der Brutzeit in Nordafrika, dem Nahen Osten bis nach Zentralasien anzutreffen. Als Ausnahmeg\u00e4ste erscheinen sie meist in S\u00fcdeuropa. Zum Jahreswechsel 2011\/2012 war ein Individuum auf Helgoland gemeldet. Auf Grund der zu &hellip; <a href=\"https:\/\/woerrlein-naturfoto.de\/wordpress\/drosseln_a-z\/wuestensteinschmaetzer\/\" class=\"more-link\"><span class=\"screen-reader-text\">W\u00fcstensteinschm\u00e4tzer<\/span> weiterlesen <span class=\"meta-nav\">&rarr;<\/span><\/a><\/p>\n","protected":false},"author":1,"featured_media":0,"parent":211,"menu_order":0,"comment_status":"closed","ping_status":"closed","template":"page-templates\/full-width.php","meta":{"footnotes":""},"class_list":["post-196","page","type-page","status-publish","hentry"],"_links":{"self":[{"href":"https:\/\/woerrlein-naturfoto.de\/wordpress\/wp-json\/wp\/v2\/pages\/196","targetHints":{"allow":["GET"]}}],"collection":[{"href":"https:\/\/woerrlein-naturfoto.de\/wordpress\/wp-json\/wp\/v2\/pages"}],"about":[{"href":"https:\/\/woerrlein-naturfoto.de\/wordpress\/wp-json\/wp\/v2\/types\/page"}],"author":[{"embeddable":true,"href":"https:\/\/woerrlein-naturfoto.de\/wordpress\/wp-json\/wp\/v2\/users\/1"}],"replies":[{"embeddable":true,"href":"https:\/\/woerrlein-naturfoto.de\/wordpress\/wp-json\/wp\/v2\/comments?post=196"}],"version-history":[{"count":25,"href":"https:\/\/woerrlein-naturfoto.de\/wordpress\/wp-json\/wp\/v2\/pages\/196\/revisions"}],"predecessor-version":[{"id":6325,"href":"https:\/\/woerrlein-naturfoto.de\/wordpress\/wp-json\/wp\/v2\/pages\/196\/revisions\/6325"}],"up":[{"embeddable":true,"href":"https:\/\/woerrlein-naturfoto.de\/wordpress\/wp-json\/wp\/v2\/pages\/211"}],"wp:attachment":[{"href":"https:\/\/woerrlein-naturfoto.de\/wordpress\/wp-json\/wp\/v2\/media?parent=196"}],"curies":[{"name":"wp","href":"https:\/\/api.w.org\/{rel}","templated":true}]}}