{"id":19209,"date":"2024-11-15T13:31:03","date_gmt":"2024-11-15T12:31:03","guid":{"rendered":"https:\/\/woerrlein-naturfoto.de\/wordpress\/?page_id=19209"},"modified":"2024-11-15T13:40:14","modified_gmt":"2024-11-15T12:40:14","slug":"bitterer-saftporling","status":"publish","type":"page","link":"https:\/\/woerrlein-naturfoto.de\/wordpress\/pilze-a-z\/bitterer-saftporling\/","title":{"rendered":"Bitterer Saftporling"},"content":{"rendered":"<p><a href=\"http:\/\/woerrlein-naturfoto.de\/wordpress\/hauptseite-pflanzen\/pflanzen\/\"><span style=\"color: #ffff66;\">Pflanzen<\/span> <\/a>-&gt;<a href=\"http:\/\/woerrlein-naturfoto.de\/wordpress\/hauptseite-pflanzen\/pflanzen\/pilze-2\/\"> <span style=\"color: #ffff66;\">Pilze<\/span><\/a><br \/>\n<a href=\"http:\/\/woerrlein-naturfoto.de\/wordpress\/pflanzen-von-a-z\/\">Pflanzen von A-Z<\/a><br \/>\nzur Galerie <a href=\"https:\/\/woerrlein-naturfoto.de\/wordpress\/hauptseite-pflanzen\/pflanzen\/pilze-2\/pilze-i-a-bis-g\/\">Pilze I<\/a><\/p>\n<p><img loading=\"lazy\" decoding=\"async\" class=\"alignleft wp-image-15433\" src=\"https:\/\/woerrlein-naturfoto.de\/wordpress\/wp-content\/uploads\/2022\/10\/Eispilz_AW_73996_8256x5504-600x400.jpg\" alt=\"\" width=\"600\" height=\"400\" srcset=\"https:\/\/woerrlein-naturfoto.de\/wordpress\/wp-content\/uploads\/2022\/10\/Eispilz_AW_73996_8256x5504-600x400.jpg 600w, https:\/\/woerrlein-naturfoto.de\/wordpress\/wp-content\/uploads\/2022\/10\/Eispilz_AW_73996_8256x5504-768x512.jpg 768w, https:\/\/woerrlein-naturfoto.de\/wordpress\/wp-content\/uploads\/2022\/10\/Eispilz_AW_73996_8256x5504-120x80.jpg 120w, https:\/\/woerrlein-naturfoto.de\/wordpress\/wp-content\/uploads\/2022\/10\/Eispilz_AW_73996_8256x5504.jpg 850w\" sizes=\"auto, (max-width: 600px) 100vw, 600px\" \/>Der <b>Bittere Saftporling<\/b> (<i>Amaropostia stiptica<\/i><sup id=\"cite_ref-1\" class=\"reference\"><\/sup><i>ca<\/i>) ist eine h\u00e4ufige Pilzart aus der Familie der Stielporlingsverwandten.<br \/>\nDie Fruchtk\u00f6rper sind einj\u00e4hrig. Sie werden 3 bis 7 cm breit und stehen 3 bis 6 cm vom Substrat ab. Trotz der verh\u00e4ltnism\u00e4\u00dfig gro\u00dfen Dicke von mehreren Zentimetern ist der Rand scharf abgegrenzt. Die H\u00fcte sind mehr oder weniger rein wei\u00df get\u00f6nt, verf\u00e4rben sich jedoch beim Trocknen creme- bis schmutzig gelblich. Auf Druck zeigen sie keine Verf\u00e4rbung. Dabei verh\u00e4rten sie und ihre Gr\u00f6\u00dfe nimmt stark ab. Die Oberseite ist kaum behaart und oft etwas runzelig. Jung und bei feuchter Witterung werden auf der Unterseite milchwei\u00dfe, bitter schmeckende Guttationstropfen abgeschieden. Der Geschmack des Fleisches ist sehr bitter und <a title=\"Adstringens\" href=\"https:\/\/de.wikipedia.org\/wiki\/Adstringens\" target=\"_blank\" rel=\"noopener\">adstringierend.<\/a><\/p>\n<p><strong>Vorkommen:<\/strong> \u00a0\u00a0\u00a0\u00a0\u00a0\u00a0 August &#8211; Oktober<\/p>\n<p>zur Galerie <a href=\"https:\/\/woerrlein-naturfoto.de\/wordpress\/hauptseite-pflanzen\/pflanzen\/pilze-2\/pilze-i-a-bis-g\/\">Pilze I<\/a><\/p>\n<p><em>Quelle des Textauszuges und weitere Infos bei <\/em><a href=\"https:\/\/de.wikipedia.org\/wiki\/Bitterer_Saftporling\" target=\"_blank\" rel=\"noopener noreferrer\">Wikipedia<\/a><em> (<\/em><a href=\"http:\/\/www.gnu.org\/licenses\/fdl-1.3.txt\" target=\"_blank\" rel=\"noopener noreferrer\">GNU-Lizenz<\/a><em>)\u2013 mein Dank gilt den <\/em><a href=\"https:\/\/de.wikipedia.org\/w\/index.php?title=Amiant-K%C3%B6rnchenschirmling&amp;action=history\" target=\"_blank\" rel=\"noopener noreferrer\">Autoren<\/a><em>.<\/em><\/p>\n","protected":false},"excerpt":{"rendered":"<p>Pflanzen -&gt; Pilze Pflanzen von A-Z zur Galerie Pilze I Der Bittere Saftporling (Amaropostia stipticaca) ist eine h\u00e4ufige Pilzart aus der Familie der Stielporlingsverwandten. Die Fruchtk\u00f6rper sind einj\u00e4hrig. Sie werden 3 bis 7 cm breit und stehen 3 bis 6 cm vom Substrat ab. Trotz der verh\u00e4ltnism\u00e4\u00dfig gro\u00dfen Dicke von mehreren Zentimetern ist der Rand &hellip; <a href=\"https:\/\/woerrlein-naturfoto.de\/wordpress\/pilze-a-z\/bitterer-saftporling\/\" class=\"more-link\"><span class=\"screen-reader-text\">Bitterer Saftporling<\/span> weiterlesen <span class=\"meta-nav\">&rarr;<\/span><\/a><\/p>\n","protected":false},"author":1,"featured_media":0,"parent":5118,"menu_order":0,"comment_status":"closed","ping_status":"closed","template":"page-templates\/full-width.php","meta":{"footnotes":""},"class_list":["post-19209","page","type-page","status-publish","hentry"],"_links":{"self":[{"href":"https:\/\/woerrlein-naturfoto.de\/wordpress\/wp-json\/wp\/v2\/pages\/19209","targetHints":{"allow":["GET"]}}],"collection":[{"href":"https:\/\/woerrlein-naturfoto.de\/wordpress\/wp-json\/wp\/v2\/pages"}],"about":[{"href":"https:\/\/woerrlein-naturfoto.de\/wordpress\/wp-json\/wp\/v2\/types\/page"}],"author":[{"embeddable":true,"href":"https:\/\/woerrlein-naturfoto.de\/wordpress\/wp-json\/wp\/v2\/users\/1"}],"replies":[{"embeddable":true,"href":"https:\/\/woerrlein-naturfoto.de\/wordpress\/wp-json\/wp\/v2\/comments?post=19209"}],"version-history":[{"count":5,"href":"https:\/\/woerrlein-naturfoto.de\/wordpress\/wp-json\/wp\/v2\/pages\/19209\/revisions"}],"predecessor-version":[{"id":19214,"href":"https:\/\/woerrlein-naturfoto.de\/wordpress\/wp-json\/wp\/v2\/pages\/19209\/revisions\/19214"}],"up":[{"embeddable":true,"href":"https:\/\/woerrlein-naturfoto.de\/wordpress\/wp-json\/wp\/v2\/pages\/5118"}],"wp:attachment":[{"href":"https:\/\/woerrlein-naturfoto.de\/wordpress\/wp-json\/wp\/v2\/media?parent=19209"}],"curies":[{"name":"wp","href":"https:\/\/api.w.org\/{rel}","templated":true}]}}