{"id":19181,"date":"2024-11-13T18:38:52","date_gmt":"2024-11-13T17:38:52","guid":{"rendered":"https:\/\/woerrlein-naturfoto.de\/wordpress\/?page_id=19181"},"modified":"2024-11-13T18:41:21","modified_gmt":"2024-11-13T17:41:21","slug":"kammfoermige-koralle","status":"publish","type":"page","link":"https:\/\/woerrlein-naturfoto.de\/wordpress\/pilze-a-z\/kammfoermige-koralle\/","title":{"rendered":"Kammf\u00f6rmige Koralle"},"content":{"rendered":"<p><a href=\"http:\/\/woerrlein-naturfoto.de\/wordpress\/hauptseite-pflanzen\/pflanzen\/\"><span style=\"color: #ffff66;\">Pflanzen<\/span> <\/a>-&gt;<a href=\"http:\/\/woerrlein-naturfoto.de\/wordpress\/hauptseite-pflanzen\/pflanzen\/pilze-2\/\"> <span style=\"color: #ffff66;\">Pilze<\/span><\/a><br \/>\n<a href=\"http:\/\/woerrlein-naturfoto.de\/wordpress\/pflanzen-von-a-z\/\">Pflanzen von A-Z<\/a><br \/>\nzur Galerie <a href=\"https:\/\/woerrlein-naturfoto.de\/wordpress\/hauptseite-pflanzen\/pflanzen\/pilze-2\/pilze-ii-h-bis-r\/\">Pilze II<\/a><\/p>\n<p><img loading=\"lazy\" decoding=\"async\" class=\"alignleft wp-image-19086\" src=\"https:\/\/woerrlein-naturfoto.de\/wordpress\/wp-content\/uploads\/2022\/10\/KammfoermigeKoralle_241101_6511-600x400.jpg\" alt=\"\" width=\"600\" height=\"400\" srcset=\"https:\/\/woerrlein-naturfoto.de\/wordpress\/wp-content\/uploads\/2022\/10\/KammfoermigeKoralle_241101_6511-600x400.jpg 600w, https:\/\/woerrlein-naturfoto.de\/wordpress\/wp-content\/uploads\/2022\/10\/KammfoermigeKoralle_241101_6511-768x512.jpg 768w, https:\/\/woerrlein-naturfoto.de\/wordpress\/wp-content\/uploads\/2022\/10\/KammfoermigeKoralle_241101_6511-120x80.jpg 120w, https:\/\/woerrlein-naturfoto.de\/wordpress\/wp-content\/uploads\/2022\/10\/KammfoermigeKoralle_241101_6511.jpg 1000w\" sizes=\"auto, (max-width: 600px) 100vw, 600px\" \/>Der <b>Kammf\u00f6rmige Keulenpilz<\/b> (<i>Clavulina coralloides<\/i>) ist eine Pilzart aus der Familie der Stoppelpilzverwandten. Er wird h\u00e4ufig auch als <b>Kammf\u00f6rmige Koralle<\/b>, <b>Kammf\u00f6rmiger Korallenpilz<\/b> oder <b>Kammkoralle<\/b> bezeichnet. Die Spitzen der korallenartig verzweigten, wei\u00dflichen Fruchtk\u00f6rper sind kammartig aufgespalten. Die Fruchtk\u00f6rper erscheinen zwischen August und November im Laub- und Nadelwald. Der Pilz gilt als ungenie\u00dfbar bis bedingt essbar.<br \/>\nDie korallenartig verzweigten 2\u20136 cm, selten bis 8 cm hohen und etwa ebenso breiten Fruchtk\u00f6rper sind in der Jugend rein wei\u00df oder cremewei\u00df und werden sp\u00e4ter oft leicht gr\u00e4ulich. Es gibt auch Exemplare, die einen fleischfarbenen Schimmer haben. Die oberen Enden der \u00c4stchen sind typischerweise kammartig aufgespalten oder mehrfach in kleine Spitzen und Z\u00e4hnchen aufgel\u00f6st. Das wei\u00dfliche Fleisch ist weich und zerbrechlich. Auch auf Druck hin verf\u00e4rbt es sich nicht. Es riecht nur schwach und schmeckt mild oder etwas bitter. Das Sporenpulver ist wei\u00df.<\/p>\n<p><strong>Vorkommen:<\/strong> \u00a0\u00a0\u00a0\u00a0\u00a0\u00a0 August bis Oktober<\/p>\n<p>zur Galerie <a href=\"https:\/\/woerrlein-naturfoto.de\/wordpress\/hauptseite-pflanzen\/pflanzen\/pilze-2\/pilze-ii-h-bis-r\/\">Pilze II<\/a><\/p>\n<p><em>Quelle des Textauszuges und weitere Infos bei <\/em><a href=\"https:\/\/de.wikipedia.org\/wiki\/Herbst-Lorchel\" target=\"_blank\" rel=\"noopener noreferrer\">Wikipedia<\/a><em> (<\/em><a href=\"http:\/\/www.gnu.org\/licenses\/fdl-1.3.txt\" target=\"_blank\" rel=\"noopener noreferrer\">GNU-Lizenz<\/a><em>)\u2013 mein Dank gilt den <\/em><a href=\"https:\/\/de.wikipedia.org\/w\/index.php?title=Herbst-Lorchel&amp;action=history\" target=\"_blank\" rel=\"noopener noreferrer\">Autoren<\/a><em>.<\/em><\/p>\n","protected":false},"excerpt":{"rendered":"<p>Pflanzen -&gt; Pilze Pflanzen von A-Z zur Galerie Pilze II Der Kammf\u00f6rmige Keulenpilz (Clavulina coralloides) ist eine Pilzart aus der Familie der Stoppelpilzverwandten. Er wird h\u00e4ufig auch als Kammf\u00f6rmige Koralle, Kammf\u00f6rmiger Korallenpilz oder Kammkoralle bezeichnet. Die Spitzen der korallenartig verzweigten, wei\u00dflichen Fruchtk\u00f6rper sind kammartig aufgespalten. Die Fruchtk\u00f6rper erscheinen zwischen August und November im Laub- und &hellip; <a href=\"https:\/\/woerrlein-naturfoto.de\/wordpress\/pilze-a-z\/kammfoermige-koralle\/\" class=\"more-link\"><span class=\"screen-reader-text\">Kammf\u00f6rmige Koralle<\/span> weiterlesen <span class=\"meta-nav\">&rarr;<\/span><\/a><\/p>\n","protected":false},"author":1,"featured_media":0,"parent":5118,"menu_order":0,"comment_status":"closed","ping_status":"closed","template":"page-templates\/full-width.php","meta":{"footnotes":""},"class_list":["post-19181","page","type-page","status-publish","hentry"],"_links":{"self":[{"href":"https:\/\/woerrlein-naturfoto.de\/wordpress\/wp-json\/wp\/v2\/pages\/19181","targetHints":{"allow":["GET"]}}],"collection":[{"href":"https:\/\/woerrlein-naturfoto.de\/wordpress\/wp-json\/wp\/v2\/pages"}],"about":[{"href":"https:\/\/woerrlein-naturfoto.de\/wordpress\/wp-json\/wp\/v2\/types\/page"}],"author":[{"embeddable":true,"href":"https:\/\/woerrlein-naturfoto.de\/wordpress\/wp-json\/wp\/v2\/users\/1"}],"replies":[{"embeddable":true,"href":"https:\/\/woerrlein-naturfoto.de\/wordpress\/wp-json\/wp\/v2\/comments?post=19181"}],"version-history":[{"count":3,"href":"https:\/\/woerrlein-naturfoto.de\/wordpress\/wp-json\/wp\/v2\/pages\/19181\/revisions"}],"predecessor-version":[{"id":19184,"href":"https:\/\/woerrlein-naturfoto.de\/wordpress\/wp-json\/wp\/v2\/pages\/19181\/revisions\/19184"}],"up":[{"embeddable":true,"href":"https:\/\/woerrlein-naturfoto.de\/wordpress\/wp-json\/wp\/v2\/pages\/5118"}],"wp:attachment":[{"href":"https:\/\/woerrlein-naturfoto.de\/wordpress\/wp-json\/wp\/v2\/media?parent=19181"}],"curies":[{"name":"wp","href":"https:\/\/api.w.org\/{rel}","templated":true}]}}