{"id":19177,"date":"2024-11-13T18:29:43","date_gmt":"2024-11-13T17:29:43","guid":{"rendered":"https:\/\/woerrlein-naturfoto.de\/wordpress\/?page_id=19177"},"modified":"2024-11-13T18:32:43","modified_gmt":"2024-11-13T17:32:43","slug":"halskrausen-erdstern","status":"publish","type":"page","link":"https:\/\/woerrlein-naturfoto.de\/wordpress\/pilze-a-z\/halskrausen-erdstern\/","title":{"rendered":"Halskrausen-Erdstern"},"content":{"rendered":"<p><a href=\"http:\/\/woerrlein-naturfoto.de\/wordpress\/hauptseite-pflanzen\/pflanzen\/\"><span style=\"color: #ffff66;\">Pflanzen<\/span> <\/a>-&gt;<a href=\"http:\/\/woerrlein-naturfoto.de\/wordpress\/hauptseite-pflanzen\/pflanzen\/pilze-2\/\"> <span style=\"color: #ffff66;\">Pilze<\/span><\/a><br \/>\n<a href=\"http:\/\/woerrlein-naturfoto.de\/wordpress\/pflanzen-von-a-z\/\">Pflanzen von A-Z<\/a><br \/>\nzur Galerie <a href=\"https:\/\/woerrlein-naturfoto.de\/wordpress\/hauptseite-pflanzen\/pflanzen\/pilze-2\/pilze-ii-h-bis-r\/\">Pilze II<\/a><\/p>\n<p><img loading=\"lazy\" decoding=\"async\" class=\"alignleft wp-image-19082\" src=\"https:\/\/woerrlein-naturfoto.de\/wordpress\/wp-content\/uploads\/2022\/10\/HalskrausenErdstern_AW_94865-600x400.jpg\" alt=\"\" width=\"600\" height=\"400\" srcset=\"https:\/\/woerrlein-naturfoto.de\/wordpress\/wp-content\/uploads\/2022\/10\/HalskrausenErdstern_AW_94865-600x400.jpg 600w, https:\/\/woerrlein-naturfoto.de\/wordpress\/wp-content\/uploads\/2022\/10\/HalskrausenErdstern_AW_94865-768x512.jpg 768w, https:\/\/woerrlein-naturfoto.de\/wordpress\/wp-content\/uploads\/2022\/10\/HalskrausenErdstern_AW_94865-120x80.jpg 120w, https:\/\/woerrlein-naturfoto.de\/wordpress\/wp-content\/uploads\/2022\/10\/HalskrausenErdstern_AW_94865.jpg 1000w\" sizes=\"auto, (max-width: 600px) 100vw, 600px\" \/>Der <b>Halskrausen-Erdstern<\/b> (<i>Geastrum michelianum<\/i>) ist eine Pilzart aus der Familie der Erdsternverwandten. Er bevorzugt Kalkb\u00f6den in Laubw\u00e4ldern, ist in Europa weit verbreitet, aber selten. Der Halskrausen-Erdstern ist ungenie\u00dfbar und durch seine spezielle Form des halskrausenartigen Kragens sowie den hellen Bereich um die Sporen\u00f6ffnung gut gekennzeichnet.<br \/>\nDie geschlossene Knolle hat einen Durchmesser von 3\u20135 cm, voll ge\u00f6ffnet von den Spitzen der Zipfel einen Durchmesser von 5\u201310 cm. Der Sporensack misst im Durchmesser 2,5\u20134 cm. Die Au\u00dfenh\u00fclle des knollenf\u00f6rmigen, grobschuppigen, ungestielten Fruchtk\u00f6rpers rei\u00dft zur Reife in vier bis acht spitz zulaufende Zipfel auf, die sich weit zur\u00fcckbiegen und den ungestielten, cremewei\u00dfen, ann\u00e4hernd kugelf\u00f6rmigen Sporensack freigeben, der auf einem fleischigen Collar sitzt. Dessen Au\u00dfenhaut ist papierd\u00fcnn, an seinem oberen Ende sitzt das Peristom, das die Sporen freigibt und von einem ringf\u00f6rmigen, blassen Feld umgeben ist. Die Sporenmasse ist anfangs fest und bleich, sp\u00e4ter wird sie puderig und dunkelbraun.<\/p>\n<p><strong>Vorkommen:<\/strong> \u00a0\u00a0\u00a0\u00a0\u00a0\u00a0 August bis Oktober<\/p>\n<p>zur Galerie <a href=\"https:\/\/woerrlein-naturfoto.de\/wordpress\/hauptseite-pflanzen\/pflanzen\/pilze-2\/pilze-ii-h-bis-r\/\">Pilze II<\/a><\/p>\n<p><em>Quelle des Textauszuges und weitere Infos bei <\/em><a href=\"https:\/\/de.wikipedia.org\/wiki\/Halskrausen-Erdstern\" target=\"_blank\" rel=\"noopener noreferrer\">Wikipedia<\/a><em> (<\/em><a href=\"http:\/\/www.gnu.org\/licenses\/fdl-1.3.txt\" target=\"_blank\" rel=\"noopener noreferrer\">GNU-Lizenz<\/a><em>)\u2013 mein Dank gilt den <\/em><a href=\"https:\/\/de.wikipedia.org\/w\/index.php?title=Herbst-Lorchel&amp;action=history\" target=\"_blank\" rel=\"noopener noreferrer\">Autoren<\/a><em>.<\/em><\/p>\n","protected":false},"excerpt":{"rendered":"<p>Pflanzen -&gt; Pilze Pflanzen von A-Z zur Galerie Pilze II Der Halskrausen-Erdstern (Geastrum michelianum) ist eine Pilzart aus der Familie der Erdsternverwandten. Er bevorzugt Kalkb\u00f6den in Laubw\u00e4ldern, ist in Europa weit verbreitet, aber selten. Der Halskrausen-Erdstern ist ungenie\u00dfbar und durch seine spezielle Form des halskrausenartigen Kragens sowie den hellen Bereich um die Sporen\u00f6ffnung gut gekennzeichnet. &hellip; <a href=\"https:\/\/woerrlein-naturfoto.de\/wordpress\/pilze-a-z\/halskrausen-erdstern\/\" class=\"more-link\"><span class=\"screen-reader-text\">Halskrausen-Erdstern<\/span> weiterlesen <span class=\"meta-nav\">&rarr;<\/span><\/a><\/p>\n","protected":false},"author":1,"featured_media":0,"parent":5118,"menu_order":0,"comment_status":"closed","ping_status":"closed","template":"page-templates\/full-width.php","meta":{"footnotes":""},"class_list":["post-19177","page","type-page","status-publish","hentry"],"_links":{"self":[{"href":"https:\/\/woerrlein-naturfoto.de\/wordpress\/wp-json\/wp\/v2\/pages\/19177","targetHints":{"allow":["GET"]}}],"collection":[{"href":"https:\/\/woerrlein-naturfoto.de\/wordpress\/wp-json\/wp\/v2\/pages"}],"about":[{"href":"https:\/\/woerrlein-naturfoto.de\/wordpress\/wp-json\/wp\/v2\/types\/page"}],"author":[{"embeddable":true,"href":"https:\/\/woerrlein-naturfoto.de\/wordpress\/wp-json\/wp\/v2\/users\/1"}],"replies":[{"embeddable":true,"href":"https:\/\/woerrlein-naturfoto.de\/wordpress\/wp-json\/wp\/v2\/comments?post=19177"}],"version-history":[{"count":3,"href":"https:\/\/woerrlein-naturfoto.de\/wordpress\/wp-json\/wp\/v2\/pages\/19177\/revisions"}],"predecessor-version":[{"id":19180,"href":"https:\/\/woerrlein-naturfoto.de\/wordpress\/wp-json\/wp\/v2\/pages\/19177\/revisions\/19180"}],"up":[{"embeddable":true,"href":"https:\/\/woerrlein-naturfoto.de\/wordpress\/wp-json\/wp\/v2\/pages\/5118"}],"wp:attachment":[{"href":"https:\/\/woerrlein-naturfoto.de\/wordpress\/wp-json\/wp\/v2\/media?parent=19177"}],"curies":[{"name":"wp","href":"https:\/\/api.w.org\/{rel}","templated":true}]}}