{"id":19173,"date":"2024-11-13T18:21:41","date_gmt":"2024-11-13T17:21:41","guid":{"rendered":"https:\/\/woerrlein-naturfoto.de\/wordpress\/?page_id=19173"},"modified":"2024-11-13T18:25:33","modified_gmt":"2024-11-13T17:25:33","slug":"graue-koralle","status":"publish","type":"page","link":"https:\/\/woerrlein-naturfoto.de\/wordpress\/pilze-a-z\/graue-koralle\/","title":{"rendered":"Graue Koralle"},"content":{"rendered":"<p><a href=\"http:\/\/woerrlein-naturfoto.de\/wordpress\/hauptseite-pflanzen\/pflanzen\/\"><span style=\"color: #ffff66;\">Pflanzen<\/span> <\/a>-&gt;<a href=\"http:\/\/woerrlein-naturfoto.de\/wordpress\/hauptseite-pflanzen\/pflanzen\/pilze-2\/\"> <span style=\"color: #ffff66;\">Pilze<\/span><\/a><br \/>\n<a href=\"http:\/\/woerrlein-naturfoto.de\/wordpress\/pflanzen-von-a-z\/\">Pflanzen von A-Z<\/a><br \/>\nzur Galerie <a href=\"https:\/\/woerrlein-naturfoto.de\/wordpress\/hauptseite-pflanzen\/pflanzen\/pilze-2\/pilze-i-a-bis-g\/\">Pilze I<\/a><\/p>\n<p><img loading=\"lazy\" decoding=\"async\" class=\"alignleft wp-image-19080\" src=\"https:\/\/woerrlein-naturfoto.de\/wordpress\/wp-content\/uploads\/2022\/10\/GraueKoralleAW_95210-600x400.jpg\" alt=\"\" width=\"600\" height=\"400\" srcset=\"https:\/\/woerrlein-naturfoto.de\/wordpress\/wp-content\/uploads\/2022\/10\/GraueKoralleAW_95210-600x400.jpg 600w, https:\/\/woerrlein-naturfoto.de\/wordpress\/wp-content\/uploads\/2022\/10\/GraueKoralleAW_95210-768x512.jpg 768w, https:\/\/woerrlein-naturfoto.de\/wordpress\/wp-content\/uploads\/2022\/10\/GraueKoralleAW_95210-120x80.jpg 120w, https:\/\/woerrlein-naturfoto.de\/wordpress\/wp-content\/uploads\/2022\/10\/GraueKoralleAW_95210.jpg 1000w\" sizes=\"auto, (max-width: 600px) 100vw, 600px\" \/>Die <b>Graue Koralle<\/b> (<i>Clavulina cinerea<\/i>), auch <b>Grauer Keulenpilz<\/b> genannt, ist eine weltweit verbreitete Pilzart der Stoppelpilzverwandten.<br \/>\nDie Fruchtk\u00f6rper werden 3 bis 11 cm hoch, meistens bleiben sie aber unter 6 cm. Jung sind sie ockerfarben gef\u00e4rbt und k\u00f6nnen einen leichten Lilaton aufweisen, sp\u00e4ter sind sie grau bis violettgrau gef\u00e4rbt, wobei die Spitzen etwas heller gef\u00e4rbt sind und schmutzig wei\u00dfgelb gef\u00e4rbt sein k\u00f6nnen. Sie bestehen aus korallenartig aus einer gemeinsamen Basis aufsteigenden \u00c4sten. Der Strunk des Fruchtk\u00f6rpers ist kurz und wei\u00dflich bis gelblich oder ockerfarben gef\u00e4rbt. Die \u00c4ste sind rundlich bis abgeflacht, steigen senkrecht auf, sind manchmal wellig, leicht gerunzelt und mehrmals dichotom verzweigt. Sie enden meist in einer stumpfen oder gez\u00e4hnten, ungegabelten Spitze, die nicht flachgedr\u00fcckt ist. An der Basis sind sie bis zu 8 mm dick, an der Spitze nur 1\u20132 mm. Die Astgabeln sind V-f\u00f6rmig. Der Fruchtk\u00f6rper besitzt eine weiche bis z\u00e4he Konsistenz und ist etwas spr\u00f6de. Der Geruch ist erdig bis muffig, der Geschmack mild und erinnert an den Trompetenpfifferling.<br \/>\nDie Art w\u00e4chst in einzelnen B\u00fcscheln oder reihenweise. Die B\u00fcschel k\u00f6nnen Durchmesser von bis zu 20 cm erreichen.<\/p>\n<p><strong>Vorkommen:<\/strong> \u00a0\u00a0\u00a0\u00a0\u00a0\u00a0 August &#8211; Oktober<\/p>\n<p>zur Galerie <a href=\"https:\/\/woerrlein-naturfoto.de\/wordpress\/hauptseite-pflanzen\/pflanzen\/pilze-2\/pilze-i-a-bis-g\/\">Pilze I<\/a><\/p>\n<p><em>Quelle des Textauszuges und weitere Infos bei <\/em><a href=\"https:\/\/de.wikipedia.org\/wiki\/Graue_Koralle\" target=\"_blank\" rel=\"noopener noreferrer\">Wikipedia<\/a><em> (<\/em><a href=\"http:\/\/www.gnu.org\/licenses\/fdl-1.3.txt\" target=\"_blank\" rel=\"noopener noreferrer\">GNU-Lizenz<\/a><em>)\u2013 mein Dank gilt den <\/em><a href=\"https:\/\/de.wikipedia.org\/w\/index.php?title=Graue_Koralle&amp;action=history\" target=\"_blank\" rel=\"noopener noreferrer\">Autoren<\/a><em>.<\/em><\/p>\n","protected":false},"excerpt":{"rendered":"<p>Pflanzen -&gt; Pilze Pflanzen von A-Z zur Galerie Pilze I Die Graue Koralle (Clavulina cinerea), auch Grauer Keulenpilz genannt, ist eine weltweit verbreitete Pilzart der Stoppelpilzverwandten. Die Fruchtk\u00f6rper werden 3 bis 11 cm hoch, meistens bleiben sie aber unter 6 cm. Jung sind sie ockerfarben gef\u00e4rbt und k\u00f6nnen einen leichten Lilaton aufweisen, sp\u00e4ter sind sie &hellip; <a href=\"https:\/\/woerrlein-naturfoto.de\/wordpress\/pilze-a-z\/graue-koralle\/\" class=\"more-link\"><span class=\"screen-reader-text\">Graue Koralle<\/span> weiterlesen <span class=\"meta-nav\">&rarr;<\/span><\/a><\/p>\n","protected":false},"author":1,"featured_media":0,"parent":5118,"menu_order":0,"comment_status":"closed","ping_status":"closed","template":"page-templates\/full-width.php","meta":{"footnotes":""},"class_list":["post-19173","page","type-page","status-publish","hentry"],"_links":{"self":[{"href":"https:\/\/woerrlein-naturfoto.de\/wordpress\/wp-json\/wp\/v2\/pages\/19173","targetHints":{"allow":["GET"]}}],"collection":[{"href":"https:\/\/woerrlein-naturfoto.de\/wordpress\/wp-json\/wp\/v2\/pages"}],"about":[{"href":"https:\/\/woerrlein-naturfoto.de\/wordpress\/wp-json\/wp\/v2\/types\/page"}],"author":[{"embeddable":true,"href":"https:\/\/woerrlein-naturfoto.de\/wordpress\/wp-json\/wp\/v2\/users\/1"}],"replies":[{"embeddable":true,"href":"https:\/\/woerrlein-naturfoto.de\/wordpress\/wp-json\/wp\/v2\/comments?post=19173"}],"version-history":[{"count":3,"href":"https:\/\/woerrlein-naturfoto.de\/wordpress\/wp-json\/wp\/v2\/pages\/19173\/revisions"}],"predecessor-version":[{"id":19176,"href":"https:\/\/woerrlein-naturfoto.de\/wordpress\/wp-json\/wp\/v2\/pages\/19173\/revisions\/19176"}],"up":[{"embeddable":true,"href":"https:\/\/woerrlein-naturfoto.de\/wordpress\/wp-json\/wp\/v2\/pages\/5118"}],"wp:attachment":[{"href":"https:\/\/woerrlein-naturfoto.de\/wordpress\/wp-json\/wp\/v2\/media?parent=19173"}],"curies":[{"name":"wp","href":"https:\/\/api.w.org\/{rel}","templated":true}]}}