{"id":19167,"date":"2024-11-13T18:03:46","date_gmt":"2024-11-13T17:03:46","guid":{"rendered":"https:\/\/woerrlein-naturfoto.de\/wordpress\/?page_id=19167"},"modified":"2024-11-13T18:06:40","modified_gmt":"2024-11-13T17:06:40","slug":"geflecktblaettrger-flaemmlng","status":"publish","type":"page","link":"https:\/\/woerrlein-naturfoto.de\/wordpress\/pilze-a-z\/geflecktblaettrger-flaemmlng\/","title":{"rendered":"Geflecktbl\u00e4ttrger Fl\u00e4mmlng"},"content":{"rendered":"<p><a href=\"http:\/\/woerrlein-naturfoto.de\/wordpress\/hauptseite-pflanzen\/pflanzen\/\"><span style=\"color: #ffff66;\">Pflanzen<\/span> <\/a>-&gt;<a href=\"http:\/\/woerrlein-naturfoto.de\/wordpress\/hauptseite-pflanzen\/pflanzen\/pilze-2\/\"> <span style=\"color: #ffff66;\">Pilze<\/span><\/a><br \/>\n<a href=\"http:\/\/woerrlein-naturfoto.de\/wordpress\/pflanzen-von-a-z\/\">Pflanzen von A-Z<\/a><br \/>\nzur Galerie <a href=\"https:\/\/woerrlein-naturfoto.de\/wordpress\/hauptseite-pflanzen\/pflanzen\/pilze-2\/pilze-i-a-bis-g\/\">Pilze I<\/a><\/p>\n<p><img loading=\"lazy\" decoding=\"async\" class=\"alignleft wp-image-19078\" src=\"https:\/\/woerrlein-naturfoto.de\/wordpress\/wp-content\/uploads\/2022\/10\/Geflecktblaettrger-Flaemmling_241110_6628-600x400.jpg\" alt=\"\" width=\"600\" height=\"400\" srcset=\"https:\/\/woerrlein-naturfoto.de\/wordpress\/wp-content\/uploads\/2022\/10\/Geflecktblaettrger-Flaemmling_241110_6628-600x400.jpg 600w, https:\/\/woerrlein-naturfoto.de\/wordpress\/wp-content\/uploads\/2022\/10\/Geflecktblaettrger-Flaemmling_241110_6628-768x512.jpg 768w, https:\/\/woerrlein-naturfoto.de\/wordpress\/wp-content\/uploads\/2022\/10\/Geflecktblaettrger-Flaemmling_241110_6628-120x80.jpg 120w, https:\/\/woerrlein-naturfoto.de\/wordpress\/wp-content\/uploads\/2022\/10\/Geflecktblaettrger-Flaemmling_241110_6628.jpg 1000w\" sizes=\"auto, (max-width: 600px) 100vw, 600px\" \/>Der <b>Geflecktbl\u00e4ttrige<\/b> oder <b>Gemeine Fl\u00e4mmling<\/b> (<i>Gymnopilus penetrans<\/i>) ist eine h\u00e4ufige Pilzart aus der Familie Hymenogastraceae. Sein Name weist auf die br\u00e4unlich gefleckten Lamellen im Alter hin.<br \/>\nDer Hut des Geflecktbl\u00e4ttrigen Fl\u00e4mmlings ist kr\u00e4ftig zimtfuchsig oder zimtgelb gef\u00e4rbt und am Rand oft etwas heller. Die Oberfl\u00e4che ist glatt und kahl, nur leicht eingewachsen-faserig. Manchmal besitzt er dunklere Flecken. Er hat einen Durchmesser von zwei bis f\u00fcnf Zentimetern. Die Lamellen sind anfangs gelblich und werden bei der Reife zimtbr\u00e4unlich und haben dann h\u00e4ufig fuchsige Flecken. Die Lamellen stehen gedr\u00e4ngt und sind ausgebuchtet angewachsen. Im Alter stehen sie frei. Der Stiel ist blassgelb und vom wei\u00dfen Velum \u00fcberzogen. Manchmal hat er eine cortinaartige Ringspur. Das Fleisch ist gelblich, der Geruch etwas aufdringlich w\u00fcrzig. Der Geschmack ist bitter. Das Sporenpulver ist gelbbr\u00e4unlich.<\/p>\n<p><strong>Vorkommen:<\/strong>\u00a0\u00a0\u00a0\u00a0\u00a0\u00a0\u00a0 August &#8211; November<\/p>\n<p>zur Galerie <a href=\"https:\/\/woerrlein-naturfoto.de\/wordpress\/hauptseite-pflanzen\/pflanzen\/pilze-2\/pilze-i-a-bis-g\/\">Pilze I<\/a><\/p>\n<p><em>Quelle des Textauszuges und weitere Infos bei <\/em><a href=\"https:\/\/de.wikipedia.org\/wiki\/Geflecktbl%C3%A4ttriger_Fl%C3%A4mmling\" target=\"_blank\" rel=\"noopener noreferrer\">Wikipedia<\/a><em> (<\/em><a href=\"http:\/\/www.gnu.org\/licenses\/fdl-1.3.txt\" target=\"_blank\" rel=\"noopener noreferrer\">GNU-Lizenz<\/a><em>)\u2013 mein Dank gilt den <\/em><a href=\"https:\/\/de.wikipedia.org\/w\/index.php?title=Geflecktbl%C3%A4ttriger_Fl%C3%A4mmling&amp;action=history\" target=\"_blank\" rel=\"noopener noreferrer\">Autoren<\/a><em>.<\/em><\/p>\n","protected":false},"excerpt":{"rendered":"<p>Pflanzen -&gt; Pilze Pflanzen von A-Z zur Galerie Pilze I Der Geflecktbl\u00e4ttrige oder Gemeine Fl\u00e4mmling (Gymnopilus penetrans) ist eine h\u00e4ufige Pilzart aus der Familie Hymenogastraceae. Sein Name weist auf die br\u00e4unlich gefleckten Lamellen im Alter hin. Der Hut des Geflecktbl\u00e4ttrigen Fl\u00e4mmlings ist kr\u00e4ftig zimtfuchsig oder zimtgelb gef\u00e4rbt und am Rand oft etwas heller. Die Oberfl\u00e4che &hellip; <a href=\"https:\/\/woerrlein-naturfoto.de\/wordpress\/pilze-a-z\/geflecktblaettrger-flaemmlng\/\" class=\"more-link\"><span class=\"screen-reader-text\">Geflecktbl\u00e4ttrger Fl\u00e4mmlng<\/span> weiterlesen <span class=\"meta-nav\">&rarr;<\/span><\/a><\/p>\n","protected":false},"author":1,"featured_media":0,"parent":5118,"menu_order":0,"comment_status":"closed","ping_status":"closed","template":"page-templates\/full-width.php","meta":{"footnotes":""},"class_list":["post-19167","page","type-page","status-publish","hentry"],"_links":{"self":[{"href":"https:\/\/woerrlein-naturfoto.de\/wordpress\/wp-json\/wp\/v2\/pages\/19167","targetHints":{"allow":["GET"]}}],"collection":[{"href":"https:\/\/woerrlein-naturfoto.de\/wordpress\/wp-json\/wp\/v2\/pages"}],"about":[{"href":"https:\/\/woerrlein-naturfoto.de\/wordpress\/wp-json\/wp\/v2\/types\/page"}],"author":[{"embeddable":true,"href":"https:\/\/woerrlein-naturfoto.de\/wordpress\/wp-json\/wp\/v2\/users\/1"}],"replies":[{"embeddable":true,"href":"https:\/\/woerrlein-naturfoto.de\/wordpress\/wp-json\/wp\/v2\/comments?post=19167"}],"version-history":[{"count":3,"href":"https:\/\/woerrlein-naturfoto.de\/wordpress\/wp-json\/wp\/v2\/pages\/19167\/revisions"}],"predecessor-version":[{"id":19170,"href":"https:\/\/woerrlein-naturfoto.de\/wordpress\/wp-json\/wp\/v2\/pages\/19167\/revisions\/19170"}],"up":[{"embeddable":true,"href":"https:\/\/woerrlein-naturfoto.de\/wordpress\/wp-json\/wp\/v2\/pages\/5118"}],"wp:attachment":[{"href":"https:\/\/woerrlein-naturfoto.de\/wordpress\/wp-json\/wp\/v2\/media?parent=19167"}],"curies":[{"name":"wp","href":"https:\/\/api.w.org\/{rel}","templated":true}]}}