{"id":19159,"date":"2024-11-13T17:45:20","date_gmt":"2024-11-13T16:45:20","guid":{"rendered":"https:\/\/woerrlein-naturfoto.de\/wordpress\/?page_id=19159"},"modified":"2024-11-13T17:47:55","modified_gmt":"2024-11-13T16:47:55","slug":"dickschaliger-kartoffelbovist","status":"publish","type":"page","link":"https:\/\/woerrlein-naturfoto.de\/wordpress\/pilze-a-z\/dickschaliger-kartoffelbovist\/","title":{"rendered":"Dickschaliger Kartoffelbovist"},"content":{"rendered":"<p><a href=\"http:\/\/woerrlein-naturfoto.de\/wordpress\/hauptseite-pflanzen\/pflanzen\/\"><span style=\"color: #ffff66;\">Pflanzen<\/span> <\/a>-&gt;<a href=\"http:\/\/woerrlein-naturfoto.de\/wordpress\/hauptseite-pflanzen\/pflanzen\/pilze-2\/\"> <span style=\"color: #ffff66;\">Pilze<\/span><\/a><br \/>\n<a href=\"http:\/\/woerrlein-naturfoto.de\/wordpress\/pflanzen-von-a-z\/\">Pflanzen von A-Z<\/a><br \/>\nzur Galerie <a href=\"https:\/\/woerrlein-naturfoto.de\/wordpress\/hauptseite-pflanzen\/pflanzen\/pilze-2\/pilze-i-a-bis-g\/\">Pilze I<\/a><\/p>\n<p><img loading=\"lazy\" decoding=\"async\" class=\"alignleft wp-image-19076\" src=\"https:\/\/woerrlein-naturfoto.de\/wordpress\/wp-content\/uploads\/2022\/10\/DickschaligerKartoffelbovist_AW_94706-600x400.jpg\" alt=\"\" width=\"600\" height=\"400\" srcset=\"https:\/\/woerrlein-naturfoto.de\/wordpress\/wp-content\/uploads\/2022\/10\/DickschaligerKartoffelbovist_AW_94706-600x400.jpg 600w, https:\/\/woerrlein-naturfoto.de\/wordpress\/wp-content\/uploads\/2022\/10\/DickschaligerKartoffelbovist_AW_94706-768x512.jpg 768w, https:\/\/woerrlein-naturfoto.de\/wordpress\/wp-content\/uploads\/2022\/10\/DickschaligerKartoffelbovist_AW_94706-120x80.jpg 120w, https:\/\/woerrlein-naturfoto.de\/wordpress\/wp-content\/uploads\/2022\/10\/DickschaligerKartoffelbovist_AW_94706.jpg 1000w\" sizes=\"auto, (max-width: 600px) 100vw, 600px\" \/>Der <b>Dickschalige<\/b> oder <b>Gemeine Kartoffel-\/Hartbovist<\/b> (<i>Scleroderma citrinum<\/i>) ist eine giftige Pilzart aus der Familie der Kartoffelbovistverwandten.<br \/>\nDer Dickschalige Kartoffelbovist bildet 3\u201310(\u201318)\u00a0cm durchmessende Fruchtk\u00f6rper. Sie sind l\u00e4nglich-rund geformt, sehr fest und gelblich bis gelbbr\u00e4unlich gef\u00e4rbt. Die H\u00fclle (Peridie) ist 2\u20133\u00a0mm dick und hart; die Oberfl\u00e4che ist felderig oder rissig-schuppig, manchmal aber auch ziemlich glatt. Ein Stiel fehlt, an der Basis h\u00e4ngen Myzelf\u00e4den. Bei Reife rei\u00dft der Fruchtk\u00f6rper an der Oberseite ein, sodass die Sporen in Staubwolken ins Freie gelangen k\u00f6nnen. Das innere Fleisch (Gleba) ist nur jung leicht gelblich, wird aber schnell br\u00e4unlich bis schw\u00e4rzlich und ist mit feinen wei\u00dflichen Adern durchzogen. Die Fruchtmasse ist zun\u00e4chst sehr fest und zerf\u00e4llt sp\u00e4ter in Sporenstaub. Der Geruch und Geschmack sind stechend knoblauchartig beziehungsweise metallisch.<\/p>\n<p><strong>Vorkommen:<\/strong> \u00a0\u00a0\u00a0\u00a0\u00a0\u00a0 Juli &#8211; November<\/p>\n<p>zur Galerie <a href=\"https:\/\/woerrlein-naturfoto.de\/wordpress\/hauptseite-pflanzen\/pflanzen\/pilze-2\/pilze-i-a-bis-g\/\">Pilze I<\/a><\/p>\n<p><em>Quelle des Textauszuges und weitere Infos bei <\/em><a href=\"https:\/\/de.wikipedia.org\/wiki\/Dickschaliger_Kartoffelbovist\" target=\"_blank\" rel=\"noopener noreferrer\">Wikipedia<\/a><em> (<\/em><a href=\"http:\/\/www.gnu.org\/licenses\/fdl-1.3.txt\" target=\"_blank\" rel=\"noopener noreferrer\">GNU-Lizenz<\/a><em>)\u2013 mein Dank gilt den <\/em><a href=\"https:\/\/de.wikipedia.org\/w\/index.php?title=Dickschaliger_Kartoffelbovist&amp;action=history\" target=\"_blank\" rel=\"noopener noreferrer\">Autoren<\/a><em>.<\/em><\/p>\n","protected":false},"excerpt":{"rendered":"<p>Pflanzen -&gt; Pilze Pflanzen von A-Z zur Galerie Pilze I Der Dickschalige oder Gemeine Kartoffel-\/Hartbovist (Scleroderma citrinum) ist eine giftige Pilzart aus der Familie der Kartoffelbovistverwandten. Der Dickschalige Kartoffelbovist bildet 3\u201310(\u201318)\u00a0cm durchmessende Fruchtk\u00f6rper. Sie sind l\u00e4nglich-rund geformt, sehr fest und gelblich bis gelbbr\u00e4unlich gef\u00e4rbt. Die H\u00fclle (Peridie) ist 2\u20133\u00a0mm dick und hart; die Oberfl\u00e4che ist &hellip; <a href=\"https:\/\/woerrlein-naturfoto.de\/wordpress\/pilze-a-z\/dickschaliger-kartoffelbovist\/\" class=\"more-link\"><span class=\"screen-reader-text\">Dickschaliger Kartoffelbovist<\/span> weiterlesen <span class=\"meta-nav\">&rarr;<\/span><\/a><\/p>\n","protected":false},"author":1,"featured_media":0,"parent":5118,"menu_order":0,"comment_status":"closed","ping_status":"closed","template":"page-templates\/full-width.php","meta":{"footnotes":""},"class_list":["post-19159","page","type-page","status-publish","hentry"],"_links":{"self":[{"href":"https:\/\/woerrlein-naturfoto.de\/wordpress\/wp-json\/wp\/v2\/pages\/19159","targetHints":{"allow":["GET"]}}],"collection":[{"href":"https:\/\/woerrlein-naturfoto.de\/wordpress\/wp-json\/wp\/v2\/pages"}],"about":[{"href":"https:\/\/woerrlein-naturfoto.de\/wordpress\/wp-json\/wp\/v2\/types\/page"}],"author":[{"embeddable":true,"href":"https:\/\/woerrlein-naturfoto.de\/wordpress\/wp-json\/wp\/v2\/users\/1"}],"replies":[{"embeddable":true,"href":"https:\/\/woerrlein-naturfoto.de\/wordpress\/wp-json\/wp\/v2\/comments?post=19159"}],"version-history":[{"count":3,"href":"https:\/\/woerrlein-naturfoto.de\/wordpress\/wp-json\/wp\/v2\/pages\/19159\/revisions"}],"predecessor-version":[{"id":19162,"href":"https:\/\/woerrlein-naturfoto.de\/wordpress\/wp-json\/wp\/v2\/pages\/19159\/revisions\/19162"}],"up":[{"embeddable":true,"href":"https:\/\/woerrlein-naturfoto.de\/wordpress\/wp-json\/wp\/v2\/pages\/5118"}],"wp:attachment":[{"href":"https:\/\/woerrlein-naturfoto.de\/wordpress\/wp-json\/wp\/v2\/media?parent=19159"}],"curies":[{"name":"wp","href":"https:\/\/api.w.org\/{rel}","templated":true}]}}