{"id":18809,"date":"2024-09-12T20:29:22","date_gmt":"2024-09-12T18:29:22","guid":{"rendered":"https:\/\/woerrlein-naturfoto.de\/wordpress\/?page_id=18809"},"modified":"2024-09-12T20:33:36","modified_gmt":"2024-09-12T18:33:36","slug":"klein-zangenlibelle","status":"publish","type":"page","link":"https:\/\/woerrlein-naturfoto.de\/wordpress\/sonstige-libellen-a-z\/klein-zangenlibelle\/","title":{"rendered":"Klein Zangenlibelle"},"content":{"rendered":"<p><span style=\"color: #ffff99;\"><a style=\"color: #ffff99;\" href=\"http:\/\/woerrlein-naturfoto.de\/wordpress\/insekten\/\"><span style=\"color: #ffff00;\">Insekten<\/span> <\/a><\/span>-&gt;<span style=\"color: #ffff99;\"><a style=\"color: #ffff99;\" href=\"http:\/\/woerrlein-naturfoto.de\/wordpress\/hauptseite-insekten\/insekten\/libellen\/\"><span style=\"color: #ffff00;\"> Libellen<\/span> <\/a><\/span>-&gt;<span style=\"color: #ffff00;\"> <a style=\"color: #ffff00;\" href=\"http:\/\/woerrlein-naturfoto.de\/wordpress\/hauptseite-insekten\/insekten\/libellen\/wildes-durcheinander\/\">wildes Durcheinander<\/a><\/span><br \/>\n<a title=\"Insekten A-Z\" href=\"http:\/\/woerrlein-naturfoto.de\/wordpress\/insekten-a-z\/\">Insekten von A-Z<\/a><br \/>\nzur Galerie <a title=\"wildes Durcheinander\" href=\"http:\/\/woerrlein-naturfoto.de\/wordpress\/hauptseite-insekten\/insekten\/libellen\/wildes-durcheinander\/\">sonstige Libellen\u00a0<\/a><\/p>\n<p><img loading=\"lazy\" decoding=\"async\" class=\"alignleft wp-image-18757\" src=\"https:\/\/woerrlein-naturfoto.de\/wordpress\/wp-content\/uploads\/2024\/09\/KleineZangenlibelle_230630_6636-600x400.jpg\" alt=\"\" width=\"600\" height=\"400\" srcset=\"https:\/\/woerrlein-naturfoto.de\/wordpress\/wp-content\/uploads\/2024\/09\/KleineZangenlibelle_230630_6636-600x400.jpg 600w, https:\/\/woerrlein-naturfoto.de\/wordpress\/wp-content\/uploads\/2024\/09\/KleineZangenlibelle_230630_6636-768x512.jpg 768w, https:\/\/woerrlein-naturfoto.de\/wordpress\/wp-content\/uploads\/2024\/09\/KleineZangenlibelle_230630_6636-120x80.jpg 120w, https:\/\/woerrlein-naturfoto.de\/wordpress\/wp-content\/uploads\/2024\/09\/KleineZangenlibelle_230630_6636.jpg 1000w\" sizes=\"auto, (max-width: 600px) 100vw, 600px\" \/>Die <b>Kleine Zangenlibelle<\/b> (<i>Onychogomphus forcipatus<\/i>) ist eine Libellenart aus der Familie der Flussjungfern (Gomphidae), die zu den Gro\u00dflibellen geh\u00f6ren. Die Art teilt sich in drei Unterarten mit unterschiedlicher geographischer Verbreitung auf: Die Nominatform der Kleinen Zangenlibelle (<i>Onychogomphus forcipatus forcipatus<\/i>) besiedelt Nord-, Mittel- und Osteuropa. Daneben existiert noch eine s\u00fcdwestlich (<i>Onychogomphus forcipatus unguiculatus<\/i>) und eine s\u00fcd\u00f6stlich verbreitete Unterart (<i>Onychogomphus forcipatus albotibialis<\/i>), die allerdings m\u00f6glicherweise bereits als eigenst\u00e4ndige Arten anzusehen sind.<br \/>\nDie Kleine Zangenlibelle ist eine mittelgro\u00dfe Libelle mit einer Fl\u00fcgelspannweite von 5,5 bis 7,5 Zentimetern. Die M\u00e4nnchen besitzen wie alle Zangenlibellen gro\u00dfe, zangenf\u00f6rmige Hinterleibsanh\u00e4nge, die bei dieser Art meist schwarz gef\u00e4rbt sind. Auf der Kopfoberseite befindet sich ein heller, l\u00e4nglicher Fleck hinter den <a class=\"mw-redirect\" title=\"Ocelle\" href=\"https:\/\/de.wikipedia.org\/wiki\/Ocelle\" target=\"_blank\" rel=\"noopener\">Ocellen<\/a>. Die Augen der M\u00e4nnchen sind bei der Nominatform intensiv gr\u00fcn gef\u00e4rbt, bei der Unterart <i>O. f. unguiculatus<\/i> blaugr\u00fcn bis blau.<br \/>\nDie Kleine Zangenlibelle kommt haupts\u00e4chlich an warmen B\u00e4chen und Fl\u00fcssen mit kiesigem oder sandigem Ufer vor. Daneben werden auch entsprechende Uferpartien gr\u00f6\u00dferer Stillgew\u00e4sser besiedelt \u2013 in Ostdeutschland stellen Seenvorkommen der Art die Regel dar.<\/p>\n<p><strong>Flugzeit:<\/strong> \u00a0\u00a0\u00a0 Ende Mai bis Anfang September<\/p>\n<p>Zur Galerie <a title=\"wildes Durcheinander\" href=\"http:\/\/woerrlein-naturfoto.de\/wordpress\/hauptseite-insekten\/insekten\/libellen\/wildes-durcheinander\/\">sonstige Libellen<\/a><\/p>\n<p><em>Quelle des Textauszuges und weitere Infos bei <\/em><a href=\"https:\/\/de.wikipedia.org\/wiki\/Kleine_Zangenlibelle\" target=\"_blank\" rel=\"noopener noreferrer\">Wikipedia<\/a><em> (<\/em><a href=\"http:\/\/www.gnu.org\/licenses\/fdl-1.3.txt\" target=\"_blank\" rel=\"noopener noreferrer\">GNU-Lizenz<\/a><em>)\u2013 mein Dank gilt den <\/em><a href=\"https:\/\/de.wikipedia.org\/w\/index.php?title=Kleine_Zangenlibelle&amp;action=history\" target=\"_blank\" rel=\"noopener noreferrer\">Autoren<\/a><em>.<\/em><\/p>\n","protected":false},"excerpt":{"rendered":"<p>Insekten -&gt; Libellen -&gt; wildes Durcheinander Insekten von A-Z zur Galerie sonstige Libellen\u00a0 Die Kleine Zangenlibelle (Onychogomphus forcipatus) ist eine Libellenart aus der Familie der Flussjungfern (Gomphidae), die zu den Gro\u00dflibellen geh\u00f6ren. Die Art teilt sich in drei Unterarten mit unterschiedlicher geographischer Verbreitung auf: Die Nominatform der Kleinen Zangenlibelle (Onychogomphus forcipatus forcipatus) besiedelt Nord-, Mittel- &hellip; <a href=\"https:\/\/woerrlein-naturfoto.de\/wordpress\/sonstige-libellen-a-z\/klein-zangenlibelle\/\" class=\"more-link\"><span class=\"screen-reader-text\">Klein Zangenlibelle<\/span> weiterlesen <span class=\"meta-nav\">&rarr;<\/span><\/a><\/p>\n","protected":false},"author":1,"featured_media":0,"parent":3655,"menu_order":0,"comment_status":"closed","ping_status":"closed","template":"page-templates\/full-width.php","meta":{"footnotes":""},"class_list":["post-18809","page","type-page","status-publish","hentry"],"_links":{"self":[{"href":"https:\/\/woerrlein-naturfoto.de\/wordpress\/wp-json\/wp\/v2\/pages\/18809","targetHints":{"allow":["GET"]}}],"collection":[{"href":"https:\/\/woerrlein-naturfoto.de\/wordpress\/wp-json\/wp\/v2\/pages"}],"about":[{"href":"https:\/\/woerrlein-naturfoto.de\/wordpress\/wp-json\/wp\/v2\/types\/page"}],"author":[{"embeddable":true,"href":"https:\/\/woerrlein-naturfoto.de\/wordpress\/wp-json\/wp\/v2\/users\/1"}],"replies":[{"embeddable":true,"href":"https:\/\/woerrlein-naturfoto.de\/wordpress\/wp-json\/wp\/v2\/comments?post=18809"}],"version-history":[{"count":4,"href":"https:\/\/woerrlein-naturfoto.de\/wordpress\/wp-json\/wp\/v2\/pages\/18809\/revisions"}],"predecessor-version":[{"id":18814,"href":"https:\/\/woerrlein-naturfoto.de\/wordpress\/wp-json\/wp\/v2\/pages\/18809\/revisions\/18814"}],"up":[{"embeddable":true,"href":"https:\/\/woerrlein-naturfoto.de\/wordpress\/wp-json\/wp\/v2\/pages\/3655"}],"wp:attachment":[{"href":"https:\/\/woerrlein-naturfoto.de\/wordpress\/wp-json\/wp\/v2\/media?parent=18809"}],"curies":[{"name":"wp","href":"https:\/\/api.w.org\/{rel}","templated":true}]}}