{"id":18557,"date":"2024-07-08T15:05:10","date_gmt":"2024-07-08T13:05:10","guid":{"rendered":"https:\/\/woerrlein-naturfoto.de\/wordpress\/?page_id=18557"},"modified":"2024-07-08T15:07:03","modified_gmt":"2024-07-08T13:07:03","slug":"ulmen-harlekin","status":"publish","type":"page","link":"https:\/\/woerrlein-naturfoto.de\/wordpress\/nachtfalter-a-z\/ulmen-harlekin\/","title":{"rendered":"Ulmen-Harlekin"},"content":{"rendered":"<p><span style=\"color: #ffff00;\"><a style=\"color: #ffff00;\" href=\"http:\/\/woerrlein-naturfoto.de\/wordpress\/insekten\/\">Insekten <\/a><\/span>-&gt;<a href=\"http:\/\/woerrlein-naturfoto.de\/wordpress\/hauptseite-insekten\/insekten\/schmetterlinge-2\/\"><span style=\"color: #ffff00;\"> Schmetterlinge<\/span><\/a>-&gt;<a href=\"https:\/\/woerrlein-naturfoto.de\/wordpress\/hauptseite-insekten\/insekten\/schmetterlinge-2\/nachtfalter\/\"><span style=\"color: #ffff00;\">Nachtfalter<\/span><\/a><br \/>\n<a title=\"Insekten A-Z\" href=\"http:\/\/woerrlein-naturfoto.de\/wordpress\/insekten-a-z\/\">Insekten von A-Z<\/a><br \/>\nzur Galerie <a href=\"https:\/\/woerrlein-naturfoto.de\/wordpress\/hauptseite-insekten\/insekten\/schmetterlinge-2\/nachtfalter\/\">Nachtfalter<\/a><\/p>\n<p><img loading=\"lazy\" decoding=\"async\" class=\"alignleft wp-image-18480\" src=\"https:\/\/woerrlein-naturfoto.de\/wordpress\/wp-content\/uploads\/2024\/07\/Ulmenharlekin_240611_0187-600x400.jpg\" alt=\"\" width=\"600\" height=\"400\" srcset=\"https:\/\/woerrlein-naturfoto.de\/wordpress\/wp-content\/uploads\/2024\/07\/Ulmenharlekin_240611_0187-600x400.jpg 600w, https:\/\/woerrlein-naturfoto.de\/wordpress\/wp-content\/uploads\/2024\/07\/Ulmenharlekin_240611_0187-768x512.jpg 768w, https:\/\/woerrlein-naturfoto.de\/wordpress\/wp-content\/uploads\/2024\/07\/Ulmenharlekin_240611_0187-120x80.jpg 120w, https:\/\/woerrlein-naturfoto.de\/wordpress\/wp-content\/uploads\/2024\/07\/Ulmenharlekin_240611_0187.jpg 1000w\" sizes=\"auto, (max-width: 600px) 100vw, 600px\" \/>Der <b>Ulmen-Harlekin<\/b> oder <b>Ulmen-Fleckenspanner<\/b> (<i>Abraxas sylvata<\/i>), auch als <b>Traubenkirschenspanner<\/b>, <b>\u201eVogeldreck\u201c<\/b> oder <b>Traubenkirschen-Harlekin<\/b> genannt ist ein Schmetterling (Nachtfalter) aus der Familie der Spanner (Geometridae).<br \/>\nDer Ulmen-Harlekin erreicht eine Fl\u00fcgelspannweite von 32 bis 45 Millimetern (35\u201344 mm). Er wird bis zu 16 Millimeter lang. Sowohl die Vorder- als auch die Hinterfl\u00fcgel sind wei\u00df mit grauen, schwarzen und gelbbraunen Flecken. Das Abdomen (Hinterleib) ist gelb mit mehreren Reihen schwarzer Punkte. Er imitiert mit der Zeichnung seiner Fl\u00fcgel Vogelkot.<br \/>\nDer Ulmen-Harlekin ist von Spanien und S\u00fcdfrankreich \u00fcber West- und Mitteleuropa bis nach Ostasien verbreitet. Im S\u00fcden verl\u00e4uft die Verbreitungsgrenze entlang des S\u00fcdrandes der Alpen, im Norden dagegen durch das mittlere Fennoskandien.<br \/>\nDer Lebensraum des Ulmen-Harlekins ist vom Vorhandensein der beiden wichtigsten Raupenfutterpflanzen Gew\u00f6hnliche Traubenkirsche (<i>Prunus padus<\/i>) und Berg-Ulme (<i>Ulmus glabra<\/i>) gepr\u00e4gt. Dazu z\u00e4hlen Feuchtgebiete wie Talauen, Uferr\u00e4nder und Bruchw\u00e4lder sowie Hang- und Schluchtw\u00e4lder sowie enge Bacht\u00e4ler in Rotbuchenw\u00e4ldern<\/p>\n<p><strong>Flugzeit:<\/strong> \u00a0\u00a0\u00a0 Mitte Mai bis Ende August in einer Generation.<\/p>\n<p>Zur Galerie <a href=\"https:\/\/woerrlein-naturfoto.de\/wordpress\/hauptseite-insekten\/insekten\/schmetterlinge-2\/nachtfalter\/\">Nachtfalter<\/a><\/p>\n<p>&nbsp;<\/p>\n<p><em>Quelle des Textauszuges und weitere Infos bei <\/em><a href=\"https:\/\/de.wikipedia.org\/wiki\/Ulmen-Harlekin\" target=\"_blank\" rel=\"noopener noreferrer\">Wikipedia<\/a><em> (<\/em><a href=\"http:\/\/www.gnu.org\/licenses\/fdl-1.3.txt\" target=\"_blank\" rel=\"noopener noreferrer\">GNU-Lizenz<\/a><em>)\u2013 mein Dank gilt den <\/em><a href=\"https:\/\/de.wikipedia.org\/w\/index.php?title=Ulmen-Harlekin&amp;action=history\" target=\"_blank\" rel=\"noopener noreferrer\">Autoren<\/a><em>.<\/em><\/p>\n<p>.<\/p>\n","protected":false},"excerpt":{"rendered":"<p>Insekten -&gt; Schmetterlinge-&gt;Nachtfalter Insekten von A-Z zur Galerie Nachtfalter Der Ulmen-Harlekin oder Ulmen-Fleckenspanner (Abraxas sylvata), auch als Traubenkirschenspanner, \u201eVogeldreck\u201c oder Traubenkirschen-Harlekin genannt ist ein Schmetterling (Nachtfalter) aus der Familie der Spanner (Geometridae). Der Ulmen-Harlekin erreicht eine Fl\u00fcgelspannweite von 32 bis 45 Millimetern (35\u201344 mm). Er wird bis zu 16 Millimeter lang. Sowohl die Vorder- als &hellip; <a href=\"https:\/\/woerrlein-naturfoto.de\/wordpress\/nachtfalter-a-z\/ulmen-harlekin\/\" class=\"more-link\"><span class=\"screen-reader-text\">Ulmen-Harlekin<\/span> weiterlesen <span class=\"meta-nav\">&rarr;<\/span><\/a><\/p>\n","protected":false},"author":1,"featured_media":0,"parent":11172,"menu_order":0,"comment_status":"closed","ping_status":"closed","template":"page-templates\/full-width.php","meta":{"footnotes":""},"class_list":["post-18557","page","type-page","status-publish","hentry"],"_links":{"self":[{"href":"https:\/\/woerrlein-naturfoto.de\/wordpress\/wp-json\/wp\/v2\/pages\/18557","targetHints":{"allow":["GET"]}}],"collection":[{"href":"https:\/\/woerrlein-naturfoto.de\/wordpress\/wp-json\/wp\/v2\/pages"}],"about":[{"href":"https:\/\/woerrlein-naturfoto.de\/wordpress\/wp-json\/wp\/v2\/types\/page"}],"author":[{"embeddable":true,"href":"https:\/\/woerrlein-naturfoto.de\/wordpress\/wp-json\/wp\/v2\/users\/1"}],"replies":[{"embeddable":true,"href":"https:\/\/woerrlein-naturfoto.de\/wordpress\/wp-json\/wp\/v2\/comments?post=18557"}],"version-history":[{"count":2,"href":"https:\/\/woerrlein-naturfoto.de\/wordpress\/wp-json\/wp\/v2\/pages\/18557\/revisions"}],"predecessor-version":[{"id":18559,"href":"https:\/\/woerrlein-naturfoto.de\/wordpress\/wp-json\/wp\/v2\/pages\/18557\/revisions\/18559"}],"up":[{"embeddable":true,"href":"https:\/\/woerrlein-naturfoto.de\/wordpress\/wp-json\/wp\/v2\/pages\/11172"}],"wp:attachment":[{"href":"https:\/\/woerrlein-naturfoto.de\/wordpress\/wp-json\/wp\/v2\/media?parent=18557"}],"curies":[{"name":"wp","href":"https:\/\/api.w.org\/{rel}","templated":true}]}}