{"id":18431,"date":"2024-06-16T14:25:04","date_gmt":"2024-06-16T12:25:04","guid":{"rendered":"https:\/\/woerrlein-naturfoto.de\/wordpress\/?page_id=18431"},"modified":"2024-06-16T14:27:58","modified_gmt":"2024-06-16T12:27:58","slug":"hohler-lerchensporn","status":"publish","type":"page","link":"https:\/\/woerrlein-naturfoto.de\/wordpress\/blueten-ii-a-z\/hohler-lerchensporn\/","title":{"rendered":"Hohler Lerchensporn"},"content":{"rendered":"<p><a href=\"http:\/\/woerrlein-naturfoto.de\/wordpress\/hauptseite-pflanzen\/pflanzen\/\"><span style=\"color: #ffff66;\">Pflanzen<\/span> <\/a>-&gt;<a href=\"http:\/\/woerrlein-naturfoto.de\/wordpress\/hauptseite-pflanzen\/pflanzen\/blueten-ii-sonstige-blueten\/\"> <span style=\"color: #ffff66;\">Bl\u00fcten II (sonstige Bl\u00fcten)<\/span><\/a><br \/>\n<a href=\"http:\/\/woerrlein-naturfoto.de\/wordpress\/pflanzen-von-a-z\/\">Pflanzen von A-Z<\/a><br \/>\nZur Galerie <a href=\"http:\/\/woerrlein-naturfoto.de\/wordpress\/hauptseite-pflanzen\/pflanzen\/blueten-ii-sonstige-blueten\/\">sonstige Bl\u00fcten<code><\/code><\/a><\/p>\n<p><img loading=\"lazy\" decoding=\"async\" class=\"alignleft wp-image-18245\" src=\"https:\/\/woerrlein-naturfoto.de\/wordpress\/wp-content\/uploads\/2024\/05\/HohlerLerchensporn_AW_89546-267x400.jpg\" alt=\"\" width=\"267\" height=\"400\" srcset=\"https:\/\/woerrlein-naturfoto.de\/wordpress\/wp-content\/uploads\/2024\/05\/HohlerLerchensporn_AW_89546-267x400.jpg 267w, https:\/\/woerrlein-naturfoto.de\/wordpress\/wp-content\/uploads\/2024\/05\/HohlerLerchensporn_AW_89546.jpg 567w\" sizes=\"auto, (max-width: 267px) 100vw, 267px\" \/>Der <b>Hohle Lerchensporn <\/b>(<i>Corydalis cava<\/i>), auch <b>Hohlknolliger Lerchensporn <\/b>genannt, ist eine Pflanzenart aus der Gattung Lerchensporne innerhalb der Familie der Mohngew\u00e4chse. Alle Pflanzenteile sind schwach, die Rhizomknolle jedoch stark giftig; diese enth\u00e4lt als Inhaltsstoffe <a title=\"Alkaloide\" href=\"https:\/\/de.wikipedia.org\/wiki\/Alkaloide\" target=\"_blank\" rel=\"noopener\">Alkaloide<\/a>, beispielsweise <a title=\"Bulbocapnin\" href=\"https:\/\/de.wikipedia.org\/wiki\/Bulbocapnin\" target=\"_blank\" rel=\"noopener\">Bulbocapnin.<\/a><br \/>\nDer Hohle Lerchensporn ist eine ausdauernde krautige Pflanze, die Wuchsh\u00f6hen von 15 bis 30, selten bis zu 35 Zentimetern erreicht. Namensgebend und charakteristisch f\u00fcr den Hohlen Lerchensporn ist seine kugelige, etwa walnussgro\u00dfe Knolle, welche einen Hohlraum umgibt, in dem sich bei \u00e4lteren Pflanzen ein bis zwei Tochterknollen entwickeln. Sie dient als unterirdisches Speicher- und \u00dcberdauerungsorgan, womit der Hohle Lerchensporn zu den Geophyten gez\u00e4hlt wird. Zu Beginn ist die Knolle eine aus dem <a title=\"Hypokotyl\" href=\"https:\/\/de.wikipedia.org\/wiki\/Hypokotyl\" target=\"_blank\" rel=\"noopener\">Hypokotyl<\/a>&#8211; dem <a title=\"Sprossachse\" href=\"https:\/\/de.wikipedia.org\/wiki\/Sprossachse\" target=\"_blank\" rel=\"noopener\">Sprossachsenbereich<\/a> zwischen Wurzelhals und erstem Keimblatt- hervorgehende Stammknolle. Diese vergr\u00f6\u00dfert sich nach und nach, wobei das Dickenwachstum st\u00e4rker als das L\u00e4ngenwachstum ausgepr\u00e4gt ist. \u00c4ltere Knollenteile werden dabei abgesto\u00dfen. Der aufrechte und unverzweigte St\u00e4ngel besitzt eine fleischige Konsistenz<sup id=\"cite_ref-Dietrich2008_3-1\" class=\"reference\"><\/sup> und kein Schuppenblatt an seiner Basis. Alle Pflanzenteile sind kahl.<\/p>\n<p><strong>Bl\u00fctezeit:<\/strong> \u00a0\u00a0\u00a0 M\u00e4rz bis April<\/p>\n<p>Zur Galerie <a title=\"Eulen\" href=\"http:\/\/woerrlein-naturfoto.de\/wordpress\/hauptseite-pflanzen\/pflanzen\/blueten-ii-sonstige-blueten\/\">sonstige Bl\u00fcten<\/a><\/p>\n<p><em>Quelle des Textauszuges und weitere Infos bei <\/em><a href=\"https:\/\/de.wikipedia.org\/wiki\/Hohler_Lerchensporn\" target=\"_blank\" rel=\"noopener noreferrer\">Wikipedia<\/a><em> (<\/em><a href=\"http:\/\/www.gnu.org\/licenses\/fdl-1.3.txt\" target=\"_blank\" rel=\"noopener noreferrer\">GNU-Lizenz<\/a><em>)\u2013 mein Dank gilt den <\/em><a href=\"https:\/\/de.wikipedia.org\/w\/index.php?title=Hohler_Lerchensporn&amp;action=history\" target=\"_blank\" rel=\"noopener noreferrer\">Autoren<\/a><em>.<\/em><\/p>\n","protected":false},"excerpt":{"rendered":"<p>Pflanzen -&gt; Bl\u00fcten II (sonstige Bl\u00fcten) Pflanzen von A-Z Zur Galerie sonstige Bl\u00fcten Der Hohle Lerchensporn (Corydalis cava), auch Hohlknolliger Lerchensporn genannt, ist eine Pflanzenart aus der Gattung Lerchensporne innerhalb der Familie der Mohngew\u00e4chse. Alle Pflanzenteile sind schwach, die Rhizomknolle jedoch stark giftig; diese enth\u00e4lt als Inhaltsstoffe Alkaloide, beispielsweise Bulbocapnin. Der Hohle Lerchensporn ist eine &hellip; <a href=\"https:\/\/woerrlein-naturfoto.de\/wordpress\/blueten-ii-a-z\/hohler-lerchensporn\/\" class=\"more-link\"><span class=\"screen-reader-text\">Hohler Lerchensporn<\/span> weiterlesen <span class=\"meta-nav\">&rarr;<\/span><\/a><\/p>\n","protected":false},"author":1,"featured_media":0,"parent":4851,"menu_order":0,"comment_status":"closed","ping_status":"closed","template":"page-templates\/full-width.php","meta":{"footnotes":""},"class_list":["post-18431","page","type-page","status-publish","hentry"],"_links":{"self":[{"href":"https:\/\/woerrlein-naturfoto.de\/wordpress\/wp-json\/wp\/v2\/pages\/18431","targetHints":{"allow":["GET"]}}],"collection":[{"href":"https:\/\/woerrlein-naturfoto.de\/wordpress\/wp-json\/wp\/v2\/pages"}],"about":[{"href":"https:\/\/woerrlein-naturfoto.de\/wordpress\/wp-json\/wp\/v2\/types\/page"}],"author":[{"embeddable":true,"href":"https:\/\/woerrlein-naturfoto.de\/wordpress\/wp-json\/wp\/v2\/users\/1"}],"replies":[{"embeddable":true,"href":"https:\/\/woerrlein-naturfoto.de\/wordpress\/wp-json\/wp\/v2\/comments?post=18431"}],"version-history":[{"count":3,"href":"https:\/\/woerrlein-naturfoto.de\/wordpress\/wp-json\/wp\/v2\/pages\/18431\/revisions"}],"predecessor-version":[{"id":18434,"href":"https:\/\/woerrlein-naturfoto.de\/wordpress\/wp-json\/wp\/v2\/pages\/18431\/revisions\/18434"}],"up":[{"embeddable":true,"href":"https:\/\/woerrlein-naturfoto.de\/wordpress\/wp-json\/wp\/v2\/pages\/4851"}],"wp:attachment":[{"href":"https:\/\/woerrlein-naturfoto.de\/wordpress\/wp-json\/wp\/v2\/media?parent=18431"}],"curies":[{"name":"wp","href":"https:\/\/api.w.org\/{rel}","templated":true}]}}