{"id":18421,"date":"2024-06-16T13:34:42","date_gmt":"2024-06-16T11:34:42","guid":{"rendered":"https:\/\/woerrlein-naturfoto.de\/wordpress\/?page_id=18421"},"modified":"2024-06-16T13:36:04","modified_gmt":"2024-06-16T11:36:04","slug":"zwergmaus","status":"publish","type":"page","link":"https:\/\/woerrlein-naturfoto.de\/wordpress\/saeugetiere-iii-a-z\/zwergmaus\/","title":{"rendered":"Zwergmaus"},"content":{"rendered":"<p><a href=\"http:\/\/woerrlein-naturfoto.de\/wordpress\/hauptseite-sonstige-tiere\/sonstige-tiere\/\"><span style=\"color: #ffff66;\">sonstige Tiere<\/span> <\/a>-&gt;<a title=\"S\u00e4ugetiere III (sonstige S\u00e4ugetiere)\" href=\"http:\/\/woerrlein-naturfoto.de\/wordpress\/hauptseite-sonstige-tiere\/sonstige-tiere\/saeugetiere-iii-sonstige-saeugetiere\/\"> <span style=\"color: #ffff66;\">S\u00e4ugetiere III (sonstige S\u00e4ugetiere)<\/span><\/a><br \/>\n<a href=\"http:\/\/woerrlein-naturfoto.de\/wordpress\/sonstige-tiere-von-a-z\/\">sonstige Tiere von A-Z<\/a><br \/>\nzur Galerie <a title=\"S\u00e4ugetiere III (sonstige S\u00e4ugetiere)\" href=\"http:\/\/woerrlein-naturfoto.de\/wordpress\/hauptseite-sonstige-tiere\/sonstige-tiere\/saeugetiere-iii-sonstige-saeugetiere\/\">sonstige S\u00e4ugetiere<\/a><\/p>\n<p><img loading=\"lazy\" decoding=\"async\" class=\"alignleft wp-image-18365\" src=\"https:\/\/woerrlein-naturfoto.de\/wordpress\/wp-content\/uploads\/2015\/02\/Zwergmaus_AW_66174_4509x3006-600x400.jpg\" alt=\"\" width=\"600\" height=\"400\" srcset=\"https:\/\/woerrlein-naturfoto.de\/wordpress\/wp-content\/uploads\/2015\/02\/Zwergmaus_AW_66174_4509x3006-600x400.jpg 600w, https:\/\/woerrlein-naturfoto.de\/wordpress\/wp-content\/uploads\/2015\/02\/Zwergmaus_AW_66174_4509x3006-768x512.jpg 768w, https:\/\/woerrlein-naturfoto.de\/wordpress\/wp-content\/uploads\/2015\/02\/Zwergmaus_AW_66174_4509x3006-120x80.jpg 120w, https:\/\/woerrlein-naturfoto.de\/wordpress\/wp-content\/uploads\/2015\/02\/Zwergmaus_AW_66174_4509x3006.jpg 1000w\" sizes=\"auto, (max-width: 600px) 100vw, 600px\" \/>Die <b>Zwergmaus<\/b> (<i>Micromys minutus<\/i>), zur Unterscheidung von anderen Zwergmaus-Arten auch als <b>Eurasische Zwergmaus<\/b> bekannt, ist eine Nagetierart aus der Gruppe der Altweltm\u00e4use (Murinae).<br \/>\nDie Zwergmaus ist eines der kleinsten Nagetiere \u00fcberhaupt. Sie erreicht eine Kopfrumpfl\u00e4nge von 55 bis 75 Millimetern, der Schwanz misst rund 50 bis 75 Millimeter. Ihr Gewicht betr\u00e4gt 5 bis 7 Gramm. Ihre Oberseite ist rotbraun, in manchen Gebieten auch dunkelbraun. Die Unterseite ist vom R\u00fccken scharf abgesetzt und wei\u00df. Der ungew\u00f6hnlich lange Schwanz wird als Greifschwanz benutzt und ist zweifarbig. Die Ohren ragen aus dem Fell kaum hervor. Die Augen sind sehr klein und dunkelbraun. Der Sch\u00e4del ist ebenfalls sehr klein; Zwergm\u00e4use k\u00f6nnen sich durch L\u00f6cher von einem Zentimeter Durchmesser zw\u00e4ngen.<br \/>\nZwergm\u00e4use sind in weiten Teilen Eurasiens verbreitet. In Europa beginnt ihr Verbreitungsgebiet im s\u00fcdlichen Gro\u00dfbritannien, dem n\u00f6rdlichen Spanien und Finnland und erstreckt sich \u00fcber weite Teile Mittel- und Osteuropas. Sie fehlt allerdings im Gro\u00dfteil der Iberischen Halbinsel, in den s\u00fcdlichen Teilen Italiens, in den Alpen und im n\u00f6rdlichen Skandinavien und ist auf dem Balkan nur sporadisch vertreten. In einem breiten Streifen durchzieht ihr Verbreitungsgebiet das s\u00fcdliche Russland und reicht bis Japan, Korea und weite Teile des \u00f6stlichen China. Sie bewohnt meist tiefergelegene Gebiete, kommt allerdings gebietsweise bis in 1700 Meter Seeh\u00f6he vor.<br \/>\nIhr Lebensraum sind mit hoher Vegetation bestandene Gebiete, beispielsweise hohe Gr\u00e4ser, Schilf- und R\u00f6hrichtbest\u00e4nde und Bambusdickichte, aber auch Getreidefelder. Gelegentlich findet man sie auch in Hecken oder Reisfeldern.<\/p>\n<p>Zur Galerie <a title=\"S\u00e4ugetiere III (sonstige S\u00e4ugetiere)\" href=\"http:\/\/woerrlein-naturfoto.de\/wordpress\/hauptseite-sonstige-tiere\/sonstige-tiere\/saeugetiere-iii-sonstige-saeugetiere\/\">sonstige S\u00e4ugetiere<\/a><\/p>\n<p><em>Quelle des Textauszuges und weitere Infos bei <\/em><a href=\"https:\/\/de.wikipedia.org\/wiki\/Zwergmaus\" target=\"_blank\" rel=\"noopener\">Wikipedia<\/a><em> (<\/em><a href=\"http:\/\/www.gnu.org\/licenses\/fdl-1.3.txt\" target=\"_blank\" rel=\"noopener\">GNU-Lizenz<\/a><em>)\u2013 mein Dank gilt den <\/em><a href=\"https:\/\/de.wikipedia.org\/w\/index.php?title=Zwergmaus&amp;action=history\" target=\"_blank\" rel=\"noopener\">Autoren<\/a><em>.<\/em><\/p>\n","protected":false},"excerpt":{"rendered":"<p>sonstige Tiere -&gt; S\u00e4ugetiere III (sonstige S\u00e4ugetiere) sonstige Tiere von A-Z zur Galerie sonstige S\u00e4ugetiere Die Zwergmaus (Micromys minutus), zur Unterscheidung von anderen Zwergmaus-Arten auch als Eurasische Zwergmaus bekannt, ist eine Nagetierart aus der Gruppe der Altweltm\u00e4use (Murinae). Die Zwergmaus ist eines der kleinsten Nagetiere \u00fcberhaupt. Sie erreicht eine Kopfrumpfl\u00e4nge von 55 bis 75 Millimetern, &hellip; <a href=\"https:\/\/woerrlein-naturfoto.de\/wordpress\/saeugetiere-iii-a-z\/zwergmaus\/\" class=\"more-link\"><span class=\"screen-reader-text\">Zwergmaus<\/span> weiterlesen <span class=\"meta-nav\">&rarr;<\/span><\/a><\/p>\n","protected":false},"author":1,"featured_media":0,"parent":5629,"menu_order":0,"comment_status":"closed","ping_status":"closed","template":"page-templates\/full-width.php","meta":{"footnotes":""},"class_list":["post-18421","page","type-page","status-publish","hentry"],"_links":{"self":[{"href":"https:\/\/woerrlein-naturfoto.de\/wordpress\/wp-json\/wp\/v2\/pages\/18421","targetHints":{"allow":["GET"]}}],"collection":[{"href":"https:\/\/woerrlein-naturfoto.de\/wordpress\/wp-json\/wp\/v2\/pages"}],"about":[{"href":"https:\/\/woerrlein-naturfoto.de\/wordpress\/wp-json\/wp\/v2\/types\/page"}],"author":[{"embeddable":true,"href":"https:\/\/woerrlein-naturfoto.de\/wordpress\/wp-json\/wp\/v2\/users\/1"}],"replies":[{"embeddable":true,"href":"https:\/\/woerrlein-naturfoto.de\/wordpress\/wp-json\/wp\/v2\/comments?post=18421"}],"version-history":[{"count":2,"href":"https:\/\/woerrlein-naturfoto.de\/wordpress\/wp-json\/wp\/v2\/pages\/18421\/revisions"}],"predecessor-version":[{"id":18423,"href":"https:\/\/woerrlein-naturfoto.de\/wordpress\/wp-json\/wp\/v2\/pages\/18421\/revisions\/18423"}],"up":[{"embeddable":true,"href":"https:\/\/woerrlein-naturfoto.de\/wordpress\/wp-json\/wp\/v2\/pages\/5629"}],"wp:attachment":[{"href":"https:\/\/woerrlein-naturfoto.de\/wordpress\/wp-json\/wp\/v2\/media?parent=18421"}],"curies":[{"name":"wp","href":"https:\/\/api.w.org\/{rel}","templated":true}]}}