{"id":18417,"date":"2024-06-16T13:22:09","date_gmt":"2024-06-16T11:22:09","guid":{"rendered":"https:\/\/woerrlein-naturfoto.de\/wordpress\/?page_id=18417"},"modified":"2024-06-16T13:23:51","modified_gmt":"2024-06-16T11:23:51","slug":"roetelmaus","status":"publish","type":"page","link":"https:\/\/woerrlein-naturfoto.de\/wordpress\/saeugetiere-iii-a-z\/roetelmaus\/","title":{"rendered":"R\u00f6telmaus"},"content":{"rendered":"<p><a href=\"http:\/\/woerrlein-naturfoto.de\/wordpress\/hauptseite-sonstige-tiere\/sonstige-tiere\/\"><span style=\"color: #ffff66;\">sonstige Tiere<\/span> <\/a>-&gt;<a title=\"S\u00e4ugetiere III (sonstige S\u00e4ugetiere)\" href=\"http:\/\/woerrlein-naturfoto.de\/wordpress\/hauptseite-sonstige-tiere\/sonstige-tiere\/saeugetiere-iii-sonstige-saeugetiere\/\"> <span style=\"color: #ffff66;\">S\u00e4ugetiere III (sonstige S\u00e4ugetiere)<\/span><\/a><br \/>\n<a href=\"http:\/\/woerrlein-naturfoto.de\/wordpress\/sonstige-tiere-von-a-z\/\">sonstige Tiere von A-Z<\/a><br \/>\nzur Galerie <a title=\"S\u00e4ugetiere III (sonstige S\u00e4ugetiere)\" href=\"http:\/\/woerrlein-naturfoto.de\/wordpress\/hauptseite-sonstige-tiere\/sonstige-tiere\/saeugetiere-iii-sonstige-saeugetiere\/\">sonstige S\u00e4ugetiere<\/a><\/p>\n<p><img loading=\"lazy\" decoding=\"async\" class=\"alignleft wp-image-18357\" src=\"https:\/\/woerrlein-naturfoto.de\/wordpress\/wp-content\/uploads\/2015\/02\/Roetelmaus_240523_0825-600x400.jpg\" alt=\"\" width=\"600\" height=\"400\" srcset=\"https:\/\/woerrlein-naturfoto.de\/wordpress\/wp-content\/uploads\/2015\/02\/Roetelmaus_240523_0825-600x400.jpg 600w, https:\/\/woerrlein-naturfoto.de\/wordpress\/wp-content\/uploads\/2015\/02\/Roetelmaus_240523_0825-768x512.jpg 768w, https:\/\/woerrlein-naturfoto.de\/wordpress\/wp-content\/uploads\/2015\/02\/Roetelmaus_240523_0825-120x80.jpg 120w, https:\/\/woerrlein-naturfoto.de\/wordpress\/wp-content\/uploads\/2015\/02\/Roetelmaus_240523_0825.jpg 1000w\" sizes=\"auto, (max-width: 600px) 100vw, 600px\" \/>Die <b>R\u00f6telmaus<\/b> (<i>Myodes glareolus<\/i>) oder auch <b>Waldw\u00fchlmaus<\/b> ist eine Art innerhalb der Gattung der R\u00f6telm\u00e4use (<i>Myodes<\/i>), die der Unterfamilie der W\u00fchlm\u00e4use zugeordnet ist. Sie hat mehrere Unterarten gebildet, von denen drei in Mitteleuropa vertreten sind. Der Name <i>R\u00f6telmaus<\/i> geht auf die rotbraune R\u00fcckenfellf\u00e4rbung zur\u00fcck, w\u00e4hrend der Name <i>Waldw\u00fchlmaus<\/i> auf die Vorliebe dieser Art f\u00fcr schattige Habitate in W\u00e4ldern oder deren N\u00e4he zur\u00fcckgeht. Diese Art ist eines der h\u00e4ufigsten S\u00e4ugetiere in Europa, sie gilt daher als ungef\u00e4hrdet.<br \/>\nDie mit einer Kopf-Rumpf-L\u00e4nge von sieben bis mehr als 13 Zentimetern relativ kleine M\u00e4useart hat eine Schwanzl\u00e4nge von 3 bis 6,5\u00a0cm und wiegt zwischen 12 und 35 Gramm. Die Art zeigt Gr\u00f6\u00dfen- und Gewichtsunterschiede von bis zu 300 Prozent zwischen Populationen verschiedener Regionen.<br \/>\nDas R\u00fcckenfell ist rotbraun bis fuchsrot, manchmal auch gelblich. Die Flanken sind br\u00e4unlich bis graubraun und meist cremefarben \u00fcberhaucht. Das Bauchfell ist wei\u00dflich bis grau. Die Unterwolle ist grau. Die Pfoten sind hell. Die schwarzen Haare am Schwanzende sind etwas l\u00e4nger als die \u00fcbrige Behaarung des Schwanzes und farblich von dieser deutlich abgesetzt. Die <a title=\"Ohr\" href=\"https:\/\/de.wikipedia.org\/wiki\/Ohr\">Ohren<\/a> sind mit neun bis 16 Millimetern gro\u00df bis mittelgro\u00df.<br \/>\nDie R\u00f6telmaus hat ein typisches Nagetiergebiss, das aus je zwei vergr\u00f6\u00dferten Schneidez\u00e4hnen und je sechs Molaren (Backenz\u00e4hnen) in Ober- und Unterkiefer besteht. Mit zunehmendem Alter bewurzeln sich alle Backenz\u00e4hne und zeigen einen Wachstumsabschluss im Gegensatz zu den st\u00e4ndig nachwachsenden Z\u00e4hnen anderer W\u00fchlmausarten.<br \/>\nDie R\u00f6telmaus findet sich in gro\u00dfen Teilen Europas und Nordasiens. Einigen Quellen zufolge ist sie das h\u00e4ufigste S\u00e4ugetier Mitteleuropas. Ihr Lebensraum wird von Buchen- und Mischw\u00e4ldern, waldnahen Hecken und Geb\u00fcschen sowie Feuchtgebieten gebildet. Sie findet sich zudem h\u00e4ufig in der N\u00e4he von Flie\u00dfgew\u00e4ssern. Auch waldnahe G\u00e4rten werden als Habitat angenommen. Dort baut die R\u00f6telmaus auch in wenig genutzten Scheunen, Lagerschuppen, Gartenh\u00fctten oder sonstigen Holzbauten ihre Nester. Hinweise auf ein vorhandenes Nest geben unter anderem Laub, trockene Moospolster und Zweige, die von den R\u00f6telm\u00e4usen eingetragen und abgelegt wurden.<sup id=\"cite_ref-1\" class=\"reference\"><\/sup><\/p>\n<p>Zur Galerie <a title=\"S\u00e4ugetiere III (sonstige S\u00e4ugetiere)\" href=\"http:\/\/woerrlein-naturfoto.de\/wordpress\/hauptseite-sonstige-tiere\/sonstige-tiere\/saeugetiere-iii-sonstige-saeugetiere\/\">sonstige S\u00e4ugetiere<\/a><\/p>\n<p><em>Quelle des Textauszuges und weitere Infos bei <\/em><a href=\"https:\/\/de.wikipedia.org\/wiki\/R%C3%B6telmaus\" target=\"_blank\" rel=\"noopener\">Wikipedia<\/a><em> (<\/em><a href=\"http:\/\/www.gnu.org\/licenses\/fdl-1.3.txt\" target=\"_blank\" rel=\"noopener\">GNU-Lizenz<\/a><em>)\u2013 mein Dank gilt den <\/em><a href=\"https:\/\/de.wikipedia.org\/w\/index.php?title=R%C3%B6telmaus&amp;action=history\" target=\"_blank\" rel=\"noopener\">Autoren<\/a><em>.<\/em><\/p>\n","protected":false},"excerpt":{"rendered":"<p>sonstige Tiere -&gt; S\u00e4ugetiere III (sonstige S\u00e4ugetiere) sonstige Tiere von A-Z zur Galerie sonstige S\u00e4ugetiere Die R\u00f6telmaus (Myodes glareolus) oder auch Waldw\u00fchlmaus ist eine Art innerhalb der Gattung der R\u00f6telm\u00e4use (Myodes), die der Unterfamilie der W\u00fchlm\u00e4use zugeordnet ist. Sie hat mehrere Unterarten gebildet, von denen drei in Mitteleuropa vertreten sind. Der Name R\u00f6telmaus geht auf &hellip; <a href=\"https:\/\/woerrlein-naturfoto.de\/wordpress\/saeugetiere-iii-a-z\/roetelmaus\/\" class=\"more-link\"><span class=\"screen-reader-text\">R\u00f6telmaus<\/span> weiterlesen <span class=\"meta-nav\">&rarr;<\/span><\/a><\/p>\n","protected":false},"author":1,"featured_media":0,"parent":5629,"menu_order":0,"comment_status":"closed","ping_status":"closed","template":"page-templates\/full-width.php","meta":{"footnotes":""},"class_list":["post-18417","page","type-page","status-publish","hentry"],"_links":{"self":[{"href":"https:\/\/woerrlein-naturfoto.de\/wordpress\/wp-json\/wp\/v2\/pages\/18417","targetHints":{"allow":["GET"]}}],"collection":[{"href":"https:\/\/woerrlein-naturfoto.de\/wordpress\/wp-json\/wp\/v2\/pages"}],"about":[{"href":"https:\/\/woerrlein-naturfoto.de\/wordpress\/wp-json\/wp\/v2\/types\/page"}],"author":[{"embeddable":true,"href":"https:\/\/woerrlein-naturfoto.de\/wordpress\/wp-json\/wp\/v2\/users\/1"}],"replies":[{"embeddable":true,"href":"https:\/\/woerrlein-naturfoto.de\/wordpress\/wp-json\/wp\/v2\/comments?post=18417"}],"version-history":[{"count":2,"href":"https:\/\/woerrlein-naturfoto.de\/wordpress\/wp-json\/wp\/v2\/pages\/18417\/revisions"}],"predecessor-version":[{"id":18419,"href":"https:\/\/woerrlein-naturfoto.de\/wordpress\/wp-json\/wp\/v2\/pages\/18417\/revisions\/18419"}],"up":[{"embeddable":true,"href":"https:\/\/woerrlein-naturfoto.de\/wordpress\/wp-json\/wp\/v2\/pages\/5629"}],"wp:attachment":[{"href":"https:\/\/woerrlein-naturfoto.de\/wordpress\/wp-json\/wp\/v2\/media?parent=18417"}],"curies":[{"name":"wp","href":"https:\/\/api.w.org\/{rel}","templated":true}]}}