{"id":18116,"date":"2024-03-05T17:55:04","date_gmt":"2024-03-05T16:55:04","guid":{"rendered":"https:\/\/woerrlein-naturfoto.de\/wordpress\/?page_id=18116"},"modified":"2024-03-05T18:09:30","modified_gmt":"2024-03-05T17:09:30","slug":"aurorafalter","status":"publish","type":"page","link":"https:\/\/woerrlein-naturfoto.de\/wordpress\/weisslinge-a-z\/aurorafalter\/","title":{"rendered":"Aurorafalter"},"content":{"rendered":"<p><span style=\"color: #ffff00;\"><a style=\"color: #ffff00;\" href=\"http:\/\/woerrlein-naturfoto.de\/wordpress\/insekten\/\">Insekten <\/a><\/span>-&gt;<span style=\"color: #ffff00;\"><a style=\"color: #ffff00;\" href=\"http:\/\/woerrlein-naturfoto.de\/wordpress\/hauptseite-insekten\/insekten\/schmetterlinge-2\/\"> Schmetterlinge<\/a><\/span><br \/>\n<a title=\"Insekten A-Z\" href=\"http:\/\/woerrlein-naturfoto.de\/wordpress\/insekten-a-z\/\">Insekten von A-Z<\/a><br \/>\nzur Galerie <a href=\"https:\/\/woerrlein-naturfoto.de\/wordpress\/hauptseite-insekten\/insekten\/schmetterlinge-2\/weisslinge-2\/\">Wei\u00dflinge<\/a><\/p>\n<p><img loading=\"lazy\" decoding=\"async\" class=\"alignleft wp-image-18122\" src=\"https:\/\/woerrlein-naturfoto.de\/wordpress\/wp-content\/uploads\/2024\/03\/Aurorafalter_AW32009Lk.jpg\" alt=\"\" width=\"267\" height=\"400\" \/>Der <b>Aurorafalter<\/b> (<i>Anthocharis cardamines<\/i>) ist ein Schmetterling (Tagfalter) aus der Familie der Wei\u00dflinge (Pieridae). Der Artenname leitet sich von den Pflanzenarten der Gattung <i>Cardamine<\/i> (Schaumkr\u00e4uter) ab, deren Bl\u00e4tter eine Nahrung der Raupen darstellen.<br \/>\nDie Falter erreichen eine Fl\u00fcgelspannweite von 35 bis 45 Millimetern. Die Fl\u00fcgel beider Geschlechter sind wei\u00df, wobei die \u00e4u\u00dferste Spitze der Vorderfl\u00fcgel grau bis grau-schwarz gef\u00e4rbt ist und etwa in der Mitte dieser Fl\u00fcgel ein kleiner schwarzer Punkt zu erkennen ist. Die \u00e4u\u00dfere H\u00e4lfte der Vorderfl\u00fcgel der M\u00e4nnchen ist auffallend orange gef\u00e4rbt. Da die orange F\u00e4rbung beim Weibchen fehlt, sind diese leicht mit anderen Arten der Wei\u00dflingen (Pieridae) zu verwechseln. Die Unterscheidung erfolgt dann anhand der Hinterfl\u00fcgelunterseite, die bei beiden Geschlechtern eine unregelm\u00e4\u00dfige gelblich-schmutziggr\u00fcne und wei\u00dfe Fleckzeichnung aufweist. Beim M\u00e4nnchen ist die Orangef\u00e4rbung der Vorderfl\u00fcgeloberseite auch auf der Unterseite zu sehen.<br \/>\nDie Raupen werden ca. 30 Millimeter lang. Die blaugr\u00fcne Oberseite geht an den K\u00f6rperseiten ins Wei\u00dfe \u00fcber.<sup id=\"cite_ref-Bellmann_2-1\" class=\"reference\"><\/sup> Auf der Unterseite sind sie dunkelgr\u00fcn. Sitzt die Raupe wie \u00fcblich r\u00fcckenabw\u00e4rts an der Futterpflanze, z.\u00a0B. an den noch gr\u00fcnen Schoten, dann kommt es so zu einer Aufhellung des K\u00f6rperschattens und bedingt damit eine Art Tarnung: Prinzip der Gegenschattierung.<\/p>\n<p><strong>Flugzeit:<\/strong> \u00a0\u00a0\u00a0 Anfang April bis Juni in einer Generation.<\/p>\n<p>Zur Galerie <a href=\"https:\/\/woerrlein-naturfoto.de\/wordpress\/hauptseite-insekten\/insekten\/schmetterlinge-2\/weisslinge-2\/\">Wei\u00dflinge<\/a><\/p>\n<p><em>Quelle des Textauszuges und weitere Infos bei <\/em><a href=\"https:\/\/de.wikipedia.org\/wiki\/Aurorafalter\" target=\"_blank\" rel=\"noopener noreferrer\">Wikipedia<\/a><em> (<\/em><a href=\"http:\/\/www.gnu.org\/licenses\/fdl-1.3.txt\" target=\"_blank\" rel=\"noopener noreferrer\">GNU-Lizenz<\/a><em>)\u2013 mein Dank gilt den <\/em><a href=\"https:\/\/de.wikipedia.org\/w\/index.php?title=Aurorafalter&amp;action=history\" target=\"_blank\" rel=\"noopener noreferrer\">Autoren<\/a><em>.<\/em><\/p>\n","protected":false},"excerpt":{"rendered":"<p>Insekten -&gt; Schmetterlinge Insekten von A-Z zur Galerie Wei\u00dflinge Der Aurorafalter (Anthocharis cardamines) ist ein Schmetterling (Tagfalter) aus der Familie der Wei\u00dflinge (Pieridae). Der Artenname leitet sich von den Pflanzenarten der Gattung Cardamine (Schaumkr\u00e4uter) ab, deren Bl\u00e4tter eine Nahrung der Raupen darstellen. Die Falter erreichen eine Fl\u00fcgelspannweite von 35 bis 45 Millimetern. Die Fl\u00fcgel beider &hellip; <a href=\"https:\/\/woerrlein-naturfoto.de\/wordpress\/weisslinge-a-z\/aurorafalter\/\" class=\"more-link\"><span class=\"screen-reader-text\">Aurorafalter<\/span> weiterlesen <span class=\"meta-nav\">&rarr;<\/span><\/a><\/p>\n","protected":false},"author":1,"featured_media":0,"parent":12524,"menu_order":0,"comment_status":"closed","ping_status":"closed","template":"page-templates\/full-width.php","meta":{"footnotes":""},"class_list":["post-18116","page","type-page","status-publish","hentry"],"_links":{"self":[{"href":"https:\/\/woerrlein-naturfoto.de\/wordpress\/wp-json\/wp\/v2\/pages\/18116","targetHints":{"allow":["GET"]}}],"collection":[{"href":"https:\/\/woerrlein-naturfoto.de\/wordpress\/wp-json\/wp\/v2\/pages"}],"about":[{"href":"https:\/\/woerrlein-naturfoto.de\/wordpress\/wp-json\/wp\/v2\/types\/page"}],"author":[{"embeddable":true,"href":"https:\/\/woerrlein-naturfoto.de\/wordpress\/wp-json\/wp\/v2\/users\/1"}],"replies":[{"embeddable":true,"href":"https:\/\/woerrlein-naturfoto.de\/wordpress\/wp-json\/wp\/v2\/comments?post=18116"}],"version-history":[{"count":4,"href":"https:\/\/woerrlein-naturfoto.de\/wordpress\/wp-json\/wp\/v2\/pages\/18116\/revisions"}],"predecessor-version":[{"id":18123,"href":"https:\/\/woerrlein-naturfoto.de\/wordpress\/wp-json\/wp\/v2\/pages\/18116\/revisions\/18123"}],"up":[{"embeddable":true,"href":"https:\/\/woerrlein-naturfoto.de\/wordpress\/wp-json\/wp\/v2\/pages\/12524"}],"wp:attachment":[{"href":"https:\/\/woerrlein-naturfoto.de\/wordpress\/wp-json\/wp\/v2\/media?parent=18116"}],"curies":[{"name":"wp","href":"https:\/\/api.w.org\/{rel}","templated":true}]}}